{"id":14727,"date":"2025-03-01T12:15:40","date_gmt":"2025-03-01T05:15:40","guid":{"rendered":"https:\/\/serverhot.vn\/-product-\/camera-ezviz-h9c-6m-cs-h9c-r100-8h33wkfl-ma-san-pham-cs-h9c-r100-8h33wkfl\/"},"modified":"2025-03-01T12:16:04","modified_gmt":"2025-03-01T05:16:04","slug":"camera-ezviz-h9c-6m-cs-h9c-r100-8h33wkfl-ma-san-pham-cs-h9c-r100-8h33wkfl","status":"publish","type":"product","link":"https:\/\/serverhot.vn\/hi\/-product-\/camera-ezviz-h9c-6m-cs-h9c-r100-8h33wkfl-ma-san-pham-cs-h9c-r100-8h33wkfl\/","title":{"rendered":"Camera EZVIZ H9C 6M CS-H9c-R100-8H33WKFL M\u00e3 s\u1ea3n ph\u1ea9m: CS-H9C-R100-8H33WKFL"},"content":{"rendered":"<div class=\"showText tabs\" id=\"tab2\">\n<div class=\"box_right_pro_view\">\n<div class=\"thongso_pro a_technical\" style=\"max-height: fit-content\">\n<p><span>\u2013 Model: CS-H9c-R100-8H33WKFL<\/span><br \/><span>\u2013 \u0110\u1ed9 ph\u00e2n gi\u1ea3i 3MP+3MP<\/span><br \/><span>\u2013 Chu\u00e2\u0301n ne\u0301n H.265\/H.264<\/span><br \/><span>\u2013 Camera ch\u00ednh 2K + Camera to\u00e0n c\u1ea3nh 2K<\/span><br \/><span>\u2013 2 ch\u1ebf \u0111\u1ed9 tu\u1ea7n tra \u0111\u1ec3 gi\u00e1m s\u00e1t t\u1ef1 \u0111\u1ed9ng<\/span><br \/><span>\u2013 Ph\u00e1t hi\u1ec7n k\u00e9p \u0111\u1ec3 t\u1ef1 \u0111\u1ed9ng theo d\u00f5i th\u00f4ng minh, Ph\u00e1t hi\u1ec7n h\u00ecnh d\u00e1ng ng\u01b0\u1eddi\/ph\u01b0\u01a1ng ti\u1ec7n AI<\/span><br \/><span>\u2013 T\u1ea7m nh\u00ecn m\u00e0u ban \u0111\u00eam 30m, t\u1ea7m nh\u00ecn h\u1ed3ng ngo\u1ea1i ban \u0111\u00eam 30m<\/span><br \/><span>\u2013 \u0110\u00e0m tho\u1ea1i 2 chi\u1ec1u, \u0110i\u1ec1u khi\u1ec3n 1 ch\u1ea1m \u0111\u1ec3 thay \u0111\u1ed5i ch\u1ebf \u0111\u1ed9 xem \u0111\u01b0\u1ee3c li\u00ean k\u1ebft<\/span><br \/><span>\u2013 C\u1ea3nh b\u00e1o b\u00e1o \u0111\u1ed9ng v\u1edbi c\u00f2i v\u00e0 \u0111\u00e8n c\u1ea3nh b\u00e1o<\/span><br \/><span>\u2013 H\u00f4\u0303 tr\u01a1\u0323 WiFi, IEEE802.11b, 802.11g, 802.11n , t\u1ea7n s\u1ed1 2.4GHz + 1 c\u1ed5ng m\u1ea1ng 10\/100M<\/span><br \/><span>\u2013 H\u1ed7 tr\u1ee3 th\u1ebb nh\u1edb MicroSD t\u1ed1i \u0111a 512GB, H\u1ed7 tr\u1ee3 l\u01b0u tr\u1eef Ezviz Cloud<\/span><br \/><span>\u2013 T\u01b0\u01a1ng th\u00edch v\u1edbi Google v\u00e0 Alexa<\/span><br \/><span>\u2013 H\u00f4\u0303 tr\u01a1\u0323 WiFi + ca\u0300i \u0111\u0103\u0323t WiFi th\u00f4ng minh v\u01a1\u0301i ph\u00e2\u0300n m\u00ea\u0300m EZVIZ \u2013 qua\u0301 tri\u0300nh ca\u0300i \u0111\u0103\u0323t chi\u0309 m\u00e2\u0301t va\u0300i phu\u0301t v\u01a1\u0301i ng\u01b0\u01a1\u0300i l\u00e2\u0300n \u0111\u00e2\u0300u s\u01b0\u0309 du\u0323ng<\/span><br \/><span>\u2013 Ch\u1ed1ng b\u1ee5i n\u01b0\u1edbc IP66 (ngo\u00e0i tr\u1eddi)<\/span><br \/><span>\u2013 Ngu\u1ed3n c\u1ea5p: DC12V\/1A<\/span><br \/><span>\u2013 C\u00f4ng su\u1ea5t: &lt;5.32W.<\/span><br \/><span>\u2013 Ch\u1ea5t li\u1ec7u v\u1ecf kim lo\u1ea1i + nh\u1ef1a k\u1ebft h\u1ee3p<\/span><br \/><span>\u2013 Ch\u1ee9ng nh\u1eadn: CE\/ UL\/ FCC\/ WEEE\/ REACH\/ RoHS\/ UKCA<\/span><\/p>\n<\/p><\/div>\n<p>                            <!--                            <\/p>\n<div class=\"xemthem_id_r\">--><br \/>\n                            <!--                                <a><!--\/show\/?token=--><br \/>\n                            <!--\"--><br \/>\n                            <!--                                   class=\"preview fancybox fancybox.ajax\" rel=\"nofollow\"&gt;Xem th&#234;m th&#244;ng s&#7889; k&#7929; thu&#7853;t<\/a>--><br \/>\n                            <!--                            <\/div>\n<p>-->\n                        <\/p><\/div>\n<\/p><\/div>","protected":false},"excerpt":{"rendered":"<ul>\n<p>Camera H9c \u2013 phi\u00ean b\u1ea3n camera 2 m\u1eaft ngo\u00e0i tr\u1eddi cao c\u1ea5p \u0111\u01b0\u1ee3c EZVIZ ra m\u1eaft v\u1edbi trang b\u1ecb 2 \u1ed1ng k\u00ednh \u0111\u1ed9c l\u1eadp, c\u00f9ng kh\u1ea3 n\u0103ng gi\u00e1m s\u00e1t to\u00e0n c\u1ea3nh nh\u1edd t\u00ednh n\u0103ng quay qu\u00e9t 360 \u0111\u1ed9. S\u1edf h\u1eefu \u0111\u1ed9 ph\u00e2n gi\u1ea3i 2K+2K v\u01b0\u1ee3t tr\u1ed9i, camera c\u00f2n \u0111\u01b0\u1ee3c b\u1ed5 sung th\u00eam t\u00ednh n\u0103ng ph\u00e1t hi\u1ec7n ng\u01b0\u1eddi v\u00e0 t\u1ef1 \u0111\u1ed9ng theo d\u00f5i \u0111\u1ec3 ghi l\u1ea1i c\u00e1c ho\u1ea1t \u0111\u1ed9ng quan tr\u1ecdng t\u1ed1t h\u01a1n v\u1edbi c\u00e1c c\u1ea3nh b\u00e1o th\u00f4ng minh h\u01a1n.<\/p>\n<\/ul>","protected":false},"featured_media":14728,"comment_status":"closed","ping_status":"closed","template":"","meta":[],"pwb-brand":[],"product_cat":[2911],"product_tag":[],"class_list":{"0":"post-14727","1":"product","2":"type-product","3":"status-publish","4":"has-post-thumbnail","6":"product_cat-thiet-bi-camera","8":"first","9":"instock","10":"shipping-taxable","11":"product-type-simple"},"brands":[],"_links":{"self":[{"href":"https:\/\/serverhot.vn\/hi\/wp-json\/wp\/v2\/product\/14727","targetHints":{"allow":["GET"]}}],"collection":[{"href":"https:\/\/serverhot.vn\/hi\/wp-json\/wp\/v2\/product"}],"about":[{"href":"https:\/\/serverhot.vn\/hi\/wp-json\/wp\/v2\/types\/product"}],"replies":[{"embeddable":true,"href":"https:\/\/serverhot.vn\/hi\/wp-json\/wp\/v2\/comments?post=14727"}],"wp:featuredmedia":[{"embeddable":true,"href":"https:\/\/serverhot.vn\/hi\/wp-json\/wp\/v2\/media\/14728"}],"wp:attachment":[{"href":"https:\/\/serverhot.vn\/hi\/wp-json\/wp\/v2\/media?parent=14727"}],"wp:term":[{"taxonomy":"pwb-brand","embeddable":true,"href":"https:\/\/serverhot.vn\/hi\/wp-json\/wp\/v2\/pwb-brand?post=14727"},{"taxonomy":"product_cat","embeddable":true,"href":"https:\/\/serverhot.vn\/hi\/wp-json\/wp\/v2\/product_cat?post=14727"},{"taxonomy":"product_tag","embeddable":true,"href":"https:\/\/serverhot.vn\/hi\/wp-json\/wp\/v2\/product_tag?post=14727"}],"curies":[{"name":"wp","href":"https:\/\/api.w.org\/{rel}","templated":true}]}}