{"id":14821,"date":"2025-04-03T18:43:17","date_gmt":"2025-04-03T11:43:17","guid":{"rendered":"https:\/\/serverhot.vn\/-product-\/may-tinh-de-ban-pc-hp-pro-tower-400-g9-9e569pt-i3-12100-8gb-256gb-ob-wifibt-win11-ma-san-pham-9e569pt\/"},"modified":"2025-04-03T18:43:58","modified_gmt":"2025-04-03T11:43:58","slug":"may-tinh-de-ban-pc-hp-pro-tower-400-g9-9e569pt-i3-12100-8gb-256gb-ob-wifibt-win11-ma-san-pham-9e569pt","status":"publish","type":"product","link":"https:\/\/serverhot.vn\/hi\/-product-\/may-tinh-de-ban-pc-hp-pro-tower-400-g9-9e569pt-i3-12100-8gb-256gb-ob-wifibt-win11-ma-san-pham-9e569pt\/","title":{"rendered":"M\u00e1y T\u00ednh \u0110\u1ec3 B\u00e0n PC HP Pro Tower 400 G9 9E569PT i3-12100| 8GB| 256GB| OB| Wifi,BT| Win11 M\u00e3 s\u1ea3n ph\u1ea9m: 9E569PT"},"content":{"rendered":"<div class=\"showText tabs\" id=\"tab2\">\n                                    <\/div>","protected":false},"excerpt":{"rendered":"<ul>\n<ul>\n<li>OS: Windows 11 Home Single Language<\/li>\n<li>CPU: Intel Core i3-12100 up to 4.3GHz, 12MB<\/li>\n<li>RAM: 8GB DDR4-3200 MT\/s (1 x 8 GB)<\/li>\n<li>\u1ed4 c\u1ee9ng: 256GB SSD PCIe NVMe M.2<\/li>\n<li>VGA: Intel UHD Graphics 730<\/li>\n<\/ul>\n<\/ul>","protected":false},"featured_media":14822,"comment_status":"closed","ping_status":"closed","template":"","meta":[],"pwb-brand":[],"product_cat":[2887],"product_tag":[],"class_list":{"0":"post-14821","1":"product","2":"type-product","3":"status-publish","4":"has-post-thumbnail","6":"product_cat-hp","8":"first","9":"instock","10":"shipping-taxable","11":"product-type-simple"},"brands":[],"_links":{"self":[{"href":"https:\/\/serverhot.vn\/hi\/wp-json\/wp\/v2\/product\/14821","targetHints":{"allow":["GET"]}}],"collection":[{"href":"https:\/\/serverhot.vn\/hi\/wp-json\/wp\/v2\/product"}],"about":[{"href":"https:\/\/serverhot.vn\/hi\/wp-json\/wp\/v2\/types\/product"}],"replies":[{"embeddable":true,"href":"https:\/\/serverhot.vn\/hi\/wp-json\/wp\/v2\/comments?post=14821"}],"wp:featuredmedia":[{"embeddable":true,"href":"https:\/\/serverhot.vn\/hi\/wp-json\/wp\/v2\/media\/14822"}],"wp:attachment":[{"href":"https:\/\/serverhot.vn\/hi\/wp-json\/wp\/v2\/media?parent=14821"}],"wp:term":[{"taxonomy":"pwb-brand","embeddable":true,"href":"https:\/\/serverhot.vn\/hi\/wp-json\/wp\/v2\/pwb-brand?post=14821"},{"taxonomy":"product_cat","embeddable":true,"href":"https:\/\/serverhot.vn\/hi\/wp-json\/wp\/v2\/product_cat?post=14821"},{"taxonomy":"product_tag","embeddable":true,"href":"https:\/\/serverhot.vn\/hi\/wp-json\/wp\/v2\/product_tag?post=14821"}],"curies":[{"name":"wp","href":"https:\/\/api.w.org\/{rel}","templated":true}]}}