{"id":15122,"date":"2025-06-17T17:30:37","date_gmt":"2025-06-17T10:30:37","guid":{"rendered":"https:\/\/serverhot.vn\/-product-\/may-tinh-de-ban-dong-bo-dell-inspiron-3030-sff-core-i7-14700-16gb-2x8-ddr5-4400mhz-1tb-ssd-wifi-6-_-bt-5-2-180w-windows-11-home-ma-san-pham-42in3030s14700\/"},"modified":"2025-06-17T17:30:45","modified_gmt":"2025-06-17T10:30:45","slug":"may-tinh-de-ban-dong-bo-dell-inspiron-3030-sff-core-i7-14700-16gb-2x8-ddr5-4400mhz-1tb-ssd-wifi-6-_-bt-5-2-180w-windows-11-home-ma-san-pham-42in3030s14700","status":"publish","type":"product","link":"https:\/\/serverhot.vn\/hi\/-product-\/may-tinh-de-ban-dong-bo-dell-inspiron-3030-sff-core-i7-14700-16gb-2x8-ddr5-4400mhz-1tb-ssd-wifi-6-_-bt-5-2-180w-windows-11-home-ma-san-pham-42in3030s14700\/","title":{"rendered":"M\u00e1y t\u00ednh \u0111\u1ec3 b\u00e0n \u0111\u1ed3ng b\u1ed9 Dell Inspiron 3030 SFF ( Core i7 14700 | 16Gb (2&#215;8) DDR5 4400MHZ | 1TB SSD | Wifi 6 _ BT 5.2 | 180w |Windows 11 Home) M\u00e3 s\u1ea3n ph\u1ea9m: 42IN3030S14700"},"content":{"rendered":"<div class=\"showText tabs\" id=\"tab2\">\n                                    <\/div>","protected":false},"excerpt":{"rendered":"<ul>\n<ul>\n<li>Ch\u00edp x\u1eed l\u00fd:Intel Core i7 14700 (20C\/28T, 2.1Ghz Upto 5.4Ghz &#8211; Cache 33MB)<\/li>\n<li>B\u1ed9 nh\u1edb Ram: 16GB (2x8GB) DDR5 4400MHz (x2 slot) &#8211; max 64GB<\/li>\n<li>\u1ed4 \u0111\u0129a c\u1ee9ng: 1TB SSD PCIe NVMe (x1 HDD 3.5&#8243; sata)<\/li>\n<li>K\u1ebft n\u1ed1i m\u1ea1ng: Lan Gigabit, Wifi + Bluetooth<\/li>\n<li>Card \u0111\u1ed3 h\u1ecda: Intel UHD Graphics 770<\/li>\n<li>H\u1ec7 \u0111i\u1ec1u h\u00e0nh: Windows 11 Home 64bit<\/li>\n<\/ul>\n<\/ul>","protected":false},"featured_media":15123,"comment_status":"closed","ping_status":"closed","template":"","meta":[],"pwb-brand":[],"product_cat":[2890],"product_tag":[2841],"class_list":{"0":"post-15122","1":"product","2":"type-product","3":"status-publish","4":"has-post-thumbnail","6":"product_cat-dell-laptop","7":"product_tag-hdd","9":"first","10":"instock","11":"shipping-taxable","12":"product-type-simple"},"brands":[],"_links":{"self":[{"href":"https:\/\/serverhot.vn\/hi\/wp-json\/wp\/v2\/product\/15122","targetHints":{"allow":["GET"]}}],"collection":[{"href":"https:\/\/serverhot.vn\/hi\/wp-json\/wp\/v2\/product"}],"about":[{"href":"https:\/\/serverhot.vn\/hi\/wp-json\/wp\/v2\/types\/product"}],"replies":[{"embeddable":true,"href":"https:\/\/serverhot.vn\/hi\/wp-json\/wp\/v2\/comments?post=15122"}],"wp:featuredmedia":[{"embeddable":true,"href":"https:\/\/serverhot.vn\/hi\/wp-json\/wp\/v2\/media\/15123"}],"wp:attachment":[{"href":"https:\/\/serverhot.vn\/hi\/wp-json\/wp\/v2\/media?parent=15122"}],"wp:term":[{"taxonomy":"pwb-brand","embeddable":true,"href":"https:\/\/serverhot.vn\/hi\/wp-json\/wp\/v2\/pwb-brand?post=15122"},{"taxonomy":"product_cat","embeddable":true,"href":"https:\/\/serverhot.vn\/hi\/wp-json\/wp\/v2\/product_cat?post=15122"},{"taxonomy":"product_tag","embeddable":true,"href":"https:\/\/serverhot.vn\/hi\/wp-json\/wp\/v2\/product_tag?post=15122"}],"curies":[{"name":"wp","href":"https:\/\/api.w.org\/{rel}","templated":true}]}}