{"id":10567,"date":"2024-06-29T04:26:37","date_gmt":"2024-06-28T21:26:37","guid":{"rendered":"https:\/\/serverhot.vn\/product\/uncategorized\/qnap-ts-451d2-2g-4-bay-thiet-bi-luu-tru-nas-qnap-ts-451d2-2g-chinh-hang-ma-san-pham-ts-451d2-2g\/"},"modified":"2024-06-29T04:26:38","modified_gmt":"2024-06-28T21:26:38","slug":"qnap-ts-451d2-2g-4-bay-thiet-bi-luu-tru-nas-qnap-ts-451d2-2g-chinh-hang-ma-san-pham-ts-451d2-2g","status":"publish","type":"product","link":"https:\/\/serverhot.vn\/id\/-product-\/qnap-ts-451d2-2g-4-bay-thiet-bi-luu-tru-nas-qnap-ts-451d2-2g-chinh-hang-ma-san-pham-ts-451d2-2g\/","title":{"rendered":"QNAP TS-451D2-2G 4 Bay, Thi\u1ebft B\u1ecb L\u01b0u Tr\u1eef NAS QNAP TS-451D2-2G Ch\u00ednh H\u00e3ng M\u00e3 s\u1ea3n ph\u1ea9m: TS-451D2-2G"},"content":{"rendered":"<div class=\"showText tabs\" id=\"tab2\">\n                                    <\/div>","protected":false},"excerpt":{"rendered":"<ul>\n                                                    <\/ul>","protected":false},"featured_media":10568,"comment_status":"closed","ping_status":"closed","template":"","meta":[],"pwb-brand":[],"product_cat":[2884],"product_tag":[],"class_list":{"0":"post-10567","1":"product","2":"type-product","3":"status-publish","4":"has-post-thumbnail","6":"product_cat-qnap","8":"first","9":"instock","10":"shipping-taxable","11":"product-type-simple"},"brands":[],"_links":{"self":[{"href":"https:\/\/serverhot.vn\/id\/wp-json\/wp\/v2\/product\/10567","targetHints":{"allow":["GET"]}}],"collection":[{"href":"https:\/\/serverhot.vn\/id\/wp-json\/wp\/v2\/product"}],"about":[{"href":"https:\/\/serverhot.vn\/id\/wp-json\/wp\/v2\/types\/product"}],"replies":[{"embeddable":true,"href":"https:\/\/serverhot.vn\/id\/wp-json\/wp\/v2\/comments?post=10567"}],"wp:featuredmedia":[{"embeddable":true,"href":"https:\/\/serverhot.vn\/id\/wp-json\/wp\/v2\/media\/10568"}],"wp:attachment":[{"href":"https:\/\/serverhot.vn\/id\/wp-json\/wp\/v2\/media?parent=10567"}],"wp:term":[{"taxonomy":"pwb-brand","embeddable":true,"href":"https:\/\/serverhot.vn\/id\/wp-json\/wp\/v2\/pwb-brand?post=10567"},{"taxonomy":"product_cat","embeddable":true,"href":"https:\/\/serverhot.vn\/id\/wp-json\/wp\/v2\/product_cat?post=10567"},{"taxonomy":"product_tag","embeddable":true,"href":"https:\/\/serverhot.vn\/id\/wp-json\/wp\/v2\/product_tag?post=10567"}],"curies":[{"name":"wp","href":"https:\/\/api.w.org\/{rel}","templated":true}]}}