{"id":10961,"date":"2024-06-29T13:04:19","date_gmt":"2024-06-29T06:04:19","guid":{"rendered":"https:\/\/serverhot.vn\/product\/uncategorized\/thiet-bi-mang-router-wifi-linksys-e5600-max-stream-ac1200-mu-mimo-gigabit-ma-san-pham-e5600\/"},"modified":"2024-06-29T13:04:21","modified_gmt":"2024-06-29T06:04:21","slug":"thiet-bi-mang-router-wifi-linksys-e5600-max-stream-ac1200-mu-mimo-gigabit-ma-san-pham-e5600","status":"publish","type":"product","link":"https:\/\/serverhot.vn\/id\/-product-\/thiet-bi-mang-router-wifi-linksys-e5600-max-stream-ac1200-mu-mimo-gigabit-ma-san-pham-e5600\/","title":{"rendered":"Thi\u1ebft B\u1ecb M\u1ea1ng Router Wifi LINKSYS E5600 MAX-STREAM AC1200 MU-MIMO GIGABIT M\u00e3 s\u1ea3n ph\u1ea9m: E5600"},"content":{"rendered":"<div class=\"showText tabs\" id=\"tab2\">\n<div class=\"box_right_pro_view\">\n<div class=\"thongso_pro a_technical\" style=\"max-height: fit-content\">\n<table border=\"1\">\n<tbody>\n<tr>\n<td>B\u1ed9 vi x\u1eed l\u00fd<\/td>\n<td>\n<div>880 MHz Dual-Core<\/div>\n<\/td>\n<\/tr>\n<tr>\n<td>Giao ti\u1ebfp<\/td>\n<td>\n<div>1 WAN + 4 LAN<\/div>\n<\/td>\n<\/tr>\n<tr>\n<td>T\u1ed1c \u0111\u1ed9<\/td>\n<td>\n<div>AC1200 (866 + 300 Mbps)<\/div>\n<\/td>\n<\/tr>\n<tr>\n<td>B\u1ed9 nh\u1edb<\/td>\n<td>\n<div>128 MB NAND Flash v\u00e0 128 MB DDR3<\/div>\n<\/td>\n<\/tr>\n<tr>\n<td>D\u1ea3i t\u1ea7n s\u1ed1<\/td>\n<td>\n<div>2,4 GHz + 5 GHz<\/div>\n<\/td>\n<\/tr>\n<tr>\n<td>C\u01a1 ch\u1ebf b\u1ea3o m\u1eadt m\u1ea1ng<\/td>\n<td>\n<div>WPA2 c\u00e1 nh\u00e2n; T\u01b0\u1eddng l\u1eeda SPI<\/div>\n<\/td>\n<\/tr>\n<tr>\n<td>Ngu\u1ed3n<\/td>\n<td>\n<div>\u0110\u1ea7u v\u00e0o: 100-240 V ~ 50-60 Hz; \u0110\u1ea7u ra: 12V, 1.5A<\/div>\n<\/td>\n<\/tr>\n<tr>\n<td>Wi-Fi Technology<\/td>\n<td>\n<div>Dual-Band AC1200 (866 + 300 Mbps)<\/div>\n<\/td>\n<\/tr>\n<tr>\n<td>\u0110\u00e8n LED tr\u00ean m\u00e1y<\/td>\n<td>\n<div>Ch\u1ec9 b\u00e1o k\u1ebft n\u1ed1i, C\u1ed5ng Ethernet<\/div>\n<\/td>\n<\/tr>\n<tr>\n<td>Standard<\/td>\n<td>\n<div>802.11a 802.11b 802.11g Wi-Fi 4 (802.11n) Wi-Fi 5 (802.11ac)<\/div>\n<\/td>\n<\/tr>\n<tr>\n<td>K\u00edch th\u01b0\u1edbc<\/td>\n<td>\n<div>8,7&#8243;x 9,28&#8243; x 3,59&#8243;<\/div>\n<\/td>\n<\/tr>\n<tr>\n<td>Kh\u1ed1i l\u01b0\u1ee3ng<\/td>\n<td>\n<div>410 g<\/div>\n<\/td>\n<\/tr>\n<\/tbody>\n<\/table><\/div>\n<p>                            <!--                            <\/p>\n<div class=\"xemthem_id_r\">--><br \/>\n                            <!--                                <a><!--\/show\/?token=--><br \/>\n                            <!--\"--><br \/>\n                            <!--                                   class=\"preview fancybox fancybox.ajax\" rel=\"nofollow\"&gt;Xem th&#234;m th&#244;ng s&#7889; k&#7929; thu&#7853;t<\/a>--><br \/>\n                            <!--                            <\/div>\n<p>-->\n                        <\/p><\/div>\n<\/p><\/div>","protected":false},"excerpt":{"rendered":"<ul>\n<ul>\n<li>Linksys E5600 Dual-Band WiFi 5 Router<\/li>\n<li>Wi-Fi chu\u1ea9n AC t\u1ed1c \u0111\u1ed9 1200Mbps<\/li>\n<li>C\u00f4ng ngh\u1ec7 Beamforming, MU-MIMO, AC 2&#215;2<\/li>\n<li>4 c\u1ed5ng LAN Gigabit (10\/100\/1000Mbps)<\/li>\n<\/ul>\n<\/ul>","protected":false},"featured_media":10962,"comment_status":"closed","ping_status":"closed","template":"","meta":[],"pwb-brand":[],"product_cat":[2907],"product_tag":[],"class_list":{"0":"post-10961","1":"product","2":"type-product","3":"status-publish","4":"has-post-thumbnail","6":"product_cat-linksys","8":"first","9":"instock","10":"shipping-taxable","11":"product-type-simple"},"brands":[],"_links":{"self":[{"href":"https:\/\/serverhot.vn\/id\/wp-json\/wp\/v2\/product\/10961","targetHints":{"allow":["GET"]}}],"collection":[{"href":"https:\/\/serverhot.vn\/id\/wp-json\/wp\/v2\/product"}],"about":[{"href":"https:\/\/serverhot.vn\/id\/wp-json\/wp\/v2\/types\/product"}],"replies":[{"embeddable":true,"href":"https:\/\/serverhot.vn\/id\/wp-json\/wp\/v2\/comments?post=10961"}],"wp:featuredmedia":[{"embeddable":true,"href":"https:\/\/serverhot.vn\/id\/wp-json\/wp\/v2\/media\/10962"}],"wp:attachment":[{"href":"https:\/\/serverhot.vn\/id\/wp-json\/wp\/v2\/media?parent=10961"}],"wp:term":[{"taxonomy":"pwb-brand","embeddable":true,"href":"https:\/\/serverhot.vn\/id\/wp-json\/wp\/v2\/pwb-brand?post=10961"},{"taxonomy":"product_cat","embeddable":true,"href":"https:\/\/serverhot.vn\/id\/wp-json\/wp\/v2\/product_cat?post=10961"},{"taxonomy":"product_tag","embeddable":true,"href":"https:\/\/serverhot.vn\/id\/wp-json\/wp\/v2\/product_tag?post=10961"}],"curies":[{"name":"wp","href":"https:\/\/api.w.org\/{rel}","templated":true}]}}