{"id":10985,"date":"2024-06-29T13:07:45","date_gmt":"2024-06-29T06:07:45","guid":{"rendered":"https:\/\/serverhot.vn\/product\/uncategorized\/card-man-hinh-asus-ph-gt1030-o2g-ma-san-pham-ph-gt1030-o2g\/"},"modified":"2024-06-29T13:07:48","modified_gmt":"2024-06-29T06:07:48","slug":"card-man-hinh-asus-ph-gt1030-o2g-ma-san-pham-ph-gt1030-o2g","status":"publish","type":"product","link":"https:\/\/serverhot.vn\/id\/-product-\/card-man-hinh-asus-ph-gt1030-o2g-ma-san-pham-ph-gt1030-o2g\/","title":{"rendered":"Card m\u00e0n h\u00ecnh ASUS PH-GT1030-O2G M\u00e3 s\u1ea3n ph\u1ea9m: PH-GT1030-O2G"},"content":{"rendered":"<div class=\"showText tabs\" id=\"tab2\">\n                                    <\/div>","protected":false},"excerpt":{"rendered":"<ul>\n<p><span class=\"item\">ASUS Phoenix GeForce\u00ae GT 1030 OC edition 2GB GDDR5 l\u00e0 card \u0111\u1ed3 h\u1ecda t\u1ed1t nh\u1ea5t cho h\u1ec7 th\u1ed1ng m\u00e1y t\u00ednh nh\u1ecf g\u1ecdn v\u00e0 gi\u1ea3i tr\u00ed t\u1ea1i nh\u00e0<\/span><span class=\"item\">Xung t\u0103ng c\u01b0\u1eddng 1531 MHz trong ch\u1ebf \u0111\u1ed9 \u00e9p xung cho hi\u1ec7u n\u0103ng v\u00e0 tr\u1ea3i nghi\u1ec7m ch\u01a1i game tuy\u1ec7t v\u1eddi.<\/span><span class=\"item\">Qu\u1ea1t \u1ed4 bi k\u00e9p gi\u1ea3m thi\u1ec3u ma s\u00e1t quay cho tu\u1ed5i th\u1ecd l\u00e2u g\u1ea5p 2 l\u1ea7n v\u00e0 hi\u1ec7u su\u1ea5t l\u00e0m m\u00e1t.<\/span><span class=\"item\">Qu\u1ea1t \u0111\u01b0\u1ee3c ch\u1ee9ng nh\u1eadn IP5X ch\u1ed1ng b\u1ee5i, mang l\u1ea1i tu\u1ed5i th\u1ecd d\u00e0i l\u00e2u h\u01a1n.<\/span><span class=\"item hide\">C\u00f4ng ngh\u1ec7 Auto-Extreme duy nh\u1ea5t trong ng\u00e0nh v\u1edbi S\u1ee9c m\u1ea1nh Si\u00eau H\u1ee3p kim II cho ch\u1ea5t l\u01b0\u1ee3ng cao c\u1ea5p v\u00e0 \u0111\u1ed9 \u1ed5n \u0111\u1ecbnh t\u1ed1t nh\u1ea5t.<\/span><span class=\"item hide\">GPU Tweak II gi\u00fap hi\u1ec7u ch\u1ec9nh hi\u1ec7u n\u0103ng m\u00e1y tr\u1edf n\u00ean d\u1ec5 d\u00e0ng v\u00e0 tr\u1ef1c quan h\u01a1n bao gi\u1edd h\u1ebft v\u1edbi m\u1ed9t UI tr\u1ef1c quan, ho\u00e0n to\u00e0n m\u1edbi.<\/span><\/p>\n<div class=\"css-7j9rw7\"><span class=\"css-6z2lgz\">&#8211; T\u00ean:\u00a0<\/span>PH-GT1030-O2G<\/div>\n<div class=\"css-7j9rw7\"><span class=\"css-6z2lgz\">&#8211; Series GPU:\u00a0<\/span>GeForce GTX 10 series<\/div>\n<div class=\"css-7j9rw7\"><span class=\"css-6z2lgz\">&#8211; Nh\u00e0 s\u1ea3n xu\u1ea5t:\u00a0<\/span>NVIDIA<\/div>\n<div class=\"css-lrvw60\">&#8211; Series: Phoenix<\/div>\n<div class=\"css-7j9rw7\"><span class=\"css-6z2lgz\">&#8211; GPU:\u00a0<\/span>GeForce GT 1030<\/div>\n<div class=\"css-7j9rw7\"><span class=\"css-6z2lgz\">&#8211; GPU clock:\u00a0<\/span>Ch\u1ebf \u0111\u1ed9 OC &#8211; Xung T\u0103ng c\u01b0\u1eddng GPU : 1531 MHz , Xung N\u1ec1n GPU : 1278 MHz Ch\u1ebf \u0111\u1ed9 Ch\u01a1i Game &#8211; Xung T\u0103ng c\u01b0\u1eddng GPU : 1506 MHz , Xung N\u1ec1n , GPU : 1252 MHz<\/div>\n<div class=\"css-7j9rw7\"><span class=\"css-6z2lgz\">&#8211; B\u1ed9 nh\u1edb:\u00a0<\/span>2GB GDDR5 ( 6008MHz \/ 64-bit )<\/div>\n<div class=\"css-7j9rw7\"><span class=\"css-6z2lgz\">&#8211; Giao ti\u1ebfp PCI:\u00a0<\/span>PCI-E 2.0 x16<\/div>\n<div class=\"css-7j9rw7\"><span class=\"css-6z2lgz\">&#8211; S\u00f4\u0301 l\u01b0\u01a1\u0323ng \u0111\u01a1n vi\u0323 x\u01b0\u0309 ly\u0301:\u00a0<\/span>384 CUDA cores<\/div>\n<div class=\"css-7j9rw7\"><span class=\"css-6z2lgz\">&#8211; C\u00f4\u0309ng k\u00ea\u0301t n\u00f4\u0301i:\u00a0<\/span>1 x HDMI , 1 x DVI-D<\/div>\n<div class=\"css-7j9rw7\"><span class=\"css-6z2lgz\">&#8211; Ta\u0309n nhi\u00ea\u0323t:\u00a0<\/span>T\u1ea3n nhi\u1ec7t 1 qu\u1ea1t<\/div>\n<div class=\"css-7j9rw7\"><span class=\"css-6z2lgz\">&#8211; \u0110\u00e2\u0300u c\u00e2\u0301p ngu\u00f4\u0300n:\u00a0<\/span>Kh\u00f4ng ngu\u00f4\u0300n phu\u0323<\/div>\n<div class=\"css-7j9rw7\"><span class=\"css-6z2lgz\">&#8211; VR:\u00a0<\/span>kh\u00f4ng h\u00f4\u0303 tr\u01a1\u0323<\/div>\n<div class=\"css-7j9rw7\"><span class=\"css-6z2lgz\">&#8211; Ki\u0301ch th\u01b0\u01a1\u0301c:\u00a0<\/span>18.4 x 11.1 x 3.6 cm<\/div>\n<\/ul>","protected":false},"featured_media":10986,"comment_status":"closed","ping_status":"closed","template":"","meta":[],"pwb-brand":[],"product_cat":[2914],"product_tag":[2839,25],"class_list":{"0":"post-10985","1":"product","2":"type-product","3":"status-publish","4":"has-post-thumbnail","6":"product_cat-vga-card-man-hinh","7":"product_tag-choi-game","8":"product_tag-man","10":"first","11":"instock","12":"shipping-taxable","13":"product-type-simple"},"brands":[],"_links":{"self":[{"href":"https:\/\/serverhot.vn\/id\/wp-json\/wp\/v2\/product\/10985","targetHints":{"allow":["GET"]}}],"collection":[{"href":"https:\/\/serverhot.vn\/id\/wp-json\/wp\/v2\/product"}],"about":[{"href":"https:\/\/serverhot.vn\/id\/wp-json\/wp\/v2\/types\/product"}],"replies":[{"embeddable":true,"href":"https:\/\/serverhot.vn\/id\/wp-json\/wp\/v2\/comments?post=10985"}],"wp:featuredmedia":[{"embeddable":true,"href":"https:\/\/serverhot.vn\/id\/wp-json\/wp\/v2\/media\/10986"}],"wp:attachment":[{"href":"https:\/\/serverhot.vn\/id\/wp-json\/wp\/v2\/media?parent=10985"}],"wp:term":[{"taxonomy":"pwb-brand","embeddable":true,"href":"https:\/\/serverhot.vn\/id\/wp-json\/wp\/v2\/pwb-brand?post=10985"},{"taxonomy":"product_cat","embeddable":true,"href":"https:\/\/serverhot.vn\/id\/wp-json\/wp\/v2\/product_cat?post=10985"},{"taxonomy":"product_tag","embeddable":true,"href":"https:\/\/serverhot.vn\/id\/wp-json\/wp\/v2\/product_tag?post=10985"}],"curies":[{"name":"wp","href":"https:\/\/api.w.org\/{rel}","templated":true}]}}