{"id":11131,"date":"2024-06-29T13:37:10","date_gmt":"2024-06-29T06:37:10","guid":{"rendered":"https:\/\/serverhot.vn\/product\/uncategorized\/o-cung-luu-tru-nas-wd-my-cloud-ex4100-24tb-wdbwze0240kbk-sesn-ma-san-pham-wdbwze0240kbk-sesn\/"},"modified":"2024-06-29T13:37:11","modified_gmt":"2024-06-29T06:37:11","slug":"o-cung-luu-tru-nas-wd-my-cloud-ex4100-24tb-wdbwze0240kbk-sesn-ma-san-pham-wdbwze0240kbk-sesn","status":"publish","type":"product","link":"https:\/\/serverhot.vn\/id\/-product-\/o-cung-luu-tru-nas-wd-my-cloud-ex4100-24tb-wdbwze0240kbk-sesn-ma-san-pham-wdbwze0240kbk-sesn\/","title":{"rendered":"\u1ed4 C\u1ee9ng L\u01b0u Tr\u1eef NAS WD My Cloud EX4100 24TB WDBWZE0240KBK-SESN M\u00e3 s\u1ea3n ph\u1ea9m: WDBWZE0240KBK-SESN"},"content":{"rendered":"<div class=\"showText tabs\" id=\"tab2\">\n<div class=\"box_right_pro_view\">\n<div class=\"thongso_pro a_technical\" style=\"max-height: fit-content\">\n<table>\n<tbody>\n<tr>\n<td>\n<p><span>H\u00e3ng s\u1ea3n xu\u1ea5t<\/span><\/p>\n<\/td>\n<td>\n<p><span>Western Digital<\/span><\/p>\n<\/td>\n<\/tr>\n<tr>\n<td>\n<p><span>Model<\/span><\/p>\n<\/td>\n<td>\n<p><span>WDBWZE0240KBK-SESN<\/span><\/p>\n<\/td>\n<\/tr>\n<tr>\n<td>\n<p><span>S\u1ed1 khay \u1ed5 \u0111\u0129a\u00a0<\/span><\/p>\n<\/td>\n<td>\n<p><span>4<\/span><\/p>\n<\/td>\n<\/tr>\n<tr>\n<td>\n<p><span>B\u1ed9 x\u1eed l\u00fd<\/span><\/p>\n<\/td>\n<td>\n<p><span>Marvell ARMADA 388 1.6 GHz dual-core<\/span><\/p>\n<\/td>\n<\/tr>\n<tr>\n<td>\n<p><span>Dung l\u01b0\u1ee3ng<\/span><\/p>\n<\/td>\n<td>\n<p><span>24TB\u00a0(g\u1ed3m 4\u00a0\u1ed5 c\u1ee9ng g\u1eafn trong 6TB WD Red)<\/span><\/p>\n<\/td>\n<\/tr>\n<tr>\n<td>\n<p><span>B\u1ed9 nh\u1edb trong<\/span><\/p>\n<\/td>\n<td>\n<p><span>2GB DDR3<\/span><\/p>\n<\/td>\n<\/tr>\n<tr>\n<td>\n<p><span>H\u1ec7 \u0111i\u1ec1u h\u00e0nh<\/span><\/p>\n<\/td>\n<td>\n<p><span>My Cloud OS 3<\/span><\/p>\n<\/td>\n<\/tr>\n<tr>\n<td>\n<p><span>Giao ti\u1ebfp<\/span><\/p>\n<\/td>\n<td>\n<p><span>02 Gigabit Ethernet (10\/100\/1000 MB\/s), \u00a03xUSB 3.0 (2 c\u1ed5ng m\u1edf r\u1ed9ng ph\u00eda<\/span><\/p>\n<p><span>Sau, 1 c\u1ed5ng ph\u00eda tr\u01b0\u1edbc copy tr\u1ef1c ti\u1ebfp t\u1edbi My Cloud)<\/span><\/p>\n<\/td>\n<\/tr>\n<tr>\n<td>\n<p><span>C\u1ed5ng ngu\u1ed3n<\/span><\/p>\n<\/td>\n<td>\n<p><span>2\u00a0(s\u1eed d\u1ee5ng adapter 19 V &#8211; 4.74A &#8211; 90\u00a0W &#8211; H\u1ed7 tr\u1ee3 adapter 120W &#8211; 6.72A)<\/span><\/p>\n<\/td>\n<\/tr>\n<tr>\n<td>\n<p><span>Thi\u1ebft l\u1eadp<\/span><\/p>\n<\/td>\n<td>\n<p><span>C\u00f3 m\u00e0n h\u00ecnh LCD hi\u1ec3n th\u1ecb th\u00f4ng tin, t\u00ecnh tr\u1ea1ng Nas.<\/span><\/p>\n<p><span>RAID: 0, 1, 5, 10, JBOD &amp; spanning.<\/span><\/p>\n<p><span>T\u00ednh n\u0103ng Hot-swap c\u1eafm n\u00f3ng \u1ed5 c\u1ee9ng.<\/span><\/p>\n<\/td>\n<\/tr>\n<tr>\n<td>\n<p><span>K\u00edch th\u01b0\u1edbc<\/span><\/p>\n<\/td>\n<td>\n<p><span>HxDxW\u00a0192 mm x 232 mm x 170 mm<\/span><\/p>\n<\/td>\n<\/tr>\n<tr>\n<td>\n<p><span>Nhi\u1ec7t \u0111\u1ed9 ho\u1ea1t \u0111\u1ed9ng<\/span><\/p>\n<\/td>\n<td>\n<p><span>Ho\u1ea1t \u0111\u1ed9ng 5\u00b0 C to 35\u00b0 C<\/span><\/p>\n<p><span>Kh\u00f4ng ho\u1ea1t \u0111\u1ed9ng: -40\u00b0 C to 70\u00b0 C<\/span><\/p>\n<\/td>\n<\/tr>\n<tr>\n<td>\n<p><span>T\u01b0\u01a1ng th\u00edch<\/span><\/p>\n<\/td>\n<td>\n<p><span>Windows\/ Mac<\/span><\/p>\n<\/td>\n<\/tr>\n<\/tbody>\n<\/table><\/div>\n<p>                            <!--                            <\/p>\n<div class=\"xemthem_id_r\">--><br \/>\n                            <!--                                <a><!--\/show\/?token=--><br \/>\n                            <!--\"--><br \/>\n                            <!--                                   class=\"preview fancybox fancybox.ajax\" rel=\"nofollow\"&gt;Xem th&#234;m th&#244;ng s&#7889; k&#7929; thu&#7853;t<\/a>--><br \/>\n                            <!--                            <\/div>\n<p>-->\n                        <\/p><\/div>\n<\/p><\/div>","protected":false},"excerpt":{"rendered":"<ul>\n<ul style=\"margin: 0px;padding: 0px;color: #222222;font-family: Roboto, sans-serif;font-size: 14px;text-align: justify;background-color: #ffffff\">\n<li>L\u01b0u tr\u1eef t\u1eadp trung t\u1ea5t c\u1ea3 d\u1eef li\u1ec7u, truy c\u1eadp v\u00e0 chia s\u1ebb d\u1eef li\u1ec7u t\u1eeb xa an to\u00e0n\u00a0<\/li>\n<li>B\u1ed9 x\u1eed l\u00ed 2 nh\u00e2n Intel\u00ae Atom\u2122 C2338 1.7 GHz Dual-Core<\/li>\n<li>2 GB DDR3 RAM m\u1edf r\u1ed9ng \u0111\u1ebfn 6 GB\u00a0<\/li>\n<li>M\u1edf r\u1ed9ng dung l\u01b0\u1ee3ng l\u01b0u tr\u1eef \u0111\u1ebfn 24 TB v\u00e0 h\u01a1n n\u1eefa v\u1edbi c\u00f4ng ngh\u1ec7 \u1ea3o h\u00f3a dung l\u01b0\u1ee3ng\u00a0<\/li>\n<li>Nhi\u1ec1u t\u00f9y ch\u1ecdn sao l\u01b0u: sao l\u01b0u qua LAN, NAS to NAS, NAS to USB, USB to NAS v\u00e0 t\u00edch h\u1ee3p sao l\u01b0u \u0111\u00e1m m\u00e2y\u00a0<\/li>\n<li>RAID 0, 1, 5, 10; JBOD &amp; spanning<\/li>\n<li>M\u00e3 h\u00f3a ph\u00e2n v\u00f9ng l\u01b0u tr\u1eef (Volume encryption)\u00a0<\/li>\n<li>\u1ed4 c\u1ee9ng WD Red NAS with c\u00f4ng ngh\u1ec7 NASware\u2122\u00a0<\/li>\n<li>2 c\u1ed5ng m\u1ea1ng Gigabit h\u1ed7 tr\u1ee3 t\u00ednh n\u0103ng d\u1ef1 ph\u00f2ng ho\u1eb7c k\u1ebft h\u1ee3p\u00a0<\/li>\n<li>T\u00ednh n\u0103ng sao l\u01b0u d\u1eef li\u1ec7u t\u1eeb c\u1ed5ng USB 3.0 ch\u1ec9 b\u1eb1ng 1 n\u00fat nh\u1ea5n\u00a0<\/li>\n<li>\u1ee8ng d\u1ee5ng truy c\u1eadp t\u1eeb xa an to\u00e0n WD My Cloud\u2122: My Cloud desktop app, My Cloud mobile app, WD Photos app<\/li>\n<li>My Cloud desktop app, My Cloud mobile app, WD Photos app<\/li>\n<li>File server, FTP server, Backup server, P2P download server<\/li>\n<\/ul>\n<\/ul>","protected":false},"featured_media":11132,"comment_status":"closed","ping_status":"closed","template":"","meta":[],"pwb-brand":[],"product_cat":[2885],"product_tag":[55],"class_list":{"0":"post-11131","1":"product","2":"type-product","3":"status-publish","4":"has-post-thumbnail","6":"product_cat-western-digital","7":"product_tag-run","9":"first","10":"instock","11":"shipping-taxable","12":"product-type-simple"},"brands":[],"_links":{"self":[{"href":"https:\/\/serverhot.vn\/id\/wp-json\/wp\/v2\/product\/11131","targetHints":{"allow":["GET"]}}],"collection":[{"href":"https:\/\/serverhot.vn\/id\/wp-json\/wp\/v2\/product"}],"about":[{"href":"https:\/\/serverhot.vn\/id\/wp-json\/wp\/v2\/types\/product"}],"replies":[{"embeddable":true,"href":"https:\/\/serverhot.vn\/id\/wp-json\/wp\/v2\/comments?post=11131"}],"wp:featuredmedia":[{"embeddable":true,"href":"https:\/\/serverhot.vn\/id\/wp-json\/wp\/v2\/media\/11132"}],"wp:attachment":[{"href":"https:\/\/serverhot.vn\/id\/wp-json\/wp\/v2\/media?parent=11131"}],"wp:term":[{"taxonomy":"pwb-brand","embeddable":true,"href":"https:\/\/serverhot.vn\/id\/wp-json\/wp\/v2\/pwb-brand?post=11131"},{"taxonomy":"product_cat","embeddable":true,"href":"https:\/\/serverhot.vn\/id\/wp-json\/wp\/v2\/product_cat?post=11131"},{"taxonomy":"product_tag","embeddable":true,"href":"https:\/\/serverhot.vn\/id\/wp-json\/wp\/v2\/product_tag?post=11131"}],"curies":[{"name":"wp","href":"https:\/\/api.w.org\/{rel}","templated":true}]}}