{"id":11173,"date":"2024-06-29T13:49:59","date_gmt":"2024-06-29T06:49:59","guid":{"rendered":"https:\/\/serverhot.vn\/product\/uncategorized\/camera-ip-2mp-than-tru-hikvision-ds-2cd1t21g2-liu-ma-san-pham-ds-2cd1t21g2-liu\/"},"modified":"2024-06-29T13:50:00","modified_gmt":"2024-06-29T06:50:00","slug":"camera-ip-2mp-than-tru-hikvision-ds-2cd1t21g2-liu-ma-san-pham-ds-2cd1t21g2-liu","status":"publish","type":"product","link":"https:\/\/serverhot.vn\/id\/-product-\/camera-ip-2mp-than-tru-hikvision-ds-2cd1t21g2-liu-ma-san-pham-ds-2cd1t21g2-liu\/","title":{"rendered":"Camera IP 2MP th\u00e2n tr\u1ee5 HIKVISION DS-2CD1T21G2-LIU M\u00e3 s\u1ea3n ph\u1ea9m: DS-2CD1T21G2-LIU"},"content":{"rendered":"<div class=\"showText tabs\" id=\"tab2\">\n<div class=\"box_right_pro_view\">\n<div class=\"thongso_pro a_technical\" style=\"max-height: fit-content\">\n<p><span>Ca\u0309m bi\u00ea\u0301n 1\/2.9 progressive scan CMOS<\/span><br \/><span>\u2013 Chu\u00e2\u0309n ne\u0301n H.265, H.265+, H.264, H.264+; H\u1ed7 tr\u1ee3 2 lu\u1ed3ng d\u1eef li\u1ec7u<\/span><br \/><span>\u2013 \u0110\u1ed9 nh\u1ea1y s\u00e1ng Color: 0.005 Lux @ (F1.6, AGC ON)<\/span><br \/><span>\u2013 \u0110\u1ed9 ph\u00e2n gi\u1ea3i t\u1ed1i \u0111a (1920 \u00d7 1080)\/25fps<\/span><br \/><span>\u2013 \u00d4\u0301ng ki\u0301nh 2.8\/4mm<\/span><br \/><span>\u2013 T\u1ea7m xa h\u1ed3ng ngo\u1ea1i\/\u00c1nh s\u00e1ng tr\u1eafng: 50m<\/span><br \/><span>\u2013 Ch\u1ed1ng ng\u01b0\u1ee3c s\u00e1ng DWDR, BLC, 3D DNR<\/span><br \/><span>\u2013 H\u1ed7 tr\u1ee3 ch\u1ebf \u0111\u1ed9 \u0111\u00e8n th\u00f4ng minh Smart Hybrid Light<\/span><br \/><span>\u2013 T\u00ednh n\u0103ng ph\u00e1t hi\u1ec7n ng\u01b0\u1eddi v\u00e0 ph\u01b0\u01a1ng ti\u1ec7n<\/span><br \/><span>\u2013 T\u00edch h\u1ee3p Micro<\/span><br \/><span>\u2013 Ti\u00eau chu\u1ea9n ch\u1ed1ng b\u1ee5i n\u01b0\u1edbc IP67<\/span><br \/><span>\u2013 H\u1ed7 tr\u1ee3 d\u1ecbch v\u1ee5 Hik-connect, t\u00ean mi\u1ec1n CameraDDNS<\/span><br \/><span>\u2013 V\u1eadt li\u1ec7u: Kim lo\u1ea1i, Plastic<\/span><br \/><span>\u2013 Ngu\u1ed3n c\u1ea5p: 12V\/PoE chu\u1ea9n 802.03af<\/span><br \/><span>\u2013 K\u00edch th\u01b0\u1edbc: 83.7 mm \u00d7 80.7 mm \u00d7 205.6 mm<\/span><\/p>\n<\/p><\/div>\n<p>                            <!--                            <\/p>\n<div class=\"xemthem_id_r\">--><br \/>\n                            <!--                                <a><!--\/show\/?token=--><br \/>\n                            <!--\"--><br \/>\n                            <!--                                   class=\"preview fancybox fancybox.ajax\" rel=\"nofollow\"&gt;Xem th&#234;m th&#244;ng s&#7889; k&#7929; thu&#7853;t<\/a>--><br \/>\n                            <!--                            <\/div>\n<p>-->\n                        <\/p><\/div>\n<\/p><\/div>","protected":false},"excerpt":{"rendered":"<ul>\n<ul class=\"ul\" style=\"margin: 0px;padding: 0px;color: #222222;font-family: arial, verdana, sans-serif;font-size: 13px;background-color: #ffffff\">\n<li style=\"padding: 4px 0px;overflow: hidden\">\n<h3 style=\"font-family: arial, verdana, sans-serif;font-size: 13px;margin: 0px;padding: 0px;line-height: 1.45;font-weight: normal\">V\u1ecb tr\u00ed: Ngo\u00e0i tr\u1eddi<\/h3>\n<h3 style=\"font-family: arial, verdana, sans-serif;font-size: 13px;margin: 0px;padding: 0px;line-height: 1.45;font-weight: normal\">Lo\u1ea1i camera: Camera IP<\/h3>\n<h3 style=\"font-family: arial, verdana, sans-serif;font-size: 13px;margin: 0px;padding: 0px;line-height: 1.45;font-weight: normal\">\u0110\u1ed9 ph\u00e2n gi\u1ea3i: 2.0Megapixel<\/h3>\n<h3 style=\"font-family: arial, verdana, sans-serif;font-size: 13px;margin: 0px;padding: 0px;line-height: 1.45;font-weight: normal\">\u0110\u00e8n h\u1ed3ng ngo\u1ea1i: M12\/F2.0 &#8211; 2.8 mm, \u1ed1ng k\u00ednh c\u1ed1 \u0111\u1ecbnh<\/h3>\n<p style=\"margin: 0px;padding: 0px;color: #333333;font-family: arial;font-size: 14px\">T\u1ea7m quan s\u00e1t h\u1ed3ng ngo\u1ea1i: 50 m\u00e9t.<\/p>\n<p style=\"margin: 0px;padding: 0px;color: #333333;font-family: arial;font-size: 14px\">H\u1ed7 tr\u1ee3 \u0111\u00e8n \u00e1nh s\u00e1ng tr\u1eafng: 50 m\u00e9t.<\/p>\n<\/li>\n<\/ul>\n<\/ul>","protected":false},"featured_media":11174,"comment_status":"closed","ping_status":"closed","template":"","meta":[],"pwb-brand":[],"product_cat":[2911],"product_tag":[],"class_list":{"0":"post-11173","1":"product","2":"type-product","3":"status-publish","4":"has-post-thumbnail","6":"product_cat-thiet-bi-camera","8":"first","9":"instock","10":"shipping-taxable","11":"product-type-simple"},"brands":[],"_links":{"self":[{"href":"https:\/\/serverhot.vn\/id\/wp-json\/wp\/v2\/product\/11173","targetHints":{"allow":["GET"]}}],"collection":[{"href":"https:\/\/serverhot.vn\/id\/wp-json\/wp\/v2\/product"}],"about":[{"href":"https:\/\/serverhot.vn\/id\/wp-json\/wp\/v2\/types\/product"}],"replies":[{"embeddable":true,"href":"https:\/\/serverhot.vn\/id\/wp-json\/wp\/v2\/comments?post=11173"}],"wp:featuredmedia":[{"embeddable":true,"href":"https:\/\/serverhot.vn\/id\/wp-json\/wp\/v2\/media\/11174"}],"wp:attachment":[{"href":"https:\/\/serverhot.vn\/id\/wp-json\/wp\/v2\/media?parent=11173"}],"wp:term":[{"taxonomy":"pwb-brand","embeddable":true,"href":"https:\/\/serverhot.vn\/id\/wp-json\/wp\/v2\/pwb-brand?post=11173"},{"taxonomy":"product_cat","embeddable":true,"href":"https:\/\/serverhot.vn\/id\/wp-json\/wp\/v2\/product_cat?post=11173"},{"taxonomy":"product_tag","embeddable":true,"href":"https:\/\/serverhot.vn\/id\/wp-json\/wp\/v2\/product_tag?post=11173"}],"curies":[{"name":"wp","href":"https:\/\/api.w.org\/{rel}","templated":true}]}}