{"id":11287,"date":"2024-06-29T14:05:05","date_gmt":"2024-06-29T07:05:05","guid":{"rendered":"https:\/\/serverhot.vn\/product\/uncategorized\/8-port-10-100-1000mbps-poe-switch-planet-gs-4210-8p2s-ma-san-pham-gs-4210-8p2s\/"},"modified":"2024-06-29T14:05:06","modified_gmt":"2024-06-29T07:05:06","slug":"8-port-10-100-1000mbps-poe-switch-planet-gs-4210-8p2s-ma-san-pham-gs-4210-8p2s","status":"publish","type":"product","link":"https:\/\/serverhot.vn\/id\/-product-\/8-port-10-100-1000mbps-poe-switch-planet-gs-4210-8p2s-ma-san-pham-gs-4210-8p2s\/","title":{"rendered":"8-port 10\/100\/1000Mbps PoE Switch PLANET GS-4210-8P2S M\u00e3 s\u1ea3n ph\u1ea9m: GS-4210-8P2S"},"content":{"rendered":"<div class=\"showText tabs\" id=\"tab2\">\n                                    <\/div>","protected":false},"excerpt":{"rendered":"<ul>\n<p><strong>8-port 10\/100\/1000Mbps PoE Switch PLANET GS-4210-8P2S<\/strong><br \/><span>GS-4210-8P2S l\u00e0 thi\u1ebft b\u1ecb switch gigabit h\u1ed7 tr\u1ee3 PoE th\u1ebf h\u1ec7 m\u1edbi v\u1edbi t\u00ednh n\u0103ng c\u1ea5p ngu\u1ed3n PoE th\u00f4ng minh \u0111\u1ec3 c\u1ea3i thi\u1ec7n nh\u1eefng \u1ee9ng d\u1ee5ng doanh nghi\u1ec7p. Thi\u1ebft b\u1ecb h\u1ed7 tr\u1ee3 qu\u1ea3n l\u00fd IPv4, IPv6 v\u00e0 t\u00edch h\u1ee3p chuy\u1ec3n m\u1ea1ch l\u1edbp 2 v\u00e0 l\u1edbp 4, L2\/L4 v\u1edbi 8 c\u1ed5ng 10\/100\/1000 Base-T h\u1ed7 tr\u1ee3 t\u00ednh n\u0103ng c\u1ea5p ngu\u1ed3n PoE+ 802.3at v\u1edbi c\u00f4ng su\u1ea5t t\u1ed1i \u0111a l\u00ean t\u1edbi v\u00e0 2 khe c\u1eafm quang SFP. Thi\u1ebft b\u1ecb h\u1ed7 tr\u1ee3 t\u1ed5ng c\u00f4ng su\u1ea5t c\u1ea5p ngu\u1ed3n \u0111\u1ebfn 120W c\u00f3 th\u1ec3 \u0111\u01b0\u01a1c s\u1eed d\u1ee5ng c\u00f9ng l\u00fac m\u00e0 kh\u00f4ng c\u1ea7n quan t\u00e2m \u0111\u1ebfn \u1ee9ng d\u1ee5ng PoE. Thi\u1ebft b\u1ecb cung c\u1ea5p nhanh an to\u00e0n v\u00e0 chi ph\u00ed h\u1ee3p l\u00fd. Thi\u1ebft b\u1ecb mang \u0111\u1ebfn gi\u1ea3i ph\u00e1p an ninh an to\u00e0n cho c\u00e1c doanh nghi\u1ec7p v\u1eeba v\u00e0 nh\u1ecf.\u00a0<\/span><br \/><span>H\u1ed7 tr\u1ee3 t\u00ednh n\u0103ng PoE h\u1ed7 tr\u1ee3 c\u1ea5p ngu\u1ed3n cho c\u00e1c thi\u1ebft b\u1ecb nh\u1eadn ngu\u1ed3n PoE<\/span><br \/><span>GS-4210-8P2S h\u1ed7 tr\u1ee3 t\u00ednh n\u0103ng qu\u1ea3n l\u00fd.<\/span><br \/><span>-Ki\u1ec3m tra thi\u1ebft b\u1ecb nh\u1eadn ngu\u1ed3n ho\u1ea1t \u0111\u1ed9ng kh\u00f4ng.<\/span><br \/><span>-H\u1ed7 tr\u1ee3 l\u1eadp l\u1ecbch c\u1ea5p ngu\u1ed3n t\u00e1i s\u1eed d\u1ee5ng.<\/span><br \/><span>-H\u1ed7 tr\u1ee3 l\u1eadp l\u1ecbch.<\/span><br \/><span>-H\u1ed7 tr\u1ee3 gi\u00e1m s\u00e1t s\u1eed d\u1ee5ng PoE.<\/span><br \/><span>T\u00ednh n\u0103ng th\u00f4ng minh ki\u1ec3m tra thi\u1ebft b\u1ecb nh\u1eadn ngu\u1ed3n PoE.<\/span><br \/><span>GS-4210-8P2S c\u00f3 th\u1ec3 \u0111\u01b0\u1ee3c c\u1ea5u h\u00ecnh gi\u00e1m s\u00e1t c\u00e1c thi\u1ebft b\u1ecb nh\u1eadn ngu\u1ed3n PoE theo th\u1eddi gian th\u1ef1c v\u00e0 th\u00f4ng qua t\u00ednh n\u0103ng Ping. Khi thi\u1ebft b\u1ecb nh\u1eadn ngu\u1ed3n ng\u1eebng ho\u1ea1t \u0111\u1ed9ng v\u00e0 kh\u00f4ng c\u00f3 h\u1ed3i \u0111\u00e1p, GS-4210-8P2S s\u1ebd c\u1ea5p ngu\u1ed3n PoE l\u1ea1i v\u00e0 gi\u00fap thi\u1ebft b\u1ecb l\u00e0m vi\u1ec7c tr\u1edf l\u1ea1i. Thi\u1ebft b\u1ecb n\u00e2ng cao \u0111\u1ed9 hi\u1ec7u qu\u1ea3 c\u1ea5p ngu\u1ed3n PoE \u0111\u1ed3ng th\u1eddi gi\u00fap gi\u1ea3m t\u1ea3i vi\u1ec7c qu\u1ea3n tr\u1ecb cho qu\u1ea3n tr\u1ecb vi\u00ean.<\/span><br \/><span>T\u00ednh n\u0103ng l\u1eadp l\u1ecbch t\u00e1i ch\u1ebf vi\u1ec7c c\u1ea5p ngu\u1ed3n<\/span><br \/><span>GS-4210-8P2S cho ph\u00e9p m\u1ed7i m\u1ed9t k\u1ebft n\u1ed1i PoE nh\u01b0 IP camera ho\u1eb7c Wireless Access point s\u1ebd \u0111\u01b0\u1ee3c t\u1ef1 kh\u1edfi \u0111\u1ed9ng l\u1ea1i theo th\u1eddi gian \u0111\u1eb7c bi\u1ec7t. V\u00ec th\u1ebf n\u00f3 s\u1ebd l\u00e0m gi\u1ea3m vi\u1ec7c b\u1ecb tr\u00e0n b\u1ed9 nh\u1edb \u0111\u1ec7m cho camera ho\u1eb7c Access Point.<\/span><br \/><span>T\u00ednh n\u0103ng l\u1eadp l\u1ecbch cho ti\u1ebft ki\u1ec7m n\u0103ng l\u01b0\u1ee3ng<\/span><br \/><span>Theo xu h\u01b0\u1edbng ti\u1ebft ki\u1ec7m n\u0103ng l\u01b0\u1ee3ng tr\u00ean to\u00e0n th\u1ebf gi\u1edbi v\u00e0 b\u1ea3o v\u1ec7 m\u00f4i tr\u01b0\u1eddng, GS-4210-8P2S c\u00f3 th\u1ec3 qu\u1ea3n l\u00fd hi\u1ec7u qu\u1ea3 ngu\u1ed3n c\u1ea5p PoE c\u00f3 kh\u1ea3 n\u0103ng c\u1ea5p m\u1ee9c c\u00f4ng su\u1ea5t cao. Vi\u1ec7c l\u1eadp l\u1ecbch PoE gi\u00fap cho vi\u1ec7c t\u1eaft ho\u1eb7c b\u1eadt t\u00ednh n\u0103ng ngu\u1ed3n PoE theo th\u1eddi gian \u0111\u1eb7c bi\u1ec7t gi\u00fap cho c\u00e1c m\u00f4i tr\u01b0\u1eddng doanh nghi\u1ec7p v\u1eeba v\u00e0 nh\u1ecf ti\u1ebft ki\u1ec7m \u0111i\u1ec7n n\u0103ng v\u00e0 chi ph\u00ed. Ngo\u00e0i ra thi\u1ebft b\u1ecb c\u0169ng t\u0103ng b\u1ea3o m\u1eadt b\u1eb1ng c\u00e1ch t\u1eaft ngu\u1ed3n PoE trong gi\u1edd h\u00e0nh ch\u00ednh.<\/span><\/p>\n<\/ul>","protected":false},"featured_media":11288,"comment_status":"closed","ping_status":"closed","template":"","meta":[],"pwb-brand":[],"product_cat":[2903],"product_tag":[2853,25,2849,2852],"class_list":{"0":"post-11287","1":"product","2":"type-product","3":"status-publish","4":"has-post-thumbnail","6":"product_cat-planet","7":"product_tag-access-point","8":"product_tag-man","9":"product_tag-switch","10":"product_tag-wireless","12":"first","13":"instock","14":"shipping-taxable","15":"product-type-simple"},"brands":[],"_links":{"self":[{"href":"https:\/\/serverhot.vn\/id\/wp-json\/wp\/v2\/product\/11287","targetHints":{"allow":["GET"]}}],"collection":[{"href":"https:\/\/serverhot.vn\/id\/wp-json\/wp\/v2\/product"}],"about":[{"href":"https:\/\/serverhot.vn\/id\/wp-json\/wp\/v2\/types\/product"}],"replies":[{"embeddable":true,"href":"https:\/\/serverhot.vn\/id\/wp-json\/wp\/v2\/comments?post=11287"}],"wp:featuredmedia":[{"embeddable":true,"href":"https:\/\/serverhot.vn\/id\/wp-json\/wp\/v2\/media\/11288"}],"wp:attachment":[{"href":"https:\/\/serverhot.vn\/id\/wp-json\/wp\/v2\/media?parent=11287"}],"wp:term":[{"taxonomy":"pwb-brand","embeddable":true,"href":"https:\/\/serverhot.vn\/id\/wp-json\/wp\/v2\/pwb-brand?post=11287"},{"taxonomy":"product_cat","embeddable":true,"href":"https:\/\/serverhot.vn\/id\/wp-json\/wp\/v2\/product_cat?post=11287"},{"taxonomy":"product_tag","embeddable":true,"href":"https:\/\/serverhot.vn\/id\/wp-json\/wp\/v2\/product_tag?post=11287"}],"curies":[{"name":"wp","href":"https:\/\/api.w.org\/{rel}","templated":true}]}}