{"id":11307,"date":"2024-06-29T14:07:56","date_gmt":"2024-06-29T07:07:56","guid":{"rendered":"https:\/\/serverhot.vn\/product\/uncategorized\/card-man-hinh-asus-dual-rtx3050-o6g-ma-san-pham-dual-rtx3050-o6g\/"},"modified":"2024-06-29T14:07:57","modified_gmt":"2024-06-29T07:07:57","slug":"card-man-hinh-asus-dual-rtx3050-o6g-ma-san-pham-dual-rtx3050-o6g","status":"publish","type":"product","link":"https:\/\/serverhot.vn\/id\/-product-\/card-man-hinh-asus-dual-rtx3050-o6g-ma-san-pham-dual-rtx3050-o6g\/","title":{"rendered":"Card m\u00e0n h\u00ecnh ASUS DUAL-RTX3050-O6G M\u00e3 s\u1ea3n ph\u1ea9m: DUAL-RTX3050-O6G"},"content":{"rendered":"<div class=\"showText tabs\" id=\"tab2\">\n                                    <\/div>","protected":false},"excerpt":{"rendered":"<ul>\n                                                    <\/ul>","protected":false},"featured_media":11308,"comment_status":"closed","ping_status":"closed","template":"","meta":[],"pwb-brand":[],"product_cat":[2914],"product_tag":[],"class_list":{"0":"post-11307","1":"product","2":"type-product","3":"status-publish","4":"has-post-thumbnail","6":"product_cat-vga-card-man-hinh","8":"first","9":"instock","10":"shipping-taxable","11":"product-type-simple"},"brands":[],"_links":{"self":[{"href":"https:\/\/serverhot.vn\/id\/wp-json\/wp\/v2\/product\/11307","targetHints":{"allow":["GET"]}}],"collection":[{"href":"https:\/\/serverhot.vn\/id\/wp-json\/wp\/v2\/product"}],"about":[{"href":"https:\/\/serverhot.vn\/id\/wp-json\/wp\/v2\/types\/product"}],"replies":[{"embeddable":true,"href":"https:\/\/serverhot.vn\/id\/wp-json\/wp\/v2\/comments?post=11307"}],"wp:featuredmedia":[{"embeddable":true,"href":"https:\/\/serverhot.vn\/id\/wp-json\/wp\/v2\/media\/11308"}],"wp:attachment":[{"href":"https:\/\/serverhot.vn\/id\/wp-json\/wp\/v2\/media?parent=11307"}],"wp:term":[{"taxonomy":"pwb-brand","embeddable":true,"href":"https:\/\/serverhot.vn\/id\/wp-json\/wp\/v2\/pwb-brand?post=11307"},{"taxonomy":"product_cat","embeddable":true,"href":"https:\/\/serverhot.vn\/id\/wp-json\/wp\/v2\/product_cat?post=11307"},{"taxonomy":"product_tag","embeddable":true,"href":"https:\/\/serverhot.vn\/id\/wp-json\/wp\/v2\/product_tag?post=11307"}],"curies":[{"name":"wp","href":"https:\/\/api.w.org\/{rel}","templated":true}]}}