{"id":11459,"date":"2024-06-29T14:27:09","date_gmt":"2024-06-29T07:27:09","guid":{"rendered":"https:\/\/serverhot.vn\/product\/uncategorized\/may-huy-tai-lieu-silicon-ps-3000m-ma-san-pham-ps-3000m\/"},"modified":"2024-06-29T14:27:10","modified_gmt":"2024-06-29T07:27:10","slug":"may-huy-tai-lieu-silicon-ps-3000m-ma-san-pham-ps-3000m","status":"publish","type":"product","link":"https:\/\/serverhot.vn\/id\/-product-\/may-huy-tai-lieu-silicon-ps-3000m-ma-san-pham-ps-3000m\/","title":{"rendered":"M\u00e1y h\u1ee7y t\u00e0i li\u1ec7u Silicon PS-3000M M\u00e3 s\u1ea3n ph\u1ea9m: PS-3000M"},"content":{"rendered":"<div class=\"showText tabs\" id=\"tab2\">\n                                    <\/div>","protected":false},"excerpt":{"rendered":"<ul>\n<p>&#8211; Ki\u1ec3u d\u00e1ng thi\u1ebft k\u1ebf hi\u1ec7n \u0111\u1ea1i t\u1eeb nh\u1eefng chuy\u00ean gia h\u00e0ng \u0111\u1ea7u th\u1ebf gi\u1edbi<\/p>\n<p>&#8211; Ki\u1ec3u hu\u1ef7: si\u00eau v\u1ee5n<\/p>\n<p>&#8211; C\u00f4ng su\u1ea5t h\u1ee7y (70g t\u1edd): 15 t\u1edd\/ 1 l\u1ea7n<\/p>\n<p>&#8211; T\u1ef1 kh\u1edfi \u0111\u1ed9ng v\u00e0 d\u1eebng khi hu\u1ef7 t\u00e0i li\u1ec7u xong: c\u00f3<\/p>\n<p>&#8211; Ch\u1ee9c n\u0103ng tr\u1ea3 ng\u01b0\u1ee3c khi k\u1eb9t gi\u1ea5y: c\u00f3<\/p>\n<p>&#8211; Nhi\u1ec7t \/ b\u1ea3o v\u1ec7 qu\u00e1 t\u1ea3i: c\u00f3<\/p>\n<p>&#8211; T\u1ef1 \u0111\u1ed9ng d\u1eebng l\u1ea1i khi b\u1ecb m\u1eafc k\u1eb9t: c\u00f3<\/p>\n<p>&#8211; K\u00edch th\u01b0\u1edbc hu\u1ef7 (mm): 2*10<\/p>\n<p>&#8211; K\u00edch th\u01b0\u1edbc mi\u1ec7ng hu\u1ef7 (mm) \/ (inch): 240mm<\/p>\n<p>&#8211; Dung t\u00edch b\u00ecnh ch\u1ee9a (Gal\/L): 38 L ( r\u1ea5t l\u1edbn )<\/p>\n<ul class=\"ul\">\n<li>\n<\/li>\n<\/ul>\n<\/ul>","protected":false},"featured_media":11460,"comment_status":"closed","ping_status":"closed","template":"","meta":[],"pwb-brand":[],"product_cat":[2910],"product_tag":[],"class_list":{"0":"post-11459","1":"product","2":"type-product","3":"status-publish","4":"has-post-thumbnail","6":"product_cat-thiet-bi-van-phong","8":"first","9":"instock","10":"shipping-taxable","11":"product-type-simple"},"brands":[],"_links":{"self":[{"href":"https:\/\/serverhot.vn\/id\/wp-json\/wp\/v2\/product\/11459","targetHints":{"allow":["GET"]}}],"collection":[{"href":"https:\/\/serverhot.vn\/id\/wp-json\/wp\/v2\/product"}],"about":[{"href":"https:\/\/serverhot.vn\/id\/wp-json\/wp\/v2\/types\/product"}],"replies":[{"embeddable":true,"href":"https:\/\/serverhot.vn\/id\/wp-json\/wp\/v2\/comments?post=11459"}],"wp:featuredmedia":[{"embeddable":true,"href":"https:\/\/serverhot.vn\/id\/wp-json\/wp\/v2\/media\/11460"}],"wp:attachment":[{"href":"https:\/\/serverhot.vn\/id\/wp-json\/wp\/v2\/media?parent=11459"}],"wp:term":[{"taxonomy":"pwb-brand","embeddable":true,"href":"https:\/\/serverhot.vn\/id\/wp-json\/wp\/v2\/pwb-brand?post=11459"},{"taxonomy":"product_cat","embeddable":true,"href":"https:\/\/serverhot.vn\/id\/wp-json\/wp\/v2\/product_cat?post=11459"},{"taxonomy":"product_tag","embeddable":true,"href":"https:\/\/serverhot.vn\/id\/wp-json\/wp\/v2\/product_tag?post=11459"}],"curies":[{"name":"wp","href":"https:\/\/api.w.org\/{rel}","templated":true}]}}