{"id":11546,"date":"2024-06-29T14:37:02","date_gmt":"2024-06-29T07:37:02","guid":{"rendered":"https:\/\/serverhot.vn\/product\/uncategorized\/card-man-hinh-vga-zotac-gaming-geforce-rtx-3080-amp-holo-lhr-10gb-320bit-gddr6x-zt-a30800f-10plhr-ma-san-pham-zt-a30800f-10p-lhr\/"},"modified":"2024-06-29T14:37:03","modified_gmt":"2024-06-29T07:37:03","slug":"card-man-hinh-vga-zotac-gaming-geforce-rtx-3080-amp-holo-lhr-10gb-320bit-gddr6x-zt-a30800f-10plhr-ma-san-pham-zt-a30800f-10p-lhr","status":"publish","type":"product","link":"https:\/\/serverhot.vn\/id\/-product-\/card-man-hinh-vga-zotac-gaming-geforce-rtx-3080-amp-holo-lhr-10gb-320bit-gddr6x-zt-a30800f-10plhr-ma-san-pham-zt-a30800f-10p-lhr\/","title":{"rendered":"Card M\u00e0n H\u00ecnh VGA ZOTAC Gaming GeForce RTX 3080 AMP Holo LHR 10GB 320BIT GDDR6X ZT-A30800F-10PLHR M\u00e3 s\u1ea3n ph\u1ea9m: ZT-A30800F-10P-LHR"},"content":{"rendered":"<div class=\"showText tabs\" id=\"tab2\">\n                                    <\/div>","protected":false},"excerpt":{"rendered":"<ul>\n<ul>\n<li class=\"s-name\">Chipset Manufacturer: NVIDIA<\/li>\n<li>\n<div class=\"s-name\">Memory Type:GDDR6X<\/div>\n<\/li>\n<li>\n<div class=\"s-name\">Features: RGB Lighting, Multiple Monitor Support, LED Lighting, G-SYNC\/FreeSync Compatible, VR Ready<\/div>\n<\/li>\n<li>\n<div class=\"s-name\">APIs:DirectX 12 Ultimate, CUDA, DirectX 12, OpenGL 4.6, Vulkan<\/div>\n<\/li>\n<li>\n<div class=\"s-name\">Power Cable Requirement:8-Pin + 8-Pin PCI-E<\/div>\n<\/li>\n<li>\n<div class=\"s-name\">Connectors:DisplayPort, HDMI<\/div>\n<\/li>\n<li>\n<div class=\"s-name\">Memory Size: 10 GB<\/div>\n<\/li>\n<li>\n<div class=\"s-name\">Compatible Slot:PCI Express 4.0 x16<\/div>\n<\/li>\n<li>\n<div class=\"s-name\">Chipset\/GPU Model: NVIDIA GeForce RTX 3080<\/div>\n<\/li>\n<\/ul>\n<p>\u00a0<\/p>\n<div id=\"gtx-trans\" style=\"position: absolute;left: 185px;top: -20.0139px\"><\/div>\n<\/ul>","protected":false},"featured_media":11547,"comment_status":"closed","ping_status":"closed","template":"","meta":[],"pwb-brand":[],"product_cat":[2914],"product_tag":[25],"class_list":{"0":"post-11546","1":"product","2":"type-product","3":"status-publish","4":"has-post-thumbnail","6":"product_cat-vga-card-man-hinh","7":"product_tag-man","9":"first","10":"instock","11":"shipping-taxable","12":"product-type-simple"},"brands":[],"_links":{"self":[{"href":"https:\/\/serverhot.vn\/id\/wp-json\/wp\/v2\/product\/11546","targetHints":{"allow":["GET"]}}],"collection":[{"href":"https:\/\/serverhot.vn\/id\/wp-json\/wp\/v2\/product"}],"about":[{"href":"https:\/\/serverhot.vn\/id\/wp-json\/wp\/v2\/types\/product"}],"replies":[{"embeddable":true,"href":"https:\/\/serverhot.vn\/id\/wp-json\/wp\/v2\/comments?post=11546"}],"wp:featuredmedia":[{"embeddable":true,"href":"https:\/\/serverhot.vn\/id\/wp-json\/wp\/v2\/media\/11547"}],"wp:attachment":[{"href":"https:\/\/serverhot.vn\/id\/wp-json\/wp\/v2\/media?parent=11546"}],"wp:term":[{"taxonomy":"pwb-brand","embeddable":true,"href":"https:\/\/serverhot.vn\/id\/wp-json\/wp\/v2\/pwb-brand?post=11546"},{"taxonomy":"product_cat","embeddable":true,"href":"https:\/\/serverhot.vn\/id\/wp-json\/wp\/v2\/product_cat?post=11546"},{"taxonomy":"product_tag","embeddable":true,"href":"https:\/\/serverhot.vn\/id\/wp-json\/wp\/v2\/product_tag?post=11546"}],"curies":[{"name":"wp","href":"https:\/\/api.w.org\/{rel}","templated":true}]}}