{"id":11616,"date":"2024-06-29T14:46:05","date_gmt":"2024-06-29T07:46:05","guid":{"rendered":"https:\/\/serverhot.vn\/product\/uncategorized\/thiet-bi-mang-router-linksys-ea7500-max-stream-ac1900-mu-mimo-gigabit-ma-san-pham-ea7500\/"},"modified":"2024-06-29T14:46:06","modified_gmt":"2024-06-29T07:46:06","slug":"thiet-bi-mang-router-linksys-ea7500-max-stream-ac1900-mu-mimo-gigabit-ma-san-pham-ea7500","status":"publish","type":"product","link":"https:\/\/serverhot.vn\/id\/-product-\/thiet-bi-mang-router-linksys-ea7500-max-stream-ac1900-mu-mimo-gigabit-ma-san-pham-ea7500\/","title":{"rendered":"Thi\u1ebft B\u1ecb M\u1ea1ng Router Linksys EA7500 Max-Stream\u2122 AC1900 MU-MIMO Gigabit M\u00e3 s\u1ea3n ph\u1ea9m: EA7500"},"content":{"rendered":"<div class=\"showText tabs\" id=\"tab2\">\n<div class=\"box_right_pro_view\">\n<div class=\"thongso_pro a_technical\" style=\"max-height: fit-content\">\n<table>\n<tbody>\n<tr>\n<td>\n<p>H\u00e3ng s\u1ea3n xu\u1ea5t<\/p>\n<\/td>\n<td>\n<p>Linksys<\/p>\n<\/td>\n<\/tr>\n<tr>\n<td>\n<p>Ch\u1ee7ng lo\u1ea1i<\/p>\n<\/td>\n<td>\n<p>EA7500<\/p>\n<\/td>\n<\/tr>\n<tr>\n<td>\n<p>C\u1ed5ng k\u1ebft n\u1ed1i<\/p>\n<\/td>\n<td>\n<p>4 c\u00f4\u0309ng LAN 10\/100\/1000Mbps<br \/>1 c\u00f4\u0309ng Gigabit WAN<br \/>2 c\u00f4\u0309ng USB\u00a0<\/p>\n<\/td>\n<\/tr>\n<tr>\n<td>\n<p>Chu\u1ea9n Wifi<\/p>\n<\/td>\n<td>\n<p>2.4GHz(600Mbps) va\u0300 5GHz(1300Mbps)\u00a0<\/p>\n<\/td>\n<\/tr>\n<\/tbody>\n<\/table><\/div>\n<p>                            <!--                            <\/p>\n<div class=\"xemthem_id_r\">--><br \/>\n                            <!--                                <a><!--\/show\/?token=--><br \/>\n                            <!--\"--><br \/>\n                            <!--                                   class=\"preview fancybox fancybox.ajax\" rel=\"nofollow\"&gt;Xem th&#234;m th&#244;ng s&#7889; k&#7929; thu&#7853;t<\/a>--><br \/>\n                            <!--                            <\/div>\n<p>-->\n                        <\/p><\/div>\n<\/p><\/div>","protected":false},"excerpt":{"rendered":"<ul>\n<p><span style=\"color: #222222;font-family: arial, verdana, sans-serif;font-size: 13px;background-color: #ffffff\">Da\u0300nh cho gia \u0111i\u0300nh, qua\u0301n cafe, nha\u0300 ha\u0300ng va\u0300 c\u00f4ng ty, c\u00f4ng ngh\u00ea\u0323 Beam Forming giu\u0301p t\u0103ng pha\u0323m vi pha\u0301t so\u0301ng cu\u0303ng nh\u01b0 \u0111\u00f4\u0323 \u00f4\u0309n \u0111i\u0323nh cu\u0309a ti\u0301n hi\u00ea\u0323u, c\u00f4ng ngh\u00ea\u0323 \u0111i\u00ea\u0323n toa\u0301n \u0111a\u0301m m\u00e2y cho phe\u0301p truy c\u00e2\u0323p va\u0300 c\u00e2\u0301u hi\u0300nh h\u00ea\u0323 th\u00f4\u0301ng \u01a1\u0309 b\u00e2\u0301t ki\u0300 n\u01a1i na\u0300o.<\/span><\/p>\n<ul id=\"js-tskt-item\" class=\"product-summary-item-ul d-flex flex-wrap mb-0\" style=\"font-size: 12px;color: #444444;padding-left: 16px;font-family: -apple-system, system-ui, 'Segoe UI', Roboto, 'Helvetica Neue', Arial, sans-serif, 'Apple Color Emoji', 'Segoe UI Emoji', 'Segoe UI Symbol';background-color: #ffffff;flex-wrap: wrap !important;margin: 10px 0px !important\">\n<li style=\"line-height: 1.75;float: left;width: 455.078px\">D\u00f2ng s\u1ea3n ph\u1ea9m: Wireless router.<\/li>\n<li style=\"line-height: 1.75;float: left;width: 455.078px\">H\u1ed7 tr\u1ee3: Wi-Fi 802.11ac, b\u0103ng th\u00f4ng 600+1300 Mbps.<\/li>\n<li style=\"line-height: 1.75;float: left;width: 455.078px\">Antenna: 3, c\u00f3 th\u1ec3 th\u00e1o r\u1eddi.<\/li>\n<li style=\"line-height: 1.75;float: left;width: 455.078px\">C\u1ed5ng k\u1ebft n\u1ed1i: 1*WAN gigabit, 4*LAN gigabit, 1*USB 3.0, 1*USB 2.0.<\/li>\n<li style=\"line-height: 1.75;float: left;width: 455.078px\">T\u00ednh n\u0103ng n\u1ed5i b\u1eadt: CPU Qualcomm dual core 1,4 GHz, AC1900 MU-MIMO dual band gigabit, Linksys Smart Wi-Fi.<\/li>\n<li style=\"line-height: 1.75;float: left;width: 455.078px\">C\u01a1 ch\u1ebf b\u1ea3o m\u1eadt: WEP, WPA\/WPA2-Enterprise.<\/li>\n<li style=\"line-height: 1.75;float: left;width: 455.078px\">K\u00edch th\u01b0\u1edbc: 25,8 x 18,4 x 5,6 cm, n\u1eb7ng 558 gram.<\/li>\n<\/ul>\n<\/ul>","protected":false},"featured_media":11617,"comment_status":"closed","ping_status":"closed","template":"","meta":[],"pwb-brand":[],"product_cat":[2907],"product_tag":[2852],"class_list":{"0":"post-11616","1":"product","2":"type-product","3":"status-publish","4":"has-post-thumbnail","6":"product_cat-linksys","7":"product_tag-wireless","9":"first","10":"instock","11":"shipping-taxable","12":"product-type-simple"},"brands":[],"_links":{"self":[{"href":"https:\/\/serverhot.vn\/id\/wp-json\/wp\/v2\/product\/11616","targetHints":{"allow":["GET"]}}],"collection":[{"href":"https:\/\/serverhot.vn\/id\/wp-json\/wp\/v2\/product"}],"about":[{"href":"https:\/\/serverhot.vn\/id\/wp-json\/wp\/v2\/types\/product"}],"replies":[{"embeddable":true,"href":"https:\/\/serverhot.vn\/id\/wp-json\/wp\/v2\/comments?post=11616"}],"wp:featuredmedia":[{"embeddable":true,"href":"https:\/\/serverhot.vn\/id\/wp-json\/wp\/v2\/media\/11617"}],"wp:attachment":[{"href":"https:\/\/serverhot.vn\/id\/wp-json\/wp\/v2\/media?parent=11616"}],"wp:term":[{"taxonomy":"pwb-brand","embeddable":true,"href":"https:\/\/serverhot.vn\/id\/wp-json\/wp\/v2\/pwb-brand?post=11616"},{"taxonomy":"product_cat","embeddable":true,"href":"https:\/\/serverhot.vn\/id\/wp-json\/wp\/v2\/product_cat?post=11616"},{"taxonomy":"product_tag","embeddable":true,"href":"https:\/\/serverhot.vn\/id\/wp-json\/wp\/v2\/product_tag?post=11616"}],"curies":[{"name":"wp","href":"https:\/\/api.w.org\/{rel}","templated":true}]}}