{"id":12134,"date":"2024-06-29T16:23:59","date_gmt":"2024-06-29T09:23:59","guid":{"rendered":"https:\/\/serverhot.vn\/product\/uncategorized\/man-hinh-aoc-e2270swn-21-5inch-led-ma-san-pham-e2270swn\/"},"modified":"2024-06-29T16:24:00","modified_gmt":"2024-06-29T09:24:00","slug":"man-hinh-aoc-e2270swn-21-5inch-led-ma-san-pham-e2270swn","status":"publish","type":"product","link":"https:\/\/serverhot.vn\/id\/-product-\/man-hinh-aoc-e2270swn-21-5inch-led-ma-san-pham-e2270swn\/","title":{"rendered":"Ma\u0300n hi\u0300nh AOC E2270SWN 21.5Inch LED M\u00e3 s\u1ea3n ph\u1ea9m: E2270SWN"},"content":{"rendered":"<div class=\"showText tabs\" id=\"tab2\">\n                                    <\/div>","protected":false},"excerpt":{"rendered":"<ul>\n<ul class=\"ul\">\n<li><span>&#8211; K\u00edch th\u01b0\u1edbc m\u00e0n h\u00ecnh:\t21.5Inch LED <\/span><\/li>\n<li><span>&#8211; \u0110\u1ed9 ph\u00e2n gi\u1ea3i:\t1920&#215;1080 <\/span><\/li>\n<li><span>&#8211; C\u1ed5ng giao ti\u1ebfp:\tDsub<\/span><\/li>\n<\/ul>\n<p>B\u1ea3o h\u00e0nh: Ch\u00ednh h\u00e3ng 36 th\u00e1ng<\/p>\n<\/ul>","protected":false},"featured_media":12135,"comment_status":"closed","ping_status":"closed","template":"","meta":[],"pwb-brand":[],"product_cat":[2909],"product_tag":[],"class_list":{"0":"post-12134","1":"product","2":"type-product","3":"status-publish","4":"has-post-thumbnail","6":"product_cat-man-hinh-may-tinh","8":"first","9":"instock","10":"shipping-taxable","11":"product-type-simple"},"brands":[],"_links":{"self":[{"href":"https:\/\/serverhot.vn\/id\/wp-json\/wp\/v2\/product\/12134","targetHints":{"allow":["GET"]}}],"collection":[{"href":"https:\/\/serverhot.vn\/id\/wp-json\/wp\/v2\/product"}],"about":[{"href":"https:\/\/serverhot.vn\/id\/wp-json\/wp\/v2\/types\/product"}],"replies":[{"embeddable":true,"href":"https:\/\/serverhot.vn\/id\/wp-json\/wp\/v2\/comments?post=12134"}],"wp:featuredmedia":[{"embeddable":true,"href":"https:\/\/serverhot.vn\/id\/wp-json\/wp\/v2\/media\/12135"}],"wp:attachment":[{"href":"https:\/\/serverhot.vn\/id\/wp-json\/wp\/v2\/media?parent=12134"}],"wp:term":[{"taxonomy":"pwb-brand","embeddable":true,"href":"https:\/\/serverhot.vn\/id\/wp-json\/wp\/v2\/pwb-brand?post=12134"},{"taxonomy":"product_cat","embeddable":true,"href":"https:\/\/serverhot.vn\/id\/wp-json\/wp\/v2\/product_cat?post=12134"},{"taxonomy":"product_tag","embeddable":true,"href":"https:\/\/serverhot.vn\/id\/wp-json\/wp\/v2\/product_tag?post=12134"}],"curies":[{"name":"wp","href":"https:\/\/api.w.org\/{rel}","templated":true}]}}