{"id":12178,"date":"2024-06-29T16:31:13","date_gmt":"2024-06-29T09:31:13","guid":{"rendered":"https:\/\/serverhot.vn\/product\/uncategorized\/microsoft-365-business-basic-ma-san-pham-ms-365-bus-basic\/"},"modified":"2024-06-29T16:31:19","modified_gmt":"2024-06-29T09:31:19","slug":"microsoft-365-business-basic-ma-san-pham-ms-365-bus-basic","status":"publish","type":"product","link":"https:\/\/serverhot.vn\/id\/-product-\/microsoft-365-business-basic-ma-san-pham-ms-365-bus-basic\/","title":{"rendered":"Microsoft 365 Business Basic M\u00e3 s\u1ea3n ph\u1ea9m: MS-365-BUS-BASIC"},"content":{"rendered":"<div class=\"showText tabs\" id=\"tab2\">\n<div class=\"box_right_pro_view\">\n<div class=\"thongso_pro a_technical\" style=\"max-height: fit-content\">\n<table dir=\"ltr\" border=\"1\" cellspacing=\"0\" cellpadding=\"0\" data-sheets-root=\"1\">\n<colgroup>\n<col width=\"501\">\n<col width=\"780\"><\/colgroup>\n<tbody>\n<tr>\n<td colspan=\"2\" rowspan=\"1\" data-sheets-value=\"{\">D\u00e0nh cho PC, m\u00e1y Mac, iOS v\u00e0 Android<\/td>\n<\/tr>\n<tr>\n<td colspan=\"2\" rowspan=\"1\" data-sheets-value=\"{\">L\u01b0u tr\u1eef email b\u1eb1ng h\u1ed9p th\u01b0 50 GB v\u00e0 \u0111\u1ecba ch\u1ec9 mi\u1ec1n email t\u00f9y ch\u1ec9nh.<\/td>\n<\/tr>\n<tr>\n<td colspan=\"2\" rowspan=\"1\" data-sheets-value=\"{\">T\u1ea1o trung t\u00e2m l\u00e0m vi\u1ec7c nh\u00f3m \u0111\u1ec3 k\u1ebft n\u1ed1i v\u1edbi m\u1ecdi ng\u01b0\u1eddi b\u1eb1ng Microsoft Teams.<\/td>\n<\/tr>\n<tr>\n<td colspan=\"2\" rowspan=\"1\" data-sheets-value=\"{\">S\u1eed d\u1ee5ng \u1ee9ng d\u1ee5ng Microsoft 365 d\u00e0nh cho web, bao g\u1ed3m Outlook, Word, Excel, PowerPoint v\u00e0 OneNote.<\/td>\n<\/tr>\n<tr>\n<td colspan=\"2\" rowspan=\"1\" data-sheets-value=\"{\">L\u01b0u tr\u1eef v\u00e0 chia s\u1ebb t\u1ec7p b\u1eb1ng 1 TB dung l\u01b0\u1ee3ng l\u01b0u tr\u1eef tr\u00ean \u0111\u00e1m m\u00e2y OneDrive cho m\u1ed7i ng\u01b0\u1eddi d\u00f9ng.<\/td>\n<\/tr>\n<tr>\n<td colspan=\"2\" rowspan=\"1\" data-sheets-value=\"{\">T\u1ea1o \u0111i\u1ec1u ki\u1ec7n cho c\u00e1c cu\u1ed9c h\u1ecdp v\u00e0 h\u1ed9i th\u1ea3o video tr\u1ef1c tuy\u1ebfn cho t\u1ed1i \u0111a 300 ng\u01b0\u1eddi d\u00f9ng.<\/td>\n<\/tr>\n<tr>\n<td colspan=\"2\" rowspan=\"1\" data-sheets-value=\"{\">Nh\u1eadn tr\u1ee3 gi\u00fap b\u1ea5t k\u1ef3 l\u00fac n\u00e0o v\u1edbi s\u1ef1 h\u1ed7 tr\u1ee3 li\u00ean t\u1ee5c qua \u0111i\u1ec7n tho\u1ea1i v\u00e0 web t\u1eeb Microsoft.<\/td>\n<\/tr>\n<tr>\n<td colspan=\"2\" rowspan=\"1\" data-sheets-value=\"{\">T\u01b0\u01a1ng th\u00edch v\u1edbi Windows 11, Windows 10, Windows 8.1, Windows Server 2019, Windows Server 2016 v\u00e0 hai phi\u00ean b\u1ea3n macOS m\u1edbi nh\u1ea5t. Bao g\u1ed3m t\u1ea5t c\u1ea3 ng\u00f4n ng\u1eef.<\/td>\n<\/tr>\n<\/tbody>\n<\/table><\/div>\n<p>                            <!--                            <\/p>\n<div class=\"xemthem_id_r\">--><br \/>\n                            <!--                                <a><!--\/show\/?token=--><br \/>\n                            <!--\"--><br \/>\n                            <!--                                   class=\"preview fancybox fancybox.ajax\" rel=\"nofollow\"&gt;Xem th&#234;m th&#244;ng s&#7889; k&#7929; thu&#7853;t<\/a>--><br \/>\n                            <!--                            <\/div>\n<p>-->\n                        <\/p><\/div>\n<\/p><\/div>","protected":false},"excerpt":{"rendered":"<ul>\n<p>L\u00e0m vi\u1ec7c hi\u1ec7u qu\u1ea3 nh\u1ea5t v\u1edbi c\u00e1c c\u00f4ng c\u1ee5 m\u1ea1nh m\u1ebd<\/p>\n<p>Bao g\u1ed3m c\u00e1c d\u1ecbch v\u1ee5:<\/p>\n<ul>\n<li>Teams<\/li>\n<li>OneDrive<\/li>\n<li>SharePoint<\/li>\n<li>Exchange<\/li>\n<\/ul>\n<\/ul>","protected":false},"featured_media":12179,"comment_status":"closed","ping_status":"closed","template":"","meta":[],"pwb-brand":[],"product_cat":[2917],"product_tag":[55],"class_list":{"0":"post-12178","1":"product","2":"type-product","3":"status-publish","4":"has-post-thumbnail","6":"product_cat-microsoft","7":"product_tag-run","9":"first","10":"instock","11":"shipping-taxable","12":"product-type-simple"},"brands":[],"_links":{"self":[{"href":"https:\/\/serverhot.vn\/id\/wp-json\/wp\/v2\/product\/12178","targetHints":{"allow":["GET"]}}],"collection":[{"href":"https:\/\/serverhot.vn\/id\/wp-json\/wp\/v2\/product"}],"about":[{"href":"https:\/\/serverhot.vn\/id\/wp-json\/wp\/v2\/types\/product"}],"replies":[{"embeddable":true,"href":"https:\/\/serverhot.vn\/id\/wp-json\/wp\/v2\/comments?post=12178"}],"wp:featuredmedia":[{"embeddable":true,"href":"https:\/\/serverhot.vn\/id\/wp-json\/wp\/v2\/media\/12179"}],"wp:attachment":[{"href":"https:\/\/serverhot.vn\/id\/wp-json\/wp\/v2\/media?parent=12178"}],"wp:term":[{"taxonomy":"pwb-brand","embeddable":true,"href":"https:\/\/serverhot.vn\/id\/wp-json\/wp\/v2\/pwb-brand?post=12178"},{"taxonomy":"product_cat","embeddable":true,"href":"https:\/\/serverhot.vn\/id\/wp-json\/wp\/v2\/product_cat?post=12178"},{"taxonomy":"product_tag","embeddable":true,"href":"https:\/\/serverhot.vn\/id\/wp-json\/wp\/v2\/product_tag?post=12178"}],"curies":[{"name":"wp","href":"https:\/\/api.w.org\/{rel}","templated":true}]}}