{"id":12190,"date":"2024-06-29T16:32:11","date_gmt":"2024-06-29T09:32:11","guid":{"rendered":"https:\/\/serverhot.vn\/product\/uncategorized\/thiet-bi-mang-wifi-linksys-mr9600-ah-dual-band-mesh-wifi-6-router-ma-san-pham-mr9600-ah\/"},"modified":"2024-06-29T16:32:13","modified_gmt":"2024-06-29T09:32:13","slug":"thiet-bi-mang-wifi-linksys-mr9600-ah-dual-band-mesh-wifi-6-router-ma-san-pham-mr9600-ah","status":"publish","type":"product","link":"https:\/\/serverhot.vn\/id\/-product-\/thiet-bi-mang-wifi-linksys-mr9600-ah-dual-band-mesh-wifi-6-router-ma-san-pham-mr9600-ah\/","title":{"rendered":"Thi\u1ebft B\u1ecb M\u1ea1ng Wifi Linksys MR9600-AH Dual-Band Mesh WiFi 6 Router M\u00e3 s\u1ea3n ph\u1ea9m: MR9600-AH"},"content":{"rendered":"<div class=\"showText tabs\" id=\"tab2\">\n<div class=\"box_right_pro_view\">\n<div class=\"thongso_pro a_technical\" style=\"max-height: fit-content\">\n<table border=\"1\">\n<tbody>\n<tr>\n<td width=\"177\">S\u1ea3n ph\u1ea9m<\/td>\n<td width=\"515\">B\u00f4\u0323 pha\u0301t wifi<\/td>\n<\/tr>\n<tr>\n<td>H\u00e3ng s\u1ea3n xu\u1ea5t<\/td>\n<td>Linksys<\/td>\n<\/tr>\n<tr>\n<td>Model<\/td>\n<td>MR9600-AH AX6000 MU-MIMO<\/td>\n<\/tr>\n<tr>\n<td>T\u1ed1c \u0111\u1ed9 LAN<\/td>\n<td>10\/100\/1000Mbps<\/td>\n<\/tr>\n<tr>\n<td>T\u1ed1c \u0111\u1ed9 WIFI<\/td>\n<td>T\u1ed1c \u0111\u1ed9 cao 6000Mbps (1147 + 4804 Mbps)<\/td>\n<\/tr>\n<tr>\n<td>Angten\u00a0<\/td>\n<td>\u00a04 \u0103ng ten \u0111i\u1ec1u ch\u1ec9nh v\u1edbi b\u1ed9 khu\u1ebfch \u0111\u1ea1i c\u00f4ng su\u1ea5t cao cho v\u00f9ng ph\u1ee7 s\u00f3ng r\u1ed9ng<\/td>\n<\/tr>\n<tr>\n<td>C\u1ed5ng giao ti\u1ebfp<\/td>\n<td>4 c\u1ed5ng LAN Gigabit (10\/100\/1000Mbps)<\/td>\n<\/tr>\n<tr>\n<td>M\u00f4 t\u1ea3 kh\u00e1c<\/td>\n<td width=\"515\">\u00a0LINKSYS MR9600-AH DUAL-BAND AX6000 INTELLIGENT MESH WIFI 6 MU-MIMO GIGABIT ROUTER 1-PK<br \/>\u2022 Wi-Fi chu\u1ea9n AX m\u1edbi nh\u1ea5t v\u1edbi MU-MIMO \u0111\u1ed9t ph\u00e1,<br \/>\u2022 T\u1ed1c \u0111\u1ed9 cao 6000Mbps (1147 + 4804 Mbps)<br \/>\u2022 2 b\u0103ng t\u1ea7n ph\u00e1t s\u00f3ng \u0111\u1ed3ng th\u1eddi cho ph\u00e9p nhi\u1ec1u thi\u1ebft b\u1ecb truy c\u1eadp c\u00f9ng l\u00fac v\u1edbi t\u1ed1c \u0111\u1ed9 cao, (300m2)<br \/>\u2022 2 \u0103ng ten \u0111i\u1ec1u ch\u1ec9nh v\u1edbi b\u1ed9 khu\u1ebfch \u0111\u1ea1i c\u00f4ng su\u1ea5t cao cho v\u00f9ng ph\u1ee7 s\u00f3ng r\u1ed9ng<br \/>\u2022 B\u1ed9 vi x\u1eed l\u00fd 4 nh\u00e2n @1.8 GHz m\u1ea1nh m\u1ebd gi\u00fap x\u1eed l\u00fd d\u1eef li\u1ec7u c\u1ef1c nhanh<br \/>\u2022 T\u00edch h\u1ee3p c\u00f4ng ngh\u1ec7 WiFi Mesh, d\u1ec5 d\u00e0ng m\u1edf r\u1ed9ng v\u00f9ng ph\u1ee7 s\u00f3ng v\u1edbi hi\u1ec7u su\u1ea5t m\u1ea1ng kh\u00f4ng gi\u1ea3m<br \/>\u2022 C\u00f4ng ngh\u1ec7 Beamforming+ ph\u00e1t s\u00f3ng t\u1eadp trung<br \/>\u2022 4 c\u1ed5ng LAN Gigabit (10\/100\/1000Mbps)<br \/>\u2022 Seamless Roaming chuy\u00ea\u0309n vu\u0300ng kh\u00f4ng gia\u0301n \u0111o\u1ea1n<br \/>\u2022 Smart Connect Band Steering cho tr\u1ea3i nghi\u1ec7m Wi-fi t\u1ed1t nh\u1ea5t khi k\u1ebft n\u1ed1i nhi\u1ec1u thi\u1ebft b\u1ecb<br \/>\u2022 Qu\u1ea3n l\u00fd m\u1ea1ng m\u1ecdi n\u01a1i m\u1ecdi l\u00fac v\u1edbi \u1ee9ng d\u1ee5ng Linksys tr\u00ean smart phone<br \/>\u2022 T\u1ed1i \u01b0u cho gi\u1ea3i tr\u00ed t\u1ed1c \u0111\u1ed9 cao, xem phim 8K, ch\u01a1i game tr\u1ef1c tuy\u1ebfn&#8230;<br \/>\u2022 Truy c\u1eadp t\u1eadp trung t\u1edbi 25+ thi\u1ebft b\u1ecb k\u1ebft n\u1ed1i<\/td>\n<\/tr>\n<\/tbody>\n<\/table><\/div>\n<p>                            <!--                            <\/p>\n<div class=\"xemthem_id_r\">--><br \/>\n                            <!--                                <a><!--\/show\/?token=--><br \/>\n                            <!--\"--><br \/>\n                            <!--                                   class=\"preview fancybox fancybox.ajax\" rel=\"nofollow\"&gt;Xem th&#234;m th&#244;ng s&#7889; k&#7929; thu&#7853;t<\/a>--><br \/>\n                            <!--                            <\/div>\n<p>-->\n                        <\/p><\/div>\n<\/p><\/div>","protected":false},"excerpt":{"rendered":"<ul>\n<p><span style=\"font-family: 'Open Sans', 'Lucida Grande', 'Lucida Sans Unicode', Arial, Helvetica, Verdana, sans-serif;font-size: 12px;background-color: #ffffff\">&#8211; C\u1ed5ng giao ti\u1ebfp: 4 c\u1ed5ng LAN Gigabit (10\/100\/1000Mbps)<\/span><br style=\"font-family: 'Open Sans', 'Lucida Grande', 'Lucida Sans Unicode', Arial, Helvetica, Verdana, sans-serif;font-size: 12px;background-color: #ffffff\"><span style=\"font-family: 'Open Sans', 'Lucida Grande', 'Lucida Sans Unicode', Arial, Helvetica, Verdana, sans-serif;font-size: 12px;background-color: #ffffff\">&#8211; T\u1ed1c \u0111\u1ed9 LAN: 10\/100\/1000Mbps<\/span><br style=\"font-family: 'Open Sans', 'Lucida Grande', 'Lucida Sans Unicode', Arial, Helvetica, Verdana, sans-serif;font-size: 12px;background-color: #ffffff\"><span style=\"font-family: 'Open Sans', 'Lucida Grande', 'Lucida Sans Unicode', Arial, Helvetica, Verdana, sans-serif;font-size: 12px;background-color: #ffffff\">&#8211; T\u1ed1c \u0111\u1ed9 WIFI: T\u1ed1c \u0111\u1ed9 cao 6000Mbps (1147 + 4804 Mbps)<\/span><br style=\"font-family: 'Open Sans', 'Lucida Grande', 'Lucida Sans Unicode', Arial, Helvetica, Verdana, sans-serif;font-size: 12px;background-color: #ffffff\"><span style=\"font-family: 'Open Sans', 'Lucida Grande', 'Lucida Sans Unicode', Arial, Helvetica, Verdana, sans-serif;font-size: 12px;background-color: #ffffff\">&#8211; Angten: 4 \u0103ng ten \u0111i\u1ec1u ch\u1ec9nh v\u1edbi b\u1ed9 khu\u1ebfch \u0111\u1ea1i c\u00f4ng su\u1ea5t cao cho v\u00f9ng ph\u1ee7 s\u00f3ng r\u1ed9ng<\/span><br style=\"font-family: 'Open Sans', 'Lucida Grande', 'Lucida Sans Unicode', Arial, Helvetica, Verdana, sans-serif;font-size: 12px;background-color: #ffffff\"><span style=\"font-family: 'Open Sans', 'Lucida Grande', 'Lucida Sans Unicode', Arial, Helvetica, Verdana, sans-serif;font-size: 12px;background-color: #ffffff\">&#8211; B\u1ed9 vi x\u1eed l\u00fd 4 nh\u00e2n @1.8 GHz m\u1ea1nh m\u1ebd gi\u00fap x\u1eed l\u00fd d\u1eef li\u1ec7u c\u1ef1c nhanh. T\u00edch h\u1ee3p c\u00f4ng ngh\u1ec7 WiFi Mesh, d\u1ec5 d\u00e0ng m\u1edf r\u1ed9ng v\u00f9ng ph\u1ee7 s\u00f3ng v\u1edbi hi\u1ec7u su\u1ea5t m\u1ea1ng kh\u00f4ng gi\u1ea3m<\/span><\/p>\n<\/ul>","protected":false},"featured_media":12191,"comment_status":"closed","ping_status":"closed","template":"","meta":[],"pwb-brand":[],"product_cat":[2907],"product_tag":[2839,55],"class_list":{"0":"post-12190","1":"product","2":"type-product","3":"status-publish","4":"has-post-thumbnail","6":"product_cat-linksys","7":"product_tag-choi-game","8":"product_tag-run","10":"first","11":"instock","12":"shipping-taxable","13":"product-type-simple"},"brands":[],"_links":{"self":[{"href":"https:\/\/serverhot.vn\/id\/wp-json\/wp\/v2\/product\/12190","targetHints":{"allow":["GET"]}}],"collection":[{"href":"https:\/\/serverhot.vn\/id\/wp-json\/wp\/v2\/product"}],"about":[{"href":"https:\/\/serverhot.vn\/id\/wp-json\/wp\/v2\/types\/product"}],"replies":[{"embeddable":true,"href":"https:\/\/serverhot.vn\/id\/wp-json\/wp\/v2\/comments?post=12190"}],"wp:featuredmedia":[{"embeddable":true,"href":"https:\/\/serverhot.vn\/id\/wp-json\/wp\/v2\/media\/12191"}],"wp:attachment":[{"href":"https:\/\/serverhot.vn\/id\/wp-json\/wp\/v2\/media?parent=12190"}],"wp:term":[{"taxonomy":"pwb-brand","embeddable":true,"href":"https:\/\/serverhot.vn\/id\/wp-json\/wp\/v2\/pwb-brand?post=12190"},{"taxonomy":"product_cat","embeddable":true,"href":"https:\/\/serverhot.vn\/id\/wp-json\/wp\/v2\/product_cat?post=12190"},{"taxonomy":"product_tag","embeddable":true,"href":"https:\/\/serverhot.vn\/id\/wp-json\/wp\/v2\/product_tag?post=12190"}],"curies":[{"name":"wp","href":"https:\/\/api.w.org\/{rel}","templated":true}]}}