{"id":12264,"date":"2024-06-29T16:46:55","date_gmt":"2024-06-29T09:46:55","guid":{"rendered":"https:\/\/serverhot.vn\/product\/uncategorized\/thiet-bi-mang-gsm-16-kenh-sim-di-dong-synway-smg4016-ma-san-pham-smg4016\/"},"modified":"2024-06-29T16:46:56","modified_gmt":"2024-06-29T09:46:56","slug":"thiet-bi-mang-gsm-16-kenh-sim-di-dong-synway-smg4016-ma-san-pham-smg4016","status":"publish","type":"product","link":"https:\/\/serverhot.vn\/id\/-product-\/thiet-bi-mang-gsm-16-kenh-sim-di-dong-synway-smg4016-ma-san-pham-smg4016\/","title":{"rendered":"Thi\u1ebft B\u1ecb M\u1ea1ng GSM 16 K\u00eanh SIM Di \u0110\u1ed9ng Synway SMG4016 M\u00e3 s\u1ea3n ph\u1ea9m: SMG4016"},"content":{"rendered":"<div class=\"showText tabs\" id=\"tab2\">\n                                    <\/div>","protected":false},"excerpt":{"rendered":"<ul>\n<p>Thi\u1ebft b\u1ecb m\u1ea1ng GSM 16 k\u00eanh SIM di \u0111\u1ed9ng Synway SMG4016<\/p>\n<p>&#8211; Thi\u1ebft k\u1ebf 16 slot, m\u1ed7i slot cho ph\u00e9p k\u1ebft n\u1ed1i 4 sim \u0111\u1ed3ng th\u1eddi do \u0111\u00f3 t\u1ed5ng k\u1ebft n\u1ed1i \u0111\u01b0\u1ee3c 64 SIM.<\/p>\n<p>&#8211; H\u1ed7 tr\u1ee3 16 cu\u1ed9c g\u1ecdi \u0111\u1ed3ng th\u1eddi. &#8211; K\u1ebft n\u1ed1i v\u1edbi m\u1ecdi t\u1ed5ng \u0111\u00e0i IP: Asterisk, Panasonic, Siemens, LG, Grandstream, Ph\u1ea7n m\u1ec1m Softphone, FXS gateway, SIP Account. &#8211; S\u1eed d\u1ee5ng v\u1edbi m\u1ecdi nh\u00e0 m\u1ea1ng Vinaphone, Mobile phone, Viettel, Gphone, Vietnammolie, Gmobile&#8230;<\/p>\n<p>&#8211; T\u1ef1 \u0111\u1ed9ng \u0111\u1ecbnh tuy\u1ebfn s\u1ed1 \u0111i\u1ec7n tho\u1ea1i g\u1ecdi ra theo nh\u00e0 m\u1ea1ng, c\u00f3 ngh\u0129a l\u00e0 g\u1ecdi s\u1ed1 c\u1ee7a nh\u00e0 m\u1ea1ng n\u00e0o th\u00ec h\u1ec7 th\u1ed1ng t\u1ef1 \u0111\u1ed9ng \u0111\u1ecbnh tuy\u1ebfn qua SIM c\u1ee7a nh\u00e0 m\u1ea1ng \u0111\u00f3 \u0111\u1ec3 g\u1ecdi.<\/p>\n<p>&#8211; H\u1ea1n ch\u1ebf m\u1ed7i cu\u1ed9c g\u1ecdi \u0111\u01b0\u1ee3c k\u00e9o d\u00e0i bao nhi\u00eau ph\u00fat (\u00c1p d\u1ee5ng v\u1edbi c\u00e1c nh\u00e0 m\u1ea1ng khuy\u1ebfn m\u1ea1i g\u1ecdi mi\u1ec5n ph\u00ed m\u1ed7i cu\u1ed9c g\u1ecdi, v\u00ed d\u1ee5 mi\u1ec5n ph\u00ed 10 ph\u00fat th\u00ec \u0111\u1ebfn ph\u00fat th\u1ee9 9 h\u1ec7 th\u1ed1ng s\u1ebd ng\u1eaft).<\/p>\n<p>&#8211; H\u1ea1n ch\u1ebf m\u1ed7i sim \u0111\u01b0\u1ee3c g\u1ecdi bao nhi\u00eau ph\u00fat m\u1ed7i th\u00e1ng (v\u00ed d\u1ee5 nh\u00e0 m\u1ea1ng mi\u1ec5n ph\u00ed 1000 ph\u00fat\/ th\u00e1ng =&gt; H\u1ec7 th\u1ed1ng s\u1ebd cho g\u1ecdi \u0111\u00fang \u0111\u1ebfn 1000 ph\u00fat \u0111\u1ec3 tr\u00e1nh ph\u00e1t sinh c\u01b0\u1edbc.<\/p>\n<p>&#8211; T\u1ef1 \u0111\u1ed9ng \u0111\u1ecbnh tuy\u1ebfn cu\u1ed9c g\u1ecdi l\u1ea1i: Khi b\u1ea1n g\u1ecdi \u0111i cho kh\u00e1ch h\u00e0ng, kh\u00e1ch h\u00e0ng g\u1ecdi l\u1ea1i cho b\u1ea1n th\u00ec cu\u1ed9c g\u1ecdi \u0111\u01b0\u1ee3c \u0111\u1ecbnh tuy\u1ebfn tr\u1ef1c ti\u1ebfp v\u00e0o m\u00e1y l\u1ebb c\u1ee7a b\u1ea1n m\u00e0 kh\u00f4ng ph\u1ea3i qua l\u1ec5 t\u00e2n ho\u1eb7c qua l\u1eddi ch\u00e0o c\u1ee7a t\u1ed5ng \u0111\u00e0i \u0111i\u1ec7n tho\u1ea1i. &#8211; Hi\u1ec3n th\u1ecb tr\u1ea1ng th\u00e1i cu\u1ed9c g\u1ecdi \u0111i, \u0111\u1ebfn.<\/p>\n<p>&#8211; H\u1ed7 tr\u1ee3 API connect \u0111\u1ec3 vi\u1ebft c\u00e1c ph\u1ea7n m\u1ec1m g\u1eedi v\u00e0 nh\u1eadn tin nh\u1eafn tr\u1ef1c ti\u1ebfp.<\/p>\n<p>&#8211; T\u00ednh n\u0103ng kh\u00e1c: Cho ph\u00e9p g\u1eedi v\u00e0 nh\u1eadn tin nh\u1eafn t\u1eeb Email.<\/p>\n<p>&#8211; B\u00ecnh th\u01b0\u1eddng thi\u1ebft b\u1ecb c\u1eafm sim \u0111\u01b0\u1ee3c k\u1ebft n\u1ed1i v\u1edbi t\u1ed5ng \u0111\u00e0i, tuy nhi\u00ean ch\u1eb3ng may t\u1ed5ng \u0111\u00e0i l\u1ed7i h\u1ecfng th\u00ec thi\u1ebft b\u1ecb g\u1eafn sim \u0111\u01b0\u1ee3c k\u1ebft n\u1ed1i t\u1ef1 \u0111\u1ed9ng \u0111\u1ebfn \u0111i\u1ec7n tho\u1ea1i IP phone.<\/p>\n<\/ul>","protected":false},"featured_media":12265,"comment_status":"closed","ping_status":"closed","template":"","meta":[],"pwb-brand":[],"product_cat":[2910],"product_tag":[2855,2848],"class_list":{"0":"post-12264","1":"product","2":"type-product","3":"status-publish","4":"has-post-thumbnail","6":"product_cat-thiet-bi-van-phong","7":"product_tag-fxs-gateway","8":"product_tag-ip-phone","10":"first","11":"instock","12":"shipping-taxable","13":"product-type-simple"},"brands":[],"_links":{"self":[{"href":"https:\/\/serverhot.vn\/id\/wp-json\/wp\/v2\/product\/12264","targetHints":{"allow":["GET"]}}],"collection":[{"href":"https:\/\/serverhot.vn\/id\/wp-json\/wp\/v2\/product"}],"about":[{"href":"https:\/\/serverhot.vn\/id\/wp-json\/wp\/v2\/types\/product"}],"replies":[{"embeddable":true,"href":"https:\/\/serverhot.vn\/id\/wp-json\/wp\/v2\/comments?post=12264"}],"wp:featuredmedia":[{"embeddable":true,"href":"https:\/\/serverhot.vn\/id\/wp-json\/wp\/v2\/media\/12265"}],"wp:attachment":[{"href":"https:\/\/serverhot.vn\/id\/wp-json\/wp\/v2\/media?parent=12264"}],"wp:term":[{"taxonomy":"pwb-brand","embeddable":true,"href":"https:\/\/serverhot.vn\/id\/wp-json\/wp\/v2\/pwb-brand?post=12264"},{"taxonomy":"product_cat","embeddable":true,"href":"https:\/\/serverhot.vn\/id\/wp-json\/wp\/v2\/product_cat?post=12264"},{"taxonomy":"product_tag","embeddable":true,"href":"https:\/\/serverhot.vn\/id\/wp-json\/wp\/v2\/product_tag?post=12264"}],"curies":[{"name":"wp","href":"https:\/\/api.w.org\/{rel}","templated":true}]}}