{"id":12384,"date":"2024-06-29T17:18:25","date_gmt":"2024-06-29T10:18:25","guid":{"rendered":"https:\/\/serverhot.vn\/product\/uncategorized\/thiet-bi-mang-switch-tp-link-tl-sf1016d-16-ports-10-100mbps-ma-san-pham-tl-sf1016d\/"},"modified":"2024-06-29T17:18:25","modified_gmt":"2024-06-29T10:18:25","slug":"thiet-bi-mang-switch-tp-link-tl-sf1016d-16-ports-10-100mbps-ma-san-pham-tl-sf1016d","status":"publish","type":"product","link":"https:\/\/serverhot.vn\/id\/-product-\/thiet-bi-mang-switch-tp-link-tl-sf1016d-16-ports-10-100mbps-ma-san-pham-tl-sf1016d\/","title":{"rendered":"Thi\u1ebft B\u1ecb M\u1ea1ng Switch TP-Link TL SF1016D 16 Ports 10\/100Mbps M\u00e3 s\u1ea3n ph\u1ea9m: TL-SF1016D"},"content":{"rendered":"<div class=\"showText tabs\" id=\"tab2\">\n<div class=\"box_right_pro_view\">\n<div class=\"thongso_pro a_technical\" style=\"max-height: fit-content\">\n<table>\n<thead>\n<tr id=\"tr_603\">\n<th colspan=\"2\"><a>T\u00cdNH N\u0102NG PH\u1ea6N C\u1ee8NG<\/a><\/th>\n<\/tr>\n<\/thead>\n<tbody>\n<tr id=\"tr_694\">\n<th width=\"35%\">Giao di\u1ec7n<\/th>\n<td width=\"65%\">16 x c\u1ed5ng m\u1ea1ng RJ45 10\/100 Mbps<br \/>H\u1ed7 tr\u1ee3 t\u1ef1 \u0111\u1ed9ng chuy\u1ec3n \u0111\u1ed5i MDI\/MDIX<\/td>\n<\/tr>\n<tr id=\"tr_2336\">\n<th width=\"35%\">S\u1ed1 l\u01b0\u1ee3ng qu\u1ea1t<\/th>\n<td width=\"65%\">Kh\u00f4ng c\u00f3 qu\u1ea1t<\/td>\n<\/tr>\n<tr id=\"tr_4027\">\n<th width=\"35%\">Kh\u00f3a b\u1ea3o m\u1eadt v\u1eadt l\u00fd<\/th>\n<td width=\"65%\">No<\/td>\n<\/tr>\n<tr id=\"tr_1083\">\n<th width=\"35%\">\u0110i\u1ec7n n\u0103ng ti\u00eau th\u1ee5<\/th>\n<td width=\"65%\">T\u1ed1i \u0111a: 3.1W (220V\/50Hz)<\/td>\n<\/tr>\n<tr id=\"tr_613\">\n<th width=\"35%\">B\u1ed9 c\u1ea5p ngu\u1ed3n b\u00ean ngo\u00e0i (EU)<\/th>\n<td width=\"65%\">100~240VAC, 50\/60Hz<\/td>\n<\/tr>\n<tr id=\"tr_1129\">\n<th width=\"35%\">B\u1ea3ng \u0111\u1ecba ch\u1ec9 Mac<\/th>\n<td width=\"65%\">2K<\/td>\n<\/tr>\n<tr id=\"tr_697\">\n<th width=\"35%\">K\u00edch th\u01b0\u1edbc ( R x D x C )<\/th>\n<td width=\"65%\">7.9*5.6*1.6 in. (200*142*40 mm)<\/td>\n<\/tr>\n<tr id=\"tr_5530\">\n<th width=\"35%\">Ti\u00eau th\u1ee5 \u0111i\u1ec7n t\u1ed1i \u0111a<\/th>\n<td width=\"65%\">3.23 W (220V\/50Hz)<\/td>\n<\/tr>\n<tr id=\"tr_5854\">\n<th width=\"35%\">Max Heat Dissipation<\/th>\n<td width=\"65%\">11.01 BTU\/h<\/td>\n<\/tr>\n<\/tbody>\n<\/table>\n<table>\n<thead>\n<tr id=\"tr_605\">\n<th colspan=\"2\"><a>T\u00cdNH N\u0102NG PH\u1ea6N M\u1ec0M<\/a><\/th>\n<\/tr>\n<\/thead>\n<tbody>\n<tr id=\"tr_1095\">\n<th width=\"35%\">Transfer Method<\/th>\n<td width=\"65%\">L\u01b0u tr\u1eef v\u00e0 v\u1eadn chuy\u1ec3n<\/td>\n<\/tr>\n<tr id=\"tr_1087\">\n<th width=\"35%\">T\u00ednh n\u0103ng n\u00e2ng cao<\/th>\n<td width=\"65%\">Xanh C\u00f4ng ngh\u1ec7, ti\u1ebft ki\u1ec7m n\u0103ng l\u01b0\u1ee3ng \u0111\u1ebfn 80%<br \/>Ki\u1ec3m so\u00e1t lu\u1ed3ng 802.3 X, Back Pressure<\/td>\n<\/tr>\n<\/tbody>\n<\/table>\n<table>\n<thead>\n<tr id=\"tr_606\">\n<th colspan=\"2\"><a>KH\u00c1C<\/a><\/th>\n<\/tr>\n<\/thead>\n<tbody>\n<tr id=\"tr_714\">\n<th width=\"35%\">Ch\u1ee9ng ch\u1ec9<\/th>\n<td width=\"65%\">FCC, CE, RoHs<\/td>\n<\/tr>\n<tr id=\"tr_715\">\n<th width=\"35%\">S\u1ea3n ph\u1ea9m bao g\u1ed3m<\/th>\n<td width=\"65%\">16 x c\u1ed5ng chia t\u00edn hi\u1ec7u Desktop 10\/100 Mbps<br \/>B\u1ed9 chuy\u1ec3n \u0111\u1ed5i ngu\u1ed3n<br \/>H\u01b0\u1edbng d\u1eabn s\u1eed d\u1ee5ng<\/td>\n<\/tr>\n<tr id=\"tr_716\">\n<th width=\"35%\">System Requirements<\/th>\n<td width=\"65%\">Microsoft\u00ae Windows\u00ae 98SE, NT, 2000, XP, Vista\u2122 ho\u1eb7c Windows 7, MAC\u00ae OS, NetWare\u00ae, UNIX\u00ae ho\u1eb7c Linux.<\/td>\n<\/tr>\n<tr id=\"tr_717\">\n<th width=\"35%\">M\u00f4i tr\u01b0\u1eddng<\/th>\n<td width=\"65%\">Nhi\u1ec7t \u0111\u1ed9 ho\u1ea1t \u0111\u1ed9ng: 0\u2103~40 \u2103 (32 \u2109~104\u2109)<br \/>Nhi\u1ec7t \u0111\u1ed9 l\u01b0u tr\u1eef: -40\u2103~70 \u2103 (-40 \u2109~158\u2109)<br \/>\u0110\u1ed9 \u1ea9m ho\u1ea1t \u0111\u1ed9ng: 10%~90% kh\u00f4ng ng\u01b0ng t\u1ee5<br \/>\u0110\u1ed9 \u1ea9m l\u01b0u tr\u1eef: 5%~90% kh\u00f4ng ng\u01b0ng t\u1ee5<\/td>\n<\/tr>\n<\/tbody>\n<\/table><\/div>\n<p>                            <!--                            <\/p>\n<div class=\"xemthem_id_r\">--><br \/>\n                            <!--                                <a><!--\/show\/?token=--><br \/>\n                            <!--\"--><br \/>\n                            <!--                                   class=\"preview fancybox fancybox.ajax\" rel=\"nofollow\"&gt;Xem th&#234;m th&#244;ng s&#7889; k&#7929; thu&#7853;t<\/a>--><br \/>\n                            <!--                            <\/div>\n<p>-->\n                        <\/p><\/div>\n<\/p><\/div>","protected":false},"excerpt":{"rendered":"<ul>\n<p><span style=\"font-family: 'Open Sans', 'Lucida Grande', 'Lucida Sans Unicode', Arial, Helvetica, Verdana, sans-serif;font-size: 12px;background-color: #ffffff\">&#8211; 16 c\u1ed5ng RJ45 10\/100Mbps v\u1edbi k\u1ef9 thu\u1eadt chi\u1ebfm quy\u1ec1n \u0111i\u1ec1u khi\u1ec3n c\u00e1p (Auto-Negotiation) v\u00e0 h\u1ed7 tr\u1ee3 t\u00ednh n\u0103ng MDI \/ MDIX<\/span><br style=\"font-family: 'Open Sans', 'Lucida Grande', 'Lucida Sans Unicode', Arial, Helvetica, Verdana, sans-serif;font-size: 12px;background-color: #ffffff\"><span style=\"font-family: 'Open Sans', 'Lucida Grande', 'Lucida Sans Unicode', Arial, Helvetica, Verdana, sans-serif;font-size: 12px;background-color: #ffffff\">&#8211; C\u00f4ng ngh\u1ec7 xanh gi\u00fap ti\u1ebft ki\u1ec7m \u0111i\u1ec7n n\u0103ng l\u00ean \u0111\u1ebfn 70%<\/span><br style=\"font-family: 'Open Sans', 'Lucida Grande', 'Lucida Sans Unicode', Arial, Helvetica, Verdana, sans-serif;font-size: 12px;background-color: #ffffff\"><span style=\"font-family: 'Open Sans', 'Lucida Grande', 'Lucida Sans Unicode', Arial, Helvetica, Verdana, sans-serif;font-size: 12px;background-color: #ffffff\">&#8211; Ki\u1ec3m so\u00e1t l\u01b0u l\u01b0\u1ee3ng IEEE 802.3x mang l\u1ea1i kh\u1ea3 n\u0103ng chuy\u1ec3n t\u1ea3i d\u1eef li\u1ec7u \u0111\u00e1ng tin c\u1eady<\/span><br style=\"font-family: 'Open Sans', 'Lucida Grande', 'Lucida Sans Unicode', Arial, Helvetica, Verdana, sans-serif;font-size: 12px;background-color: #ffffff\"><span style=\"font-family: 'Open Sans', 'Lucida Grande', 'Lucida Sans Unicode', Arial, Helvetica, Verdana, sans-serif;font-size: 12px;background-color: #ffffff\">&#8211; H\u1ed9p b\u1eb1ng nh\u1ef1a, thi\u1ebft k\u1ebf \u0111\u1ec3 b\u00e0n v\u00e0 c\u00f3 th\u1ec3 treo t\u01b0\u1eddng<\/span><br style=\"font-family: 'Open Sans', 'Lucida Grande', 'Lucida Sans Unicode', Arial, Helvetica, Verdana, sans-serif;font-size: 12px;background-color: #ffffff\"><span style=\"font-family: 'Open Sans', 'Lucida Grande', 'Lucida Sans Unicode', Arial, Helvetica, Verdana, sans-serif;font-size: 12px;background-color: #ffffff\">&#8211; Ch\u1ec9 c\u1ea7n c\u1eafm v\u00e0o l\u00e0 x\u00e0i, kh\u00f4ng c\u1ea7n ph\u1ea3i tinh ch\u1ec9nh c\u1ea5u h\u00ecnh<\/span><\/p>\n<\/ul>","protected":false},"featured_media":12385,"comment_status":"closed","ping_status":"closed","template":"","meta":[],"pwb-brand":[],"product_cat":[2896],"product_tag":[25,2849],"class_list":{"0":"post-12384","1":"product","2":"type-product","3":"status-publish","4":"has-post-thumbnail","6":"product_cat-tp-link","7":"product_tag-man","8":"product_tag-switch","10":"first","11":"instock","12":"shipping-taxable","13":"product-type-simple"},"brands":[],"_links":{"self":[{"href":"https:\/\/serverhot.vn\/id\/wp-json\/wp\/v2\/product\/12384","targetHints":{"allow":["GET"]}}],"collection":[{"href":"https:\/\/serverhot.vn\/id\/wp-json\/wp\/v2\/product"}],"about":[{"href":"https:\/\/serverhot.vn\/id\/wp-json\/wp\/v2\/types\/product"}],"replies":[{"embeddable":true,"href":"https:\/\/serverhot.vn\/id\/wp-json\/wp\/v2\/comments?post=12384"}],"wp:featuredmedia":[{"embeddable":true,"href":"https:\/\/serverhot.vn\/id\/wp-json\/wp\/v2\/media\/12385"}],"wp:attachment":[{"href":"https:\/\/serverhot.vn\/id\/wp-json\/wp\/v2\/media?parent=12384"}],"wp:term":[{"taxonomy":"pwb-brand","embeddable":true,"href":"https:\/\/serverhot.vn\/id\/wp-json\/wp\/v2\/pwb-brand?post=12384"},{"taxonomy":"product_cat","embeddable":true,"href":"https:\/\/serverhot.vn\/id\/wp-json\/wp\/v2\/product_cat?post=12384"},{"taxonomy":"product_tag","embeddable":true,"href":"https:\/\/serverhot.vn\/id\/wp-json\/wp\/v2\/product_tag?post=12384"}],"curies":[{"name":"wp","href":"https:\/\/api.w.org\/{rel}","templated":true}]}}