{"id":12434,"date":"2024-06-29T17:28:25","date_gmt":"2024-06-29T10:28:25","guid":{"rendered":"https:\/\/serverhot.vn\/product\/uncategorized\/thiet-bi-mang-switch-hpe-officeconnect-1420-24g-24-ports-2sfp-jh017a-ma-san-pham-jh017a\/"},"modified":"2024-06-29T17:28:26","modified_gmt":"2024-06-29T10:28:26","slug":"thiet-bi-mang-switch-hpe-officeconnect-1420-24g-24-ports-2sfp-jh017a-ma-san-pham-jh017a","status":"publish","type":"product","link":"https:\/\/serverhot.vn\/id\/-product-\/thiet-bi-mang-switch-hpe-officeconnect-1420-24g-24-ports-2sfp-jh017a-ma-san-pham-jh017a\/","title":{"rendered":"Thi\u1ebft B\u1ecb M\u1ea1ng Switch HPE OfficeConnect 1420 24G 24 Ports + 2SFP JH017A M\u00e3 s\u1ea3n ph\u1ea9m: JH017A"},"content":{"rendered":"<div class=\"showText tabs\" id=\"tab2\">\n                                    <\/div>","protected":false},"excerpt":{"rendered":"<ul>\n<p><span>&#8211; H\u1ed7 tr\u1ee3 24 port LAN Gigabit 1000Mps.<\/span><br \/><span>&#8211; H\u1ed7 tr\u1ee3 k\u1ebft n\u1ed1i tr\u1ef1c ti\u1ebfp internet quang v\u1edbi 2 c\u1ed5ng SFP.<\/span><br \/><span>&#8211; T\u00ednh n\u0103ng qu\u1ea3n l\u00fd b\u0103ng th\u00f4ng QoS.<\/span><br \/><span>&#8211; C\u1ea5p ngu\u1ed3n PoE v\u1edbi \u0111\u1ed9 an to\u00e0n cao.<\/span><br \/><span>&#8211; B\u1ea3o h\u00e0nh Life Time ch\u00ednh h\u00e3ng.<\/span><\/p>\n<\/ul>","protected":false},"featured_media":12435,"comment_status":"closed","ping_status":"closed","template":"","meta":[],"pwb-brand":[],"product_cat":[2895],"product_tag":[2849],"class_list":{"0":"post-12434","1":"product","2":"type-product","3":"status-publish","4":"has-post-thumbnail","6":"product_cat-hpe-networking","7":"product_tag-switch","9":"first","10":"instock","11":"shipping-taxable","12":"product-type-simple"},"brands":[],"_links":{"self":[{"href":"https:\/\/serverhot.vn\/id\/wp-json\/wp\/v2\/product\/12434","targetHints":{"allow":["GET"]}}],"collection":[{"href":"https:\/\/serverhot.vn\/id\/wp-json\/wp\/v2\/product"}],"about":[{"href":"https:\/\/serverhot.vn\/id\/wp-json\/wp\/v2\/types\/product"}],"replies":[{"embeddable":true,"href":"https:\/\/serverhot.vn\/id\/wp-json\/wp\/v2\/comments?post=12434"}],"wp:featuredmedia":[{"embeddable":true,"href":"https:\/\/serverhot.vn\/id\/wp-json\/wp\/v2\/media\/12435"}],"wp:attachment":[{"href":"https:\/\/serverhot.vn\/id\/wp-json\/wp\/v2\/media?parent=12434"}],"wp:term":[{"taxonomy":"pwb-brand","embeddable":true,"href":"https:\/\/serverhot.vn\/id\/wp-json\/wp\/v2\/pwb-brand?post=12434"},{"taxonomy":"product_cat","embeddable":true,"href":"https:\/\/serverhot.vn\/id\/wp-json\/wp\/v2\/product_cat?post=12434"},{"taxonomy":"product_tag","embeddable":true,"href":"https:\/\/serverhot.vn\/id\/wp-json\/wp\/v2\/product_tag?post=12434"}],"curies":[{"name":"wp","href":"https:\/\/api.w.org\/{rel}","templated":true}]}}