{"id":12453,"date":"2024-06-29T17:31:55","date_gmt":"2024-06-29T10:31:55","guid":{"rendered":"https:\/\/serverhot.vn\/product\/uncategorized\/c-rack-20u-d1000-ma-san-pham-3c-r20b10\/"},"modified":"2024-06-29T17:31:56","modified_gmt":"2024-06-29T10:31:56","slug":"c-rack-20u-d1000-ma-san-pham-3c-r20b10","status":"publish","type":"product","link":"https:\/\/serverhot.vn\/id\/-product-\/c-rack-20u-d1000-ma-san-pham-3c-r20b10\/","title":{"rendered":"C-Rack 20U-D1000 M\u00e3 s\u1ea3n ph\u1ea9m: 3C-R20B10"},"content":{"rendered":"<div class=\"showText tabs\" id=\"tab2\">\n                                    <\/div>","protected":false},"excerpt":{"rendered":"<ul>\n<p>\u00a0<\/p>\n<div>&#8211; C\u00e1nh c\u1eeda l\u01b0\u1edbi<\/div>\n<div>&#8211; M\u00e0u \u0111en<\/div>\n<div>&#8211; K\u00edch th\u01b0\u1edbc bao ngo\u00e0i (HxWxD) \u00a01000x585x1000<\/div>\n<div>&#8211; T\u1ea3i tr\u1ecdng t\u1ed1i \u0111a 400Kg<\/div>\n<div>&#8211; Thi\u1ebft k\u1ebf theo ti\u00eau chu\u1ea9n 19\u201d EIA-310-D<\/div>\n<div>&#8211; 04 B\u00e1nh xe &#8211; 04 Ch\u00e2n t\u0103ng \u0111i\u1ec1u ch\u1ec9nh<\/div>\n<div>&#8211; C\u1ee7a tr\u01b0\u1edbc c\u00e1nh l\u01b0\u1edbi, c\u1eeda sau \u00f4 tho\u00e1ng<\/div>\n<\/ul>","protected":false},"featured_media":12454,"comment_status":"closed","ping_status":"closed","template":"","meta":[],"pwb-brand":[],"product_cat":[2915],"product_tag":[],"class_list":{"0":"post-12453","1":"product","2":"type-product","3":"status-publish","4":"has-post-thumbnail","6":"product_cat-tu-rack","8":"first","9":"instock","10":"shipping-taxable","11":"product-type-simple"},"brands":[],"_links":{"self":[{"href":"https:\/\/serverhot.vn\/id\/wp-json\/wp\/v2\/product\/12453","targetHints":{"allow":["GET"]}}],"collection":[{"href":"https:\/\/serverhot.vn\/id\/wp-json\/wp\/v2\/product"}],"about":[{"href":"https:\/\/serverhot.vn\/id\/wp-json\/wp\/v2\/types\/product"}],"replies":[{"embeddable":true,"href":"https:\/\/serverhot.vn\/id\/wp-json\/wp\/v2\/comments?post=12453"}],"wp:featuredmedia":[{"embeddable":true,"href":"https:\/\/serverhot.vn\/id\/wp-json\/wp\/v2\/media\/12454"}],"wp:attachment":[{"href":"https:\/\/serverhot.vn\/id\/wp-json\/wp\/v2\/media?parent=12453"}],"wp:term":[{"taxonomy":"pwb-brand","embeddable":true,"href":"https:\/\/serverhot.vn\/id\/wp-json\/wp\/v2\/pwb-brand?post=12453"},{"taxonomy":"product_cat","embeddable":true,"href":"https:\/\/serverhot.vn\/id\/wp-json\/wp\/v2\/product_cat?post=12453"},{"taxonomy":"product_tag","embeddable":true,"href":"https:\/\/serverhot.vn\/id\/wp-json\/wp\/v2\/product_tag?post=12453"}],"curies":[{"name":"wp","href":"https:\/\/api.w.org\/{rel}","templated":true}]}}