{"id":12643,"date":"2024-06-29T18:10:30","date_gmt":"2024-06-29T11:10:30","guid":{"rendered":"https:\/\/serverhot.vn\/product\/uncategorized\/ban-phim-gaming-dell-alienware-aw410k-rgb-ma-san-pham-aw410k\/"},"modified":"2024-06-29T18:10:32","modified_gmt":"2024-06-29T11:10:32","slug":"ban-phim-gaming-dell-alienware-aw410k-rgb-ma-san-pham-aw410k","status":"publish","type":"product","link":"https:\/\/serverhot.vn\/id\/-product-\/ban-phim-gaming-dell-alienware-aw410k-rgb-ma-san-pham-aw410k\/","title":{"rendered":"B\u00e0n ph\u00edm gaming Dell Alienware AW410K RGB M\u00e3 s\u1ea3n ph\u1ea9m: AW410K"},"content":{"rendered":"<div class=\"showText tabs\" id=\"tab2\">\n<div class=\"box_right_pro_view\">\n<div class=\"thongso_pro a_technical\" style=\"max-height: fit-content\">\n<table class=\"attributes\" border=\"1\" cellspacing=\"0\" cellpadding=\"0\">\n<tbody>\n<tr class=\"option-item\">\n<td class=\"op_name\"><span>H\u00e3ng s\u1ea3n xu\u1ea5t<\/span><\/td>\n<td><span>Dell<\/span><\/td>\n<\/tr>\n<tr class=\"option-item\">\n<td class=\"op_name\"><span>M\u00e3 s\u1ea3n ph\u1eabm<\/span><\/td>\n<td>\n<div class=\"wordWrap\"><span>AW410K\u00a0<\/span><\/div>\n<\/td>\n<\/tr>\n<tr class=\"option-item\">\n<td class=\"op_name\"><span>C\u1ed5ng k\u1ebft n\u1ed1i<\/span><\/td>\n<td>\n<div class=\"wordWrap\"><span>USB<\/span><\/div>\n<\/td>\n<\/tr>\n<tr class=\"option-item\">\n<td class=\"op_name\"><span>S\u1ed1 l\u01b0\u1ee3ng ph\u00edm<\/span><\/td>\n<td>\n<div class=\"wordWrap\"><span>104<\/span><\/div>\n<\/td>\n<\/tr>\n<tr class=\"option-item\">\n<td class=\"op_name\"><span>\u0110\u00e8n b\u00e0n ph\u00edm<\/span><\/td>\n<td>\n<div class=\"wordWrap\"><span>RGB \/ 16.8 million colors <\/span><\/div>\n<\/td>\n<\/tr>\n<tr class=\"option-item\">\n<td class=\"op_name\"><span>Chi\u1ec1u d\u00e0i d\u00e2y<\/span><\/td>\n<td>\n<div class=\"wordWrap\"><span>2m<\/span><\/div>\n<\/td>\n<\/tr>\n<tr class=\"option-item\">\n<td class=\"op_name\"><span>H\u1ec7 \u0111i\u1ec1u h\u00e0nh h\u1ed7 tr\u1ee3<\/span><\/td>\n<td>\n<div class=\"wordWrap\"><span>Windows 10 <\/span><\/div>\n<\/td>\n<\/tr>\n<tr class=\"option-item\">\n<td class=\"op_name\"><span>M\u00e0u s\u1eafc<\/span><\/td>\n<td>\n<div class=\"wordWrap\"><span>\u0110en<\/span><\/div>\n<\/td>\n<\/tr>\n<tr class=\"option-item\">\n<td class=\"op_name\"><span>K\u00edch th\u01b0\u1edbc<\/span><\/td>\n<td>\n<div class=\"wordWrap\"><span>467 x 156 x 35.8 mm<\/span><\/div>\n<\/td>\n<\/tr>\n<tr class=\"option-item\">\n<td class=\"op_name\"><span>Kh\u1ed1i l\u01b0\u1ee3ng<\/span><\/td>\n<td>\n<div class=\"wordWrap\"><span>1010g<\/span><\/div>\n<\/td>\n<\/tr>\n<tr class=\"option-item\">\n<td class=\"op_name\"><span>B\u1ea3o h\u00e0nh<\/span><\/td>\n<td>\n<div class=\"wordWrap\"><span>12 th\u00e1ng<\/span><\/div>\n<\/td>\n<\/tr>\n<tr class=\"option-item\">\n<td class=\"op_name\"><span>Ph\u00e2n lo\u1ea1i<\/span><\/td>\n<td>\n<div class=\"wordWrap\"><span>CHERRY MX Brown Switch<\/span><\/div>\n<\/td>\n<\/tr>\n<\/tbody>\n<\/table><\/div>\n<p>                            <!--                            <\/p>\n<div class=\"xemthem_id_r\">--><br \/>\n                            <!--                                <a><!--\/show\/?token=--><br \/>\n                            <!--\"--><br \/>\n                            <!--                                   class=\"preview fancybox fancybox.ajax\" rel=\"nofollow\"&gt;Xem th&#234;m th&#244;ng s&#7889; k&#7929; thu&#7853;t<\/a>--><br \/>\n                            <!--                            <\/div>\n<p>-->\n                        <\/p><\/div>\n<\/p><\/div>","protected":false},"excerpt":{"rendered":"<ul>\n<ul class=\"option-top\" style=\"margin: 0px 0px 15px;padding: 0px;background-color: #ffffff\">\n<li class=\"op_item fa-check-square-o\" style=\"color: #333333;font-family: Arial, sans-serif;font-size: 14px;padding: 2px 0px;text-align: justify\"><span style=\"font-size: 18px\">M\u00e0u s\u1eafc: \u0110en<\/span><\/li>\n<li class=\"op_item fa-check-square-o\" style=\"color: #333333;font-family: Arial, sans-serif;font-size: 14px;padding: 2px 0px;text-align: justify\"><span style=\"font-size: 18px\">C\u1ed5ng k\u1ebft n\u1ed1i: USB<\/span><\/li>\n<li class=\"op_item fa-check-square-o\" style=\"padding: 2px 0px;text-align: justify\"><span style=\"font-size: 18px\"><span style=\"color: #333333;font-family: Arial, sans-serif\">Chi\u1ec1u d\u00e0i d\u00e2y: 2m<\/span><\/span><\/li>\n<li class=\"op_item fa-check-square-o\" style=\"padding: 2px 0px;text-align: justify\"><span style=\"font-size: 18px\"><span style=\"color: #333333\">\u0110\u00e8n b\u00e0n ph\u00edm<span> <\/span>: RGB<\/span><\/span><\/li>\n<li class=\"op_item fa-check-square-o\" style=\"padding: 2px 0px;text-align: justify\"><span style=\"font-size: 18px\">K\u00edch th\u01b0\u1edbc: 467 x 156 x 35.8 mm<\/span><\/li>\n<\/ul>\n<\/ul>","protected":false},"featured_media":12644,"comment_status":"closed","ping_status":"closed","template":"","meta":[],"pwb-brand":[],"product_cat":[2910],"product_tag":[2849],"class_list":{"0":"post-12643","1":"product","2":"type-product","3":"status-publish","4":"has-post-thumbnail","6":"product_cat-thiet-bi-van-phong","7":"product_tag-switch","9":"first","10":"instock","11":"shipping-taxable","12":"product-type-simple"},"brands":[],"_links":{"self":[{"href":"https:\/\/serverhot.vn\/id\/wp-json\/wp\/v2\/product\/12643","targetHints":{"allow":["GET"]}}],"collection":[{"href":"https:\/\/serverhot.vn\/id\/wp-json\/wp\/v2\/product"}],"about":[{"href":"https:\/\/serverhot.vn\/id\/wp-json\/wp\/v2\/types\/product"}],"replies":[{"embeddable":true,"href":"https:\/\/serverhot.vn\/id\/wp-json\/wp\/v2\/comments?post=12643"}],"wp:featuredmedia":[{"embeddable":true,"href":"https:\/\/serverhot.vn\/id\/wp-json\/wp\/v2\/media\/12644"}],"wp:attachment":[{"href":"https:\/\/serverhot.vn\/id\/wp-json\/wp\/v2\/media?parent=12643"}],"wp:term":[{"taxonomy":"pwb-brand","embeddable":true,"href":"https:\/\/serverhot.vn\/id\/wp-json\/wp\/v2\/pwb-brand?post=12643"},{"taxonomy":"product_cat","embeddable":true,"href":"https:\/\/serverhot.vn\/id\/wp-json\/wp\/v2\/product_cat?post=12643"},{"taxonomy":"product_tag","embeddable":true,"href":"https:\/\/serverhot.vn\/id\/wp-json\/wp\/v2\/product_tag?post=12643"}],"curies":[{"name":"wp","href":"https:\/\/api.w.org\/{rel}","templated":true}]}}