{"id":12665,"date":"2024-06-29T18:14:30","date_gmt":"2024-06-29T11:14:30","guid":{"rendered":"https:\/\/serverhot.vn\/product\/uncategorized\/man-hinh-vi-tinh-lg-model-20m38a-hm-hdmi-19-5-inch-led-hd-ma-san-pham-20m38a\/"},"modified":"2024-06-29T18:14:33","modified_gmt":"2024-06-29T11:14:33","slug":"man-hinh-vi-tinh-lg-model-20m38a-hm-hdmi-19-5-inch-led-hd-ma-san-pham-20m38a","status":"publish","type":"product","link":"https:\/\/serverhot.vn\/id\/-product-\/man-hinh-vi-tinh-lg-model-20m38a-hm-hdmi-19-5-inch-led-hd-ma-san-pham-20m38a\/","title":{"rendered":"M\u00e0n h\u00ecnh vi t\u00ednh LG Model: 20M38A HM\/HDMI 19.5 inch, LED HD M\u00e3 s\u1ea3n ph\u1ea9m: 20M38A"},"content":{"rendered":"<div class=\"showText tabs\" id=\"tab2\">\n                                    <\/div>","protected":false},"excerpt":{"rendered":"<ul>\n<ul class=\"prd-attributesList ui-listBulleted js-short-description\">\n<li><span>H\u00e3ng s\u1ea3n xu\u1ea5t: LG.<\/span><\/li>\n<li><span>\u00a0Model: 20M38A HM\/HDMI.<\/span><\/li>\n<li><span>\u00a0K\u00edch th\u01b0\u1edbc m\u00e0n h\u00ecnh: 19.5 inch.<\/span><\/li>\n<li><span>\u00a0Ki\u1ec3u m\u00e0n h\u00ecnh: LED HD.<\/span><\/li>\n<li><span>\u00a0\u0110\u1ed9 ph\u00e2n gi\u1ea3i: 1600\u00d7900 pexels.<\/span><\/li>\n<li><span>\u00a0G\u00f3c nh\u00ecn: 90\u2e30(H)\/60\u2e30(V).<\/span><\/li>\n<\/ul>\n<\/ul>","protected":false},"featured_media":12666,"comment_status":"closed","ping_status":"closed","template":"","meta":[],"pwb-brand":[],"product_cat":[2909],"product_tag":[],"class_list":{"0":"post-12665","1":"product","2":"type-product","3":"status-publish","4":"has-post-thumbnail","6":"product_cat-man-hinh-may-tinh","8":"first","9":"instock","10":"shipping-taxable","11":"product-type-simple"},"brands":[],"_links":{"self":[{"href":"https:\/\/serverhot.vn\/id\/wp-json\/wp\/v2\/product\/12665","targetHints":{"allow":["GET"]}}],"collection":[{"href":"https:\/\/serverhot.vn\/id\/wp-json\/wp\/v2\/product"}],"about":[{"href":"https:\/\/serverhot.vn\/id\/wp-json\/wp\/v2\/types\/product"}],"replies":[{"embeddable":true,"href":"https:\/\/serverhot.vn\/id\/wp-json\/wp\/v2\/comments?post=12665"}],"wp:featuredmedia":[{"embeddable":true,"href":"https:\/\/serverhot.vn\/id\/wp-json\/wp\/v2\/media\/12666"}],"wp:attachment":[{"href":"https:\/\/serverhot.vn\/id\/wp-json\/wp\/v2\/media?parent=12665"}],"wp:term":[{"taxonomy":"pwb-brand","embeddable":true,"href":"https:\/\/serverhot.vn\/id\/wp-json\/wp\/v2\/pwb-brand?post=12665"},{"taxonomy":"product_cat","embeddable":true,"href":"https:\/\/serverhot.vn\/id\/wp-json\/wp\/v2\/product_cat?post=12665"},{"taxonomy":"product_tag","embeddable":true,"href":"https:\/\/serverhot.vn\/id\/wp-json\/wp\/v2\/product_tag?post=12665"}],"curies":[{"name":"wp","href":"https:\/\/api.w.org\/{rel}","templated":true}]}}