{"id":12829,"date":"2024-06-29T18:37:27","date_gmt":"2024-06-29T11:37:27","guid":{"rendered":"https:\/\/serverhot.vn\/product\/uncategorized\/microsoft-defender-for-endpoint-p2-ma-san-pham-ms-def-endpoint-p2\/"},"modified":"2024-06-29T18:37:31","modified_gmt":"2024-06-29T11:37:31","slug":"microsoft-defender-for-endpoint-p2-ma-san-pham-ms-def-endpoint-p2","status":"publish","type":"product","link":"https:\/\/serverhot.vn\/id\/-product-\/microsoft-defender-for-endpoint-p2-ma-san-pham-ms-def-endpoint-p2\/","title":{"rendered":"Microsoft Defender for Endpoint P2 M\u00e3 s\u1ea3n ph\u1ea9m: MS-DEF-ENDPOINT-P2"},"content":{"rendered":"<div class=\"showText tabs\" id=\"tab2\">\n<div class=\"box_right_pro_view\">\n<div class=\"thongso_pro a_technical\" style=\"max-height: fit-content\">\n<p><span><strong>Microsoft Defender for Endpoint P2<\/strong><\/span> l\u00e0 m\u1ed9t gi\u1ea3i ph\u00e1p b\u1ea3o m\u1eadt \u0111\u1ea7u cu\u1ed1i \u0111\u01b0\u1ee3c cung c\u1ea5p qua \u0111\u00e1m m\u00e2y, bao g\u1ed3m c\u00e1c t\u00ednh n\u0103ng sau:<\/p>\n<p>1. Qu\u1ea3n l\u00fd v\u00e0 \u0111\u00e1nh gi\u00e1 d\u1ef1a tr\u00ean r\u1ee7i ro v\u1ec1 l\u1ed7 h\u1ed5ng: \u0110i\u1ec1u n\u00e0y bao g\u1ed3m vi\u1ec7c gi\u1ea3m thi\u1ec3u b\u1ec1 m\u1eb7t t\u1ea5n c\u00f4ng v\u00e0 \u0111\u00e1nh gi\u00e1 c\u00e1c l\u1ed7 h\u1ed5ng c\u00f3 nguy c\u01a1 cao.<\/p>\n<p>2. B\u1ea3o v\u1ec7 d\u1ef1a tr\u00ean h\u00e0nh vi v\u00e0 s\u1eed d\u1ee5ng c\u00f4ng ngh\u1ec7 AI: Microsoft Defender for Endpoint P2 s\u1eed d\u1ee5ng c\u00f4ng ngh\u1ec7 AI \u0111\u1ec3 ph\u00e1t hi\u1ec7n v\u00e0 ng\u0103n ch\u1eb7n c\u00e1c m\u1ed1i \u0111e d\u1ecda t\u1eeb c\u00e1c thi\u1ebft b\u1ecb \u0111\u1ea7u cu\u1ed1i.<\/p>\n<p>3. Ph\u1ea3n \u1ee9ng v\u00e0 ph\u00e2n t\u00edch t\u1ef1 \u0111\u1ed9ng: Gi\u1ea3i ph\u00e1p n\u00e0y cung c\u1ea5p kh\u1ea3 n\u0103ng t\u1ef1 \u0111\u1ed9ng \u0111i\u1ec1u tra v\u00e0 x\u1eed l\u00fd s\u1ef1 c\u1ed1, gi\u00fap gi\u1ea3m th\u1eddi gian ph\u1ea3n h\u1ed3i v\u00e0 t\u0103ng hi\u1ec7u su\u1ea5t c\u1ee7a \u0111\u1ed9i ng\u0169 b\u1ea3o m\u1eadt.<\/p>\n<p>4. D\u1ecbch v\u1ee5 s\u0103n l\u00f9ng qu\u1ea3n l\u00fd: Microsoft Defender for Endpoint P2 cung c\u1ea5p d\u1ecbch v\u1ee5 s\u0103n l\u00f9ng qu\u1ea3n l\u00fd \u0111\u1ec3 ph\u00e1t hi\u1ec7n c\u00e1c m\u1ed1i \u0111e d\u1ecda ti\u1ec1m \u1ea9n.<\/p>\n<p>5. Giao di\u1ec7n qu\u1ea3n l\u00fd b\u1ea3o m\u1eadt th\u1ed1ng nh\u1ea5t: K\u1ebft h\u1ee3p c\u00e1c kh\u1ea3 n\u0103ng c\u1ee7a extended detection and response (XDR) v\u00e0 security information and event management (SIEM) trong m\u1ed9t n\u1ec1n t\u1ea3ng duy nh\u1ea5t.<\/p>\n<p>Microsoft Defender for Endpoint P2 \u0111\u01b0\u1ee3c bao g\u1ed3m trong g\u00f3i Microsoft 365 E5 v\u00e0 b\u1ea1n c\u00f3 th\u1ec3 b\u1eaft \u0111\u1ea7u d\u00f9ng th\u1eed mi\u1ec5n ph\u00ed \u00b9\u00b3. N\u1ebfu b\u1ea1n \u0111ang t\u00ecm ki\u1ebfm m\u1ed9t gi\u1ea3i ph\u00e1p b\u1ea3o m\u1eadt \u0111\u1ea7u cu\u1ed1i to\u00e0n di\u1ec7n, P2 l\u00e0 m\u1ed9t l\u1ef1a ch\u1ecdn t\u1ed1t.<\/p>\n<p>\u00a0<\/p>\n<p class=\"p\">&#8212;&#8212;&#8212;&#8212;&#8212;&#8212;&#8212;&#8212;&#8212;&#8212;<\/p>\n<p><span><strong>Si\u00eau Th\u1ecb M\u00e1y Ch\u1ee7<\/strong>\u00a0<\/span>&#8211; S\u1ef1 l\u1ef1a ch\u1ecdn t\u1ed1t nh\u1ea5t v\u1edbi chi ph\u00ed h\u1ee3p l\u00fd, s\u1ea3n ph\u1ea9m \u0111\u00e1ng tin c\u1eady, ph\u1ee5c v\u1ee5 chuy\u00ean nghi\u1ec7p!<br \/>\u2713 Website:\u00a0<span>www.serverhot.vn<\/span><br \/>\u2713 Hotline: \u200e\u200e\u200e<strong> 633 326<\/strong><\/p>\n<div>Li\u00ean h\u1ec7 B\u1ed9 ph\u1eadn Kinh doanh \u0111\u1ec3 nh\u1eadn \u0111\u01b0\u1ee3c gi\u00e1 t\u1ed1t nh\u1ea5t:<br \/>\u2713 TP HCM:<span>\u00a0<a href=\"tel:02873073776\">(028) 7307 3776<\/a>\u00a0<\/span><br \/>\u2713 H\u00e0 N\u1ed9i:<span>\u00a0<a href=\"tel:02473073776\">(024) 7307 3776<\/a><\/span><br \/><span>Si\u00eau Th\u1ecb M\u00e1y Ch\u1ee7\u00a0<\/span>&#8211; S\u1ef1 l\u1ef1a ch\u1ecdn t\u1ed1t nh\u1ea5t v\u1ec1 Server v\u1edbi chi ph\u00ed h\u1ee3p l\u00fd, s\u1ea3n ph\u1ea9m \u0111\u00e1ng tin c\u1eady, ph\u1ee5c v\u1ee5 chuy\u00ean nghi\u1ec7p!<\/div>\n<\/p><\/div>\n<p>                            <!--                            <\/p>\n<div class=\"xemthem_id_r\">--><br \/>\n                            <!--                                <a><!--\/show\/?token=--><br \/>\n                            <!--\"--><br \/>\n                            <!--                                   class=\"preview fancybox fancybox.ajax\" rel=\"nofollow\"&gt;Xem th&#234;m th&#244;ng s&#7889; k&#7929; thu&#7853;t<\/a>--><br \/>\n                            <!--                            <\/div>\n<p>-->\n                        <\/p><\/div>\n<\/p><\/div>","protected":false},"excerpt":{"rendered":"<ul>\n<p>Microsoft Defender for Endpoint P2 l\u00e0 m\u1ed9t ph\u1ea7n c\u1ee7a n\u1ec1n t\u1ea3ng b\u1ea3o m\u1eadt \u0111i\u1ec3m cu\u1ed1i c\u1ee7a Microsoft, \u0111\u01b0\u1ee3c thi\u1ebft k\u1ebf \u0111\u1ec3 gi\u00fap t\u1ed5 ch\u1ee9c ng\u0103n ch\u1eb7n, ph\u00e1t hi\u1ec7n, \u0111i\u1ec1u tra v\u00e0 ph\u1ea3n \u1ee9ng v\u1edbi c\u00e1c m\u1ed1i \u0111e d\u1ecda ti\u00ean ti\u1ebfn li\u00ean quan \u0111\u1ebfn email v\u00e0 c\u00e1c \u1ee9ng d\u1ee5ng h\u1ee3p t\u00e1c nh\u01b0 Microsoft Teams.<br \/>&#8211; B\u1ea3o v\u1ec7 ti\u00ean ti\u1ebfn<br \/>&#8211; B\u1ea3o v\u1ec7 email v\u00e0 Microsoft Teams<br \/>&#8211; H\u1ed7 tr\u1ee3 \u0111a n\u1ec1n t\u1ea3ng<\/p>\n<\/ul>","protected":false},"featured_media":12830,"comment_status":"closed","ping_status":"closed","template":"","meta":[],"pwb-brand":[],"product_cat":[2917],"product_tag":[25],"class_list":{"0":"post-12829","1":"product","2":"type-product","3":"status-publish","4":"has-post-thumbnail","6":"product_cat-microsoft","7":"product_tag-man","9":"first","10":"instock","11":"shipping-taxable","12":"product-type-simple"},"brands":[],"_links":{"self":[{"href":"https:\/\/serverhot.vn\/id\/wp-json\/wp\/v2\/product\/12829","targetHints":{"allow":["GET"]}}],"collection":[{"href":"https:\/\/serverhot.vn\/id\/wp-json\/wp\/v2\/product"}],"about":[{"href":"https:\/\/serverhot.vn\/id\/wp-json\/wp\/v2\/types\/product"}],"replies":[{"embeddable":true,"href":"https:\/\/serverhot.vn\/id\/wp-json\/wp\/v2\/comments?post=12829"}],"wp:featuredmedia":[{"embeddable":true,"href":"https:\/\/serverhot.vn\/id\/wp-json\/wp\/v2\/media\/12830"}],"wp:attachment":[{"href":"https:\/\/serverhot.vn\/id\/wp-json\/wp\/v2\/media?parent=12829"}],"wp:term":[{"taxonomy":"pwb-brand","embeddable":true,"href":"https:\/\/serverhot.vn\/id\/wp-json\/wp\/v2\/pwb-brand?post=12829"},{"taxonomy":"product_cat","embeddable":true,"href":"https:\/\/serverhot.vn\/id\/wp-json\/wp\/v2\/product_cat?post=12829"},{"taxonomy":"product_tag","embeddable":true,"href":"https:\/\/serverhot.vn\/id\/wp-json\/wp\/v2\/product_tag?post=12829"}],"curies":[{"name":"wp","href":"https:\/\/api.w.org\/{rel}","templated":true}]}}