{"id":12839,"date":"2024-06-29T18:38:51","date_gmt":"2024-06-29T11:38:51","guid":{"rendered":"https:\/\/serverhot.vn\/product\/uncategorized\/loa-thonet-vander-rein-5-1-ma-san-pham-hk096-03618\/"},"modified":"2024-06-29T18:38:52","modified_gmt":"2024-06-29T11:38:52","slug":"loa-thonet-vander-rein-5-1-ma-san-pham-hk096-03618","status":"publish","type":"product","link":"https:\/\/serverhot.vn\/id\/-product-\/loa-thonet-vander-rein-5-1-ma-san-pham-hk096-03618\/","title":{"rendered":"Loa Thonet &amp; Vander Rein 5.1 M\u00e3 s\u1ea3n ph\u1ea9m: HK096-03618"},"content":{"rendered":"<div class=\"showText tabs\" id=\"tab2\">\n<div class=\"box_right_pro_view\">\n<div class=\"thongso_pro a_technical\" style=\"max-height: fit-content\">\n<table border=\"1\" cellspacing=\"0\" cellpadding=\"0\">\n<tbody>\n<tr>\n<td>\n<p dir=\"ltr\"><span>H\u00e3ng s\u1ea3n xu\u1ea5t<\/span><\/p>\n<\/td>\n<td>\n<p dir=\"ltr\"><span><span>Thonet $ Vander<\/span><\/span><\/p>\n<\/td>\n<\/tr>\n<tr>\n<td>\n<p dir=\"ltr\"><span>M\u00e3 s\u1ea3n ph\u1eabm<\/span><\/p>\n<\/td>\n<td>\n<p dir=\"ltr\"><span><span>HK096-03618<\/span><br \/><\/span><\/p>\n<\/td>\n<\/tr>\n<tr>\n<td>\n<p dir=\"ltr\"><span>C\u00f4ng su\u1ea5t RMS<\/span><\/p>\n<\/td>\n<td>\n<p dir=\"ltr\"><span>200 W RMS<\/span><\/p>\n<\/td>\n<\/tr>\n<tr>\n<td>\n<p dir=\"ltr\"><span>C\u00f4ng su\u1ea5t c\u1ef1c \u0111\u1ea1i<\/span><\/p>\n<\/td>\n<td>\n<p dir=\"ltr\"><span>1000 watts<\/span><\/p>\n<\/td>\n<\/tr>\n<tr>\n<td>\n<p dir=\"ltr\"><span>D\u1ea3i truy\u1ec1n t\u1ea7n s\u1ed1<\/span><\/p>\n<\/td>\n<td>\n<p dir=\"ltr\"><span>60Hz &#8211; 20 kHz<\/span><\/p>\n<\/td>\n<\/tr>\n<tr>\n<td>\n<p dir=\"ltr\"><span>\u0110\u1ed9 m\u00e9o<\/span><\/p>\n<\/td>\n<td>\n<p dir=\"ltr\"><span>&lt;0.2% &#8211; 1 W<\/span><\/p>\n<\/td>\n<\/tr>\n<tr>\n<td>\n<p dir=\"ltr\"><span>K\u00edch th\u01b0\u1edbc Driver loa thanh x 1<\/span><\/p>\n<\/td>\n<td>\n<p dir=\"ltr\"><span>2\u201c<\/span><\/p>\n<\/td>\n<\/tr>\n<tr>\n<td>\n<p dir=\"ltr\"><span>K\u00edch th\u01b0\u1edbc loa Tweeter loa thanh\u00a0 x 2<\/span><\/p>\n<\/td>\n<td>\n<p dir=\"ltr\"><span>2\u201c<\/span><\/p>\n<\/td>\n<\/tr>\n<tr>\n<td>\n<p dir=\"ltr\"><span>K\u00edch th\u01b0\u1edbc loa Sub\u00a0 x 1<\/span><\/p>\n<\/td>\n<td>\n<p dir=\"ltr\"><span>5&#8243;<\/span><\/p>\n<\/td>\n<\/tr>\n<tr>\n<td>\n<p dir=\"ltr\"><span>K\u00edch th\u01b0\u1edbc Driver v\u1ec7 tinh x 2<\/span><\/p>\n<\/td>\n<td>\n<p dir=\"ltr\"><span>3&#8243;<\/span><\/p>\n<\/td>\n<\/tr>\n<tr>\n<td>\n<p dir=\"ltr\"><span>\u0110i\u1ec1u khi\u1ec3n t\u1eeb xa<\/span><\/p>\n<\/td>\n<td>\n<p dir=\"ltr\"><span>C\u00f3<\/span><\/p>\n<\/td>\n<\/tr>\n<tr>\n<td>\n<p dir=\"ltr\"><span>C\u1ed5ng k\u1ebft n\u1ed1i<\/span><\/p>\n<\/td>\n<td>\n<p dir=\"ltr\"><span>HDMI ARC &#8211; BLUETOOTH &#8211; 3.5 AUX<\/span><\/p>\n<p dir=\"ltr\"><span>STEREO &#8211; SPDIF OPTICAL<\/span><\/p>\n<\/td>\n<\/tr>\n<tr>\n<td>\n<p dir=\"ltr\"><span>\u0110i\u1ec7n \u00e1p \u0111\u1ea7u v\u00e0o<\/span><\/p>\n<\/td>\n<td>\n<p dir=\"ltr\"><span>100 V &#8211; 240 V<\/span><\/p>\n<\/td>\n<\/tr>\n<tr>\n<td>\n<p dir=\"ltr\"><span>\u0110i\u1ec7n \u00e1p \u0111\u1ea7u ra Subwoofer v\u00e0 loa v\u1ec7 tinh\u00a0<\/span><\/p>\n<\/td>\n<td>\n<p dir=\"ltr\"><span>18 V &#8211; 1.3 A<\/span><\/p>\n<\/td>\n<\/tr>\n<tr>\n<td>\n<p dir=\"ltr\"><span>\u0110i\u1ec7n \u00e1p \u0111\u1ea7u ra loa thanh\u00a0<\/span><\/p>\n<\/td>\n<td>\n<p dir=\"ltr\"><span>18 V &#8211; 2 A<\/span><\/p>\n<\/td>\n<\/tr>\n<tr>\n<td>\n<p dir=\"ltr\"><span>Ph\u1ee5 ki\u1ec7n<\/span><\/p>\n<\/td>\n<td>\n<ul>\n<li dir=\"ltr\">\n<p dir=\"ltr\"><span>C\u00e1p Toslink Optical\u00a0<\/span><\/p>\n<\/li>\n<li dir=\"ltr\">\n<p dir=\"ltr\"><span>C\u00e1p 3.5mm Auxiliary<\/span><\/p>\n<\/li>\n<li dir=\"ltr\">\n<p dir=\"ltr\"><span>\u0110i\u1ec1u khi\u1ec3n t\u1eeb xa\u00a0<\/span><\/p>\n<\/li>\n<li dir=\"ltr\">\n<p dir=\"ltr\"><span>Pin 2 AAA\u00a0<\/span><\/p>\n<\/li>\n<li dir=\"ltr\">\n<p dir=\"ltr\"><span>S\u00e1ch h\u01b0\u1edbng d\u1eabn s\u1eed d\u1ee5ng<\/span><\/p>\n<\/li>\n<\/ul>\n<\/td>\n<\/tr>\n<tr>\n<td>\n<p dir=\"ltr\"><span>K\u00edch th\u01b0\u1edbc loa v\u1ec7 tinh\u00a0 (cao x r\u1ed9ng x s\u00e2u)<\/span><\/p>\n<\/td>\n<td>\n<p dir=\"ltr\"><span>15.5 x 10 x 11.5 cm<\/span><\/p>\n<\/td>\n<\/tr>\n<tr>\n<td>\n<p dir=\"ltr\"><span>K\u00edch th\u01b0\u1edbc Subwoofer\u00a0 (cao x r\u1ed9ng x s\u00e2u)<\/span><\/p>\n<\/td>\n<td>\n<p dir=\"ltr\"><span>28 x 20 x 20 cm<\/span><\/p>\n<\/td>\n<\/tr>\n<tr>\n<td>\n<p dir=\"ltr\"><span>K\u00edch th\u01b0\u1edbc loa thanh (cao x r\u1ed9ng x s\u00e2u)<\/span><\/p>\n<\/td>\n<td>\n<p dir=\"ltr\"><span>6 x 100 x 6.5 cm<\/span><\/p>\n<\/td>\n<\/tr>\n<tr>\n<td>\n<p dir=\"ltr\"><span>Y \/ N<\/span><\/p>\n<\/td>\n<td>\n<p dir=\"ltr\"><span>&gt; 67 dB, -10dBV<\/span><\/p>\n<\/td>\n<\/tr>\n<\/tbody>\n<\/table><\/div>\n<p>                            <!--                            <\/p>\n<div class=\"xemthem_id_r\">--><br \/>\n                            <!--                                <a><!--\/show\/?token=--><br \/>\n                            <!--\"--><br \/>\n                            <!--                                   class=\"preview fancybox fancybox.ajax\" rel=\"nofollow\"&gt;Xem th&#234;m th&#244;ng s&#7889; k&#7929; thu&#7853;t<\/a>--><br \/>\n                            <!--                            <\/div>\n<p>-->\n                        <\/p><\/div>\n<\/p><\/div>","protected":false},"excerpt":{"rendered":"<ul>\n<ul>\n<li style=\"text-align: justify\"><span style=\"color: #4c4c4c;font-family: Roboto, sans-serif;font-size: 18px;background-color: #ffffff\">REIN\u2122 l\u00e0 h\u1ec7 th\u1ed1ng \u00e2m thanh 5.1 kh\u00f4ng d\u00e2y \u0111\u1ea7u ti\u00ean t\u1ea1i Vi\u1ec7t Nam<\/span><\/li>\n<li style=\"text-align: justify\"><span style=\"color: #4c4c4c;font-family: Roboto, sans-serif;font-size: 18px;background-color: #ffffff\">C\u00f4ng su\u1ea5t: 200W (RMS) &#8211; C\u1ef1c \u0111\u1ea1i: 1000W<\/span><\/li>\n<li style=\"text-align: justify\"><span style=\"color: #4c4c4c;font-family: Roboto, sans-serif;font-size: 18px;background-color: #ffffff\">K\u1ebft n\u1ed1i: HDMI ARC &#8211; BLUETOOTH &#8211; 3.5 AUX STEREO &#8211; SPDIF OPTICAL<\/span><\/li>\n<\/ul>\n<\/ul>","protected":false},"featured_media":12840,"comment_status":"closed","ping_status":"closed","template":"","meta":[],"pwb-brand":[],"product_cat":[2912],"product_tag":[],"class_list":{"0":"post-12839","1":"product","2":"type-product","3":"status-publish","4":"has-post-thumbnail","6":"product_cat-loa-thonet-vander","8":"first","9":"instock","10":"shipping-taxable","11":"product-type-simple"},"brands":[],"_links":{"self":[{"href":"https:\/\/serverhot.vn\/id\/wp-json\/wp\/v2\/product\/12839","targetHints":{"allow":["GET"]}}],"collection":[{"href":"https:\/\/serverhot.vn\/id\/wp-json\/wp\/v2\/product"}],"about":[{"href":"https:\/\/serverhot.vn\/id\/wp-json\/wp\/v2\/types\/product"}],"replies":[{"embeddable":true,"href":"https:\/\/serverhot.vn\/id\/wp-json\/wp\/v2\/comments?post=12839"}],"wp:featuredmedia":[{"embeddable":true,"href":"https:\/\/serverhot.vn\/id\/wp-json\/wp\/v2\/media\/12840"}],"wp:attachment":[{"href":"https:\/\/serverhot.vn\/id\/wp-json\/wp\/v2\/media?parent=12839"}],"wp:term":[{"taxonomy":"pwb-brand","embeddable":true,"href":"https:\/\/serverhot.vn\/id\/wp-json\/wp\/v2\/pwb-brand?post=12839"},{"taxonomy":"product_cat","embeddable":true,"href":"https:\/\/serverhot.vn\/id\/wp-json\/wp\/v2\/product_cat?post=12839"},{"taxonomy":"product_tag","embeddable":true,"href":"https:\/\/serverhot.vn\/id\/wp-json\/wp\/v2\/product_tag?post=12839"}],"curies":[{"name":"wp","href":"https:\/\/api.w.org\/{rel}","templated":true}]}}