{"id":12939,"date":"2024-06-29T18:52:00","date_gmt":"2024-06-29T11:52:00","guid":{"rendered":"https:\/\/serverhot.vn\/product\/uncategorized\/microsoft-sharepoint-plan-1-ma-san-pham-ms-sp-p1\/"},"modified":"2024-06-29T18:52:06","modified_gmt":"2024-06-29T11:52:06","slug":"microsoft-sharepoint-plan-1-ma-san-pham-ms-sp-p1","status":"publish","type":"product","link":"https:\/\/serverhot.vn\/id\/-product-\/microsoft-sharepoint-plan-1-ma-san-pham-ms-sp-p1\/","title":{"rendered":"Microsoft Sharepoint Plan 1 M\u00e3 s\u1ea3n ph\u1ea9m: MS-SP-P1"},"content":{"rendered":"<div class=\"showText tabs\" id=\"tab2\">\n                                    <\/div>","protected":false},"excerpt":{"rendered":"<ul>\n<p><span style=\"font-size: 14px\">Microsoft SharePoint Plan 1 l\u00e0 m\u1ed9t phi\u00ean b\u1ea3n c\u1ee7a d\u1ecbch v\u1ee5 SharePoint Online, \u0111\u01b0\u1ee3c t\u00edch h\u1ee3p trong c\u00e1c g\u00f3i \u0111\u0103ng k\u00fd Microsoft 365. <\/span><br \/><span style=\"font-size: 14px\">&#8211; L\u01b0u tr\u1eef v\u00e0 chia s\u1ebb t\u1ec7p an to\u00e0n: cung c\u1ea5p 1 TB dung l\u01b0\u1ee3ng l\u01b0u tr\u1eef tr\u00ean \u0111\u00e1m m\u00e2y cho m\u1ed7i ng\u01b0\u1eddi d\u00f9ng. <\/span><br \/><span style=\"font-size: 14px\">&#8211; Qu\u1ea3n l\u00fd n\u1ed9i dung trong th\u01b0 vi\u1ec7n t\u00e0i li\u1ec7u<\/span><br \/><span style=\"font-size: 14px\">&#8211; T\u00ecm ki\u1ebfm v\u00e0 kh\u00e1m ph\u00e1 th\u00f4ng tin<\/span><\/p>\n<\/ul>","protected":false},"featured_media":12940,"comment_status":"closed","ping_status":"closed","template":"","meta":[],"pwb-brand":[],"product_cat":[2917],"product_tag":[],"class_list":{"0":"post-12939","1":"product","2":"type-product","3":"status-publish","4":"has-post-thumbnail","6":"product_cat-microsoft","8":"first","9":"instock","10":"shipping-taxable","11":"product-type-simple"},"brands":[],"_links":{"self":[{"href":"https:\/\/serverhot.vn\/id\/wp-json\/wp\/v2\/product\/12939","targetHints":{"allow":["GET"]}}],"collection":[{"href":"https:\/\/serverhot.vn\/id\/wp-json\/wp\/v2\/product"}],"about":[{"href":"https:\/\/serverhot.vn\/id\/wp-json\/wp\/v2\/types\/product"}],"replies":[{"embeddable":true,"href":"https:\/\/serverhot.vn\/id\/wp-json\/wp\/v2\/comments?post=12939"}],"wp:featuredmedia":[{"embeddable":true,"href":"https:\/\/serverhot.vn\/id\/wp-json\/wp\/v2\/media\/12940"}],"wp:attachment":[{"href":"https:\/\/serverhot.vn\/id\/wp-json\/wp\/v2\/media?parent=12939"}],"wp:term":[{"taxonomy":"pwb-brand","embeddable":true,"href":"https:\/\/serverhot.vn\/id\/wp-json\/wp\/v2\/pwb-brand?post=12939"},{"taxonomy":"product_cat","embeddable":true,"href":"https:\/\/serverhot.vn\/id\/wp-json\/wp\/v2\/product_cat?post=12939"},{"taxonomy":"product_tag","embeddable":true,"href":"https:\/\/serverhot.vn\/id\/wp-json\/wp\/v2\/product_tag?post=12939"}],"curies":[{"name":"wp","href":"https:\/\/api.w.org\/{rel}","templated":true}]}}