{"id":13167,"date":"2024-06-29T19:20:00","date_gmt":"2024-06-29T12:20:00","guid":{"rendered":"https:\/\/serverhot.vn\/product\/uncategorized\/c-rack-42u-d800-canh-cua-luoi-mau-den-ma-san-pham-3c-r42w08\/"},"modified":"2024-06-29T19:20:02","modified_gmt":"2024-06-29T12:20:02","slug":"c-rack-42u-d800-canh-cua-luoi-mau-den-ma-san-pham-3c-r42w08","status":"publish","type":"product","link":"https:\/\/serverhot.vn\/id\/-product-\/c-rack-42u-d800-canh-cua-luoi-mau-den-ma-san-pham-3c-r42w08\/","title":{"rendered":"C-Rack 42U-D800 . C\u00e1nh c\u1eeda l\u01b0\u1edbi- M\u00e0u \u0111en M\u00e3 s\u1ea3n ph\u1ea9m: 3C-R42W08"},"content":{"rendered":"<div class=\"showText tabs\" id=\"tab2\">\n                                    <\/div>","protected":false},"excerpt":{"rendered":"<ul>\n<p>&#8211; K\u00edch th\u01b0\u1edbc bao ngo\u00e0i (HxWxD) \u00a02040x600x800<br \/>&#8211; T\u1ea3i tr\u1ecdng t\u1ed1i \u0111a 1000Kg<br \/>&#8211; Thi\u1ebft k\u1ebf theo ti\u00eau chu\u1ea9n 19\u201d EIA-310-D<br \/>&#8211; 04 B\u00e1nh xe &#8211; 04 Ch\u00e2n t\u0103ng \u0111i\u1ec1u ch\u1ec9nh<br \/>&#8211; C\u1ee7a tr\u01b0\u1edbc c\u00e1nh l\u01b0\u1edbi, c\u1eeda sau \u00f4 tho\u00e1ng<br \/>&#8211; Kh\u00f3a b\u1eadt\u00a0<\/p>\n<\/ul>","protected":false},"featured_media":13168,"comment_status":"closed","ping_status":"closed","template":"","meta":[],"pwb-brand":[],"product_cat":[2915],"product_tag":[],"class_list":{"0":"post-13167","1":"product","2":"type-product","3":"status-publish","4":"has-post-thumbnail","6":"product_cat-tu-rack","8":"first","9":"instock","10":"shipping-taxable","11":"product-type-simple"},"brands":[],"_links":{"self":[{"href":"https:\/\/serverhot.vn\/id\/wp-json\/wp\/v2\/product\/13167","targetHints":{"allow":["GET"]}}],"collection":[{"href":"https:\/\/serverhot.vn\/id\/wp-json\/wp\/v2\/product"}],"about":[{"href":"https:\/\/serverhot.vn\/id\/wp-json\/wp\/v2\/types\/product"}],"replies":[{"embeddable":true,"href":"https:\/\/serverhot.vn\/id\/wp-json\/wp\/v2\/comments?post=13167"}],"wp:featuredmedia":[{"embeddable":true,"href":"https:\/\/serverhot.vn\/id\/wp-json\/wp\/v2\/media\/13168"}],"wp:attachment":[{"href":"https:\/\/serverhot.vn\/id\/wp-json\/wp\/v2\/media?parent=13167"}],"wp:term":[{"taxonomy":"pwb-brand","embeddable":true,"href":"https:\/\/serverhot.vn\/id\/wp-json\/wp\/v2\/pwb-brand?post=13167"},{"taxonomy":"product_cat","embeddable":true,"href":"https:\/\/serverhot.vn\/id\/wp-json\/wp\/v2\/product_cat?post=13167"},{"taxonomy":"product_tag","embeddable":true,"href":"https:\/\/serverhot.vn\/id\/wp-json\/wp\/v2\/product_tag?post=13167"}],"curies":[{"name":"wp","href":"https:\/\/api.w.org\/{rel}","templated":true}]}}