{"id":13237,"date":"2024-06-29T19:29:03","date_gmt":"2024-06-29T12:29:03","guid":{"rendered":"https:\/\/serverhot.vn\/product\/uncategorized\/man-hinh-lcd-gaming-asus-vg278q-27-144hz-1ms-g-sync-compatible-freesync-full-hd-2-loa-ma-san-pham-vg278q\/"},"modified":"2024-06-29T19:29:08","modified_gmt":"2024-06-29T12:29:08","slug":"man-hinh-lcd-gaming-asus-vg278q-27-144hz-1ms-g-sync-compatible-freesync-full-hd-2-loa-ma-san-pham-vg278q","status":"publish","type":"product","link":"https:\/\/serverhot.vn\/id\/-product-\/man-hinh-lcd-gaming-asus-vg278q-27-144hz-1ms-g-sync-compatible-freesync-full-hd-2-loa-ma-san-pham-vg278q\/","title":{"rendered":"M\u00e0n H\u00ecnh LCD Gaming ASUS VG278Q 27&#8243; 144Hz 1ms G-SYNC Compatible, FreeSync Full HD 2 Loa M\u00e3 s\u1ea3n ph\u1ea9m: VG278Q"},"content":{"rendered":"<div id=\"tab2\" class=\"content_scroll_tab_2019\">\n<div class=\"nd title_box_scroll_content_2019\">\n<h2 class=\"title_box_scroll_2019\"><span style=\"font-size: small\">TH\u00d4NG S\u1ed0 K\u1ef8 THU\u1eacT<\/span><\/h2>\n<table>\n<colgroup><\/colgroup>\n<colgroup><\/colgroup>\n<tbody>\n<tr>\n<td valign=\"middle\" bgcolor=\"#EEEEEE\"><span style=\"font-size: small\">K\u00edch th\u01b0\u1edbc<\/span><\/td>\n<td bgcolor=\"#EEEEEE\"><span style=\"font-size: small\">27 inch<\/span><\/td>\n<\/tr>\n<tr>\n<td valign=\"middle\"><span style=\"font-size: small\">\u0110\u1ed9 ph\u00e2n gi\u1ea3i<\/span><\/td>\n<td><span style=\"font-size: small\">1920 x 1080<\/span><\/td>\n<\/tr>\n<tr>\n<td valign=\"middle\" bgcolor=\"#EEEEEE\"><span style=\"font-size: small\">T\u1ea5m n\u1ec1n\u00a0\u00a0<\/span><\/td>\n<td bgcolor=\"#EEEEEE\"><span style=\"font-size: small\">TN<\/span><\/td>\n<\/tr>\n<tr>\n<td valign=\"middle\"><span style=\"font-size: small\">B\u1ec1 m\u1eb7t hi\u1ec3n th\u1ecb<\/span><\/td>\n<td><span style=\"font-size: small\">Ch\u1ed1ng l\u00f3a 3H<\/span><\/td>\n<\/tr>\n<tr>\n<td valign=\"middle\" bgcolor=\"#EEEEEE\"><span style=\"font-size: small\">T\u1ed1c \u0111\u1ed9 l\u00e0m t\u01b0\u01a1i<\/span><\/td>\n<td bgcolor=\"#EEEEEE\"><span style=\"font-size: small\">144Hz<\/span><\/td>\n<\/tr>\n<tr>\n<td valign=\"middle\"><span style=\"font-size: small\">Th\u1eddi gian \u0111\u00e1p \u1ee9ng<\/span><\/td>\n<td><span style=\"font-size: small\">1 ms (GTG)<\/span><\/td>\n<\/tr>\n<tr>\n<td valign=\"middle\" bgcolor=\"#EEEEEE\"><span style=\"font-size: small\">\u0110\u1ed9 s\u00e1ng (nits)<\/span><\/td>\n<td bgcolor=\"#EEEEEE\"><span style=\"font-size: small\">400 cd \/ m2<\/span><\/td>\n<\/tr>\n<tr>\n<td valign=\"middle\"><span style=\"font-size: small\">G\u00f3c nh\u00ecn<\/span><\/td>\n<td><span style=\"font-size: small\">170\u00b0\/160\u00b0<\/span><\/td>\n<\/tr>\n<tr>\n<td valign=\"middle\" bgcolor=\"#EEEEEE\"><span style=\"font-size: small\">T\u1ef7 l\u1ec7 khung h\u00ecnh<\/span><\/td>\n<td bgcolor=\"#EEEEEE\"><span style=\"font-size: small\">16:9<\/span><\/td>\n<\/tr>\n<tr>\n<td valign=\"middle\"><span style=\"font-size: small\">T\u01b0\u01a1ng ph\u1ea3n (t\u1ed1i \u0111a)<\/span><\/td>\n<td><span style=\"font-size: small\">1000:1 (Typical)<\/span><\/td>\n<\/tr>\n<tr>\n<td valign=\"middle\" bgcolor=\"#EEEEEE\"><span style=\"font-size: small\">\u0110\u1ed9 cong<\/span><\/td>\n<td bgcolor=\"#EEEEEE\"><span style=\"font-size: small\">n\/a<\/span><\/td>\n<\/tr>\n<tr>\n<td valign=\"middle\"><span style=\"font-size: small\">M\u00e0u hi\u1ec3n th\u1ecb<\/span><\/td>\n<td><span style=\"font-size: small\">16.7M<\/span><\/td>\n<\/tr>\n<tr>\n<td valign=\"middle\" bgcolor=\"#EEEEEE\"><span style=\"font-size: small\">C\u1ed5ng xu\u1ea5t h\u00ecnh<\/span><\/td>\n<td valign=\"middle\" bgcolor=\"#EEEEEE\"><span style=\"font-size: small\">1x HDMI, 1x DVI<br \/>1x DP 1.2<\/span><\/td>\n<\/tr>\n<tr>\n<td valign=\"middle\"><span style=\"font-size: small\">Tr\u1ecdng l\u01b0\u1ee3ng<\/span><\/td>\n<td><span style=\"font-size: small\">5.6 kg<\/span><\/td>\n<\/tr>\n<tr>\n<td valign=\"middle\" bgcolor=\"#EEEEEE\"><span style=\"font-size: small\">C\u1ed5ng \u00e2m thanh<\/span><\/td>\n<td bgcolor=\"#EEEEEE\"><span style=\"font-size: small\">3.5mm<\/span><\/td>\n<\/tr>\n<tr>\n<td valign=\"middle\"><span style=\"font-size: small\">Ti\u00eau th\u1ee5 n\u0103ng l\u01b0\u1ee3ng<\/span><\/td>\n<td><span style=\"font-size: small\">40W<\/span><\/td>\n<\/tr>\n<tr>\n<td valign=\"middle\" bgcolor=\"#EEEEEE\"><span style=\"font-size: small\">Loa<\/span><\/td>\n<td bgcolor=\"#EEEEEE\"><span style=\"font-size: small\">2w x2<\/span><\/td>\n<\/tr>\n<tr>\n<td valign=\"middle\"><span style=\"font-size: small\">Ng\u00e0m treo t\u01b0\u1eddng VESA<\/span><\/td>\n<td><span style=\"font-size: small\">100 x 100 mm<\/span><\/td>\n<\/tr>\n<tr>\n<td valign=\"middle\" bgcolor=\"#EEEEEE\"><span style=\"font-size: small\">C\u00f4ng ngh\u1ec7 h\u1ed7 tr\u1ee3 d\u1eb7c bi\u1ec7t<\/span><\/td>\n<td bgcolor=\"#EEEEEE\"><span style=\"font-size: small\">G-sync<\/span><\/td>\n<\/tr>\n<\/tbody>\n<\/table>\n<\/div>\n<\/div>\n<div class=\"showText tabs\" id=\"tab2\">\n                                    <\/div>","protected":false},"excerpt":{"rendered":"<ul>\n<h1 class=\"product-slogan\" style=\"text-align: justify\"><span style=\"font-size: medium\">ASUS VG278Q Gaming Monitor &#8211; 27inch,<\/span><br \/><span style=\"font-size: medium\">Full HD, 1ms, 144Hz, G-SYNC Compatible, Adaptive-Sync<\/span><\/h1>\n<div class=\"product-intro\">\n<ul>\n<li><span style=\"font-size: medium\">27inch Full HD gaming monitor with an ultra-fast 144Hz refresh rate and Adaptive-Sync technology to eliminate screen tearing and choppy frame rates<\/span><\/li>\n<li>Certified as G-SYNC Compatible, delivering a seamless, tear-free gaming experience by enabling VRR (variable refresh rate) by default.<\/li>\n<li>1ms response time for smooth gameplay, and ASUS Extreme Low Motion Blur (ELMB) Technology to further reduce ghosting and motion blur<\/li>\n<li>GameFast Input Technology minimizes input lag and provides much faster motion delivery from end devices to monitor<\/li>\n<li>ASUS-exclusive GamePlus hotkey for in-game enhancements while GameVisual for optimized visuals<\/li>\n<li>Supports both Adaptive-Sync with NVIDIA GeForce* graphics cards and FreeSync with AMD Radeon graphics cards *Compatible with NVIDIA GeForce GTX 10 series, GTX 16 series, RTX 20 series and newer graphics cards<\/li>\n<\/ul>\n<\/div>\n<p><label class=\"checkbox add-to-list\"><\/label><\/p>\n<\/ul>","protected":false},"featured_media":13238,"comment_status":"closed","ping_status":"closed","template":"","meta":[],"pwb-brand":[],"product_cat":[2909],"product_tag":[],"class_list":{"0":"post-13237","1":"product","2":"type-product","3":"status-publish","4":"has-post-thumbnail","6":"product_cat-man-hinh-may-tinh","8":"first","9":"instock","10":"shipping-taxable","11":"product-type-simple"},"brands":[],"_links":{"self":[{"href":"https:\/\/serverhot.vn\/id\/wp-json\/wp\/v2\/product\/13237","targetHints":{"allow":["GET"]}}],"collection":[{"href":"https:\/\/serverhot.vn\/id\/wp-json\/wp\/v2\/product"}],"about":[{"href":"https:\/\/serverhot.vn\/id\/wp-json\/wp\/v2\/types\/product"}],"replies":[{"embeddable":true,"href":"https:\/\/serverhot.vn\/id\/wp-json\/wp\/v2\/comments?post=13237"}],"wp:featuredmedia":[{"embeddable":true,"href":"https:\/\/serverhot.vn\/id\/wp-json\/wp\/v2\/media\/13238"}],"wp:attachment":[{"href":"https:\/\/serverhot.vn\/id\/wp-json\/wp\/v2\/media?parent=13237"}],"wp:term":[{"taxonomy":"pwb-brand","embeddable":true,"href":"https:\/\/serverhot.vn\/id\/wp-json\/wp\/v2\/pwb-brand?post=13237"},{"taxonomy":"product_cat","embeddable":true,"href":"https:\/\/serverhot.vn\/id\/wp-json\/wp\/v2\/product_cat?post=13237"},{"taxonomy":"product_tag","embeddable":true,"href":"https:\/\/serverhot.vn\/id\/wp-json\/wp\/v2\/product_tag?post=13237"}],"curies":[{"name":"wp","href":"https:\/\/api.w.org\/{rel}","templated":true}]}}