{"id":13513,"date":"2024-07-06T13:30:08","date_gmt":"2024-07-06T06:30:08","guid":{"rendered":"https:\/\/serverhot.vn\/-product-\/camera-quan-sat-ngoai-troi-ezviz-cs-c3x-2mp-2-0megapixel-ma-san-pham-cs-c3x\/"},"modified":"2024-07-06T13:30:11","modified_gmt":"2024-07-06T06:30:11","slug":"camera-quan-sat-ngoai-troi-ezviz-cs-c3x-2mp-2-0megapixel-ma-san-pham-cs-c3x","status":"publish","type":"product","link":"https:\/\/serverhot.vn\/id\/-product-\/camera-quan-sat-ngoai-troi-ezviz-cs-c3x-2mp-2-0megapixel-ma-san-pham-cs-c3x\/","title":{"rendered":"Camera quan sa\u0301t ngo\u00e0i tr\u01a1\u0300i EZVIZ CS-C3X &#8211; 2MP 2.0Megapixel M\u00e3 s\u1ea3n ph\u1ea9m: CS-C3X"},"content":{"rendered":"<div class=\"showText tabs\" id=\"tab2\">\n<div class=\"box_right_pro_view\">\n<div class=\"thongso_pro a_technical\" style=\"max-height: fit-content\">\n<table class=\"pro_infobox\">\n<tbody>\n<tr class=\"line firstRow\">\n<th class=\"title\" colspan=\"3\" rowspan=\"1\">Th\u00f4ng s\u1ed1 model<\/th>\n<\/tr>\n<tr class=\"lines\">\n<th colspan=\"1\" rowspan=\"1\" width=\"200\">Model<\/th>\n<td class=\"tdline3\" colspan=\"2\" rowspan=\"1\">CS-CV310-C3-6B22WFR<\/td>\n<\/tr>\n<tr class=\"line\">\n<th class=\"title\" colspan=\"3\" rowspan=\"1\">Camera<\/th>\n<\/tr>\n<tr class=\"lines\">\n<th colspan=\"1\" rowspan=\"1\" width=\"200\">C\u1ea3m bi\u1ebfn h\u00ecnh \u1ea3nh<\/th>\n<td class=\"tdline3\" colspan=\"2\" rowspan=\"1\">CMOS qu\u00e9t l\u0169y ti\u1ebfn 1\/2,7&#8243;<\/td>\n<\/tr>\n<tr class=\"lines\">\n<th colspan=\"1\" rowspan=\"1\" width=\"200\">T\u1ed1c \u0111\u1ed9 m\u00e0n tr\u1eadp<\/th>\n<td class=\"tdline3\" colspan=\"2\" rowspan=\"1\">M\u00e0n tr\u1eadp t\u1ef1 \u0111i\u1ec1u ch\u1ec9nh<\/td>\n<\/tr>\n<tr class=\"lines\">\n<th colspan=\"1\" rowspan=\"1\" width=\"200\">\u1ed0ng k\u00ednh<\/th>\n<td class=\"tdline3\" colspan=\"2\" rowspan=\"1\">4 mm @F1.6, g\u00f3c nh\u00ecn: 89\u00b0 (ngang), 106\u00b0 (ch\u00e9o)<\/td>\n<\/tr>\n<tr class=\"lines\">\n<th colspan=\"1\" rowspan=\"1\" width=\"200\">\u0110\u1ed9 chi\u1ebfu s\u00e1ng t\u1ed1i thi\u1ec3u<\/th>\n<td class=\"tdline3\" colspan=\"2\" rowspan=\"1\">ghi h\u00ecnh m\u00e0u v\u00e0o ban \u0111\u00eam, 0.005 lux<\/td>\n<\/tr>\n<tr class=\"lines\">\n<th colspan=\"1\" rowspan=\"1\" width=\"200\">Ng\u00e0m \u1ed1ng k\u00ednh<\/th>\n<td class=\"tdline3\" colspan=\"2\" rowspan=\"1\">M8<\/td>\n<\/tr>\n<tr class=\"lines\">\n<th colspan=\"1\" rowspan=\"1\" width=\"200\">DNR (Gi\u1ea3m nhi\u1ec5u k\u1ef9 thu\u1eadt s\u1ed1)<\/th>\n<td class=\"tdline3\" colspan=\"2\" rowspan=\"1\">DNR 3D<\/td>\n<\/tr>\n<tr class=\"lines\">\n<th colspan=\"1\" rowspan=\"1\" width=\"200\">C\u00f4ng ngh\u1ec7 WDR<\/th>\n<td class=\"tdline3\" colspan=\"2\" rowspan=\"1\">WDR k\u1ef9 thu\u1eadt s\u1ed1<\/td>\n<\/tr>\n<tr class=\"line\">\n<th class=\"title\" colspan=\"3\" rowspan=\"1\">C\u00f4ng ngh\u1ec7 n\u00e9n<\/th>\n<\/tr>\n<tr class=\"lines\">\n<th colspan=\"1\" rowspan=\"1\" width=\"200\">Chu\u1ea9n n\u00e9n video<\/th>\n<td class=\"tdline3\" colspan=\"2\" rowspan=\"1\">H.264 \/ H.265<\/td>\n<\/tr>\n<tr class=\"lines\">\n<th colspan=\"1\" rowspan=\"1\" width=\"200\">Bitrate c\u1ee7a video<\/th>\n<td class=\"tdline3\" colspan=\"2\" rowspan=\"1\">Ultra-HD; HD; Chu\u1ea9n. Bitrate t\u1ef1 \u0111i\u1ec1u ch\u1ec9nh.<\/td>\n<\/tr>\n<tr class=\"line\">\n<th class=\"title\" colspan=\"3\" rowspan=\"1\">H\u00ecnh \u1ea3nh<\/th>\n<\/tr>\n<tr class=\"lines\">\n<th colspan=\"1\" rowspan=\"1\" width=\"200\">\u0110\u1ed9 ph\u00e2n gi\u1ea3i t\u1ed1i \u01b0u<\/th>\n<td class=\"tdline3\" colspan=\"2\" rowspan=\"1\">1920 \u00d7 1080<\/td>\n<\/tr>\n<tr class=\"lines\">\n<th colspan=\"1\" rowspan=\"1\" width=\"200\">T\u1ef7 l\u1ec7 khung h\u00ecnh<\/th>\n<td class=\"tdline3\" colspan=\"2\" rowspan=\"1\">50Hz: 25fps; T\u1ef1 \u0111i\u1ec1u ch\u1ec9nh trong qu\u00e1 tr\u00ecnh truy\u1ec1n d\u1eef li\u1ec7u qua m\u1ea1ng<\/td>\n<\/tr>\n<tr class=\"lines\">\n<th colspan=\"1\" rowspan=\"1\" width=\"200\">BLC<\/th>\n<td class=\"tdline3\" colspan=\"2\" rowspan=\"1\">H\u1ed7 tr\u1ee3<\/td>\n<\/tr>\n<tr class=\"line\">\n<th class=\"title\" colspan=\"3\" rowspan=\"1\">Giao di\u1ec7n<\/th>\n<\/tr>\n<tr class=\"lines\">\n<th colspan=\"1\" rowspan=\"1\" width=\"200\">L\u01b0u tr\u1eef<\/th>\n<td class=\"tdline3\" colspan=\"2\" rowspan=\"1\">Khe c\u1eafm th\u1ebb nh\u1edb MicroSD (T\u1ed1i \u0111a 256 GB)<\/td>\n<\/tr>\n<tr class=\"lines\">\n<th colspan=\"1\" rowspan=\"1\" width=\"200\">M\u1ea1ng c\u00f3 d\u00e2y<\/th>\n<td class=\"tdline3\" colspan=\"2\" rowspan=\"1\">RJ45 X 1 (C\u1ed5ng Ethernet t\u1ef1 th\u00edch \u1ee9ng 10M\/100M)<\/td>\n<\/tr>\n<tr class=\"line\">\n<th class=\"title\" colspan=\"3\" rowspan=\"1\">M\u1ea1ng<\/th>\n<\/tr>\n<tr class=\"lines\">\n<th colspan=\"1\" rowspan=\"1\" width=\"200\">B\u00e1o \u0111\u1ed9ng th\u00f4ng minh<\/th>\n<td class=\"tdline3\" colspan=\"2\" rowspan=\"1\">Ph\u00e1t hi\u1ec7n chuy\u1ec3n \u0111\u1ed9ng, ph\u00e1t hi\u1ec7n h\u00ecnh d\u00e1ng ng\u01b0\u1eddi, ph\u00e1t hi\u1ec7n h\u00ecnh d\u00e1ng xe<\/td>\n<\/tr>\n<tr class=\"lines\">\n<th colspan=\"1\" rowspan=\"1\" width=\"200\">Thi\u1ebft l\u1eadp v\u00f9ng ph\u00e1t hi\u1ec7n chuy\u1ec3n \u0111\u1ed9ng<\/th>\n<td class=\"tdline3\" colspan=\"2\" rowspan=\"1\">H\u1ed7 tr\u1ee3<\/td>\n<\/tr>\n<tr class=\"lines\">\n<th colspan=\"1\" rowspan=\"1\" width=\"200\">Gh\u00e9p c\u1eb7p Wi-Fi<\/th>\n<td class=\"tdline3\" colspan=\"2\" rowspan=\"1\">Gh\u00e9p c\u1eb7p AP<\/td>\n<\/tr>\n<tr class=\"lines\">\n<th colspan=\"1\" rowspan=\"1\" width=\"200\">Giao th\u1ee9c<\/th>\n<td class=\"tdline3\" colspan=\"2\" rowspan=\"1\">Giao th\u1ee9c EZVIZ cloud<\/td>\n<\/tr>\n<tr class=\"lines\">\n<th colspan=\"1\" rowspan=\"1\" width=\"200\">Giao th\u1ee9c giao di\u1ec7n<\/th>\n<td class=\"tdline3\" colspan=\"2\" rowspan=\"1\">Giao th\u1ee9c EZVIZ cloud<\/td>\n<\/tr>\n<tr class=\"line\">\n<th class=\"title\" colspan=\"3\" rowspan=\"1\">Wi-Fi<\/th>\n<\/tr>\n<tr class=\"lines\">\n<th colspan=\"1\" rowspan=\"1\" width=\"200\">Ti\u00eau chu\u1ea9n<\/th>\n<td class=\"tdline3\" colspan=\"2\" rowspan=\"1\">IEEE802.11b\/g\/n<\/td>\n<\/tr>\n<tr class=\"lines\">\n<th colspan=\"1\" rowspan=\"1\" width=\"200\">D\u1ea3i t\u1ea7n s\u1ed1<\/th>\n<td class=\"tdline3\" colspan=\"2\" rowspan=\"1\">2,4 GHz ~ 2.4835 GHz<\/td>\n<\/tr>\n<tr class=\"lines\">\n<th colspan=\"1\" rowspan=\"1\" width=\"200\">B\u0103ng th\u00f4ng c\u1ee7a k\u00eanh<\/th>\n<td class=\"tdline3\" colspan=\"2\" rowspan=\"1\">H\u1ed7 tr\u1ee3 20 MHz<\/td>\n<\/tr>\n<tr class=\"lines\">\n<th colspan=\"1\" rowspan=\"1\" width=\"200\">B\u1ea3o m\u1eadt<\/th>\n<td class=\"tdline3\" colspan=\"2\" rowspan=\"1\">64 \/ 128-bit WEP, WPA \/ WPA2, WPA-PSK \/ WPA2-PSK<\/td>\n<\/tr>\n<tr class=\"lines\">\n<th colspan=\"1\" rowspan=\"1\" width=\"200\">T\u1ed1c \u0111\u1ed9 truy\u1ec1n<\/th>\n<td class=\"tdline3\" colspan=\"2\" rowspan=\"1\">11b: 11 Mbps, 11g: 54 Mbps, 11n: 144 Mbps<\/td>\n<\/tr>\n<tr class=\"line\">\n<th class=\"title\" colspan=\"3\" rowspan=\"1\">Th\u00f4ng tin chung<\/th>\n<\/tr>\n<tr class=\"lines\">\n<th colspan=\"1\" rowspan=\"1\" width=\"200\">Ngu\u1ed3n \u0111i\u1ec7n<\/th>\n<td class=\"tdline3\" colspan=\"2\" rowspan=\"1\">\u0110i\u1ec7n m\u1ed9t chi\u1ec1u 12V\u00b110%<\/td>\n<\/tr>\n<tr class=\"lines\">\n<th colspan=\"1\" rowspan=\"1\" width=\"200\">Ti\u00eau th\u1ee5 \u0111i\u1ec7n<\/th>\n<td class=\"tdline3\" colspan=\"2\" rowspan=\"1\">T\u1ed1i \u0111a 12W<\/td>\n<\/tr>\n<tr class=\"lines\">\n<th colspan=\"1\" rowspan=\"1\" width=\"200\">D\u1ea3i tia h\u1ed3ng ngo\u1ea1i<\/th>\n<td class=\"tdline3\" colspan=\"2\" rowspan=\"1\">T\u1ed1i \u0111a 30 m\u00e9t (98,43 feet)<\/td>\n<\/tr>\n<tr class=\"lines\">\n<th colspan=\"1\" rowspan=\"1\" width=\"200\">C\u1ea5p b\u1ea3o v\u1ec7 IP<\/th>\n<td class=\"tdline3\" colspan=\"2\" rowspan=\"1\">IP67<\/td>\n<\/tr>\n<tr class=\"lines\">\n<th colspan=\"1\" rowspan=\"1\" width=\"200\">K\u00edch th\u01b0\u1edbc<\/th>\n<td class=\"tdline3\" colspan=\"2\" rowspan=\"1\">72 x 72 x 150 mm (2,83 x 2,83 x 5,9 inch)<\/td>\n<\/tr>\n<tr class=\"lines\">\n<th colspan=\"1\" rowspan=\"1\" width=\"200\">K\u00edch th\u01b0\u1edbc \u0111\u00f3ng g\u00f3i<\/th>\n<td class=\"tdline3\" colspan=\"2\" rowspan=\"1\">253,5 x 111,5 x 93,5 mm (9,98 x 4,39 x 3,68 inch)<\/td>\n<\/tr>\n<tr class=\"lines\">\n<th colspan=\"1\" rowspan=\"1\" width=\"200\">Tr\u1ecdng l\u01b0\u1ee3ng<\/th>\n<td class=\"tdline3\" colspan=\"2\" rowspan=\"1\">425g (0,94 lb)<\/td>\n<\/tr>\n<tr class=\"line\">\n<th class=\"title\" colspan=\"3\" rowspan=\"1\">Chi ti\u1ebft b\u1ed9 s\u1ea3n ph\u1ea9m<\/th>\n<\/tr>\n<tr class=\"lines\">\n<th colspan=\"1\" rowspan=\"1\" width=\"200\">Chi ti\u1ebft b\u1ed9 s\u1ea3n ph\u1ea9m<\/th>\n<td class=\"tdline3\" colspan=\"2\" rowspan=\"1\">Camera C3X; T\u1ea5m m\u1eabu khoan; B\u1ed9 v\u00edt; B\u1ed9 ch\u1ed1ng th\u1ea5m n\u01b0\u1edbc; B\u1ed9 ngu\u1ed3n 1.5m (4,9 ft); H\u01b0\u1edbng d\u1eabn s\u1eed d\u1ee5ng nhanh<\/td>\n<\/tr>\n<tr class=\"line\">\n<th class=\"title\" colspan=\"3\" rowspan=\"1\">M\u00f4i tr\u01b0\u1eddng ho\u1ea1t \u0111\u1ed9ng<\/th>\n<\/tr>\n<tr class=\"lines\">\n<th colspan=\"1\" rowspan=\"1\" width=\"200\">Nhi\u1ec7t \u0111\u1ed9<\/th>\n<td class=\"tdline3\" colspan=\"2\" rowspan=\"1\">-30\u00b0C \u0111\u1ebfn 60\u00b0C (-22\u00b0F \u0111\u1ebfn 140\u00b0F )<\/td>\n<\/tr>\n<tr class=\"lines\">\n<th colspan=\"1\" rowspan=\"1\" width=\"200\">\u0110\u1ed9 \u1ea9m<\/th>\n<td class=\"tdline3\" colspan=\"2\" rowspan=\"1\">95% ho\u1eb7c nh\u1ecf h\u01a1n (kh\u00f4ng ng\u01b0ng t\u1ee5)<\/td>\n<\/tr>\n<tr class=\"line\">\n<th class=\"title\" colspan=\"3\" rowspan=\"1\">Ch\u1ee9ng nh\u1eadn<\/th>\n<\/tr>\n<tr class=\"lines\">\n<th colspan=\"1\" rowspan=\"1\" width=\"200\">Ch\u1ee9ng nh\u1eadn<\/th>\n<td class=\"tdline3\" colspan=\"2\" rowspan=\"1\">UL\/FCC\/CE\/WEEE\/REACH\/RoHS<\/td>\n<\/tr>\n<\/tbody>\n<\/table><\/div>\n<p>                            <!--                            <\/p>\n<div class=\"xemthem_id_r\">--><br \/>\n                            <!--                                <a><!--\/show\/?token=--><br \/>\n                            <!--\"--><br \/>\n                            <!--                                   class=\"preview fancybox fancybox.ajax\" rel=\"nofollow\"&gt;Xem th&#234;m th&#244;ng s&#7889; k&#7929; thu&#7853;t<\/a>--><br \/>\n                            <!--                            <\/div>\n<p>-->\n                        <\/p><\/div>\n<\/p><\/div>","protected":false},"excerpt":{"rendered":"<ul>\n<h5 style=\"margin: 0px 0px 10px;padding: 0px;font-family: Arial, Helvetica, sans-serif;line-height: 1.1;color: #333333;font-size: 16px;background-color: #ffffff\">\u0110\u1eb7c \u0111i\u1ec3m n\u1ed5i b\u1eadt<\/h5>\n<div class=\"product_info_special_content\" style=\"margin: 0px;padding: 0px;width: 490px;color: #333333;font-family: Arial, Helvetica, sans-serif;font-size: 14px;background-color: #ffffff\">\n<ul style=\"margin: 0px 0px 10px;padding: 0px\">\n<li style=\"margin: 0px;padding: 0px 0px 0px 15px;position: relative;line-height: 22px\"><span style=\"margin: 0px;padding: 0px;font-weight: bold\">\u1ed0ng k\u00ednh k\u00e9p<\/span>\u00a0th\u00f4ng minh<\/li>\n<li style=\"margin: 0px;padding: 0px 0px 0px 15px;position: relative;line-height: 22px\"><span style=\"margin: 0px;padding: 0px;font-weight: bold\">Gi\u00e1m s\u00e1t t\u1eeb xa<\/span>\u00a0qua \u0111i\u1ec7n tho\u1ea1i.<\/li>\n<li style=\"margin: 0px;padding: 0px 0px 0px 15px;position: relative;line-height: 22px\">H\u00ecnh \u1ea3nh s\u1eafc n\u00e9t Full HD &#8211; 1080p.<\/li>\n<li style=\"margin: 0px;padding: 0px 0px 0px 15px;position: relative;line-height: 22px\"><span style=\"margin: 0px;padding: 0px;font-weight: bold\">C\u00f3 m\u00e0u ban \u0111\u00eam<\/span><\/li>\n<li style=\"margin: 0px;padding: 0px 0px 0px 15px;position: relative;line-height: 22px\">Go\u0301c nhi\u0300n ngang 125\u00b0, go\u0301c nhi\u0300n che\u0301o 104\u00b0.<\/li>\n<li style=\"margin: 0px;padding: 0px 0px 0px 15px;position: relative;line-height: 22px\"><span style=\"margin: 0px;padding: 0px;font-weight: bold\">B\u00e1o \u0111\u1ed9ng<\/span>\u00a0khi c\u00f3 ng\u01b0\u1eddi \u0111\u1ed9t nh\u1eadp.<\/li>\n<li style=\"margin: 0px;padding: 0px 0px 0px 15px;position: relative;line-height: 22px\">\u0110\u00e8n\u00a0<span style=\"margin: 0px;padding: 0px;font-weight: bold\">h\u1ed3ng ngo\u1ea1i quay \u0111\u00eam<\/span>\u00a0l\u00ean \u0111\u1ebfn\u00a0<span style=\"margin: 0px;padding: 0px;font-weight: bold\">30m<\/span>.<\/li>\n<li style=\"margin: 0px;padding: 0px 0px 0px 15px;position: relative;line-height: 22px\">K\u1ebft n\u1ed1i\u00a0<span style=\"margin: 0px;padding: 0px;font-weight: bold\">Wifi<\/span>\u00a0kh\u00f4ng d\u00e2y ho\u1eb7c d\u00e2y\u00a0<span style=\"margin: 0px;padding: 0px;font-weight: bold\">lan<\/span>.<\/li>\n<li style=\"margin: 0px;padding: 0px 0px 0px 15px;position: relative;line-height: 22px\">H\u1ed7 tr\u1ee3\u00a0<span style=\"margin: 0px;padding: 0px;font-weight: bold\">khe c\u1eafm th\u1ebb nh\u1edb<\/span>\u00a0(max\u00a0<span style=\"margin: 0px;padding: 0px;font-weight: bold\">256GB<\/span>).<\/li>\n<li style=\"margin: 0px;padding: 0px 0px 0px 15px;position: relative;line-height: 22px\">Chu\u1ea9n\u00a0<span style=\"margin: 0px;padding: 0px;font-weight: bold\">ch\u1ed1ng n\u01b0\u1edbc<\/span>\u00a0IP67.<\/li>\n<li style=\"margin: 0px;padding: 0px 0px 0px 15px;position: relative;line-height: 22px\">Ti\u1ebft ki\u1ec7m \u0111i\u1ec7n h\u00e0ng th\u00e1ng (<span style=\"margin: 0px;padding: 0px;font-weight: bold\">12v<\/span>).<\/li>\n<li style=\"margin: 0px;padding: 0px 0px 0px 15px;position: relative;line-height: 22px\">Ph\u00f9 h\u1ee3p l\u1eafp \u0111\u1eb7t\u00a0<span style=\"margin: 0px;padding: 0px;font-weight: bold\">ngo\u00e0i tr\u1eddi<\/span>&#8230;<\/li>\n<\/ul>\n<\/div>\n<\/ul>","protected":false},"featured_media":13514,"comment_status":"closed","ping_status":"closed","template":"","meta":[],"pwb-brand":[],"product_cat":[2911],"product_tag":[],"class_list":{"0":"post-13513","1":"product","2":"type-product","3":"status-publish","4":"has-post-thumbnail","6":"product_cat-thiet-bi-camera","8":"first","9":"instock","10":"shipping-taxable","11":"product-type-simple"},"brands":[],"_links":{"self":[{"href":"https:\/\/serverhot.vn\/id\/wp-json\/wp\/v2\/product\/13513","targetHints":{"allow":["GET"]}}],"collection":[{"href":"https:\/\/serverhot.vn\/id\/wp-json\/wp\/v2\/product"}],"about":[{"href":"https:\/\/serverhot.vn\/id\/wp-json\/wp\/v2\/types\/product"}],"replies":[{"embeddable":true,"href":"https:\/\/serverhot.vn\/id\/wp-json\/wp\/v2\/comments?post=13513"}],"wp:featuredmedia":[{"embeddable":true,"href":"https:\/\/serverhot.vn\/id\/wp-json\/wp\/v2\/media\/13514"}],"wp:attachment":[{"href":"https:\/\/serverhot.vn\/id\/wp-json\/wp\/v2\/media?parent=13513"}],"wp:term":[{"taxonomy":"pwb-brand","embeddable":true,"href":"https:\/\/serverhot.vn\/id\/wp-json\/wp\/v2\/pwb-brand?post=13513"},{"taxonomy":"product_cat","embeddable":true,"href":"https:\/\/serverhot.vn\/id\/wp-json\/wp\/v2\/product_cat?post=13513"},{"taxonomy":"product_tag","embeddable":true,"href":"https:\/\/serverhot.vn\/id\/wp-json\/wp\/v2\/product_tag?post=13513"}],"curies":[{"name":"wp","href":"https:\/\/api.w.org\/{rel}","templated":true}]}}