{"id":13691,"date":"2024-08-01T10:30:08","date_gmt":"2024-08-01T03:30:08","guid":{"rendered":"https:\/\/serverhot.vn\/-product-\/thiet-bi-tuong-lua-firewall-fortigate-fg-200e-ma-san-pham-fg-200e\/"},"modified":"2024-08-01T10:30:11","modified_gmt":"2024-08-01T03:30:11","slug":"thiet-bi-tuong-lua-firewall-fortigate-fg-200e-ma-san-pham-fg-200e","status":"publish","type":"product","link":"https:\/\/serverhot.vn\/id\/-product-\/thiet-bi-tuong-lua-firewall-fortigate-fg-200e-ma-san-pham-fg-200e\/","title":{"rendered":"Thi\u1ebft b\u1ecb T\u01b0\u1eddng l\u1eeda Firewall FortiGate FG-200E M\u00e3 s\u1ea3n ph\u1ea9m: FG-200E"},"content":{"rendered":"<div class=\"showText tabs\" id=\"tab2\">\n<div class=\"box_right_pro_view\">\n<div class=\"thongso_pro a_technical\" style=\"max-height: fit-content\">\n<p>\u00a0<\/p>\n<table dir=\"ltr\" border=\"1\" cellspacing=\"0\" cellpadding=\"0\" data-sheets-root=\"1\">\n<colgroup>\n<col width=\"671\">\n<col width=\"200\">\n<col width=\"200\"><\/colgroup>\n<tbody>\n<tr>\n<td>\u00a0<\/td>\n<td data-sheets-value=\"{\">FortiGate 200E<\/td>\n<td data-sheets-value=\"{\">FortiGate 201E<\/td>\n<\/tr>\n<tr>\n<td colspan=\"3\" rowspan=\"1\" data-sheets-value=\"{\">Hardware Specifications<\/td>\n<\/tr>\n<tr>\n<td data-sheets-value=\"{\">GE RJ45 WAN Interfaces<\/td>\n<td data-sheets-value=\"{\">2<\/td>\n<td data-sheets-value=\"{\">2<\/td>\n<\/tr>\n<tr>\n<td data-sheets-value=\"{\">GE RJ45 Management\/HA Ports<\/td>\n<td data-sheets-value=\"{\">2<\/td>\n<td data-sheets-value=\"{\">2<\/td>\n<\/tr>\n<tr>\n<td data-sheets-value=\"{\">GE RJ45 Ports<\/td>\n<td data-sheets-value=\"{\">14<\/td>\n<td data-sheets-value=\"{\">14<\/td>\n<\/tr>\n<tr>\n<td data-sheets-value=\"{\">GE SFP Slots<\/td>\n<td data-sheets-value=\"{\">4<\/td>\n<td data-sheets-value=\"{\">4<\/td>\n<\/tr>\n<tr>\n<td data-sheets-value=\"{\">USB (Client \/ Server)<\/td>\n<td data-sheets-value=\"{\">1 \/ 1<\/td>\n<td data-sheets-value=\"{\">1 \/ 1<\/td>\n<\/tr>\n<tr>\n<td data-sheets-value=\"{\">Console (RJ45)<\/td>\n<td data-sheets-value=\"{\">1<\/td>\n<td data-sheets-value=\"{\">1<\/td>\n<\/tr>\n<tr>\n<td data-sheets-value=\"{\">Local Storage<\/td>\n<td data-sheets-value=\"{\">&#8211;<\/td>\n<td data-sheets-value=\"{\">480 GB<\/td>\n<\/tr>\n<tr>\n<td data-sheets-value=\"{\">Included Transceivers<\/td>\n<td data-sheets-value=\"{\">0<\/td>\n<td data-sheets-value=\"{\">0<\/td>\n<\/tr>\n<tr>\n<td colspan=\"3\" rowspan=\"1\" data-sheets-value=\"{\">System Performance<\/td>\n<\/tr>\n<tr>\n<td data-sheets-value=\"{\">Firewall Throughput (1518 \/ 512 \/ 64 byte UDP packets)<\/td>\n<td colspan=\"2\" rowspan=\"1\" data-sheets-value=\"{\">20 \/ 20 \/ 9 Gbps<\/td>\n<\/tr>\n<tr>\n<td data-sheets-value=\"{\">Firewall Latency (64 byte UDP packets)<\/td>\n<td colspan=\"2\" rowspan=\"1\" data-sheets-value=\"{\">3 \u03bcs<\/td>\n<\/tr>\n<tr>\n<td data-sheets-value=\"{\">Firewall Throughput (Packets Per Second)<\/td>\n<td colspan=\"2\" rowspan=\"1\" data-sheets-value=\"{\">13.5 Mpps<\/td>\n<\/tr>\n<tr>\n<td data-sheets-value=\"{\">Concurrent Sessions (TCP)<\/td>\n<td colspan=\"2\" rowspan=\"1\" data-sheets-value=\"{\">2 Million<\/td>\n<\/tr>\n<tr>\n<td data-sheets-value=\"{\">New Sessions\/Second (TCP)<\/td>\n<td colspan=\"2\" rowspan=\"1\" data-sheets-value=\"{\">135<\/td>\n<\/tr>\n<tr>\n<td data-sheets-value=\"{\">Firewall Policies<\/td>\n<td colspan=\"2\" rowspan=\"1\" data-sheets-value=\"{\">10<\/td>\n<\/tr>\n<tr>\n<td data-sheets-value=\"{\">IPsec VPN Throughput (512 byte packets)<\/td>\n<td colspan=\"2\" rowspan=\"1\" data-sheets-value=\"{\">9 Gbps<\/td>\n<\/tr>\n<tr>\n<td data-sheets-value=\"{\">Gateway-to-Gateway IPsec VPN Tunnels<\/td>\n<td colspan=\"2\" rowspan=\"1\" data-sheets-value=\"{\">2<\/td>\n<\/tr>\n<tr>\n<td data-sheets-value=\"{\">Client-to-Gateway IPsec VPN Tunnels<\/td>\n<td colspan=\"2\" rowspan=\"1\" data-sheets-value=\"{\">5<\/td>\n<\/tr>\n<tr>\n<td data-sheets-value=\"{\">SSL-VPN Throughput<\/td>\n<td colspan=\"2\" rowspan=\"1\" data-sheets-value=\"{\">900 Mbps<\/td>\n<\/tr>\n<tr>\n<td data-sheets-value=\"{\">Concurrent SSL-VPN Users (Recommended Maximum)<\/td>\n<td colspan=\"2\" rowspan=\"1\" data-sheets-value=\"{\">300<\/td>\n<\/tr>\n<tr>\n<td data-sheets-value=\"{\">IPS Throughput (HTTP \/ Enterprise Mix) 1<\/td>\n<td colspan=\"2\" rowspan=\"1\" data-sheets-value=\"{\">6 Gbps \/ 2.2 Gbps<\/td>\n<\/tr>\n<tr>\n<td data-sheets-value=\"{\">SSL Inspection Throughput 2<\/td>\n<td colspan=\"2\" rowspan=\"1\" data-sheets-value=\"{\">1 Gbps<\/td>\n<\/tr>\n<tr>\n<td data-sheets-value=\"{\">Application Control Throughput 3<\/td>\n<td colspan=\"2\" rowspan=\"1\" data-sheets-value=\"{\">3.5 Gbps<\/td>\n<\/tr>\n<tr>\n<td data-sheets-value=\"{\">NGFW Throughput 4<\/td>\n<td colspan=\"2\" rowspan=\"1\" data-sheets-value=\"{\">1.8 Gbps<\/td>\n<\/tr>\n<tr>\n<td data-sheets-value=\"{\">Threat Protection Throughput 5<\/td>\n<td colspan=\"2\" rowspan=\"1\" data-sheets-value=\"{\">1.2 Gbps<\/td>\n<\/tr>\n<tr>\n<td data-sheets-value=\"{\">CAPWAP Throughput 6<\/td>\n<td colspan=\"2\" rowspan=\"1\" data-sheets-value=\"{\">1.5 Gbps<\/td>\n<\/tr>\n<tr>\n<td data-sheets-value=\"{\">Virtual Domains (Default \/ Maximum)<\/td>\n<td colspan=\"2\" rowspan=\"1\" data-sheets-value=\"{\">10 \/ 10<\/td>\n<\/tr>\n<tr>\n<td data-sheets-value=\"{\">Maximum Number of FortiAPs (Total \/ Tunnel Mode)<\/td>\n<td colspan=\"2\" rowspan=\"1\" data-sheets-value=\"{\">128 \/ 64<\/td>\n<\/tr>\n<tr>\n<td data-sheets-value=\"{\">Maximum Number of FortiTokens<\/td>\n<td colspan=\"2\" rowspan=\"1\" data-sheets-value=\"{\">1<\/td>\n<\/tr>\n<tr>\n<td data-sheets-value=\"{\">Maximum Number of Registered FortiClients<\/td>\n<td colspan=\"2\" rowspan=\"1\" data-sheets-value=\"{\">600<\/td>\n<\/tr>\n<tr>\n<td data-sheets-value=\"{\">High Availability Configurations<\/td>\n<td colspan=\"2\" rowspan=\"1\" data-sheets-value=\"{\">Active \/ Active, Active \/ Passive, Clustering<\/td>\n<\/tr>\n<tr>\n<td colspan=\"3\" rowspan=\"1\" data-sheets-value=\"{\">Dimensions<\/td>\n<\/tr>\n<tr>\n<td width=\"\" height=\"\" data-sheets-value=\"{\">Height x Width x Length (inches)<\/td>\n<td colspan=\"2\" rowspan=\"1\" data-sheets-value=\"{\">1.7 x 17.0 x 11.9<\/td>\n<\/tr>\n<tr>\n<td width=\"\" height=\"\" data-sheets-value=\"{\">Height x Width x Length (mm)<\/td>\n<td colspan=\"2\" rowspan=\"1\" data-sheets-value=\"{\">44 x 432 x 301<\/td>\n<\/tr>\n<tr>\n<td data-sheets-value=\"{\">Weight<\/td>\n<td data-sheets-value=\"{\">11.9 lbs (5.4 kg)<\/td>\n<td data-sheets-value=\"{\">12.12 lbs (5.5 kg)<\/td>\n<\/tr>\n<tr>\n<td data-sheets-value=\"{\">Form Factor<\/td>\n<td colspan=\"2\" rowspan=\"1\" data-sheets-value=\"{\">Rack Mount, 1 RU<\/td>\n<\/tr>\n<tr>\n<td colspan=\"3\" rowspan=\"1\" data-sheets-value=\"{\">Environment<\/td>\n<\/tr>\n<tr>\n<td data-sheets-value=\"{\">Power Required<\/td>\n<td colspan=\"2\" rowspan=\"1\" data-sheets-value=\"{\">100\u2013240V AC, 60\u201350 Hz<\/td>\n<\/tr>\n<tr>\n<td data-sheets-value=\"{\">Maximum Current<\/td>\n<td data-sheets-value=\"{\">110 V \/ 3 A, 220 V \/ 1.5 A<\/td>\n<td data-sheets-value=\"{\">110 V \/ 7 A, 220 V \/ 3.5 A<\/td>\n<\/tr>\n<tr>\n<td data-sheets-value=\"{\">Power Consumption (Average \/ Maximum)<\/td>\n<td colspan=\"2\" rowspan=\"1\" data-sheets-value=\"{\">70.98 \/ 109.9 W<\/td>\n<\/tr>\n<tr>\n<td data-sheets-value=\"{\">Heat Dissipation<\/td>\n<td colspan=\"2\" rowspan=\"1\" data-sheets-value=\"{\">374.9 BTU\/h<\/td>\n<\/tr>\n<tr>\n<td data-sheets-value=\"{\">Operating Temperature<\/td>\n<td colspan=\"2\" rowspan=\"1\" data-sheets-value=\"{\">32\u2013104\u00b0F (0\u201340\u00b0C)<\/td>\n<\/tr>\n<tr>\n<td data-sheets-value=\"{\">Storage Temperature<\/td>\n<td colspan=\"2\" rowspan=\"1\" data-sheets-value=\"{\">-31\u2013158\u00b0F (-35\u201370\u00b0C)<\/td>\n<\/tr>\n<tr>\n<td data-sheets-value=\"{\">Humidity<\/td>\n<td colspan=\"2\" rowspan=\"1\" data-sheets-value=\"{\">10\u201390% non-condensing<\/td>\n<\/tr>\n<tr>\n<td data-sheets-value=\"{\">Operating Altitude<\/td>\n<td colspan=\"2\" rowspan=\"1\" data-sheets-value=\"{\">Up to 7,400 ft (2,250 m)<\/td>\n<\/tr>\n<tr>\n<td colspan=\"3\" rowspan=\"1\" data-sheets-value=\"{\">Compliance<\/td>\n<\/tr>\n<tr>\n<td data-sheets-value=\"{\">Safety<\/td>\n<td class=\"\" colspan=\"2\" rowspan=\"1\" data-sheets-value=\"{\">FCC Part 15B, Class A, CE, RCM, VCCI, UL\/cUL, CB, BSMI<\/td>\n<\/tr>\n<tr>\n<td colspan=\"3\" rowspan=\"1\" data-sheets-value=\"{\">Certifications<\/td>\n<\/tr>\n<tr>\n<td>\u00a0<\/td>\n<td colspan=\"2\" rowspan=\"1\" data-sheets-value=\"{\">ICSA Labs: Firewall, IPsec, IPS, Antivirus, SSL-VPN; IPv6<\/td>\n<\/tr>\n<\/tbody>\n<\/table><\/div>\n<p>                            <!--                            <\/p>\n<div class=\"xemthem_id_r\">--><br \/>\n                            <!--                                <a><!--\/show\/?token=--><br \/>\n                            <!--\"--><br \/>\n                            <!--                                   class=\"preview fancybox fancybox.ajax\" rel=\"nofollow\"&gt;Xem th&#234;m th&#244;ng s&#7889; k&#7929; thu&#7853;t<\/a>--><br \/>\n                            <!--                            <\/div>\n<p>-->\n                        <\/p><\/div>\n<\/p><\/div>","protected":false},"excerpt":{"rendered":"<ul>\n<p><strong>FortiGate FG-200E<\/strong> l\u00e0 m\u1ed9t thi\u1ebft b\u1ecb t\u01b0\u1eddng l\u1eeda th\u1ebf h\u1ec7 m\u1edbi (NGFW) c\u1ee7a Fortinet, \u0111\u01b0\u1ee3c thi\u1ebft k\u1ebf \u0111\u1ec3 cung c\u1ea5p b\u1ea3o m\u1eadt to\u00e0n di\u1ec7n v\u00e0 hi\u1ec7u su\u1ea5t cao cho c\u00e1c doanh nghi\u1ec7p v\u1eeba v\u00e0 l\u1edbn.\u00a0<\/p>\n<ul>\n<li>Hi\u1ec7u su\u1ea5t cao: T\u1ed1c \u0111\u1ed9 t\u01b0\u1eddng l\u1eeda l\u00ean \u0111\u1ebfn 20 Gbps.<\/li>\n<li>B\u1ea3o m\u1eadt to\u00e0n di\u1ec7n: T\u00edch h\u1ee3p c\u00e1c d\u1ecbch v\u1ee5 b\u1ea3o m\u1eadt AI\/ML c\u1ee7a FortiGuard v\u00e0 n\u1ec1n t\u1ea3ng Security Fabric.<\/li>\n<li>SD-WAN t\u00edch h\u1ee3p: Gi\u1ea3i ph\u00e1p SD-WAN an to\u00e0n v\u00e0 c\u00f3 th\u1ec3 m\u1edf r\u1ed9ng.<\/li>\n<li>Qu\u1ea3n l\u00fd d\u1ec5 d\u00e0ng: Giao di\u1ec7n qu\u1ea3n l\u00fd tr\u1ef1c quan v\u00e0 h\u1ed7 tr\u1ee3 qu\u1ea3n l\u00fd t\u1eeb xa qua FortiCloud.<\/li>\n<li>K\u1ebft n\u1ed1i \u0111a d\u1ea1ng: 18 c\u1ed5ng GE RJ45, 4 c\u1ed5ng GE SFP<\/li>\n<\/ul>\n<\/ul>","protected":false},"featured_media":13692,"comment_status":"closed","ping_status":"closed","template":"","meta":[],"pwb-brand":[],"product_cat":[2908],"product_tag":[2856,25],"class_list":{"0":"post-13691","1":"product","2":"type-product","3":"status-publish","4":"has-post-thumbnail","6":"product_cat-fortinet","7":"product_tag-firewall","8":"product_tag-man","10":"first","11":"instock","12":"shipping-taxable","13":"product-type-simple"},"brands":[],"_links":{"self":[{"href":"https:\/\/serverhot.vn\/id\/wp-json\/wp\/v2\/product\/13691","targetHints":{"allow":["GET"]}}],"collection":[{"href":"https:\/\/serverhot.vn\/id\/wp-json\/wp\/v2\/product"}],"about":[{"href":"https:\/\/serverhot.vn\/id\/wp-json\/wp\/v2\/types\/product"}],"replies":[{"embeddable":true,"href":"https:\/\/serverhot.vn\/id\/wp-json\/wp\/v2\/comments?post=13691"}],"wp:featuredmedia":[{"embeddable":true,"href":"https:\/\/serverhot.vn\/id\/wp-json\/wp\/v2\/media\/13692"}],"wp:attachment":[{"href":"https:\/\/serverhot.vn\/id\/wp-json\/wp\/v2\/media?parent=13691"}],"wp:term":[{"taxonomy":"pwb-brand","embeddable":true,"href":"https:\/\/serverhot.vn\/id\/wp-json\/wp\/v2\/pwb-brand?post=13691"},{"taxonomy":"product_cat","embeddable":true,"href":"https:\/\/serverhot.vn\/id\/wp-json\/wp\/v2\/product_cat?post=13691"},{"taxonomy":"product_tag","embeddable":true,"href":"https:\/\/serverhot.vn\/id\/wp-json\/wp\/v2\/product_tag?post=13691"}],"curies":[{"name":"wp","href":"https:\/\/api.w.org\/{rel}","templated":true}]}}