{"id":13750,"date":"2024-09-17T06:15:13","date_gmt":"2024-09-16T23:15:13","guid":{"rendered":"https:\/\/serverhot.vn\/-product-\/man-hinh-tivi-philips-43-inch-43pft6110s-67-ma-san-pham-43pft6110s-67\/"},"modified":"2024-09-17T06:15:18","modified_gmt":"2024-09-16T23:15:18","slug":"man-hinh-tivi-philips-43-inch-43pft6110s-67-ma-san-pham-43pft6110s-67","status":"publish","type":"product","link":"https:\/\/serverhot.vn\/id\/-product-\/man-hinh-tivi-philips-43-inch-43pft6110s-67-ma-san-pham-43pft6110s-67\/","title":{"rendered":"M\u00e0n h\u00ecnh TIVI PHILIPS 43 INCH 43PFT6110S\/67 M\u00e3 s\u1ea3n ph\u1ea9m: 43PFT6110S\/67"},"content":{"rendered":"<div class=\"showText tabs\" id=\"tab2\">\n<div class=\"box_right_pro_view\">\n<div class=\"thongso_pro a_technical\" style=\"max-height: fit-content\">\n<p>Th\u00f4ng s\u1ed1 k\u1ef9 thu\u1eadt TIVI PHILIPS 43 INCH 43PFT6110S\/67<\/p>\n<p>\u0110\u1eb7c \u0111i\u1ec3m s\u1ea3n ph\u1ea9m<\/p>\n<p>Model:<span> <\/span>43PFT6110S<\/p>\n<p>M\u00e0u s\u1eafc:<span> <\/span>\u0110en<\/p>\n<p>Nh\u00e0 s\u1ea3n xu\u1ea5t:<span> <\/span>Philips<\/p>\n<p>Xu\u1ea5t x\u1ee9:<span> <\/span>Vi\u00ea\u0323t Nam<\/p>\n<p>Lo\u1ea1i Tivi:<span> <\/span>Smart Tivi<\/p>\n<p>K\u00edch th\u01b0\u1edbc m\u00e0n h\u00ecnh:<span> <\/span>43 inch<\/p>\n<p>\u0110\u1ed9 ph\u00e2n gi\u1ea3i:<span> <\/span>Full HD<\/p>\n<p>T\u1ea7n s\u1ed1 qu\u00e9t:<span> <\/span>60 Hz<\/p>\n<p>B\u1ed9 vi x\u1eed l\u00ed:<span> <\/span>B\u1ed1n l\u00f5i<\/p>\n<p>Smart Tivi:<span> <\/span>C\u00f3<\/p>\n<p>Tivi 3D:<span> <\/span>Kh\u00f4ng<\/p>\n<p>Tivi m\u00e0n h\u00ecnh cong:<span> <\/span>Kh\u00f4ng<\/p>\n<p>T\u1ed5ng c\u00f4ng su\u1ea5t loa:<span> <\/span>16W<\/p>\n<p>S\u1ed1 l\u01b0\u1ee3ng loa:<span> <\/span>2.0CH<\/p>\n<p>C\u1ed5ng WiFi:<span> <\/span>C\u00f3, T\u00edch h\u1ee3p<\/p>\n<p>C\u1ed5ng Internet (LAN):<span> <\/span>C\u00f3<\/p>\n<p>C\u1ed5ng HDMI:<span> <\/span>3 c\u1ed5ng<\/p>\n<p>C\u1ed5ng USB:<span> <\/span>2 C\u1ed5ng<\/p>\n<p>Tr\u00ecnh duy\u1ec7t web:<span> <\/span>C\u00f3<\/p>\n<p>T\u00ecm ki\u1ebfm b\u1eb1ng gi\u1ecdng n\u00f3i:<span> <\/span>Kh\u00f4ng<\/p>\n<p>K\u00edch th\u01b0\u1edbc c\u00f3 ch\u00e2n \u0111\u1ebf:<span> <\/span>970 x 614 x 219 mm<\/p>\n<p>K\u00edch th\u01b0\u1edbc kh\u00f4ng ch\u00e2n \u0111\u1ebf:<span> <\/span>970 x 564 x 74 mm<\/p>\n<p>Kh\u1ed1i l\u01b0\u1ee3ng c\u00f3 ch\u00e2n \u0111\u1ebf:<span> <\/span>8.5 kg<\/p>\n<p>Kh\u1ed1i l\u01b0\u1ee3ng kh\u00f4ng ch\u00e2n \u0111\u1ebf:<span> <\/span>8.3 kg<\/p>\n<\/p><\/div>\n<p>                            <!--                            <\/p>\n<div class=\"xemthem_id_r\">--><br \/>\n                            <!--                                <a><!--\/show\/?token=--><br \/>\n                            <!--\"--><br \/>\n                            <!--                                   class=\"preview fancybox fancybox.ajax\" rel=\"nofollow\"&gt;Xem th&#234;m th&#244;ng s&#7889; k&#7929; thu&#7853;t<\/a>--><br \/>\n                            <!--                            <\/div>\n<p>-->\n                        <\/p><\/div>\n<\/p><\/div>","protected":false},"excerpt":{"rendered":"<ul>\n<p>Th\u00f4ng s\u1ed1 k\u1ef9 thu\u1eadt TIVI PHILIPS 43 INCH 43PFT6110S\/67<\/p>\n<p>\u0110\u1eb7c \u0111i\u1ec3m s\u1ea3n ph\u1ea9m<\/p>\n<p>Model:<span> <\/span>43PFT6110S<\/p>\n<p>M\u00e0u s\u1eafc:<span> <\/span>\u0110en<\/p>\n<p>Nh\u00e0 s\u1ea3n xu\u1ea5t:<span> <\/span>Philips<\/p>\n<p>Xu\u1ea5t x\u1ee9:<span> <\/span>Vi\u00ea\u0323t Nam<\/p>\n<p>Lo\u1ea1i Tivi:<span> <\/span>Smart Tivi<\/p>\n<p>K\u00edch th\u01b0\u1edbc m\u00e0n h\u00ecnh:<span> <\/span>43 inch<\/p>\n<p>\u0110\u1ed9 ph\u00e2n gi\u1ea3i:<span> <\/span>Full HD<\/p>\n<p>T\u1ea7n s\u1ed1 qu\u00e9t:<span> <\/span>60 Hz<\/p>\n<p>B\u1ed9 vi x\u1eed l\u00ed:<span> <\/span>B\u1ed1n l\u00f5i<\/p>\n<p>Smart Tivi:<span> <\/span>C\u00f3<\/p>\n<p>Tivi 3D:<span> <\/span>Kh\u00f4ng<\/p>\n<p>Tivi m\u00e0n h\u00ecnh cong:<span> <\/span>Kh\u00f4ng<\/p>\n<p>T\u1ed5ng c\u00f4ng su\u1ea5t loa:<span> <\/span>16W<\/p>\n<p>S\u1ed1 l\u01b0\u1ee3ng loa:<span> <\/span>2.0CH<\/p>\n<p>C\u1ed5ng WiFi:<span> <\/span>C\u00f3, T\u00edch h\u1ee3p<\/p>\n<p>C\u1ed5ng Internet (LAN):<span> <\/span>C\u00f3<\/p>\n<p>C\u1ed5ng HDMI:<span> <\/span>3 c\u1ed5ng<\/p>\n<p>C\u1ed5ng USB:<span> <\/span>2 C\u1ed5ng<\/p>\n<p>Tr\u00ecnh duy\u1ec7t web:<span> <\/span>C\u00f3<\/p>\n<p>T\u00ecm ki\u1ebfm b\u1eb1ng gi\u1ecdng n\u00f3i:<span> <\/span>Kh\u00f4ng<\/p>\n<p>K\u00edch th\u01b0\u1edbc c\u00f3 ch\u00e2n \u0111\u1ebf:<span> <\/span>970 x 614 x 219 mm<\/p>\n<p>K\u00edch th\u01b0\u1edbc kh\u00f4ng ch\u00e2n \u0111\u1ebf:<span> <\/span>970 x 564 x 74 mm<\/p>\n<p>Kh\u1ed1i l\u01b0\u1ee3ng c\u00f3 ch\u00e2n \u0111\u1ebf:<span> <\/span>8.5 kg<\/p>\n<p>Kh\u1ed1i l\u01b0\u1ee3ng kh\u00f4ng ch\u00e2n \u0111\u1ebf:<span> <\/span>8.3 kg<\/p>\n<\/ul>","protected":false},"featured_media":13751,"comment_status":"closed","ping_status":"closed","template":"","meta":[],"pwb-brand":[],"product_cat":[2909],"product_tag":[],"class_list":{"0":"post-13750","1":"product","2":"type-product","3":"status-publish","4":"has-post-thumbnail","6":"product_cat-man-hinh-may-tinh","8":"first","9":"instock","10":"shipping-taxable","11":"product-type-simple"},"brands":[],"_links":{"self":[{"href":"https:\/\/serverhot.vn\/id\/wp-json\/wp\/v2\/product\/13750","targetHints":{"allow":["GET"]}}],"collection":[{"href":"https:\/\/serverhot.vn\/id\/wp-json\/wp\/v2\/product"}],"about":[{"href":"https:\/\/serverhot.vn\/id\/wp-json\/wp\/v2\/types\/product"}],"replies":[{"embeddable":true,"href":"https:\/\/serverhot.vn\/id\/wp-json\/wp\/v2\/comments?post=13750"}],"wp:featuredmedia":[{"embeddable":true,"href":"https:\/\/serverhot.vn\/id\/wp-json\/wp\/v2\/media\/13751"}],"wp:attachment":[{"href":"https:\/\/serverhot.vn\/id\/wp-json\/wp\/v2\/media?parent=13750"}],"wp:term":[{"taxonomy":"pwb-brand","embeddable":true,"href":"https:\/\/serverhot.vn\/id\/wp-json\/wp\/v2\/pwb-brand?post=13750"},{"taxonomy":"product_cat","embeddable":true,"href":"https:\/\/serverhot.vn\/id\/wp-json\/wp\/v2\/product_cat?post=13750"},{"taxonomy":"product_tag","embeddable":true,"href":"https:\/\/serverhot.vn\/id\/wp-json\/wp\/v2\/product_tag?post=13750"}],"curies":[{"name":"wp","href":"https:\/\/api.w.org\/{rel}","templated":true}]}}