{"id":13776,"date":"2024-09-28T00:00:12","date_gmt":"2024-09-27T17:00:12","guid":{"rendered":"https:\/\/serverhot.vn\/-product-\/card-pci-express-x1-to-2-cong-lan-rj45-toc-do-10-100-1000mbps-ma-san-pham-jl82575\/"},"modified":"2024-09-28T00:00:13","modified_gmt":"2024-09-27T17:00:13","slug":"card-pci-express-x1-to-2-cong-lan-rj45-toc-do-10-100-1000mbps-ma-san-pham-jl82575","status":"publish","type":"product","link":"https:\/\/serverhot.vn\/id\/-product-\/card-pci-express-x1-to-2-cong-lan-rj45-toc-do-10-100-1000mbps-ma-san-pham-jl82575\/","title":{"rendered":"Card PCI Express x1 to 2 c\u1ed5ng lan RJ45 t\u1ed1c \u0111\u1ed9 10\/100\/1000Mbps M\u00e3 s\u1ea3n ph\u1ea9m: JL82575"},"content":{"rendered":"<div class=\"showText tabs\" id=\"tab2\">\n<div class=\"box_right_pro_view\">\n<div class=\"thongso_pro a_technical\" style=\"max-height: fit-content\">\n<p>C\u1ed5ng lan RJ45: 2 c\u1ed5ng<\/p>\n<p>T\u1ed1c \u0111\u1ed9 truy\u1ec1n: 10\/100\/1000Mbps<\/p>\n<p>T\u00ednh n\u0103ng: WoL, kh\u1edfi \u0111\u1ed9ng t\u1eeb xa PXE, kh\u1edfi \u0111\u1ed9ng ISCSI, l\u1ecdc Vlan, ESXI, ROS.<\/p>\n<p>S\u1eed d\u1ee5ng d\u00e2y m\u1ea1ng Cat5 ho\u1eb7c Cat5e tr\u1edf l\u00ean<\/p>\n<p>C\u00f3 th\u1ec3 k\u00e9o d\u00e0i d\u00e2y lan l\u00ean t\u1edbi 100m<\/p>\n<p>T\u01b0\u01a1ng th\u00edch v\u1edbi HDDH: Windows 7\/ 8\/ 8.1\/ 10\/ Server 2012\/ Server 2008\/ Server 2016\/, FreeBSD, Linux , VMWare ESXi<\/p>\n<\/p><\/div>\n<p>                            <!--                            <\/p>\n<div class=\"xemthem_id_r\">--><br \/>\n                            <!--                                <a><!--\/show\/?token=--><br \/>\n                            <!--\"--><br \/>\n                            <!--                                   class=\"preview fancybox fancybox.ajax\" rel=\"nofollow\"&gt;Xem th&#234;m th&#244;ng s&#7889; k&#7929; thu&#7853;t<\/a>--><br \/>\n                            <!--                            <\/div>\n<p>-->\n                        <\/p><\/div>\n<\/p><\/div>","protected":false},"excerpt":{"rendered":"<ul>\n<p>C\u1ed5ng lan RJ45: 2 c\u1ed5ng<\/p>\n<p>T\u1ed1c \u0111\u1ed9 truy\u1ec1n: 10\/100\/1000Mbps<\/p>\n<p>T\u00ednh n\u0103ng: WoL, kh\u1edfi \u0111\u1ed9ng t\u1eeb xa PXE, kh\u1edfi \u0111\u1ed9ng ISCSI, l\u1ecdc Vlan, ESXI, ROS.<\/p>\n<p>S\u1eed d\u1ee5ng d\u00e2y m\u1ea1ng Cat5 ho\u1eb7c Cat5e tr\u1edf l\u00ean<\/p>\n<p>C\u00f3 th\u1ec3 k\u00e9o d\u00e0i d\u00e2y lan l\u00ean t\u1edbi 100m<\/p>\n<p>T\u01b0\u01a1ng th\u00edch v\u1edbi HDDH: Windows 7\/ 8\/ 8.1\/ 10\/ Server 2012\/ Server 2008\/ Server 2016\/, FreeBSD, Linux , VMWare ESXi<\/p>\n<\/ul>","protected":false},"featured_media":13777,"comment_status":"closed","ping_status":"closed","template":"","meta":[],"pwb-brand":[],"product_cat":[2916],"product_tag":[2841],"class_list":{"0":"post-13776","1":"product","2":"type-product","3":"status-publish","4":"has-post-thumbnail","6":"product_cat-linh-kien-may-chu","7":"product_tag-hdd","9":"first","10":"instock","11":"shipping-taxable","12":"product-type-simple"},"brands":[],"_links":{"self":[{"href":"https:\/\/serverhot.vn\/id\/wp-json\/wp\/v2\/product\/13776","targetHints":{"allow":["GET"]}}],"collection":[{"href":"https:\/\/serverhot.vn\/id\/wp-json\/wp\/v2\/product"}],"about":[{"href":"https:\/\/serverhot.vn\/id\/wp-json\/wp\/v2\/types\/product"}],"replies":[{"embeddable":true,"href":"https:\/\/serverhot.vn\/id\/wp-json\/wp\/v2\/comments?post=13776"}],"wp:featuredmedia":[{"embeddable":true,"href":"https:\/\/serverhot.vn\/id\/wp-json\/wp\/v2\/media\/13777"}],"wp:attachment":[{"href":"https:\/\/serverhot.vn\/id\/wp-json\/wp\/v2\/media?parent=13776"}],"wp:term":[{"taxonomy":"pwb-brand","embeddable":true,"href":"https:\/\/serverhot.vn\/id\/wp-json\/wp\/v2\/pwb-brand?post=13776"},{"taxonomy":"product_cat","embeddable":true,"href":"https:\/\/serverhot.vn\/id\/wp-json\/wp\/v2\/product_cat?post=13776"},{"taxonomy":"product_tag","embeddable":true,"href":"https:\/\/serverhot.vn\/id\/wp-json\/wp\/v2\/product_tag?post=13776"}],"curies":[{"name":"wp","href":"https:\/\/api.w.org\/{rel}","templated":true}]}}