{"id":13848,"date":"2024-10-04T15:15:12","date_gmt":"2024-10-04T08:15:12","guid":{"rendered":"https:\/\/serverhot.vn\/-product-\/office-ltsc-professional-plus-2024-ma-san-pham-office-ltsc-pro-2024\/"},"modified":"2024-10-04T15:15:24","modified_gmt":"2024-10-04T08:15:24","slug":"office-ltsc-professional-plus-2024-ma-san-pham-office-ltsc-pro-2024","status":"publish","type":"product","link":"https:\/\/serverhot.vn\/id\/-product-\/office-ltsc-professional-plus-2024-ma-san-pham-office-ltsc-pro-2024\/","title":{"rendered":"Office LTSC Professional Plus 2024 M\u00e3 s\u1ea3n ph\u1ea9m: OFFICE-LTSC-PRO-2024"},"content":{"rendered":"<div class=\"showText tabs\" id=\"tab2\">\n                                    <\/div>","protected":false},"excerpt":{"rendered":"<ul>\n<p>Office LTSC Professional Plus 2024 l\u00e0 phi\u00ean b\u1ea3n m\u1edbi nh\u1ea5t c\u1ee7a Microsoft Office \u0111\u01b0\u1ee3c thi\u1ebft k\u1ebf cho c\u00e1c t\u1ed5 ch\u1ee9c v\u00e0 doanh nghi\u1ec7p kh\u00f4ng th\u01b0\u1eddng xuy\u00ean k\u1ebft n\u1ed1i internet ho\u1eb7c c\u00f3 h\u1ea1n ch\u1ebf k\u1ebft n\u1ed1i.\u00a0<\/p>\n<ul style=\"list-style-type: square\">\n<li>\u1ee8ng d\u1ee5ng ch\u00ednh: G\u1ed3m Word, Excel, PowerPoint, Outlook, Access, Publisher, v\u00e0 OneNote.<\/li>\n<li>Kh\u00f4ng c\u00f3 t\u00ednh n\u0103ng \u0111\u00e1m m\u00e2y: Kh\u00f4ng bao g\u1ed3m c\u00e1c d\u1ecbch v\u1ee5 ph\u1ee5 thu\u1ed9c v\u00e0o \u0111\u00e1m m\u00e2y nh\u01b0 OneDrive ho\u1eb7c SharePoint.<\/li>\n<\/ul>\n<\/ul>","protected":false},"featured_media":13849,"comment_status":"closed","ping_status":"closed","template":"","meta":[],"pwb-brand":[],"product_cat":[2917],"product_tag":[],"class_list":{"0":"post-13848","1":"product","2":"type-product","3":"status-publish","4":"has-post-thumbnail","6":"product_cat-microsoft","8":"first","9":"instock","10":"shipping-taxable","11":"product-type-simple"},"brands":[],"_links":{"self":[{"href":"https:\/\/serverhot.vn\/id\/wp-json\/wp\/v2\/product\/13848","targetHints":{"allow":["GET"]}}],"collection":[{"href":"https:\/\/serverhot.vn\/id\/wp-json\/wp\/v2\/product"}],"about":[{"href":"https:\/\/serverhot.vn\/id\/wp-json\/wp\/v2\/types\/product"}],"replies":[{"embeddable":true,"href":"https:\/\/serverhot.vn\/id\/wp-json\/wp\/v2\/comments?post=13848"}],"wp:featuredmedia":[{"embeddable":true,"href":"https:\/\/serverhot.vn\/id\/wp-json\/wp\/v2\/media\/13849"}],"wp:attachment":[{"href":"https:\/\/serverhot.vn\/id\/wp-json\/wp\/v2\/media?parent=13848"}],"wp:term":[{"taxonomy":"pwb-brand","embeddable":true,"href":"https:\/\/serverhot.vn\/id\/wp-json\/wp\/v2\/pwb-brand?post=13848"},{"taxonomy":"product_cat","embeddable":true,"href":"https:\/\/serverhot.vn\/id\/wp-json\/wp\/v2\/product_cat?post=13848"},{"taxonomy":"product_tag","embeddable":true,"href":"https:\/\/serverhot.vn\/id\/wp-json\/wp\/v2\/product_tag?post=13848"}],"curies":[{"name":"wp","href":"https:\/\/api.w.org\/{rel}","templated":true}]}}