{"id":14038,"date":"2024-10-14T12:30:11","date_gmt":"2024-10-14T05:30:11","guid":{"rendered":"https:\/\/serverhot.vn\/-product-\/may-tinh-de-ban-dong-bo-hp-pro-tower-280-g9-72g62pa-i7-12700-16gb-512gb-ssd-k_m-win11-home-64-1yr-ma-san-pham-72g62pa\/"},"modified":"2024-10-14T12:30:14","modified_gmt":"2024-10-14T05:30:14","slug":"may-tinh-de-ban-dong-bo-hp-pro-tower-280-g9-72g62pa-i7-12700-16gb-512gb-ssd-k_m-win11-home-64-1yr-ma-san-pham-72g62pa","status":"publish","type":"product","link":"https:\/\/serverhot.vn\/id\/-product-\/may-tinh-de-ban-dong-bo-hp-pro-tower-280-g9-72g62pa-i7-12700-16gb-512gb-ssd-k_m-win11-home-64-1yr-ma-san-pham-72g62pa\/","title":{"rendered":"M\u00e1y t\u00ednh \u0111\u1ec3 b\u00e0n \u0111\u1ed3ng b\u1ed9 HP Pro Tower 280 G9 72G62PA (i7-12700 |16GB | 512GB SSD | K_M | Win11 Home 64 |1Yr) M\u00e3 s\u1ea3n ph\u1ea9m: 72G62PA"},"content":{"rendered":"<div class=\"showText tabs\" id=\"tab2\">\n                                    <\/div>","protected":false},"excerpt":{"rendered":"<ul>\n<p>Ch\u00edp x\u1eed l\u00fd: Intel Core i7-12700 (l\u00ean \u0111\u1ebfn 4.9 GHz v\u1edbi Intel Turbo Boost Technology, 25 MB L3 cache, 12 cores, 20 threads)<\/p>\n<p>B\u1ed9 nh\u1edb Ram: 16GB DDR4 3200MHz (1x16GB) (x2 slot)<\/p>\n<p>\u1ed4 \u0111\u0129a c\u1ee9ng: 512 SSD PCIe NVMe (x1 HDD 3.5&#8243; Sata )<\/p>\n<p>\u1ed4 quang : Kh\u00f4ng<\/p>\n<p>K\u1ebft n\u1ed1i m\u1ea1ng: Lan gigabit, Wifi + Bluetooth<\/p>\n<p>Ph\u00edm chu\u1ed9t: \u0110i k\u00e8m (USB)<\/p>\n<p>Card \u0111\u1ed3 h\u1ecda: Intel UHD Graphics 730<\/p>\n<p>H\u1ec7 \u0111i\u1ec1u h\u00e0nh: Windows 11 Home 64bit<\/p>\n<\/ul>","protected":false},"featured_media":14039,"comment_status":"closed","ping_status":"closed","template":"","meta":[],"pwb-brand":[],"product_cat":[2887],"product_tag":[2841],"class_list":{"0":"post-14038","1":"product","2":"type-product","3":"status-publish","4":"has-post-thumbnail","6":"product_cat-hp","7":"product_tag-hdd","9":"first","10":"instock","11":"shipping-taxable","12":"product-type-simple"},"brands":[],"_links":{"self":[{"href":"https:\/\/serverhot.vn\/id\/wp-json\/wp\/v2\/product\/14038","targetHints":{"allow":["GET"]}}],"collection":[{"href":"https:\/\/serverhot.vn\/id\/wp-json\/wp\/v2\/product"}],"about":[{"href":"https:\/\/serverhot.vn\/id\/wp-json\/wp\/v2\/types\/product"}],"replies":[{"embeddable":true,"href":"https:\/\/serverhot.vn\/id\/wp-json\/wp\/v2\/comments?post=14038"}],"wp:featuredmedia":[{"embeddable":true,"href":"https:\/\/serverhot.vn\/id\/wp-json\/wp\/v2\/media\/14039"}],"wp:attachment":[{"href":"https:\/\/serverhot.vn\/id\/wp-json\/wp\/v2\/media?parent=14038"}],"wp:term":[{"taxonomy":"pwb-brand","embeddable":true,"href":"https:\/\/serverhot.vn\/id\/wp-json\/wp\/v2\/pwb-brand?post=14038"},{"taxonomy":"product_cat","embeddable":true,"href":"https:\/\/serverhot.vn\/id\/wp-json\/wp\/v2\/product_cat?post=14038"},{"taxonomy":"product_tag","embeddable":true,"href":"https:\/\/serverhot.vn\/id\/wp-json\/wp\/v2\/product_tag?post=14038"}],"curies":[{"name":"wp","href":"https:\/\/api.w.org\/{rel}","templated":true}]}}