{"id":14382,"date":"2024-11-02T06:30:21","date_gmt":"2024-11-01T23:30:21","guid":{"rendered":"https:\/\/serverhot.vn\/-product-\/hop-box-dung-o-cung-sata-25-inch-vo-nhom-cao-cap-ugreen-70499-cap-type-c-to-type-c-ma-san-pham-70499\/"},"modified":"2024-11-02T06:30:27","modified_gmt":"2024-11-01T23:30:27","slug":"hop-box-dung-o-cung-sata-25-inch-vo-nhom-cao-cap-ugreen-70499-cap-type-c-to-type-c-ma-san-pham-70499","status":"publish","type":"product","link":"https:\/\/serverhot.vn\/id\/-product-\/hop-box-dung-o-cung-sata-25-inch-vo-nhom-cao-cap-ugreen-70499-cap-type-c-to-type-c-ma-san-pham-70499\/","title":{"rendered":"H\u1ed9p box \u0111\u1ef1ng \u1ed5 c\u1ee9ng sata 2,5 inch v\u1ecf nh\u00f4m cao c\u1ea5p Ugreen 70499 (c\u00e1p Type-C to Type-C) M\u00e3 s\u1ea3n ph\u1ea9m: 70499"},"content":{"rendered":"<div class=\"showText tabs\" id=\"tab2\">\n                                    <\/div>","protected":false},"excerpt":{"rendered":"<ul>\n<p>Ugreen 70499 l\u00e0 m\u1ed9t h\u1ed9p \u0111\u1ee1 \u1ed5 c\u1ee9ng SSD\/HDD 2.5 inch v\u1edbi c\u00e1c th\u00f4ng s\u1ed1 k\u1ef9 thu\u1eadt sau:<\/p>\n<p>K\u00edch th\u01b0\u1edbc: 128 x 82 x 14 mm<\/p>\n<p>Kh\u1ed1i l\u01b0\u1ee3ng: 100g<\/p>\n<p>Ch\u1ea5t li\u1ec7u: V\u1ecf nh\u00f4m<\/p>\n<p>C\u1ed5ng k\u1ebft n\u1ed1i: USB Type-C 3.1 Gen 2 (c\u00f3 k\u00e8m d\u00e2y)<\/p>\n<p>T\u1ed1c \u0111\u1ed9 truy\u1ec1n t\u1ea3i: 10Gbps<\/p>\n<p>Giao th\u1ee9c: UASP (nhanh h\u01a1n 70% so v\u1edbi USB 3.0)<\/p>\n<p>H\u1ed7 tr\u1ee3 dung l\u01b0\u1ee3ng: L\u00ean \u0111\u1ebfn 6TB<\/p>\n<p>T\u00ednh n\u0103ng: Thi\u1ebft k\u1ebf d\u1ec5 m\u1edf, b\u1ea3o v\u1ec7 \u1ed5 c\u1ee9ng b\u1eb1ng c\u00e1c \u0111\u01b0\u1eddng vi\u1ec1n gi\u1eefa, t\u1ea5m \u0111\u1ec7m nh\u1ef1a EVA 7mm ng\u0103n ch\u1eb7n t\u1ed1i \u0111a vi\u1ec7c m\u1ea5t d\u1eef li\u1ec7u<\/p>\n<p>T\u00ednh n\u0103ng b\u1ea3o v\u1ec7: LED hi\u1ec3n th\u1ecb tr\u1ea1ng th\u00e1i ho\u1ea1t \u0111\u1ed9ng<\/p>\n<\/ul>","protected":false},"featured_media":14383,"comment_status":"closed","ping_status":"closed","template":"","meta":[],"pwb-brand":[],"product_cat":[2910],"product_tag":[50,2841],"class_list":{"0":"post-14382","1":"product","2":"type-product","3":"status-publish","4":"has-post-thumbnail","6":"product_cat-thiet-bi-van-phong","7":"product_tag-green","8":"product_tag-hdd","10":"first","11":"instock","12":"shipping-taxable","13":"product-type-simple"},"brands":[],"_links":{"self":[{"href":"https:\/\/serverhot.vn\/id\/wp-json\/wp\/v2\/product\/14382","targetHints":{"allow":["GET"]}}],"collection":[{"href":"https:\/\/serverhot.vn\/id\/wp-json\/wp\/v2\/product"}],"about":[{"href":"https:\/\/serverhot.vn\/id\/wp-json\/wp\/v2\/types\/product"}],"replies":[{"embeddable":true,"href":"https:\/\/serverhot.vn\/id\/wp-json\/wp\/v2\/comments?post=14382"}],"wp:featuredmedia":[{"embeddable":true,"href":"https:\/\/serverhot.vn\/id\/wp-json\/wp\/v2\/media\/14383"}],"wp:attachment":[{"href":"https:\/\/serverhot.vn\/id\/wp-json\/wp\/v2\/media?parent=14382"}],"wp:term":[{"taxonomy":"pwb-brand","embeddable":true,"href":"https:\/\/serverhot.vn\/id\/wp-json\/wp\/v2\/pwb-brand?post=14382"},{"taxonomy":"product_cat","embeddable":true,"href":"https:\/\/serverhot.vn\/id\/wp-json\/wp\/v2\/product_cat?post=14382"},{"taxonomy":"product_tag","embeddable":true,"href":"https:\/\/serverhot.vn\/id\/wp-json\/wp\/v2\/product_tag?post=14382"}],"curies":[{"name":"wp","href":"https:\/\/api.w.org\/{rel}","templated":true}]}}