{"id":14487,"date":"2024-12-05T15:30:21","date_gmt":"2024-12-05T08:30:21","guid":{"rendered":"https:\/\/serverhot.vn\/-product-\/may-tinh-de-ban-dong-bo-dell-inspiron-3030t-core-i7-14700f-16gb-ddr5-5600mhz-1tb-ssd-vga-rtx-3050-8gb-ddr6-wifi-6-_-bt-5-2-kb_m-windows-11-home-ma-san-pham-mti71035w1-16g-1t\/"},"modified":"2024-12-05T15:30:26","modified_gmt":"2024-12-05T08:30:26","slug":"may-tinh-de-ban-dong-bo-dell-inspiron-3030t-core-i7-14700f-16gb-ddr5-5600mhz-1tb-ssd-vga-rtx-3050-8gb-ddr6-wifi-6-_-bt-5-2-kb_m-windows-11-home-ma-san-pham-mti71035w1-16g-1t","status":"publish","type":"product","link":"https:\/\/serverhot.vn\/id\/-product-\/may-tinh-de-ban-dong-bo-dell-inspiron-3030t-core-i7-14700f-16gb-ddr5-5600mhz-1tb-ssd-vga-rtx-3050-8gb-ddr6-wifi-6-_-bt-5-2-kb_m-windows-11-home-ma-san-pham-mti71035w1-16g-1t\/","title":{"rendered":"M\u00e1y t\u00ednh \u0111\u1ec3 b\u00e0n \u0111\u1ed3ng b\u1ed9 Dell Inspiron 3030T (Core i7-14700F | 16Gb DDR5 5600MHZ | 1TB SSD | VGA RTX 3050 &#8211; 8Gb DDR6 |Wifi 6 _ BT 5.2 | KB_M | Windows 11 Home) M\u00e3 s\u1ea3n ph\u1ea9m: MTI71035W1-16G-1T"},"content":{"rendered":"<div class=\"showText tabs\" id=\"tab2\">\n<div class=\"box_right_pro_view\">\n<div class=\"thongso_pro a_technical\" style=\"max-height: fit-content\">\n<p>M\u00e3 s\u1ea3n ph\u1ea9m<span> <\/span><\/p>\n<p>Dell Inspiron 3030T MTI71035W1-16G-1T<\/p>\n<p>Ch\u00edp x\u1eed l\u00fd<span> <\/span><\/p>\n<p>Intel Core i7-14700F (2.1GHz upto 5.3GHz, 20C\/28T, Cache 33MB)<\/p>\n<p>B\u1ed9 nh\u1edb Ram<span> <\/span><\/p>\n<p>16GB DDR5 5600MHz (x2 slot) &#8211; max 64GB<\/p>\n<p>\u1ed4 \u0111\u0129a c\u1ee9ng<span> <\/span><\/p>\n<p>1TB SSD PCIe NVMe (x1 HDD 3.5&#8243; sata)<\/p>\n<p>Card \u0111\u1ed3 h\u1ecda<span> <\/span><\/p>\n<p>NVIDIA\u00ae GeForce RTX\u2122 3050 8GB GDDR6<\/p>\n<p>\u1ed4 \u0111\u0129a quang (DVD)<span> <\/span><\/p>\n<p>Kh\u00f4ng DVD<\/p>\n<p>Keyboard<span> <\/span><\/p>\n<p>B\u00e0n ph\u00edm + Chu\u1ed9t c\u00f3 d\u00e2y c\u1ed5ng USB<\/p>\n<p>Ph\u00e2n lo\u1ea1i<span> <\/span><\/p>\n<p>Tower<\/p>\n<p>C\u1ed5ng I\/O ph\u00eda sau<span> <\/span><\/p>\n<p>2 x USB 2.0 Type-A, 2 x USB 3.2 Gen 1 Type-A, 1 x HDMI, 1 x DisplayPort, 1 x RJ45 (LAN), 1 x Audio-out<\/p>\n<p>C\u00f4\u0309ng xu\u00e2\u0301t hi\u0300nh<span> <\/span><\/p>\n<p>1 x HDMI, 1 x DisplayPort<\/p>\n<p>Wifi<span> <\/span><\/p>\n<p>802.11ax<\/p>\n<p>Bluetooth<span> <\/span><\/p>\n<p>5.2<\/p>\n<p>K\u1ebft n\u1ed1i m\u1ea1ng LAN<span> <\/span><\/p>\n<p>10\/100\/1000 Mbps<\/p>\n<p>Ngu\u1ed3n<span> <\/span><\/p>\n<p>180w<\/p>\n<p>C\u1ed5ng I\/O ph\u00eda tr\u01b0\u1edbc<span> <\/span><\/p>\n<p>2 x USB 2.0 Type-A, 2 x USB 3.2 Gen 1 Type-A, 1 x Headphone\/ Microphone combo audio jack<\/p>\n<p>K\u00edch th\u01b0\u1edbc<span> <\/span><\/p>\n<p>29.3cm x 15.4cm x 32.43cm (W x D x H)<\/p>\n<p>Kh\u1ed1i l\u01b0\u1ee3ng<span> <\/span><\/p>\n<p>4.75kg &#8211; 7.46 kg (16.46 lb)<\/p>\n<p>B\u1ea3o h\u00e0nh<span> <\/span><\/p>\n<p>12 th\u00e1ng<\/p>\n<p>H\u1ec7 \u0111i\u1ec1u h\u00e0nh<span> <\/span><\/p>\n<p>Windows 11 Home 64bit<\/p>\n<\/p><\/div>\n<p>                            <!--                            <\/p>\n<div class=\"xemthem_id_r\">--><br \/>\n                            <!--                                <a><!--\/show\/?token=--><br \/>\n                            <!--\"--><br \/>\n                            <!--                                   class=\"preview fancybox fancybox.ajax\" rel=\"nofollow\"&gt;Xem th&#234;m th&#244;ng s&#7889; k&#7929; thu&#7853;t<\/a>--><br \/>\n                            <!--                            <\/div>\n<p>-->\n                        <\/p><\/div>\n<\/p><\/div>","protected":false},"excerpt":{"rendered":"<ul>\n<p>Ch\u00edp x\u1eed l\u00fd: Intel Core i7-14700F (2.1GHz upto 5.3GHz, 20C\/28T, Cache 33MB)<\/p>\n<p>B\u1ed9 nh\u1edb Ram: 16GB (1x16GB) DDR5 5600MHz (x2 slot) &#8211; max 64GB<\/p>\n<p>\u1ed4 \u0111\u0129a c\u1ee9ng: 1TB SSD M.2 PCIe NVMe (x1 HDD 3.5&#8243; sata)<\/p>\n<p>\u1ed4 \u0111\u0129a quang: Kh\u00f4ng<\/p>\n<\/ul>","protected":false},"featured_media":14488,"comment_status":"closed","ping_status":"closed","template":"","meta":[],"pwb-brand":[],"product_cat":[2886],"product_tag":[2841],"class_list":{"0":"post-14487","1":"product","2":"type-product","3":"status-publish","4":"has-post-thumbnail","6":"product_cat-dell-workstation","7":"product_tag-hdd","9":"first","10":"instock","11":"shipping-taxable","12":"product-type-simple"},"brands":[],"_links":{"self":[{"href":"https:\/\/serverhot.vn\/id\/wp-json\/wp\/v2\/product\/14487","targetHints":{"allow":["GET"]}}],"collection":[{"href":"https:\/\/serverhot.vn\/id\/wp-json\/wp\/v2\/product"}],"about":[{"href":"https:\/\/serverhot.vn\/id\/wp-json\/wp\/v2\/types\/product"}],"replies":[{"embeddable":true,"href":"https:\/\/serverhot.vn\/id\/wp-json\/wp\/v2\/comments?post=14487"}],"wp:featuredmedia":[{"embeddable":true,"href":"https:\/\/serverhot.vn\/id\/wp-json\/wp\/v2\/media\/14488"}],"wp:attachment":[{"href":"https:\/\/serverhot.vn\/id\/wp-json\/wp\/v2\/media?parent=14487"}],"wp:term":[{"taxonomy":"pwb-brand","embeddable":true,"href":"https:\/\/serverhot.vn\/id\/wp-json\/wp\/v2\/pwb-brand?post=14487"},{"taxonomy":"product_cat","embeddable":true,"href":"https:\/\/serverhot.vn\/id\/wp-json\/wp\/v2\/product_cat?post=14487"},{"taxonomy":"product_tag","embeddable":true,"href":"https:\/\/serverhot.vn\/id\/wp-json\/wp\/v2\/product_tag?post=14487"}],"curies":[{"name":"wp","href":"https:\/\/api.w.org\/{rel}","templated":true}]}}