{"id":14605,"date":"2025-02-17T20:45:20","date_gmt":"2025-02-17T13:45:20","guid":{"rendered":"https:\/\/serverhot.vn\/-product-\/gs-6311-48p6x-switch-l3-48-port-10-100-1000t-802-3at-poe-6-port-10g-sfp-ma-san-pham-gs-6311-48p6x\/"},"modified":"2025-02-17T20:45:35","modified_gmt":"2025-02-17T13:45:35","slug":"gs-6311-48p6x-switch-l3-48-port-10-100-1000t-802-3at-poe-6-port-10g-sfp-ma-san-pham-gs-6311-48p6x","status":"publish","type":"product","link":"https:\/\/serverhot.vn\/id\/-product-\/gs-6311-48p6x-switch-l3-48-port-10-100-1000t-802-3at-poe-6-port-10g-sfp-ma-san-pham-gs-6311-48p6x\/","title":{"rendered":"GS-6311-48P6X \u2013 Switch L3 48-Port 10\/100\/1000T 802.3at PoE + 6-Port 10G SFP+ M\u00e3 s\u1ea3n ph\u1ea9m: GS-6311-48P6X"},"content":{"rendered":"<div class=\"showText tabs\" id=\"tab2\">\n<div class=\"box_right_pro_view\">\n<div class=\"thongso_pro a_technical\" style=\"max-height: fit-content\">\n<p>Th\u00f4ng s\u1ed1 k\u1ef9 thu\u1eadt ph\u1ea7n c\u1ee9ng<\/p>\n<p>C\u1ed5ng \u0111\u1ed3ng<span> <\/span>48 c\u1ed5ng \u0111\u1ed3ng RJ45 10\/100\/1000BASE-T (c\u1ed5ng 1 \u0111\u1ebfn 48)<\/p>\n<p>C\u1ed5ng c\u1ea5p ngu\u1ed3n PoE<span> <\/span>48 c\u1ed5ng c\u00f3 ch\u1ee9c n\u0103ng c\u1ea5p ngu\u1ed3n PoE+ 802.3af\/802.3at (c\u1ed5ng 1 \u0111\u1ebfn 48)<\/p>\n<p>C\u1ed5ng 10G SFP+<span> <\/span>6 giao di\u1ec7n 10GBASE-SR\/LR SFP+ (c\u1ed5ng 49 \u0111\u1ebfn 54)<\/p>\n<p>T\u01b0\u01a1ng th\u00edch ng\u01b0\u1ee3c v\u1edbi b\u1ed9 thu ph\u00e1t SFP 1000BASE-SX\/LX\/BX<\/p>\n<p>C\u1ed5ng \u0111i\u1ec1u khi\u1ec3n<span> <\/span>1 x C\u1ed5ng n\u1ed1i ti\u1ebfp RJ45-to-RS232 (9600, 8, N, 1)<\/p>\n<p>CPU<span> <\/span>MIPS 800MHz<\/p>\n<p>\u0110\u1eacP<span> <\/span>512Mbyte<\/p>\n<p>B\u1ed9 nh\u1edb flash<span> <\/span>32Mbyte<\/p>\n<p>B\u1ea3o v\u1ec7 ESD<span> <\/span>Ti\u1ebfp \u0111i\u1ec3m \u00b16KV, Kh\u00f4ng kh\u00ed \u00b18KV<\/p>\n<p>B\u1ea3o v\u1ec7 ch\u1ed1ng s\u00e9t lan truy\u1ec1n<span> <\/span>Ch\u1ebf \u0111\u1ed9 vi sai \u00b12KV, Ch\u1ebf \u0111\u1ed9 chung \u00b14KV<\/p>\n<p>K\u00edch th\u01b0\u1edbc (R\u1ed9ng x S\u00e2u x Cao)<span> <\/span>440 x 330 x 44mm<\/p>\n<p>C\u00e2n n\u1eb7ng<span> <\/span>5368g<\/p>\n<p>S\u1ef1 ti\u00eau th\u1ee5 n\u0103ng l\u01b0\u1ee3ng<span> <\/span>39,9 watt\/ 136BTU (H\u1ec7 th\u1ed1ng)<\/p>\n<p>698 watt\/ 2380 BTU (H\u1ec7 th\u1ed1ng+PoE)<\/p>\n<p>Y\u00eau c\u1ea7u v\u1ec1 ngu\u1ed3n \u0111i\u1ec7n \u2013 AC<span> <\/span>\u0110i\u1ec7n \u00e1p xoay chi\u1ec1u 100~240V, 50\/60Hz<\/p>\n<p>C\u00e1i qu\u1ea1t<span> <\/span>5<\/p>\n<p>C\u1ed5ng k\u1ebft n\u1ed1i<span> <\/span>H\u1ec7 th\u1ed1ng:<\/p>\n<p>PWR ( Xanh l\u00e1 c\u00e2y ), SYS ( Xanh l\u00e1 c\u00e2y )<\/p>\n<p>C\u1ed5ng:<\/p>\n<p>LNK\/ACT ( Xanh l\u00e1 c\u00e2y )<\/p>\n<p>PoE-in-Use ( M\u00e0u h\u1ed5 ph\u00e1ch )<\/p>\n<p>Th\u00f4ng s\u1ed1 k\u1ef9 thu\u1eadt chuy\u1ec3n m\u1ea1ch<\/p>\n<p>Ki\u1ebfn tr\u00fac chuy\u1ec3n \u0111\u1ed5i<span> <\/span>L\u01b0u tr\u1eef v\u00e0 chuy\u1ec3n ti\u1ebfp<\/p>\n<p>Chuy\u1ec3n v\u1ea3i<span> <\/span>216Gbps\/kh\u00f4ng ch\u1eb7n<\/p>\n<p>Chuy\u1ec3n \u0111\u1ed5i th\u00f4ng l\u01b0\u1ee3ng<span> <\/span>160,7Mpps<\/p>\n<p>B\u1ea3ng \u0110\u1ecba Ch\u1ec9<span> <\/span>B\u1ea3ng \u0111\u1ecba ch\u1ec9 MAC 32K v\u1edbi ch\u1ee9c n\u0103ng t\u1ef1 \u0111\u1ed9ng h\u1ecdc<\/p>\n<p>B\u1ea3ng ARP<span> <\/span>8K<\/p>\n<p>B\u1ea3ng \u0111\u1ecbnh tuy\u1ebfn<span> <\/span>12K<\/p>\n<p>Giao di\u1ec7n IP<span> <\/span>1024<\/p>\n<p>B\u1ea3ng ACL<span> <\/span>4K<\/p>\n<p>B\u1ed9 \u0111\u1ec7m d\u1eef li\u1ec7u chia s\u1ebb<span> <\/span>16MB<\/p>\n<p>Khung Jumbo<span> <\/span>12KByte<\/p>\n<p>Ki\u1ec3m so\u00e1t l\u01b0u l\u01b0\u1ee3ng<span> <\/span>\u00c1p su\u1ea5t ng\u01b0\u1ee3c cho b\u00e1n song c\u00f4ng<\/p>\n<p>IEEE 802.3x khung t\u1ea1m d\u1eebng cho to\u00e0n song c\u00f4ng<\/p>\n<p>Th\u00f4ng s\u1ed1 k\u1ef9 thu\u1eadt Power over Ethernet<\/p>\n<p>Ti\u00eau chu\u1ea9n PoE<span> <\/span>IEEE 802.3at PoE+ PSE<\/p>\n<p>Lo\u1ea1i ngu\u1ed3n PoE<span> <\/span>nh\u1ecbp cu\u1ed1i<\/p>\n<p>\u0110\u1ea7u ra ngu\u1ed3n PoE<span> <\/span>30W(T\u1ed0I \u0110A)<\/p>\n<p>Ph\u00e2n c\u00f4ng ch\u00e2n c\u1eafm ngu\u1ed3n<span> <\/span>1\/2(+), 3\/6(-)<\/p>\n<p>Ng\u00e2n s\u00e1ch \u0111i\u1ec7n PoE<span> <\/span>500W\/110VAC<\/p>\n<p>600W\/220VAC<\/p>\n<p>Ch\u1ee9c n\u0103ng l\u1edbp 3 c\u1ee7a IPv4<\/p>\n<p>Giao th\u1ee9c \u0111\u1ecbnh tuy\u1ebfn IP<span> <\/span>Tuy\u1ebfn t\u0129nh<\/p>\n<p>RIPv1\/v2<\/p>\n<p>OSPFv2<\/p>\n<p>Giao th\u1ee9c \u0111\u1ecbnh tuy\u1ebfn \u0111a h\u01b0\u1edbng<span> <\/span>IGMP v1\/v2\/v3<\/p>\n<p>Giao th\u1ee9c l\u1edbp 3<span> <\/span>ARP<\/p>\n<p>Proxy ARP<\/p>\n<p>Proxy IGMP<\/p>\n<p>Ch\u1ee9c n\u0103ng l\u1edbp 3 c\u1ee7a IPv6<\/p>\n<p>Kh\u00e1c<span> <\/span>ICMPv6, ND, DNSv6<\/p>\n<p>Ch\u1ee9c n\u0103ng c\u1ee7a l\u1edbp 2<\/p>\n<p>C\u1ea5u h\u00ecnh c\u1ed5ng<span> <\/span>V\u00f4 hi\u1ec7u h\u00f3a\/b\u1eadt c\u1ed5ng<\/p>\n<p>Ki\u1ec3m so\u00e1t lu\u1ed3ng V\u00f4 hi\u1ec7u h\u00f3a\/b\u1eadt<\/p>\n<p>Ki\u1ec3m so\u00e1t b\u0103ng th\u00f4ng tr\u00ean m\u1ed7i c\u1ed5ng<\/p>\n<p>Ph\u00e1t hi\u1ec7n v\u00f2ng l\u1eb7p c\u1ed5ng<\/p>\n<p>Tr\u1ea1ng th\u00e1i c\u1ed5ng<span> <\/span>Hi\u1ec3n th\u1ecb ch\u1ebf \u0111\u1ed9 song c\u00f4ng t\u1ed1c \u0111\u1ed9 c\u1ee7a m\u1ed7i c\u1ed5ng, tr\u1ea1ng th\u00e1i li\u00ean k\u1ebft, tr\u1ea1ng th\u00e1i ki\u1ec3m so\u00e1t lu\u1ed3ng v\u00e0 tr\u1ea1ng th\u00e1i \u0111\u00e0m ph\u00e1n t\u1ef1 \u0111\u1ed9ng<\/p>\n<p>M\u1ea1ng LAN \u1ea3o<span> <\/span>VLAN g\u1eafn th\u1ebb 802.1Q, t\u1ed1i \u0111a 4K nh\u00f3m VLAN<\/p>\n<p>802.1ad Q-in-Q (x\u1ebfp ch\u1ed3ng VLAN)<\/p>\n<p>GVRP \u0111\u1ec3 qu\u1ea3n l\u00fd VLAN<\/p>\n<p>H\u1ed7 tr\u1ee3 VLAN Edge ri\u00eang (PVE)<\/p>\n<p>VLAN d\u1ef1a tr\u00ean giao th\u1ee9c VLAN<\/p>\n<p>d\u1ef1a tr\u00ean MAC<\/p>\n<p>M\u1ea1ng con IP VLAN<\/p>\n<p>Ki\u1ec3m so\u00e1t b\u0103ng th\u00f4ng<span> <\/span>TX\/RX\/C\u1ea3 hai<\/p>\n<p>Li\u00ean k\u1ebft t\u1eadp h\u1ee3p<span> <\/span>IEEE 802.3ad LACP\/static trunk<\/p>\n<p>H\u1ed7 tr\u1ee3 64 nh\u00f3m v\u1edbi 8 c\u1ed5ng cho m\u1ed7i nh\u00f3m trunk<\/p>\n<p>Ch\u1ea5t l\u01b0\u1ee3ng d\u1ecbch v\u1ee5<span> <\/span>8 h\u00e0ng \u0111\u1ee3i \u01b0u ti\u00ean tr\u00ean t\u1ea5t c\u1ea3 c\u00e1c c\u1ed5ng chuy\u1ec3n m\u1ea1ch<\/p>\n<p>H\u1ed7 tr\u1ee3 c\u00e1c ch\u00ednh s\u00e1ch CoS \u01b0u ti\u00ean nghi\u00eam ng\u1eb7t v\u00e0 Weighted Round Robin (WRR)<\/p>\n<p>Ph\u00e2n lo\u1ea1i l\u01b0u l\u01b0\u1ee3ng:<\/p>\n<p>IEEE 802.1p CoS\/ToS<\/p>\n<p>IPv4\/IPv6 DSCP<\/p>\n<p>WRR d\u1ef1a tr\u00ean c\u1ed5ng<\/p>\n<p>\u0110a h\u01b0\u1edbng<span> <\/span>IPv4 IGMP v1\/v2\/v3 snooping<\/p>\n<p>H\u1ed7 tr\u1ee3 ch\u1ebf \u0111\u1ed9 IPv4 Querier<\/p>\n<p>IPv6 MLD v1\/v2 snooping<\/p>\n<p>Multicast VLAN Register (MVR)<\/p>\n<p>L\u00ean \u0111\u1ebfn 1024<\/p>\n<p>Ch\u1ee9c n\u0103ng b\u1ea3o m\u1eadt<\/p>\n<p>Danh s\u00e1ch \u0111i\u1ec1u khi\u1ec3n truy c\u1eadp<span> <\/span>H\u1ed7 tr\u1ee3 ACL chu\u1ea9n v\u00e0 m\u1edf r\u1ed9ng ACL<\/p>\n<p>d\u1ef1a tr\u00ean IP\/ACL d\u1ef1a tr\u00ean MAC<\/p>\n<p>ACL d\u1ef1a tr\u00ean th\u1eddi gian<\/p>\n<p>L\u00ean \u0111\u1ebfn 2K m\u1ee5c nh\u1eadp<\/p>\n<p>B\u1ea3o v\u1ec7<span> <\/span>C\u00f4 l\u1eadp c\u1ed5ng<\/p>\n<p>H\u1ed7 tr\u1ee3 li\u00ean k\u1ebft IP + MAC + c\u1ed5ng<\/p>\n<p>Nh\u1eadn d\u1ea1ng v\u00e0 l\u1ecdc ACL d\u1ef1a tr\u00ean L2\/L3\/L4<\/p>\n<p>B\u1ea3o v\u1ec7 ch\u1ed1ng l\u1ea1i c\u00e1c cu\u1ed9c t\u1ea5n c\u00f4ng DOS ho\u1eb7c TCP<\/p>\n<p>Ng\u0103n ch\u1eb7n c\u00e1c g\u00f3i tin ph\u00e1t s\u00f3ng, \u0111a h\u01b0\u1edbng v\u00e0 \u0111\u01a1n h\u01b0\u1edbng kh\u00f4ng x\u00e1c \u0111\u1ecbnh<\/p>\n<p>DHCP Snooping, DHCP T\u00f9y ch\u1ecdn 82\/43\/60\/61\/67<\/p>\n<p>Ki\u1ec3m so\u00e1t quy\u1ec1n h\u1ea1n d\u00f2ng l\u1ec7nh d\u1ef1a tr\u00ean c\u1ea5p \u0111\u1ed9 ng\u01b0\u1eddi d\u00f9ng<\/p>\n<p>AAA<span> <\/span>TACACS+ v\u00e0 IPv4\/IPv6 qua RADIUS<\/p>\n<p>X\u00e1c th\u1ef1c<span> <\/span>Ki\u1ec3m so\u00e1t truy c\u1eadp m\u1ea1ng d\u1ef1a tr\u00ean c\u1ed5ng IEEE 802.1x<\/p>\n<p>Ch\u1ee9c n\u0103ng qu\u1ea3n l\u00fd chuy\u1ec3n m\u1ea1ch<\/p>\n<p>C\u1ea5u h\u00ecnh h\u1ec7 th\u00f4ng<span> <\/span>B\u1ea3ng \u0111i\u1ec1u khi\u1ec3n, Telnet, Tr\u00ecnh duy\u1ec7t web, SNMP v1, v2c<\/p>\n<p>Giao di\u1ec7n qu\u1ea3n l\u00fd an to\u00e0n<span> <\/span>SSHv2, TLSv1.2, SNMPv3<\/p>\n<p>S\u1ef1 qu\u1ea3n l\u00fd<span> <\/span>Qu\u1ea3n l\u00fd ng\u0103n x\u1ebfp k\u00e9p IPv4 v\u00e0 IPv6<\/p>\n<p>Ki\u1ec3m tra b\u1ea3o m\u1eadt IP c\u1ee7a ng\u01b0\u1eddi d\u00f9ng cho IPv4\/IPv6 SNMP<\/p>\n<p>SNMP v1, v2c v\u00e0 v3<\/p>\n<p>SNMP MIB v\u00e0 TRAP<\/p>\n<p>SNMP RMON 1, 2, 3, 9 b\u1ed1n nh\u00f3m<\/p>\n<p>IPv4\/IPv6 FTP\/TFTP<\/p>\n<p>IPv4\/IPv6 NTP<\/p>\n<p>X\u00e1c th\u1ef1c RADIUS cho IPv4\/IPv6 T\u00ean ng\u01b0\u1eddi d\u00f9ng v\u00e0 m\u1eadt kh\u1ea9u Telnet<\/p>\n<p>IPv4\/IPv6 SSH<\/p>\n<p>C\u1ea5u h\u00ecnh ph\u00f9 h\u1ee3p \u0111\u1ec3 ng\u01b0\u1eddi d\u00f9ng \u00e1p d\u1ee5ng qu\u1ea3n l\u00fd shell c\u1ee7a m\u00e1y ch\u1ee7 RADIUS<\/p>\n<p>CLI, b\u1ea3ng \u0111i\u1ec1u khi\u1ec3n, Telnet<\/p>\n<p>B\u1ea3o m\u1eadt Ch\u1ee9c n\u0103ng qu\u1ea3n l\u00fd m\u1ea1ng an to\u00e0n IP: tr\u00e1nh h\u1ea1 c\u00e1nh tr\u00e1i ph\u00e9p t\u1ea1i khu v\u1ef1c kh\u00f4ng h\u1ea1n ch\u1ebf<\/p>\n<p>M\u00e1y ch\u1ee7 Syslog cho IPv4 v\u00e0 IPv6 Ti\u1ec7n \u00edch kh\u00e1m ph\u00e1 th\u00f4ng minh<\/p>\n<p>TACACS+<\/p>\n<p>PLANET<\/p>\n<p>MIB SNMP<span> <\/span>RFC 1213 MIB-II<\/p>\n<p>RFC 1215 L\u1ef1c l\u01b0\u1ee3ng \u0111\u1eb7c nhi\u1ec7m k\u1ef9 thu\u1eadt Internet<\/p>\n<p>RFC 1271 RMON<\/p>\n<p>RFC 1354 Chuy\u1ec3n ti\u1ebfp IP MIB<\/p>\n<p>RFC 1493 MIB c\u1ea7u<\/p>\n<p>RFC 1643 MIB gi\u1ed1ng Ether<\/p>\n<p>RFC 1907 SNMP v2<\/p>\n<p>RFC 2011 MIB IP\/ICMP<\/p>\n<p>RFC 2012 MIB TCP<\/p>\n<p>RFC 2013 MIB UDP<\/p>\n<p>RFC 2096 MIB chuy\u1ec3n ti\u1ebfp IP<\/p>\n<p>RFC 2233 if MIB<\/p>\n<p>RFC 2452 MIB TCP6<\/p>\n<p>RFC 2454 MIB UDP6<\/p>\n<p>RFC 2465 MIB IPv6<\/p>\n<p>RFC 2466 MIB ICMP6<\/p>\n<p>RFC 2573 SNMP v3 th\u00f4ng b\u00e1o<\/p>\n<p>RFC 2574 SNMP v3 vacm<\/p>\n<p>RFC 2674 M\u1edf r\u1ed9ng MIB c\u1ea7u (IEEE 802.1Q MIB)<\/p>\n<p>RFC 2674 M\u1edf r\u1ed9ng MIB c\u1ea7u (IEEE (MIB 802.1P)<\/p>\n<p>Ti\u00eau chu\u1ea9n ph\u00f9 h\u1ee3p<\/p>\n<p>Tu\u00e2n th\u1ee7 quy \u0111\u1ecbnh<span> <\/span>FCC Ph\u1ea7n 15 L\u1edbp A, CE<\/p>\n<p>Tu\u00e2n th\u1ee7 ti\u00eau chu\u1ea9n<span> <\/span>IEEE 802.3 10BASE-T<\/p>\n<p>IEEE 802.3u 100BASE-TX<\/p>\n<p>IEEE 802.3z Gigabit 1000BASE-SX\/LX<\/p>\n<p>IEEE 802.3ab Gigabit 1000BASE-T<\/p>\n<p>IEEE 802.3ae 10Gb\/s Ethernet<\/p>\n<p>IEEE 802.3x ki\u1ec3m so\u00e1t lu\u1ed3ng v\u00e0 \u00e1p su\u1ea5t ng\u01b0\u1ee3c<\/p>\n<p>IEEE 802.3ad c\u1ed5ng trunk v\u1edbi LACP<\/p>\n<p>IEEE 802.1ag CFM<\/p>\n<p>IEEE 802.1D Giao th\u1ee9c Spanning Tree<\/p>\n<p>IEEE 802.1w Giao th\u1ee9c Spanning Tree nhanh<\/p>\n<p>IEEE 802.1s Giao th\u1ee9c Spanning Tree \u0111a l\u1edbp<\/p>\n<p>IEEE 802.1p L\u1edbp d\u1ecbch v\u1ee5<\/p>\n<p>IEEE 802.1Q \u0110\u00e1nh d\u1ea5u VLAN<\/p>\n<p>IEEE 802.1X x\u00e1c th\u1ef1c c\u1ed5ng ki\u1ec3m so\u00e1t m\u1ea1ng<\/p>\n<p>IEEE 802.1ab LLDP<\/p>\n<p>IEEE 802.3af C\u1ea5p ngu\u1ed3n qua Ethernet<\/p>\n<p>IEEE 802.3at C\u1ea5p ngu\u1ed3n qua Ethernet PLUS<\/p>\n<p>RFC 768 UDP<\/p>\n<p>RFC 783 TFTP<\/p>\n<p>RFC 793 TCP<\/p>\n<p>RFC 791 IP<\/p>\n<p>RFC 792 ICMP<\/p>\n<p>RFC 2068 HTTP<\/p>\n<p>RFC 1112 IGMP v1<\/p>\n<p>RFC 2236 IGMP v2<\/p>\n<p>RFC 3376 IGMP v3<\/p>\n<p>RFC 2710 MLD v1<\/p>\n<p>RFC 3810 MLD v2<\/p>\n<p>RFC 2328 OSPF v2<\/p>\n<p>RFC 1058 RIP v1<\/p>\n<p>RFC 2453 RIP v2<\/p>\n<p>ITU-T G.8032 ERPS Ring<\/p>\n<p>M\u00f4i tr\u01b0\u1eddng<\/p>\n<p>Nhi\u1ec7t \u0111\u1ed9 ho\u1ea1t \u0111\u1ed9ng<span> <\/span>Nhi\u1ec7t \u0111\u1ed9: 0 ~ 50 \u0111\u1ed9 C<\/p>\n<p>\u0110\u1ed9 \u1ea9m t\u01b0\u01a1ng \u0111\u1ed1i: 5 ~ 90% (kh\u00f4ng ng\u01b0ng t\u1ee5)<\/p>\n<p>Nhi\u1ec7t \u0111\u1ed9 l\u01b0u tr\u1eef<span> <\/span>Nhi\u1ec7t \u0111\u1ed9: -10 ~ 70 \u0111\u1ed9 C<\/p>\n<p>\u0110\u1ed9 \u1ea9m t\u01b0\u01a1ng \u0111\u1ed1i: 5 ~ 90% (kh\u00f4ng ng\u01b0ng t\u1ee5)<\/p>\n<\/p><\/div>\n<p>                            <!--                            <\/p>\n<div class=\"xemthem_id_r\">--><br \/>\n                            <!--                                <a><!--\/show\/?token=--><br \/>\n                            <!--\"--><br \/>\n                            <!--                                   class=\"preview fancybox fancybox.ajax\" rel=\"nofollow\"&gt;Xem th&#234;m th&#244;ng s&#7889; k&#7929; thu&#7853;t<\/a>--><br \/>\n                            <!--                            <\/div>\n<p>-->\n                        <\/p><\/div>\n<\/p><\/div>","protected":false},"excerpt":{"rendered":"<ul>\n<p>48 c\u1ed5ng RJ45 10\/100\/1000BASE-T v\u00e0 6 c\u1ed5ng 10G SFP+<\/p>\n<p>H\u1ed7 tr\u1ee3 c\u1ea5p ngu\u1ed3n PoE+ 802.3at tr\u00ean t\u1ea5t c\u1ea3 c\u00e1c c\u1ed5ng \u0111\u1ed3ng<\/p>\n<p>Chuy\u1ec3n v\u1ea3i 216Gbps, th\u00f4ng l\u01b0\u1ee3ng chuy\u1ec3n \u0111\u1ed5i 160,7Mpps<\/p>\n<p>H\u1ed7 tr\u1ee3 \u0111\u1ecbnh tuy\u1ebfn IPv4\/v6, IGMP, v\u00e0 c\u00e1c giao th\u1ee9c \u0111\u1ecbnh tuy\u1ebfn l\u1edbp 3 kh\u00e1c<\/p>\n<p>VLAN, LACP, v\u00e0 h\u1ed7 tr\u1ee3 QoS v\u1edbi 8 h\u00e0ng \u0111\u1ee3i \u01b0u ti\u00ean<\/p>\n<\/ul>","protected":false},"featured_media":14606,"comment_status":"closed","ping_status":"closed","template":"","meta":[],"pwb-brand":[],"product_cat":[2903],"product_tag":[55,2849],"class_list":{"0":"post-14605","1":"product","2":"type-product","3":"status-publish","4":"has-post-thumbnail","6":"product_cat-planet","7":"product_tag-run","8":"product_tag-switch","10":"first","11":"instock","12":"shipping-taxable","13":"product-type-simple"},"brands":[],"_links":{"self":[{"href":"https:\/\/serverhot.vn\/id\/wp-json\/wp\/v2\/product\/14605","targetHints":{"allow":["GET"]}}],"collection":[{"href":"https:\/\/serverhot.vn\/id\/wp-json\/wp\/v2\/product"}],"about":[{"href":"https:\/\/serverhot.vn\/id\/wp-json\/wp\/v2\/types\/product"}],"replies":[{"embeddable":true,"href":"https:\/\/serverhot.vn\/id\/wp-json\/wp\/v2\/comments?post=14605"}],"wp:featuredmedia":[{"embeddable":true,"href":"https:\/\/serverhot.vn\/id\/wp-json\/wp\/v2\/media\/14606"}],"wp:attachment":[{"href":"https:\/\/serverhot.vn\/id\/wp-json\/wp\/v2\/media?parent=14605"}],"wp:term":[{"taxonomy":"pwb-brand","embeddable":true,"href":"https:\/\/serverhot.vn\/id\/wp-json\/wp\/v2\/pwb-brand?post=14605"},{"taxonomy":"product_cat","embeddable":true,"href":"https:\/\/serverhot.vn\/id\/wp-json\/wp\/v2\/product_cat?post=14605"},{"taxonomy":"product_tag","embeddable":true,"href":"https:\/\/serverhot.vn\/id\/wp-json\/wp\/v2\/product_tag?post=14605"}],"curies":[{"name":"wp","href":"https:\/\/api.w.org\/{rel}","templated":true}]}}