{"id":14737,"date":"2025-03-06T05:30:50","date_gmt":"2025-03-05T22:30:50","guid":{"rendered":"https:\/\/serverhot.vn\/-product-\/laptop-dell-latitude-5450-l5450-125u-16512u-intel-core-ultra-5-125u-16gb-512gb-14-inch-fhd-ubuntu-ma-san-pham-l5450-125u-16512u\/"},"modified":"2025-03-06T05:31:23","modified_gmt":"2025-03-05T22:31:23","slug":"laptop-dell-latitude-5450-l5450-125u-16512u-intel-core-ultra-5-125u-16gb-512gb-14-inch-fhd-ubuntu-ma-san-pham-l5450-125u-16512u","status":"publish","type":"product","link":"https:\/\/serverhot.vn\/id\/-product-\/laptop-dell-latitude-5450-l5450-125u-16512u-intel-core-ultra-5-125u-16gb-512gb-14-inch-fhd-ubuntu-ma-san-pham-l5450-125u-16512u\/","title":{"rendered":"Laptop Dell Latitude 5450 L5450-125U-16512U (Intel Core Ultra 5 125U | 16GB | 512GB | 14 inch FHD | Ubuntu) M\u00e3 s\u1ea3n ph\u1ea9m: L5450-125U-16512U"},"content":{"rendered":"<div class=\"showText tabs\" id=\"tab2\">\n<div class=\"box_right_pro_view\">\n<div class=\"thongso_pro a_technical\" style=\"max-height: fit-content\">\n<p>H\u00e3ng s\u1ea3n xu\u1ea5t\u00a0<\/p>\n<p>\u00a0<\/p>\n<p>Laptop Dell<\/p>\n<p>\u00a0<\/p>\n<p>T\u00ean s\u1ea3n ph\u1ea9m<\/p>\n<p>\u00a0<\/p>\n<p>Laptop Dell Latitude 5450 L5450-125U-16512U<\/p>\n<p>Nh\u00f3m s\u1ea3n ph\u1ea9m<\/p>\n<p>\u00a0<\/p>\n<p>Laptop | Laptop Dell Latitude | Laptop v\u0103n ph\u00f2ng | Laptop cho k\u1ebf to\u00e1n<\/p>\n<p>\u00a0<\/p>\n<p>B\u1ed9 vi x\u1eed l\u00fd\u00a0<\/p>\n<p>\u00a0<\/p>\n<p>B\u1ed9 vi x\u1eed l\u00fd<\/p>\n<p>\u00a0<\/p>\n<p>Intel Core Ultra 5 125U (12MB, Up to 4.3GHz)<\/p>\n<p>\u00a0<\/p>\n<p>S\u1ed1 nh\u00e2n<\/p>\n<p>\u00a0<\/p>\n<p>12<\/p>\n<p>\u00a0<\/p>\n<p>S\u1ed1 lu\u1ed3ng<span> <\/span>14<\/p>\n<p>T\u1ed1c \u0111\u1ed9<\/p>\n<p>\u00a0<\/p>\n<p>Up to 4.3GHz,<\/p>\n<p>\u00a0<\/p>\n<p>B\u1ed9 nh\u1edb \u0111\u1ec7m<\/p>\n<p>\u00a0<\/p>\n<p>12MB Cache<\/p>\n<p>\u00a0<\/p>\n<p>B\u1ed9 nh\u1edb trong (RAM)<\/p>\n<p>\u00a0<\/p>\n<p>Dung l\u01b0\u1ee3ng<\/p>\n<p>\u00a0<\/p>\n<p>16GB DDR5 5600MHz (2x8GB)<\/p>\n<p>\u00a0<\/p>\n<p>S\u1ed1 khe c\u1eafm<\/p>\n<p>\u00a0<\/p>\n<p>\u00a0<\/p>\n<p>\u00a0<\/p>\n<p>H\u1ed7 tr\u1ee3 t\u1ed1i \u0111a<\/p>\n<p>\u00a0<\/p>\n<p>\u00a0<\/p>\n<p>\u00a0<\/p>\n<p>\u1ed4 c\u1ee9ng\u00a0<\/p>\n<p>\u00a0<\/p>\n<p>Dung l\u01b0\u1ee3ng<\/p>\n<p>\u00a0<\/p>\n<p>512GB SSD M.2 2230 Gen 4 PCIe NVMe\u00a0<\/p>\n<p>\u00a0<\/p>\n<p>T\u1ed1c \u0111\u1ed9 v\u00f2ng quay<\/p>\n<p>\u00a0<\/p>\n<p>\u00a0<\/p>\n<p>\u00a0<\/p>\n<p>Khe c\u1eafm SSD m\u1edf r\u1ed9ng<\/p>\n<p>\u00a0<\/p>\n<p>\u00a0<\/p>\n<p>\u00a0<\/p>\n<p>\u1ed4 \u0111\u0129a quang (ODD)\u00a0<\/p>\n<p>\u00a0<\/p>\n<p>\u00a0Kh\u00f4ng<\/p>\n<p>\u00a0<\/p>\n<p>Hi\u1ec3n th\u1ecb\u00a0<\/p>\n<p>\u00a0<\/p>\n<p>M\u00e0n h\u00ecnh<\/p>\n<p>\u00a0<\/p>\n<p>14 inch\u00a0<\/p>\n<p>\u00a0<\/p>\n<p>\u0110\u1ed9 ph\u00e2n gi\u1ea3i<\/p>\n<p>\u00a0<\/p>\n<p>FHD 1920&#215;1080<\/p>\n<p>\u00a0<\/p>\n<p>C\u00f4ng ngh\u1ec7 m\u00e0n h\u00ecnh<\/p>\n<p>\u00a0<\/p>\n<p>60Hz, IPS, Non-Touch, 250 nit, 45% NTSC<\/p>\n<p>\u00a0<\/p>\n<p>\u0110\u1ed3 H\u1ecda (VGA)\u00a0<\/p>\n<p>\u00a0<\/p>\n<p>Card m\u00e0n h\u00ecnh<\/p>\n<p>\u00a0<\/p>\n<p>\u00a0Intel\u00ae Integrated Graphics<\/p>\n<p>\u00a0<\/p>\n<p>K\u1ebft n\u1ed1i (Network)\u00a0<\/p>\n<p>\u00a0<\/p>\n<p>Wireless<\/p>\n<p>\u00a0<\/p>\n<p>Intel\u00ae Wi-Fi 6E AX211, 2&#215;2, 802.11ax<\/p>\n<p>\u00a0<\/p>\n<p>LAN<\/p>\n<p>\u00a0<\/p>\n<p>1 x RJ-45<\/p>\n<p>\u00a0<\/p>\n<p>Bluetooth<\/p>\n<p>\u00a0<\/p>\n<p>Bluetooth\u00ae 5.3 wireless card<\/p>\n<p>\u00a0<\/p>\n<p>B\u00e0n ph\u00edm , Chu\u1ed9t\u00a0<\/p>\n<p>\u00a0<\/p>\n<p>Ki\u1ec3u b\u00e0n ph\u00edm<\/p>\n<p>\u00a0<\/p>\n<p>B\u00e0n ph\u00edm ti\u00eau chu\u1ea9n<\/p>\n<p>\u00a0<\/p>\n<p>Chu\u1ed9t<\/p>\n<p>\u00a0<\/p>\n<p>C\u1ea3m \u1ee9ng \u0111a \u0111i\u1ec3m<\/p>\n<p>\u00a0<\/p>\n<p>Giao ti\u1ebfp m\u1edf r\u1ed9ng\u00a0<\/p>\n<p>\u00a0<\/p>\n<p>K\u1ebft n\u1ed1i USB<\/p>\n<p>\u00a0<\/p>\n<p>2 x Thunderbolt\u2122 4 (40 Gbps) with DisplayPort\u2122 Alt Mode\/USB Type-C\/USB4\/Power Delivery<\/p>\n<p>1 x USB 3.2 Gen 1 port with PowerShare<\/p>\n<p>1 x USB 3.2 Gen 1 port<\/p>\n<p>\u00a0<\/p>\n<p>K\u1ebft n\u1ed1i HDMI\/VGA<\/p>\n<p>\u00a0<\/p>\n<p>1 x HDMI 2.1 port<\/p>\n<p>\u00a0<\/p>\n<p>Tai nghe<\/p>\n<p>\u00a0<\/p>\n<p>1 x Universal audio port<\/p>\n<p>\u00a0<\/p>\n<p>Camera<\/p>\n<p>\u00a0<\/p>\n<p>1080p at 30 fps<\/p>\n<p>\u00a0<\/p>\n<p>Card m\u1edf r\u1ed9ng<\/p>\n<p>\u00a0<\/p>\n<p>&#8211;<\/p>\n<p>\u00a0<\/p>\n<p>LOA<\/p>\n<p>\u00a0<\/p>\n<p>2 Loa<\/p>\n<p>\u00a0<\/p>\n<p>Ki\u1ec3u Pin<\/p>\n<p>\u00a0<\/p>\n<p>3Cell 42WHrs<\/p>\n<p>\u00a0<\/p>\n<p>S\u1ea1c pin<\/p>\n<p>\u00a0<\/p>\n<p>\u0110i k\u00e8m<\/p>\n<p>\u00a0<\/p>\n<p>H\u1ec7 \u0111i\u1ec1u h\u00e0nh (b\u1ea3n quy\u1ec1n) \u0111i k\u00e8m\u00a0<\/p>\n<p>\u00a0<\/p>\n<p>Ubuntu<\/p>\n<p>K\u00edch th\u01b0\u1edbc (D\u00e0i x R\u1ed9ng x Cao)<\/p>\n<p>\u00a0<\/p>\n<p>Height (rear): 0.83 in. (21.04 mm)<\/p>\n<p>Height (front): 0.75 in. (19.06 mm)<\/p>\n<p>Width: 12.65 in. (321.35 mm)<\/p>\n<p>Depth: 8.35 in. (212 mm)<\/p>\n<p>\u00a0<\/p>\n<p>Tr\u1ecdng L\u01b0\u1ee3ng<\/p>\n<p>\u00a0<\/p>\n<p>1.4 kg<\/p>\n<\/p><\/div>\n<p>                            <!--                            <\/p>\n<div class=\"xemthem_id_r\">--><br \/>\n                            <!--                                <a><!--\/show\/?token=--><br \/>\n                            <!--\"--><br \/>\n                            <!--                                   class=\"preview fancybox fancybox.ajax\" rel=\"nofollow\"&gt;Xem th&#234;m th&#244;ng s&#7889; k&#7929; thu&#7853;t<\/a>--><br \/>\n                            <!--                            <\/div>\n<p>-->\n                        <\/p><\/div>\n<\/p><\/div>","protected":false},"excerpt":{"rendered":"<ul>\n<p>CPU: Intel Core Ultra 5 125U (12MB, Up to 4.3GHz)<\/p>\n<p>RAM: 16GB (2 x 8 GB) DDR5, 5600 MT\/s<\/p>\n<p>\u1ed4 c\u1ee9ng: 512GB M.2 2230 Gen 4 PCIe NVMe<\/p>\n<p>VGA: Intel Graphics<\/p>\n<p>M\u00e0n h\u00ecnh: 14.0 inch FHD 1920&#215;1080, IPS 60Hz 250nits Anti-glare 45%NTSC<\/p>\n<p>Pin: 3Cell 42WHrs<\/p>\n<p>T\u00ednh n\u0103ng: B\u1ea3o m\u1eadt v\u00e2n tay<\/p>\n<p>C\u00e2n n\u1eb7ng: 1.4kg<\/p>\n<p>OS:Ubuntu<\/p>\n<\/ul>","protected":false},"featured_media":14738,"comment_status":"closed","ping_status":"closed","template":"","meta":[],"pwb-brand":[],"product_cat":[2890],"product_tag":[2852],"class_list":{"0":"post-14737","1":"product","2":"type-product","3":"status-publish","4":"has-post-thumbnail","6":"product_cat-dell-laptop","7":"product_tag-wireless","9":"first","10":"instock","11":"shipping-taxable","12":"product-type-simple"},"brands":[],"_links":{"self":[{"href":"https:\/\/serverhot.vn\/id\/wp-json\/wp\/v2\/product\/14737","targetHints":{"allow":["GET"]}}],"collection":[{"href":"https:\/\/serverhot.vn\/id\/wp-json\/wp\/v2\/product"}],"about":[{"href":"https:\/\/serverhot.vn\/id\/wp-json\/wp\/v2\/types\/product"}],"replies":[{"embeddable":true,"href":"https:\/\/serverhot.vn\/id\/wp-json\/wp\/v2\/comments?post=14737"}],"wp:featuredmedia":[{"embeddable":true,"href":"https:\/\/serverhot.vn\/id\/wp-json\/wp\/v2\/media\/14738"}],"wp:attachment":[{"href":"https:\/\/serverhot.vn\/id\/wp-json\/wp\/v2\/media?parent=14737"}],"wp:term":[{"taxonomy":"pwb-brand","embeddable":true,"href":"https:\/\/serverhot.vn\/id\/wp-json\/wp\/v2\/pwb-brand?post=14737"},{"taxonomy":"product_cat","embeddable":true,"href":"https:\/\/serverhot.vn\/id\/wp-json\/wp\/v2\/product_cat?post=14737"},{"taxonomy":"product_tag","embeddable":true,"href":"https:\/\/serverhot.vn\/id\/wp-json\/wp\/v2\/product_tag?post=14737"}],"curies":[{"name":"wp","href":"https:\/\/api.w.org\/{rel}","templated":true}]}}