{"id":14865,"date":"2025-04-23T17:31:23","date_gmt":"2025-04-23T10:31:23","guid":{"rendered":"https:\/\/serverhot.vn\/-product-\/may-tinh-de-ban-hp-z2-tower-g9-workstationcore-i9-1490016gb-1x16gb-ram-512gb-ssdintel-graphicsusb-keyboard-mousehdmi-portlinux3y-wty_4n3u8av-ma-san-pham-4n3u8av_14900\/"},"modified":"2025-04-23T17:31:47","modified_gmt":"2025-04-23T10:31:47","slug":"may-tinh-de-ban-hp-z2-tower-g9-workstationcore-i9-1490016gb-1x16gb-ram-512gb-ssdintel-graphicsusb-keyboard-mousehdmi-portlinux3y-wty_4n3u8av-ma-san-pham-4n3u8av_14900","status":"publish","type":"product","link":"https:\/\/serverhot.vn\/id\/-product-\/may-tinh-de-ban-hp-z2-tower-g9-workstationcore-i9-1490016gb-1x16gb-ram-512gb-ssdintel-graphicsusb-keyboard-mousehdmi-portlinux3y-wty_4n3u8av-ma-san-pham-4n3u8av_14900\/","title":{"rendered":"M\u00e1y t\u00ednh \u0111\u1ec3 b\u00e0n HP Z2 Tower G9 Workstation,Core i9-14900,16GB (1x16Gb) RAM, 512GB SSD,Intel Graphics,USB Keyboard &amp; Mouse,HDMI Port,Linux,3Y WTY_4N3U8AV M\u00e3 s\u1ea3n ph\u1ea9m: 4N3U8AV_14900"},"content":{"rendered":"<div class=\"showText tabs\" id=\"tab2\">\n                                    <\/div>","protected":false},"excerpt":{"rendered":"<ul>\n<ul>\n<li>B\u1ed9 x\u1eed l\u00fd (CPU): Intel Core i9-14900 24 nh\u00e2n, 32 lu\u1ed3ng.<\/li>\n<li>B\u1ed9 nh\u1edb (RAM): 16GB DDR5<\/li>\n<li>L\u01b0u tr\u1eef: 512GB SSD NVMe<\/li>\n<li>Card \u0111\u1ed3 h\u1ecda: Intel Graphics<\/li>\n<li>H\u1ec7 \u0111i\u1ec1u h\u00e0nh: Linux<\/li>\n<li>C\u1ed5ng k\u1ebft n\u1ed1i: HDMI<\/li>\n<li>Ph\u1ee5 ki\u1ec7n \u0111i k\u00e8m:\u00a0 B\u00e0n ph\u00edm USB v\u00e0 chu\u1ed9t USB.<\/li>\n<li>B\u1ea3o h\u00e0nh: 3 n\u0103m (3Y WTY)<\/li>\n<\/ul>\n<\/ul>","protected":false},"featured_media":14866,"comment_status":"closed","ping_status":"closed","template":"","meta":[],"pwb-brand":[],"product_cat":[2887],"product_tag":[],"class_list":{"0":"post-14865","1":"product","2":"type-product","3":"status-publish","4":"has-post-thumbnail","6":"product_cat-hp","8":"first","9":"instock","10":"shipping-taxable","11":"product-type-simple"},"brands":[],"_links":{"self":[{"href":"https:\/\/serverhot.vn\/id\/wp-json\/wp\/v2\/product\/14865","targetHints":{"allow":["GET"]}}],"collection":[{"href":"https:\/\/serverhot.vn\/id\/wp-json\/wp\/v2\/product"}],"about":[{"href":"https:\/\/serverhot.vn\/id\/wp-json\/wp\/v2\/types\/product"}],"replies":[{"embeddable":true,"href":"https:\/\/serverhot.vn\/id\/wp-json\/wp\/v2\/comments?post=14865"}],"wp:featuredmedia":[{"embeddable":true,"href":"https:\/\/serverhot.vn\/id\/wp-json\/wp\/v2\/media\/14866"}],"wp:attachment":[{"href":"https:\/\/serverhot.vn\/id\/wp-json\/wp\/v2\/media?parent=14865"}],"wp:term":[{"taxonomy":"pwb-brand","embeddable":true,"href":"https:\/\/serverhot.vn\/id\/wp-json\/wp\/v2\/pwb-brand?post=14865"},{"taxonomy":"product_cat","embeddable":true,"href":"https:\/\/serverhot.vn\/id\/wp-json\/wp\/v2\/product_cat?post=14865"},{"taxonomy":"product_tag","embeddable":true,"href":"https:\/\/serverhot.vn\/id\/wp-json\/wp\/v2\/product_tag?post=14865"}],"curies":[{"name":"wp","href":"https:\/\/api.w.org\/{rel}","templated":true}]}}