{"id":15052,"date":"2025-05-26T17:34:50","date_gmt":"2025-05-26T10:34:50","guid":{"rendered":"https:\/\/serverhot.vn\/-product-\/cap-chuyen-doi-displayport-to-hdmi-ho-tro-4kx2k-chinh-hang-ugreen-40363-cao-cap-ma-san-pham-40363\/"},"modified":"2025-05-26T17:35:11","modified_gmt":"2025-05-26T10:35:11","slug":"cap-chuyen-doi-displayport-to-hdmi-ho-tro-4kx2k-chinh-hang-ugreen-40363-cao-cap-ma-san-pham-40363","status":"publish","type":"product","link":"https:\/\/serverhot.vn\/id\/-product-\/cap-chuyen-doi-displayport-to-hdmi-ho-tro-4kx2k-chinh-hang-ugreen-40363-cao-cap-ma-san-pham-40363\/","title":{"rendered":"C\u00e1p chuy\u1ec3n \u0111\u1ed5i Displayport to HDMI h\u1ed7 tr\u1ee3 4Kx2K ch\u00ednh h\u00e3ng Ugreen 40363 cao c\u1ea5p M\u00e3 s\u1ea3n ph\u1ea9m: 40363"},"content":{"rendered":"<div class=\"showText tabs\" id=\"tab2\">\n<div class=\"box_right_pro_view\">\n<div class=\"thongso_pro a_technical\" style=\"max-height: fit-content\">\n<ul>\n<li>\u00a0C\u00e1p DisplayPort to HDMI Ugreen 40363 gi\u00fap k\u1ebft n\u1ed1i m\u00e1y t\u00ednh, laptop v\u1edbi m\u00e0n h\u00ecnh, m\u00e1y chi\u1ebfu, TV HDMI.<\/li>\n<li>\u00a0H\u1ed7 tr\u1ee3 \u0111\u1ed9 ph\u00e2n gi\u1ea3i 4Kx2K @30Hz, \u00e2m thanh kh\u00f4ng n\u00e9n LPCM.<\/li>\n<li>\u00a0C\u00f4ng ngh\u1ec7 t\u00e1i t\u1ea1o m\u00e0u HDMI 12bit, b\u0103ng th\u00f4ng 300Mhz \/ 3Gbps \/ K\u00eanh.<\/li>\n<li>\u00a0K\u00edch th\u01b0\u1edbc: L45 x W21.3 x H12 mm, chi\u1ec1u d\u00e0i c\u00e1p 25cm.<\/li>\n<li>\u00a0C\u1eafm l\u00e0 ch\u1ea1y, kh\u00f4ng c\u1ea7n ph\u1ea7n m\u1ec1m, \u0111\u1ea3m b\u1ea3o k\u1ebft n\u1ed1i \u1ed5n \u0111\u1ecbnh.<\/li>\n<li>\u00a0S\u1ea3n ph\u1ea9m ch\u00ednh h\u00e3ng Ugreen, \u0111\u1ed9 b\u1ec1n cao, ch\u1ea5t l\u01b0\u1ee3ng v\u01b0\u1ee3t tr\u1ed9i.<\/li>\n<\/ul><\/div>\n<p>                            <!--                            <\/p>\n<div class=\"xemthem_id_r\">--><br \/>\n                            <!--                                <a><!--\/show\/?token=--><br \/>\n                            <!--\"--><br \/>\n                            <!--                                   class=\"preview fancybox fancybox.ajax\" rel=\"nofollow\"&gt;Xem th&#234;m th&#244;ng s&#7889; k&#7929; thu&#7853;t<\/a>--><br \/>\n                            <!--                            <\/div>\n<p>-->\n                        <\/p><\/div>\n<\/p><\/div>","protected":false},"excerpt":{"rendered":"<ul>\n<ul>\n<li>\u00a0C\u00e1p DisplayPort to HDMI Ugreen 40363 gi\u00fap k\u1ebft n\u1ed1i m\u00e1y t\u00ednh, laptop v\u1edbi m\u00e0n h\u00ecnh, m\u00e1y chi\u1ebfu, TV HDMI.<\/li>\n<li>\u00a0H\u1ed7 tr\u1ee3 \u0111\u1ed9 ph\u00e2n gi\u1ea3i 4Kx2K @30Hz, \u00e2m thanh kh\u00f4ng n\u00e9n LPCM.<\/li>\n<li>\u00a0C\u00f4ng ngh\u1ec7 t\u00e1i t\u1ea1o m\u00e0u HDMI 12bit, b\u0103ng th\u00f4ng 300Mhz \/ 3Gbps \/ K\u00eanh.<\/li>\n<li>\u00a0K\u00edch th\u01b0\u1edbc: L45 x W21.3 x H12 mm, chi\u1ec1u d\u00e0i c\u00e1p 25cm.<\/li>\n<li>\u00a0C\u1eafm l\u00e0 ch\u1ea1y, kh\u00f4ng c\u1ea7n ph\u1ea7n m\u1ec1m, \u0111\u1ea3m b\u1ea3o k\u1ebft n\u1ed1i \u1ed5n \u0111\u1ecbnh.<\/li>\n<li>\u00a0S\u1ea3n ph\u1ea9m ch\u00ednh h\u00e3ng Ugreen, \u0111\u1ed9 b\u1ec1n cao, ch\u1ea5t l\u01b0\u1ee3ng v\u01b0\u1ee3t tr\u1ed9i.<\/li>\n<\/ul>\n<\/ul>","protected":false},"featured_media":15053,"comment_status":"closed","ping_status":"closed","template":"","meta":[],"pwb-brand":[],"product_cat":[2910],"product_tag":[50],"class_list":{"0":"post-15052","1":"product","2":"type-product","3":"status-publish","4":"has-post-thumbnail","6":"product_cat-thiet-bi-van-phong","7":"product_tag-green","9":"first","10":"instock","11":"shipping-taxable","12":"product-type-simple"},"brands":[],"_links":{"self":[{"href":"https:\/\/serverhot.vn\/id\/wp-json\/wp\/v2\/product\/15052","targetHints":{"allow":["GET"]}}],"collection":[{"href":"https:\/\/serverhot.vn\/id\/wp-json\/wp\/v2\/product"}],"about":[{"href":"https:\/\/serverhot.vn\/id\/wp-json\/wp\/v2\/types\/product"}],"replies":[{"embeddable":true,"href":"https:\/\/serverhot.vn\/id\/wp-json\/wp\/v2\/comments?post=15052"}],"wp:featuredmedia":[{"embeddable":true,"href":"https:\/\/serverhot.vn\/id\/wp-json\/wp\/v2\/media\/15053"}],"wp:attachment":[{"href":"https:\/\/serverhot.vn\/id\/wp-json\/wp\/v2\/media?parent=15052"}],"wp:term":[{"taxonomy":"pwb-brand","embeddable":true,"href":"https:\/\/serverhot.vn\/id\/wp-json\/wp\/v2\/pwb-brand?post=15052"},{"taxonomy":"product_cat","embeddable":true,"href":"https:\/\/serverhot.vn\/id\/wp-json\/wp\/v2\/product_cat?post=15052"},{"taxonomy":"product_tag","embeddable":true,"href":"https:\/\/serverhot.vn\/id\/wp-json\/wp\/v2\/product_tag?post=15052"}],"curies":[{"name":"wp","href":"https:\/\/api.w.org\/{rel}","templated":true}]}}