{"id":10583,"date":"2024-06-29T05:05:50","date_gmt":"2024-06-28T22:05:50","guid":{"rendered":"https:\/\/serverhot.vn\/product\/uncategorized\/wireless-router-asus-rt-n18u-n600mbps-ma-san-pham-rt-n18u\/"},"modified":"2024-06-29T05:05:51","modified_gmt":"2024-06-28T22:05:51","slug":"wireless-router-asus-rt-n18u-n600mbps-ma-san-pham-rt-n18u","status":"publish","type":"product","link":"https:\/\/serverhot.vn\/ja\/-product-\/wireless-router-asus-rt-n18u-n600mbps-ma-san-pham-rt-n18u\/","title":{"rendered":"Wireless Router ASUS RT-N18U N600Mbps M\u00e3 s\u1ea3n ph\u1ea9m: RT-N18U"},"content":{"rendered":"<div class=\"showText tabs\" id=\"tab2\">\n                                    <\/div>","protected":false},"excerpt":{"rendered":"<ul>\n<div class=\"product-intro\">\n<ul>\n<li>C\u00f4ng ngh\u1ec7 TurboQAM\u2122 n\u00e2ng t\u1ed1c \u0111\u1ed9 Wi-Fi l\u00ean \u0111\u1ebfn 600Mbps \u2013 nhanh h\u01a1n 33% so v\u1edbi c\u00e1c thi\u1ebft b\u1ecb c\u00f9ng ti\u00eau chu\u1ea9n N.<\/li>\n<li>AiRadar v\u1edbi beamforming ph\u1ed5 qu\u00e1t t\u1ed1i \u01b0u h\u00f3a s\u1ee9c m\u1ea1nh t\u00edn hi\u1ec7u v\u00e0 n\u00e2ng ph\u1ea1m vi bao ph\u1ee7 l\u00ean t\u1edbi 150%.<\/li>\n<li>\u1ee8ng d\u1ee5ng ASUS Router cho ph\u00e9p b\u1ea1n truy c\u1eadp m\u1ea1ng b\u1ea5t c\u1ee9 \u0111\u00e2u m\u00e0 kh\u00f4ng c\u1ea7n ph\u1ea3i kh\u1edfi \u0111\u1ed9ng m\u00e1y t\u00ednh.<\/li>\n<li>C\u1ed5ng Five Gigabit Ethernet c\u00f9ng v\u1edbi c\u00f4ng ngh\u1ec7 Turbo NAT n\u00e2ng hi\u1ec7u n\u0103ng s\u1eed d\u1ee5ng internet t\u1eeb 2 \u0111\u1ebfn 5 l\u1ea7n.<\/li>\n<li>C\u1ed5ng USB 3.0 gi\u00fap truy\u1ec1n t\u1ea3i d\u1eef li\u1ec7u nhanh h\u01a1n so v\u1edbi USB 2.0 g\u1ea5p 10 l\u1ea7n, c\u0169ng bao g\u1ed3m m\u1ed9t c\u1ed5ng USB 2.0.<\/li>\n<li>T\u01b0\u01a1ng th\u00edch v\u1edbi m\u00e3 ngu\u1ed3n m\u1edf m\u00e0 \u0111\u01b0\u1ee3c x\u00e1c nh\u1eadn b\u1edfi ASUS.<\/li>\n<li>\u0110\u1ed9 ph\u1ee7 s\u00f3ng l\u00ean t\u1edbi 300m2 **<\/li>\n<li>Cho ph\u00e9p 15~30 thi\u1ebft b\u1ecb k\u1ebft n\u1ed1i *<\/li>\n<\/ul>\n<p>*Th\u00f4ng s\u1ed1 k\u1ef9 thu\u1eadt ch\u1ec9 mang t\u00ednh ch\u1ea5t kham th\u1ea3o. M\u1ecdi chi ti\u1ebft vui l\u00f2ng li\u00ean h\u1ec7 \u0111\u1ea1i l\u00fd g\u1ea7n nh\u1ea5t<br \/>**\u0110\u1ed9 ph\u1ee7 s\u00f3ng ph\u1ee5 thu\u1ed9c v\u00e0o m\u00f4i tr\u01b0\u1eddng v\u00e0 kh\u00f4ng gian kh\u00f4ng c\u00f3 nhi\u1ec1u v\u1eadt c\u1ea3n.<\/p>\n<\/div>\n<\/ul>","protected":false},"featured_media":10584,"comment_status":"closed","ping_status":"closed","template":"","meta":[],"pwb-brand":[],"product_cat":[2900],"product_tag":[25,2852],"class_list":{"0":"post-10583","1":"product","2":"type-product","3":"status-publish","4":"has-post-thumbnail","6":"product_cat-asus-networking","7":"product_tag-man","8":"product_tag-wireless","10":"first","11":"instock","12":"shipping-taxable","13":"product-type-simple"},"brands":[],"_links":{"self":[{"href":"https:\/\/serverhot.vn\/ja\/wp-json\/wp\/v2\/product\/10583","targetHints":{"allow":["GET"]}}],"collection":[{"href":"https:\/\/serverhot.vn\/ja\/wp-json\/wp\/v2\/product"}],"about":[{"href":"https:\/\/serverhot.vn\/ja\/wp-json\/wp\/v2\/types\/product"}],"replies":[{"embeddable":true,"href":"https:\/\/serverhot.vn\/ja\/wp-json\/wp\/v2\/comments?post=10583"}],"wp:featuredmedia":[{"embeddable":true,"href":"https:\/\/serverhot.vn\/ja\/wp-json\/wp\/v2\/media\/10584"}],"wp:attachment":[{"href":"https:\/\/serverhot.vn\/ja\/wp-json\/wp\/v2\/media?parent=10583"}],"wp:term":[{"taxonomy":"pwb-brand","embeddable":true,"href":"https:\/\/serverhot.vn\/ja\/wp-json\/wp\/v2\/pwb-brand?post=10583"},{"taxonomy":"product_cat","embeddable":true,"href":"https:\/\/serverhot.vn\/ja\/wp-json\/wp\/v2\/product_cat?post=10583"},{"taxonomy":"product_tag","embeddable":true,"href":"https:\/\/serverhot.vn\/ja\/wp-json\/wp\/v2\/product_tag?post=10583"}],"curies":[{"name":"wp","href":"https:\/\/api.w.org\/{rel}","templated":true}]}}