{"id":10593,"date":"2024-06-29T05:30:17","date_gmt":"2024-06-28T22:30:17","guid":{"rendered":"https:\/\/serverhot.vn\/product\/uncategorized\/thiet-bi-mang-switch-draytek-vigor-24-ports-lan-gigabit-4-sfp-port-gigabit-g1282-ma-san-pham-g1282\/"},"modified":"2024-06-29T05:30:18","modified_gmt":"2024-06-28T22:30:18","slug":"thiet-bi-mang-switch-draytek-vigor-24-ports-lan-gigabit-4-sfp-port-gigabit-g1282-ma-san-pham-g1282","status":"publish","type":"product","link":"https:\/\/serverhot.vn\/ja\/-product-\/thiet-bi-mang-switch-draytek-vigor-24-ports-lan-gigabit-4-sfp-port-gigabit-g1282-ma-san-pham-g1282\/","title":{"rendered":"Thi\u1ebft B\u1ecb M\u1ea1ng Switch DrayTek Vigor 24 Ports LAN Gigabit +4 SFP Port Gigabit G1282 M\u00e3 s\u1ea3n ph\u1ea9m: G1282"},"content":{"rendered":"<div class=\"showText tabs\" id=\"tab2\">\n<div class=\"box_right_pro_view\">\n<div class=\"thongso_pro a_technical\" style=\"max-height: fit-content\">\n<table class=\"attributes\">\n<tbody>\n<tr class=\"option-item\">\n<td class=\"op_name\">B\u1ed9 nh\u1edb<\/td>\n<td>\n<div class=\"wordWrap\">Switching Capacity: 56Gbps<\/div>\n<\/td>\n<\/tr>\n<tr class=\"option-item\">\n<td class=\"op_name\">Ngu\u1ed3n<\/td>\n<td>\n<div class=\"wordWrap\">100-240VAC<\/div>\n<\/td>\n<\/tr>\n<tr class=\"option-item\">\n<td class=\"op_name\">C\u1ed5ng k\u1ebft n\u1ed1i<\/td>\n<td>\n<div class=\"wordWrap\">24 x RJ-45 Gigabit Ethernet Ports; 4 x RJ-45 \/ SFP Gigabit Ethernet Ports<\/div>\n<\/td>\n<\/tr>\n<tr class=\"option-item\">\n<td class=\"op_name\">Standard (Chu\u1ea9n k\u1ebft n\u1ed1i)<\/td>\n<td>\n<div class=\"wordWrap\">802.1q Tag-based VLAN<\/div>\n<\/td>\n<\/tr>\n<tr class=\"option-item\">\n<td class=\"op_name\">K\u00edch th\u01b0\u1edbc<\/td>\n<td>\n<div class=\"wordWrap\">441 x 206 x 44 mm (W x D x H)<\/div>\n<\/td>\n<\/tr>\n<tr class=\"option-item\">\n<td class=\"op_name\">Kh\u1ed1i l\u01b0\u1ee3ng<\/td>\n<td>\n<div class=\"wordWrap\">2.8 Kg<\/div>\n<\/td>\n<\/tr>\n<tr class=\"option-item\">\n<td class=\"op_name\">B\u1ea3o h\u00e0nh<\/td>\n<td>\n<div class=\"wordWrap\">24 th\u00e1ng<\/div>\n<\/td>\n<\/tr>\n<tr class=\"option-item\">\n<td class=\"op_name\">H\u00e3ng s\u1ea3n xu\u1ea5t<\/td>\n<td>\n<div class=\"wordWrap\">Draytek<\/div>\n<\/td>\n<\/tr>\n<\/tbody>\n<\/table><\/div>\n<p>                            <!--                            <\/p>\n<div class=\"xemthem_id_r\">--><br \/>\n                            <!--                                <a><!--\/show\/?token=--><br \/>\n                            <!--\"--><br \/>\n                            <!--                                   class=\"preview fancybox fancybox.ajax\" rel=\"nofollow\"&gt;Xem th&#234;m th&#244;ng s&#7889; k&#7929; thu&#7853;t<\/a>--><br \/>\n                            <!--                            <\/div>\n<p>-->\n                        <\/p><\/div>\n<\/p><\/div>","protected":false},"excerpt":{"rendered":"<ul>\n<div class=\"product_title\" style=\"font-family: 'Noto Sans', sans-serif;font-size: 15.97px;background-color: #ffffff\">\u00a0<\/div>\n<div class=\"product_desc_short\" style=\"font-size: 14px;margin-left: -2px;font-family: 'Noto Sans', sans-serif;background-color: #ffffff\">\n<p dir=\"ltr\" style=\"margin: 0pt 0px;line-height: 1.38\"><span style=\"font-size: 18px\"><strong>Thi\u1ebft b\u1ecb chuy\u1ec3n m\u1ea1ch v\u1edbi Switch 24 c\u1ed5ng v\u1edbi 4 LAN Gigabit, chuy\u00ean d\u1ee5ng cho doanh nghi\u1ec7p, v\u0103n ph\u00f2ng, ph\u00f2ng game, \u2026<\/strong><\/span><\/p>\n<p dir=\"ltr\" style=\"margin: 0pt 0px;line-height: 1.38\">\u00a0<\/p>\n<ul>\n<li><span style=\"font-size: 16px\"><span style=\"font-family: tahoma, geneva, sans-serif\"><span id=\"docs-internal-guid-954257ea-7fff-6542-828c-79f10d36bfc6\"><span style=\"background-color: transparent;vertical-align: baseline\">24 port LAN Gigabit port.<\/span><\/span><\/span><\/span><\/li>\n<li><span style=\"font-size: 16px\"><span style=\"font-family: tahoma, geneva, sans-serif\"><span id=\"docs-internal-guid-954257ea-7fff-6542-828c-79f10d36bfc6\"><span style=\"background-color: transparent;vertical-align: baseline\">4 port combo LAN Gigabit + slot SFP quang Gigabit.<\/span><\/span><\/span><\/span><\/li>\n<li><span style=\"font-size: 16px\"><span style=\"font-family: tahoma, geneva, sans-serif\"><span id=\"docs-internal-guid-954257ea-7fff-6542-828c-79f10d36bfc6\"><span style=\"background-color: transparent;vertical-align: baseline\">H\u1ed7 tr\u1ee3 chia VLAN v\u1edbi chu\u1ea9n 802.1q, Port based VLAN, VoIP VLAN.<\/span><\/span><\/span><\/span><\/li>\n<li><span style=\"font-size: 16px\"><span style=\"font-family: tahoma, geneva, sans-serif\"><span id=\"docs-internal-guid-954257ea-7fff-6542-828c-79f10d36bfc6\"><span style=\"background-color: transparent;vertical-align: baseline\">T\u00ednh n\u0103ng LACP gi\u00fap g\u1ed9p b\u0103ng th\u00f4ng \u0111\u01b0\u1eddng truy\u1ec1n.<\/span><\/span><\/span><\/span><\/li>\n<li><span style=\"font-size: 16px\"><span style=\"font-family: tahoma, geneva, sans-serif\"><span id=\"docs-internal-guid-954257ea-7fff-6542-828c-79f10d36bfc6\"><span style=\"background-color: transparent;vertical-align: baseline\">T\u00ednh n\u0103ng Spanning Tree gi\u00fap t\u0103ng c\u01b0\u1eddng \u0111\u1ed9 \u1ed5n \u0111\u1ecbnh h\u1ec7 th\u1ed1ng.<\/span><\/span><\/span><\/span><\/li>\n<li><span style=\"font-size: 16px\"><span style=\"font-family: tahoma, geneva, sans-serif\"><span id=\"docs-internal-guid-954257ea-7fff-6542-828c-79f10d36bfc6\"><span style=\"background-color: transparent;vertical-align: baseline\">IGMP Snooping, QoS t\u1ed1i \u01b0u cho d\u1ecbch v\u1ee5 \u00e2m thanh v\u00e0 video.<\/span><\/span><\/span><\/span><\/li>\n<li><span style=\"font-size: 16px\"><span style=\"font-family: tahoma, geneva, sans-serif\"><span id=\"docs-internal-guid-954257ea-7fff-6542-828c-79f10d36bfc6\"><span style=\"background-color: transparent;vertical-align: baseline\">T\u00ednh n\u0103ng Storm Control, DoS Attack Prevention.<\/span><\/span><\/span><\/span><\/li>\n<li><span style=\"font-size: 16px\"><span style=\"font-family: tahoma, geneva, sans-serif\"><span id=\"docs-internal-guid-954257ea-7fff-6542-828c-79f10d36bfc6\"><span style=\"background-color: transparent;vertical-align: baseline\">C\u1ea5u h\u00ecnh b\u1eb1ng giao di\u1ec7n web v\u00e0 d\u00f2ng l\u1ec7nh.<\/span><\/span><\/span><\/span><\/li>\n<li><span style=\"font-size: 16px\"><span style=\"font-family: tahoma, geneva, sans-serif\"><span id=\"docs-internal-guid-954257ea-7fff-6542-828c-79f10d36bfc6\"><span style=\"background-color: transparent;vertical-align: baseline\">Qu\u1ea3n l\u00fd t\u1eadp trung b\u1eb1ng SWM t\u00edch h\u1ee3p tr\u00ean Router DrayTek \/ ph\u1ea7n m\u1ec1m VigorConnect (mi\u1ec5n ph\u00ed), ho\u1eb7c ph\u1ea7n m\u1ec1m VigorACS2 (ph\u00ed h\u1eb1ng n\u0103m) ho\u1eb7c cloud DrayTek Free.<\/span><\/span><\/span><\/span><\/li>\n<\/ul>\n<\/div>\n<\/ul>","protected":false},"featured_media":10594,"comment_status":"closed","ping_status":"closed","template":"","meta":[],"pwb-brand":[],"product_cat":[2894],"product_tag":[55,2849],"class_list":{"0":"post-10593","1":"product","2":"type-product","3":"status-publish","4":"has-post-thumbnail","6":"product_cat-draytek","7":"product_tag-run","8":"product_tag-switch","10":"first","11":"instock","12":"shipping-taxable","13":"product-type-simple"},"brands":[],"_links":{"self":[{"href":"https:\/\/serverhot.vn\/ja\/wp-json\/wp\/v2\/product\/10593","targetHints":{"allow":["GET"]}}],"collection":[{"href":"https:\/\/serverhot.vn\/ja\/wp-json\/wp\/v2\/product"}],"about":[{"href":"https:\/\/serverhot.vn\/ja\/wp-json\/wp\/v2\/types\/product"}],"replies":[{"embeddable":true,"href":"https:\/\/serverhot.vn\/ja\/wp-json\/wp\/v2\/comments?post=10593"}],"wp:featuredmedia":[{"embeddable":true,"href":"https:\/\/serverhot.vn\/ja\/wp-json\/wp\/v2\/media\/10594"}],"wp:attachment":[{"href":"https:\/\/serverhot.vn\/ja\/wp-json\/wp\/v2\/media?parent=10593"}],"wp:term":[{"taxonomy":"pwb-brand","embeddable":true,"href":"https:\/\/serverhot.vn\/ja\/wp-json\/wp\/v2\/pwb-brand?post=10593"},{"taxonomy":"product_cat","embeddable":true,"href":"https:\/\/serverhot.vn\/ja\/wp-json\/wp\/v2\/product_cat?post=10593"},{"taxonomy":"product_tag","embeddable":true,"href":"https:\/\/serverhot.vn\/ja\/wp-json\/wp\/v2\/product_tag?post=10593"}],"curies":[{"name":"wp","href":"https:\/\/api.w.org\/{rel}","templated":true}]}}