{"id":10599,"date":"2024-06-29T05:53:08","date_gmt":"2024-06-28T22:53:08","guid":{"rendered":"https:\/\/serverhot.vn\/product\/uncategorized\/bo-phat-wifi-aruba-ap-514-rw-q9h57a-ma-san-pham-q9h57a\/"},"modified":"2024-06-29T05:53:10","modified_gmt":"2024-06-28T22:53:10","slug":"bo-phat-wifi-aruba-ap-514-rw-q9h57a-ma-san-pham-q9h57a","status":"publish","type":"product","link":"https:\/\/serverhot.vn\/ja\/-product-\/bo-phat-wifi-aruba-ap-514-rw-q9h57a-ma-san-pham-q9h57a\/","title":{"rendered":"B\u1ed9 ph\u00e1t WiFi Aruba AP-514 (RW) Q9H57A M\u00e3 s\u1ea3n ph\u1ea9m: Q9H57A"},"content":{"rendered":"<div class=\"showText tabs\" id=\"tab2\">\n<div class=\"box_right_pro_view\">\n<div class=\"thongso_pro a_technical\" style=\"max-height: fit-content\">\n<table border=\"1\">\n<tbody>\n<tr>\n<th>Lo\u1ea1i AP<\/th>\n<td>\n<p>AP type: Indoor, dual radio, 5GHz 802.11ax 4\u00d74 MIMO v\u00e0 2.4GHz 802.11ax 2\u00d72 MIMO<\/p>\n<\/td>\n<\/tr>\n<tr>\n<th>M\u00f4 t\u1ea3<\/th>\n<td>\n<p>\u2013 \u0110\u00e0i 5GHz:<br \/>B\u1ed1n lu\u1ed3ng kh\u00f4ng gian M\u1ed9t ng\u01b0\u1eddi d\u00f9ng (SU) MIMO cho t\u1ed1c \u0111\u1ed9 d\u1eef li\u1ec7u kh\u00f4ng d\u00e2y l\u00ean \u0111\u1ebfn 4,8Gbps cho c\u00e1c thi\u1ebft b\u1ecb kh\u00e1ch 4SS HE160 802.11ax ri\u00eang l\u1ebb (t\u1ed1i \u0111a)<br \/>Hai lu\u1ed3ng kh\u00f4ng gian M\u1ed9t ng\u01b0\u1eddi d\u00f9ng (SU) MIMO cho t\u1ed1c \u0111\u1ed9 d\u1eef li\u1ec7u kh\u00f4ng d\u00e2y l\u00ean \u0111\u1ebfn 1,2Gbps cho c\u00e1c thi\u1ebft b\u1ecb kh\u00e1ch 2SS HE80 802.11ax ri\u00eang l\u1ebb (\u0111i\u1ec3n h\u00ecnh)<br \/>B\u1ed1n lu\u1ed3ng kh\u00f4ng gian \u0110a ng\u01b0\u1eddi d\u00f9ng (MU) MIMO cho t\u1ed1c \u0111\u1ed9 d\u1eef li\u1ec7u kh\u00f4ng d\u00e2y l\u00ean \u0111\u1ebfn 4,8Gbps l\u00ean t\u1edbi b\u1ed1n thi\u1ebft b\u1ecb kh\u00e1ch 1SS ho\u1eb7c 2SS HE160 802.11ax DL-MU-MIMO h\u1ed7 tr\u1ee3 \u0111\u1ed3ng th\u1eddi (t\u1ed1i \u0111a)<br \/>B\u1ed1n lu\u1ed3ng kh\u00f4ng gian \u0110a ng\u01b0\u1eddi d\u00f9ng (MU) MIMO cho t\u1ed1c \u0111\u1ed9 d\u1eef li\u1ec7u kh\u00f4ng d\u00e2y l\u00ean \u0111\u1ebfn 2,4Gbps l\u00ean t\u1edbi b\u1ed1n thi\u1ebft b\u1ecb kh\u00e1ch 1SS ho\u1eb7c 2SS HE80 802.11ax DL-MU-MIMO h\u1ed7 tr\u1ee3 \u0111\u1ed3ng th\u1eddi (\u0111i\u1ec3n h\u00ecnh)<br \/>\u2013 \u0110\u00e0i 2.4GHz:<br \/>Hai lu\u1ed3ng kh\u00f4ng gian M\u1ed9t ng\u01b0\u1eddi d\u00f9ng (SU) MIMO cho t\u1ed1c \u0111\u1ed9 d\u1eef li\u1ec7u kh\u00f4ng d\u00e2y l\u00ean \u0111\u1ebfn 575Mbps t\u1edbi c\u00e1c thi\u1ebft b\u1ecb kh\u00e1ch 2SS HE40 802.11ax ri\u00eang l\u1ebb ho\u1eb7c t\u1edbi hai thi\u1ebft b\u1ecb kh\u00e1ch h\u1ed7 tr\u1ee3 1SS HE40 802.11ax DL-MU-MIMO \u0111\u1ed3ng th\u1eddi (t\u1ed1i \u0111a)<br \/>Hai lu\u1ed3ng kh\u00f4ng gian M\u1ed9t ng\u01b0\u1eddi d\u00f9ng (SU) MIMO cho t\u1ed1c \u0111\u1ed9 d\u1eef li\u1ec7u kh\u00f4ng d\u00e2y l\u00ean \u0111\u1ebfn 287Mbps t\u1edbi c\u00e1c thi\u1ebft b\u1ecb kh\u00e1ch 2SS HE20 802.11ax ri\u00eang l\u1ebb ho\u1eb7c t\u1edbi hai thi\u1ebft b\u1ecb kh\u00e1ch h\u1ed7 tr\u1ee3 1SS HE20 802.11ax DL-MU-MIMO \u0111\u1ed3ng th\u1eddi (\u0111i\u1ec3n h\u00ecnh)<\/p>\n<\/td>\n<\/tr>\n<tr>\n<th>\u0102ng ten WiFi<\/th>\n<td>\n<p>\u2013 B\u1ed1n \u0111\u1ea7u n\u1ed1i RP-SMA cho \u0103ng-ten b\u0103ng t\u1ea7n k\u00e9p b\u00ean ngo\u00e0i (A0 \u0111\u1ebfn A3, t\u01b0\u01a1ng \u1ee9ng v\u1edbi chu\u1ed7i v\u00f4 tuy\u1ebfn 0 \u0111\u1ebfn 3).<br \/>\u2013 Suy hao b\u00ean trong tr\u01b0\u1eddng h\u1ee3p x\u1ea5u nh\u1ea5t gi\u1eefa giao di\u1ec7n v\u00f4 tuy\u1ebfn v\u00e0 c\u00e1c \u0111\u1ea7u n\u1ed1i \u0103ng ten b\u00ean ngo\u00e0i (do m\u1ea1ch ph\u00e2n k\u00eanh): 1,3dB \u1edf 2,4GHz v\u00e0 1,7dB \u1edf 5GHz.<\/p>\n<\/td>\n<\/tr>\n<tr>\n<th>C\u00e1c giao di\u1ec7n kh\u00e1c<\/th>\n<td>\n<p>\u2013 E0: C\u1ed5ng HPE SmartRate (RJ-45, t\u1ed1c \u0111\u1ed9 th\u01b0\u01a1ng l\u01b0\u1ee3ng t\u1ed1i \u0111a 2,5Gbps)<br \/>T\u1ed1c \u0111\u1ed9 li\u00ean k\u1ebft t\u1ef1 \u0111\u1ed9ng c\u1ea3m bi\u1ebfn (100\/1000 \/ 2500BASE-T) v\u00e0 MDI \/ MDX<br \/>T\u1ed1c \u0111\u1ed9 2,5Gbps tu\u00e2n th\u1ee7 c\u00e1c th\u00f4ng s\u1ed1 k\u1ef9 thu\u1eadt NBase-T v\u00e0 802.3bz<br \/>POE-PD: 48Vdc (danh ngh\u0129a) 802.3af \/ 802.3at POE<br \/>\u2013 Giao di\u1ec7n m\u1ea1ng Ethernet E1: 10\/100 \/ 1000BASE-T (RJ-45)<br \/>T\u1ed1c \u0111\u1ed9 li\u00ean k\u1ebft t\u1ef1 \u0111\u1ed9ng c\u1ea3m bi\u1ebfn v\u00e0 MDI \/ MDX<br \/>\u2013 H\u1ed7 tr\u1ee3 t\u1ed5ng h\u1ee3p li\u00ean k\u1ebft (LACP) gi\u1eefa c\u1ea3 hai c\u1ed5ng m\u1ea1ng \u0111\u1ec3 d\u1ef1 ph\u00f2ng v\u00e0 t\u0103ng dung l\u01b0\u1ee3ng<br \/>\u2013 Giao di\u1ec7n ngu\u1ed3n DC: 12Vdc (danh ngh\u0129a, +\/- 5%), ch\u1ea5p nh\u1eadn ph\u00edch c\u1eafm tr\u00f2n d\u01b0\u01a1ng trung t\u00e2m 2,1mm \/ 5,5mm v\u1edbi chi\u1ec1u d\u00e0i 9,5mm<br \/>\u2013 Giao di\u1ec7n m\u00e1y ch\u1ee7 USB 2.0 (\u0111\u1ea7u n\u1ed1i Lo\u1ea1i A)<br \/>C\u00f3 kh\u1ea3 n\u0103ng c\u1ea5p ngu\u1ed3n l\u00ean \u0111\u1ebfn 1A \/ 5W cho m\u1ed9t thi\u1ebft b\u1ecb \u0111\u00ednh k\u00e8m<br \/>\u2013 Bluetooth 5 v\u00e0 \u0111\u00e0i ph\u00e1t thanh Zigbee (802.15.4)<br \/>Bluetooth: c\u00f4ng su\u1ea5t ph\u00e1t l\u00ean \u0111\u1ebfn 8dBm (l\u1edbp 1) v\u00e0 \u0111\u1ed9 nh\u1ea1y nh\u1eadn -95dBm<br \/>Zigbee: c\u00f4ng su\u1ea5t ph\u00e1t l\u00ean \u0111\u1ebfn 8dBm v\u00e0 \u0111\u1ed9 nh\u1ea1y nh\u1eadn -97dBm<br \/>T\u00edch h\u1ee3p \u0103ng-ten \u0111a h\u01b0\u1edbng ph\u00e2n c\u1ef1c theo chi\u1ec1u d\u1ecdc v\u1edbi kho\u1ea3ng nghi\u00eang 30 \u0111\u1ed9 v\u00e0 \u0111\u1ed9 l\u1ee3i \u0111\u1ec9nh l\u00e0 3,5dBi (AP-515) ho\u1eb7c 4,9dBi (AP-514)<br \/>\u2013 C\u00e1c ch\u1ec9 s\u1ed1 tr\u1ef1c quan (hai \u0111\u00e8n LED nhi\u1ec1u m\u00e0u): cho tr\u1ea1ng th\u00e1i H\u1ec7 th\u1ed1ng v\u00e0 Radio<br \/>\u2013 N\u00fat \u0111\u1eb7t l\u1ea1i: kh\u00f4i ph\u1ee5c c\u00e0i \u0111\u1eb7t g\u1ed1c, \u0111i\u1ec1u khi\u1ec3n ch\u1ebf \u0111\u1ed9 \u0111\u00e8n LED (b\u00ecnh th\u01b0\u1eddng \/ t\u1eaft)<br \/>\u2013 Giao di\u1ec7n b\u1ea3ng \u0111i\u1ec1u khi\u1ec3n n\u1ed1i ti\u1ebfp (gi\u1eafc c\u1eafm v\u1eadt l\u00fd USB micro-B \u0111\u1ed9c quy\u1ec1n)<br \/>\u2013 Khe b\u1ea3o m\u1eadt Kensington<\/p>\n<\/td>\n<\/tr>\n<tr>\n<th>Ngu\u1ed3n \u0111i\u1ec7n v\u00e0 m\u1ee9c ti\u00eau th\u1ee5<\/th>\n<td>\n<p>\u2013 AP h\u1ed7 tr\u1ee3 ngu\u1ed3n DC tr\u1ef1c ti\u1ebfp v\u00e0 Ngu\u1ed3n qua Ethernet (POE; tr\u00ean c\u1ed5ng E0)<br \/>\u2013 Khi c\u1ea3 hai ngu\u1ed3n \u0111i\u1ec7n kh\u1ea3 d\u1ee5ng, ngu\u1ed3n DC \u0111\u01b0\u1ee3c \u01b0u ti\u00ean h\u01a1n POE<br \/>\u2013 Ngu\u1ed3n \u0111i\u1ec7n \u0111\u01b0\u1ee3c b\u00e1n ri\u00eang; xem ph\u1ea7n Th\u00f4ng tin \u0111\u1eb7t h\u00e0ng b\u00ean d\u01b0\u1edbi \u0111\u1ec3 bi\u1ebft th\u00eam chi ti\u1ebft<br \/>\u2013 Khi \u0111\u01b0\u1ee3c c\u1ea5p ngu\u1ed3n b\u1edfi DC ho\u1eb7c 802.3at POE, AP s\u1ebd ho\u1ea1t \u0111\u1ed9ng m\u00e0 kh\u00f4ng b\u1ecb h\u1ea1n ch\u1ebf<br \/>\u2013 Khi \u0111\u01b0\u1ee3c c\u1ea5p ngu\u1ed3n b\u1edfi 802.3af POE v\u00e0 v\u1edbi t\u00ednh n\u0103ng IPM \u0111\u01b0\u1ee3c b\u1eadt, AP s\u1ebd kh\u1edfi \u0111\u1ed9ng \u1edf ch\u1ebf \u0111\u1ed9 kh\u00f4ng h\u1ea1n ch\u1ebf, nh\u01b0ng n\u00f3 c\u00f3 th\u1ec3 \u00e1p d\u1ee5ng c\u00e1c h\u1ea1n ch\u1ebf t\u00f9y thu\u1ed9c v\u00e0o ng\u00e2n s\u00e1ch POE v\u00e0 c\u00f4ng su\u1ea5t th\u1ef1c t\u1ebf. Nh\u1eefng h\u1ea1n ch\u1ebf IPM n\u00e0o c\u1ea7n \u00e1p d\u1ee5ng v\u00e0 theo th\u1ee9 t\u1ef1 n\u00e0o, c\u00f3 th\u1ec3 l\u1eadp tr\u00ecnh \u0111\u01b0\u1ee3c.<br \/>\u2013 Khi \u0111\u01b0\u1ee3c c\u1ea5p ngu\u1ed3n b\u1edfi 802.3af POE v\u1edbi t\u00ednh n\u0103ng IPM b\u1ecb t\u1eaft, AP s\u1ebd ho\u1ea1t \u0111\u1ed9ng \u1edf ch\u1ebf \u0111\u1ed9 ti\u1ebft ki\u1ec7m n\u0103ng l\u01b0\u1ee3ng v\u00e0 s\u1ebd \u00e1p d\u1ee5ng m\u1ed9t s\u1ed1 h\u1ea1n ch\u1ebf c\u1ed1 \u0111\u1ecbnh:<br \/>Giao di\u1ec7n USB v\u00e0 c\u1ed5ng Ethernet E1 b\u1ecb t\u1eaft<br \/>\u0110\u00e0i 5GHz b\u1ecb h\u1ea1n ch\u1ebf \u1edf ho\u1ea1t \u0111\u1ed9ng 2\u00d72<br \/>\u2013 C\u00f4ng su\u1ea5t ti\u00eau th\u1ee5 t\u1ed1i \u0111a (tr\u01b0\u1eddng h\u1ee3p x\u1ea5u nh\u1ea5t):<br \/>Ngu\u1ed3n \u0111i\u1ec7n DC: 17W<br \/>POE c\u1ea5p ngu\u1ed3n (802.3at): 19W<br \/>POE c\u1ea5p ngu\u1ed3n (802.3af): 13,5W<br \/>T\u1ea5t c\u1ea3 c\u00e1c s\u1ed1 tr\u00ean \u0111\u1ec1u kh\u00f4ng c\u00f3 thi\u1ebft b\u1ecb USB b\u00ean ngo\u00e0i \u0111\u01b0\u1ee3c k\u1ebft n\u1ed1i. Khi cung c\u1ea5p to\u00e0n b\u1ed9 ng\u00e2n s\u00e1ch ngu\u1ed3n 5W cho m\u1ed9t thi\u1ebft b\u1ecb nh\u01b0 v\u1eady, m\u1ee9c ti\u00eau th\u1ee5 \u0111i\u1ec7n n\u0103ng t\u0103ng d\u1ea7n (tr\u01b0\u1eddng h\u1ee3p x\u1ea5u nh\u1ea5t) cho AP l\u00ean \u0111\u1ebfn 6,5W.<br \/>\u2013 C\u00f4ng su\u1ea5t ti\u00eau th\u1ee5 t\u1ed1i \u0111a (tr\u01b0\u1eddng h\u1ee3p x\u1ea5u nh\u1ea5t) \u1edf ch\u1ebf \u0111\u1ed9 nh\u00e0n r\u1ed7i: 11W (DC ho\u1eb7c POE)<br \/>\u2013 C\u00f4ng su\u1ea5t ti\u00eau th\u1ee5 t\u1ed1i \u0111a (tr\u01b0\u1eddng h\u1ee3p x\u1ea5u nh\u1ea5t) \u1edf ch\u1ebf \u0111\u1ed9 ng\u1ee7 s\u00e2u: 1W (DC ho\u1eb7c POE)<\/p>\n<\/td>\n<\/tr>\n<tr>\n<th>L\u1eafp r\u00e1p<\/th>\n<td>\n<p>M\u1ed9t gi\u00e1 \u0111\u1ee1 \u0111\u00e3 \u0111\u01b0\u1ee3c c\u00e0i \u0111\u1eb7t s\u1eb5n \u1edf m\u1eb7t sau c\u1ee7a AP. Gi\u00e1 \u0111\u1ee1 n\u00e0y \u0111\u01b0\u1ee3c s\u1eed d\u1ee5ng \u0111\u1ec3 c\u1ed1 \u0111\u1ecbnh AP v\u00e0o b\u1ea5t k\u1ef3 b\u1ed9 g\u1eafn k\u1ebft n\u00e0o (b\u00e1n ri\u00eang); xem ph\u1ea7n Th\u00f4ng tin \u0111\u1eb7t h\u00e0ng b\u00ean d\u01b0\u1edbi \u0111\u1ec3 bi\u1ebft th\u00eam chi ti\u1ebft.<\/p>\n<\/td>\n<\/tr>\n<tr>\n<th>K\u00edch th\u01b0\u1edbc<\/th>\n<td>\n<p>\u2013 K\u00edch th\u01b0\u1edbc \/ tr\u1ecdng l\u01b0\u1ee3ng (AP-515; \u0111\u01a1n v\u1ecb, kh\u00f4ng bao g\u1ed3m gi\u00e1 \u0111\u1ee1):<br \/>(H) 46mm x (W) 200mm x (D) 200mm (1,8 &#8221; x 7,9 &#8221; x 7,9 &#8220;)<br \/>Tr\u1ecdng l\u01b0\u1ee3ng: 810g (28,5oz)<br \/>\u2013 K\u00edch th\u01b0\u1edbc \/ tr\u1ecdng l\u01b0\u1ee3ng (AP-515; v\u1eadn chuy\u1ec3n):<br \/>(H) 72mm x (W) 230mm x (D) 220mm (2,8 &#8221; x 9,1 &#8221; x 9,1 &#8220;)<br \/>Tr\u1ecdng l\u01b0\u1ee3ng: 1,010g (35,5oz)<\/p>\n<\/td>\n<\/tr>\n<tr>\n<th>M\u00f4i tr\u01b0\u1eddng<\/th>\n<td>\n<p>\u2013 \u0110i\u1ec1u ki\u1ec7n ho\u1ea1t \u0111\u1ed9ng<br \/>Nhi\u1ec7t \u0111\u1ed9: 0 \u00b0 C \u0111\u1ebfn + 50 \u00b0 C \/ + 32 \u00b0 F \u0111\u1ebfn + 122 \u00b0 F<br \/>\u0110\u1ed9 \u1ea9m: 5% \u0111\u1ebfn 93% kh\u00f4ng ng\u01b0ng t\u1ee5<br \/>AP \u0111\u01b0\u1ee3c \u0111\u00e1nh gi\u00e1 cao \u0111\u1ec3 s\u1eed d\u1ee5ng trong c\u00e1c kh\u00f4ng gian x\u1eed l\u00fd kh\u00f4ng kh\u00ed<br \/>M\u00f4i tr\u01b0\u1eddng ETS 300 019 l\u1edbp 3.2<br \/>\u2013 \u0110i\u1ec1u ki\u1ec7n b\u1ea3o qu\u1ea3n v\u00e0 v\u1eadn chuy\u1ec3n<br \/>Nhi\u1ec7t \u0111\u1ed9: -40 \u00b0 C \u0111\u1ebfn + 70 \u00b0 C \/ -40F \u0111\u1ebfn + 158 \u00b0 F<br \/>\u0110\u1ed9 \u1ea9m: 5% \u0111\u1ebfn 93% kh\u00f4ng ng\u01b0ng t\u1ee5<br \/>M\u00f4i tr\u01b0\u1eddng ETS 300 019 l\u1edbp 1.2 v\u00e0 2.3<\/p>\n<\/td>\n<\/tr>\n<tr>\n<th>\u0110\u1ed9 tin c\u1eady<\/th>\n<td>\n<p>Th\u1eddi gian trung b\u00ecnh gi\u1eefa c\u00e1c l\u1ea7n h\u1ecfng h\u00f3c (MTBF): 560.000 gi\u1edd (64yrs) \u1edf nhi\u1ec7t \u0111\u1ed9 ho\u1ea1t \u0111\u1ed9ng + 25 \u00b0 C.<\/p>\n<\/td>\n<\/tr>\n<tr>\n<th>B\u1ea3o h\u00e0nh<\/th>\n<td>\n<p>Aruba b\u1ea3o h\u00e0nh tr\u1ecdn \u0111\u1eddi c\u00f3 gi\u1edbi h\u1ea1n<\/p>\n<\/td>\n<\/tr>\n<tr>\n<th>Phi\u00ean b\u1ea3n ph\u1ea7n m\u1ec1m t\u1ed1i thi\u1ec3u<\/th>\n<td>\n<p>ArubaOS &amp; Aruba InstantOS 8.4.0.0<\/p>\n<\/td>\n<\/tr>\n<\/tbody>\n<\/table><\/div>\n<p>                            <!--                            <\/p>\n<div class=\"xemthem_id_r\">--><br \/>\n                            <!--                                <a><!--\/show\/?token=--><br \/>\n                            <!--\"--><br \/>\n                            <!--                                   class=\"preview fancybox fancybox.ajax\" rel=\"nofollow\"&gt;Xem th&#234;m th&#244;ng s&#7889; k&#7929; thu&#7853;t<\/a>--><br \/>\n                            <!--                            <\/div>\n<p>-->\n                        <\/p><\/div>\n<\/p><\/div>","protected":false},"excerpt":{"rendered":"<ul>\n<ul>\n<li style=\"text-align: justify\">AP h\u1ed7 tr\u1ee3 ngu\u1ed3n DC tr\u1ef1c ti\u1ebfp v\u00e0 Ngu\u1ed3n qua Ethernet<\/li>\n<li style=\"text-align: justify\">Ngu\u1ed3n \u0111i\u1ec7n DC 17W, Ngu\u1ed3n Poe (802.3at) 19W, (802.3af) 13.5W\u00a0<\/li>\n<li style=\"text-align: justify\">2.4 GHz (575 Mbps) and 5 GHz (1,2 Gbps)<\/li>\n<li style=\"text-align: justify\">Qu\u1ea3n l\u00fd v\u1edbi Controller ho\u1eb7c \u0111\u1ed9c l\u1eadp<\/li>\n<li style=\"text-align: justify\">K\u00edch th\u01b0\u1edbc: (H) 46mm x (W) 200mm x (D) 200mm<\/li>\n<li style=\"text-align: justify\">Ch\u1ecbu t\u1ea3i t\u1ed1i \u0111a : 512 Client \/ 2 b\u0103ng t\u1ea7n<\/li>\n<li style=\"text-align: justify\">Bluetooth Low Energy (BLE) radio<\/li>\n<\/ul>\n<\/ul>","protected":false},"featured_media":10600,"comment_status":"closed","ping_status":"closed","template":"","meta":[],"pwb-brand":[],"product_cat":[2895],"product_tag":[2840,55],"class_list":{"0":"post-10599","1":"product","2":"type-product","3":"status-publish","4":"has-post-thumbnail","6":"product_cat-hpe-networking","7":"product_tag-do-tin-cay","8":"product_tag-run","10":"first","11":"instock","12":"shipping-taxable","13":"product-type-simple"},"brands":[],"_links":{"self":[{"href":"https:\/\/serverhot.vn\/ja\/wp-json\/wp\/v2\/product\/10599","targetHints":{"allow":["GET"]}}],"collection":[{"href":"https:\/\/serverhot.vn\/ja\/wp-json\/wp\/v2\/product"}],"about":[{"href":"https:\/\/serverhot.vn\/ja\/wp-json\/wp\/v2\/types\/product"}],"replies":[{"embeddable":true,"href":"https:\/\/serverhot.vn\/ja\/wp-json\/wp\/v2\/comments?post=10599"}],"wp:featuredmedia":[{"embeddable":true,"href":"https:\/\/serverhot.vn\/ja\/wp-json\/wp\/v2\/media\/10600"}],"wp:attachment":[{"href":"https:\/\/serverhot.vn\/ja\/wp-json\/wp\/v2\/media?parent=10599"}],"wp:term":[{"taxonomy":"pwb-brand","embeddable":true,"href":"https:\/\/serverhot.vn\/ja\/wp-json\/wp\/v2\/pwb-brand?post=10599"},{"taxonomy":"product_cat","embeddable":true,"href":"https:\/\/serverhot.vn\/ja\/wp-json\/wp\/v2\/product_cat?post=10599"},{"taxonomy":"product_tag","embeddable":true,"href":"https:\/\/serverhot.vn\/ja\/wp-json\/wp\/v2\/product_tag?post=10599"}],"curies":[{"name":"wp","href":"https:\/\/api.w.org\/{rel}","templated":true}]}}