{"id":10913,"date":"2024-06-29T12:57:25","date_gmt":"2024-06-29T05:57:25","guid":{"rendered":"https:\/\/serverhot.vn\/product\/uncategorized\/aptek-ap-rack14-series-bo-nguon-tap-trung-cap-cho-14-media-converter-ma-san-pham-ap-rack14\/"},"modified":"2024-06-29T12:57:27","modified_gmt":"2024-06-29T05:57:27","slug":"aptek-ap-rack14-series-bo-nguon-tap-trung-cap-cho-14-media-converter-ma-san-pham-ap-rack14","status":"publish","type":"product","link":"https:\/\/serverhot.vn\/ja\/-product-\/aptek-ap-rack14-series-bo-nguon-tap-trung-cap-cho-14-media-converter-ma-san-pham-ap-rack14\/","title":{"rendered":"APTEK AP-Rack14 Series &#8211; B\u1ed9 ngu\u1ed3n t\u1eadp trung c\u1ea5p cho 14 Media Converter M\u00e3 s\u1ea3n ph\u1ea9m: AP-RACK14"},"content":{"rendered":"<div class=\"showText tabs\" id=\"tab2\">\n                                    <\/div>","protected":false},"excerpt":{"rendered":"<ul>\n<li>\tK\u00edch th\u01b0\u1edbc: 2U\t<\/li>\n<li>\tS\u1ed1 l\u01b0\u1ee3ng Media Converter c\u00f3 th\u1ec3 l\u1eafp \u0111\u1eb7t: 14.\t<\/li>\n<li>\tCh\u1ea1y 2 ngu\u1ed3n \u0111\u1ed3ng th\u1eddi (ch\u1ea1y ch\u00ednh v\u00e0 d\u1ef1 ph\u00f2ng), gi\u00fap \u0111\u1ea3m b\u1ea3o h\u1ec7 th\u1ed1ng lu\u00f4n v\u1eadn h\u00e0nh th\u00f4ng su\u1ed1t.\t<\/li>\n<li>\tC\u00f3 t\u00f9y ch\u1ecdn 2 lo\u1ea1i ngu\u1ed3n \u0111i\u1ec7n kh\u00e1c nhau (AC220V v\u00e0 DC-48V), cho ph\u00e9p s\u1eed d\u1ee5ng linh ho\u1ea1t tr\u00ean nhi\u1ec1u lo\u1ea1i thi\u1ebft b\u1ecb.\t<\/li>\n<li>\tC\u00f3 th\u1ec3 k\u1ebft n\u1ed1i \u0111\u1ed3ng th\u1eddi nhi\u1ec1u lo\u1ea1i Media Converter kh\u00e1c nhau (Multi-mode, single-mode, 1-core, 2-core, 100Mbps, 1000Mbps, &#8230;)\t<\/li>\n<li>\tH\u1ed7 tr\u1ee3 th\u00e1o l\u1eafp n\u00f3ng c\u00e1c Media Converter.\t<\/li>\n<\/ul>","protected":false},"featured_media":10914,"comment_status":"closed","ping_status":"closed","template":"","meta":[],"pwb-brand":[],"product_cat":[2897],"product_tag":[55],"class_list":{"0":"post-10913","1":"product","2":"type-product","3":"status-publish","4":"has-post-thumbnail","6":"product_cat-aptek","7":"product_tag-run","9":"first","10":"instock","11":"shipping-taxable","12":"product-type-simple"},"brands":[],"_links":{"self":[{"href":"https:\/\/serverhot.vn\/ja\/wp-json\/wp\/v2\/product\/10913","targetHints":{"allow":["GET"]}}],"collection":[{"href":"https:\/\/serverhot.vn\/ja\/wp-json\/wp\/v2\/product"}],"about":[{"href":"https:\/\/serverhot.vn\/ja\/wp-json\/wp\/v2\/types\/product"}],"replies":[{"embeddable":true,"href":"https:\/\/serverhot.vn\/ja\/wp-json\/wp\/v2\/comments?post=10913"}],"wp:featuredmedia":[{"embeddable":true,"href":"https:\/\/serverhot.vn\/ja\/wp-json\/wp\/v2\/media\/10914"}],"wp:attachment":[{"href":"https:\/\/serverhot.vn\/ja\/wp-json\/wp\/v2\/media?parent=10913"}],"wp:term":[{"taxonomy":"pwb-brand","embeddable":true,"href":"https:\/\/serverhot.vn\/ja\/wp-json\/wp\/v2\/pwb-brand?post=10913"},{"taxonomy":"product_cat","embeddable":true,"href":"https:\/\/serverhot.vn\/ja\/wp-json\/wp\/v2\/product_cat?post=10913"},{"taxonomy":"product_tag","embeddable":true,"href":"https:\/\/serverhot.vn\/ja\/wp-json\/wp\/v2\/product_tag?post=10913"}],"curies":[{"name":"wp","href":"https:\/\/api.w.org\/{rel}","templated":true}]}}