{"id":11111,"date":"2024-06-29T13:32:25","date_gmt":"2024-06-29T06:32:25","guid":{"rendered":"https:\/\/serverhot.vn\/product\/uncategorized\/may-scanner-canon-9000f-mkii-ma-san-pham-9000f\/"},"modified":"2024-06-29T13:32:27","modified_gmt":"2024-06-29T06:32:27","slug":"may-scanner-canon-9000f-mkii-ma-san-pham-9000f","status":"publish","type":"product","link":"https:\/\/serverhot.vn\/ja\/-product-\/may-scanner-canon-9000f-mkii-ma-san-pham-9000f\/","title":{"rendered":"M\u00e1y Scanner Canon 9000F MKII M\u00e3 s\u1ea3n ph\u1ea9m: 9000F"},"content":{"rendered":"<div class=\"showText tabs\" id=\"tab2\">\n                                    <\/div>","protected":false},"excerpt":{"rendered":"<ul>\n<li>T\u1ed1c \u0111\u1ed9 Scan 7 gi\u00e2y\/d\u00f2ng, scan lo\u1ea1i Flatbed<\/li>\n<li>Scan A4, lo\u1ea1i ph\u1eb3ng. B\u1ed9 c\u1ea3m bi\u1ebfn CCD m\u00e0u 12 \u0111\u01b0\u1eddng<\/li>\n<li>\u0110\u1ed9 s\u00e2u bit m\u00e0u qu\u00e9t 48 bit, giao ti\u1ebfp USB2.0<\/li>\n<li>\u0110\u1ed9 ph\u00e2n gi\u1ea3i 9600 x 9600 dpi (film)<\/li>\n<li>K\u00edch th\u01b0\u1edbc 270x480x111 mm<\/li>\n<li>Tr\u1ecdng l\u01b0\u1ee3ng x\u1ea5p x\u1ec9 4.6 kg<\/li>\n<\/ul>","protected":false},"featured_media":11112,"comment_status":"closed","ping_status":"closed","template":"","meta":[],"pwb-brand":[],"product_cat":[2910],"product_tag":[],"class_list":{"0":"post-11111","1":"product","2":"type-product","3":"status-publish","4":"has-post-thumbnail","6":"product_cat-thiet-bi-van-phong","8":"first","9":"instock","10":"shipping-taxable","11":"product-type-simple"},"brands":[],"_links":{"self":[{"href":"https:\/\/serverhot.vn\/ja\/wp-json\/wp\/v2\/product\/11111","targetHints":{"allow":["GET"]}}],"collection":[{"href":"https:\/\/serverhot.vn\/ja\/wp-json\/wp\/v2\/product"}],"about":[{"href":"https:\/\/serverhot.vn\/ja\/wp-json\/wp\/v2\/types\/product"}],"replies":[{"embeddable":true,"href":"https:\/\/serverhot.vn\/ja\/wp-json\/wp\/v2\/comments?post=11111"}],"wp:featuredmedia":[{"embeddable":true,"href":"https:\/\/serverhot.vn\/ja\/wp-json\/wp\/v2\/media\/11112"}],"wp:attachment":[{"href":"https:\/\/serverhot.vn\/ja\/wp-json\/wp\/v2\/media?parent=11111"}],"wp:term":[{"taxonomy":"pwb-brand","embeddable":true,"href":"https:\/\/serverhot.vn\/ja\/wp-json\/wp\/v2\/pwb-brand?post=11111"},{"taxonomy":"product_cat","embeddable":true,"href":"https:\/\/serverhot.vn\/ja\/wp-json\/wp\/v2\/product_cat?post=11111"},{"taxonomy":"product_tag","embeddable":true,"href":"https:\/\/serverhot.vn\/ja\/wp-json\/wp\/v2\/product_tag?post=11111"}],"curies":[{"name":"wp","href":"https:\/\/api.w.org\/{rel}","templated":true}]}}