{"id":11171,"date":"2024-06-29T13:45:52","date_gmt":"2024-06-29T06:45:52","guid":{"rendered":"https:\/\/serverhot.vn\/product\/uncategorized\/man-hinh-may-tinh-dell-ultrasharp-27-inch-ips-2k-qhd-42mup2716d-ma-san-pham-42mup2716d\/"},"modified":"2024-06-29T13:45:53","modified_gmt":"2024-06-29T06:45:53","slug":"man-hinh-may-tinh-dell-ultrasharp-27-inch-ips-2k-qhd-42mup2716d-ma-san-pham-42mup2716d","status":"publish","type":"product","link":"https:\/\/serverhot.vn\/ja\/-product-\/man-hinh-may-tinh-dell-ultrasharp-27-inch-ips-2k-qhd-42mup2716d-ma-san-pham-42mup2716d\/","title":{"rendered":"M\u00e0n H\u00ecnh M\u00e1y T\u00ednh Dell UltraSharp 27-Inch IPS 2K QHD (42MUP2716D) M\u00e3 s\u1ea3n ph\u1ea9m: 42MUP2716D"},"content":{"rendered":"<div class=\"showText tabs\" id=\"tab2\">\n                                    <\/div>","protected":false},"excerpt":{"rendered":"<ul>\n<p><span>Th\u01b0\u01a1ng hi\u1ec7u:\u00a0<\/span><span>Dell<\/span><br \/><span>Th\u00f4ng Tin Chung:\u00a0<\/span><span>UP2716D, 36 th\u00e1ng, B\u1ea3o h\u00e0nh ch\u00ednh h\u00e3ng Dell<\/span><br \/><span>Th\u00f4ng s\u1ed1 m\u00e0n h\u00ecnh:\u00a0<\/span><span>2K QHD, 2560 x 1440, 27&#8243;, LED Backlit, TFT Active Matrix, T\u1ea5m n\u1ec1n IPS<\/span><br \/><span>K\u1ebft n\u1ed1i:\u00a0<\/span><span>2 x USB 3.0 Side, 2 x USB 3.0 Bottom, 2 x USB 3.0 upstream, 2 x HDMI, 2 x DisplayPort, 1 x Mini-DisplayPort<\/span><br \/><span>C\u00f4ng su\u1ea5t &amp; V\u1eadn h\u00e0nh:\u00a0<\/span><span>100 t\u1edbi 240 VAC, 50\/60Hz<\/span><br \/><span>K\u00edch Th\u01b0\u1edbc &amp; Tr\u1ecdng L\u01b0\u1ee3ng:\u00a0<\/span><span>Ngang 61cm x D\u00e0y 20cm x Cao 54cm, 4.5kg<\/span><\/p>\n<\/ul>","protected":false},"featured_media":11172,"comment_status":"closed","ping_status":"closed","template":"","meta":[],"pwb-brand":[],"product_cat":[2909],"product_tag":[],"class_list":{"0":"post-11171","1":"product","2":"type-product","3":"status-publish","4":"has-post-thumbnail","6":"product_cat-man-hinh-may-tinh","8":"first","9":"instock","10":"shipping-taxable","11":"product-type-simple"},"brands":[],"_links":{"self":[{"href":"https:\/\/serverhot.vn\/ja\/wp-json\/wp\/v2\/product\/11171","targetHints":{"allow":["GET"]}}],"collection":[{"href":"https:\/\/serverhot.vn\/ja\/wp-json\/wp\/v2\/product"}],"about":[{"href":"https:\/\/serverhot.vn\/ja\/wp-json\/wp\/v2\/types\/product"}],"replies":[{"embeddable":true,"href":"https:\/\/serverhot.vn\/ja\/wp-json\/wp\/v2\/comments?post=11171"}],"wp:featuredmedia":[{"embeddable":true,"href":"https:\/\/serverhot.vn\/ja\/wp-json\/wp\/v2\/media\/11172"}],"wp:attachment":[{"href":"https:\/\/serverhot.vn\/ja\/wp-json\/wp\/v2\/media?parent=11171"}],"wp:term":[{"taxonomy":"pwb-brand","embeddable":true,"href":"https:\/\/serverhot.vn\/ja\/wp-json\/wp\/v2\/pwb-brand?post=11171"},{"taxonomy":"product_cat","embeddable":true,"href":"https:\/\/serverhot.vn\/ja\/wp-json\/wp\/v2\/product_cat?post=11171"},{"taxonomy":"product_tag","embeddable":true,"href":"https:\/\/serverhot.vn\/ja\/wp-json\/wp\/v2\/product_tag?post=11171"}],"curies":[{"name":"wp","href":"https:\/\/api.w.org\/{rel}","templated":true}]}}