{"id":11259,"date":"2024-06-29T14:01:02","date_gmt":"2024-06-29T07:01:02","guid":{"rendered":"https:\/\/serverhot.vn\/product\/uncategorized\/thiet-bi-mang-draytek-vigorap-918r-ma-san-pham-ap918r\/"},"modified":"2024-06-29T14:01:05","modified_gmt":"2024-06-29T07:01:05","slug":"thiet-bi-mang-draytek-vigorap-918r-ma-san-pham-ap918r","status":"publish","type":"product","link":"https:\/\/serverhot.vn\/ja\/-product-\/thiet-bi-mang-draytek-vigorap-918r-ma-san-pham-ap918r\/","title":{"rendered":"Thi\u1ebft B\u1ecb M\u1ea1ng DrayTek VigorAP 918R M\u00e3 s\u1ea3n ph\u1ea9m: AP918R"},"content":{"rendered":"<div class=\"showText tabs\" id=\"tab2\">\n<div class=\"box_right_pro_view\">\n<div class=\"thongso_pro a_technical\" style=\"max-height: fit-content\">\n<div>\n<table border=\"1\">\n<tbody>\n<tr>\n<th colspan=\"2\">PH\u1ea6N C\u1ee8NG<\/th>\n<\/tr>\n<\/tbody>\n<tbody>\n<tr>\n<td>Port<\/td>\n<td>\n<ul>\n<li>1x 10\/100\/1000Base-T Ethernet, RJ-45, PoE-In<\/li>\n<\/ul>\n<\/td>\n<\/tr>\n<tr>\n<td>Ngu\u1ed3n<\/td>\n<td>\n<ul>\n<li>802.3af\/at PoE 56V<\/li>\n<\/ul>\n<\/td>\n<\/tr>\n<tr>\n<td>Antenna<\/td>\n<td>\n<ul>\n<li>2x Dual-Band dipole External (Gain: 5 dBi for 5GHz, 3.5 dBi for 2.4GHz)<\/li>\n<\/ul>\n<\/td>\n<\/tr>\n<tr>\n<td>N\u00fat \u0111i\u1ec1u khi\u1ec3n<\/td>\n<td>\n<ul>\n<li>1 x Factory Reset button<\/li>\n<\/ul>\n<\/td>\n<\/tr>\n<tr>\n<td>K\u00edch th\u01b0\u1edbc<\/td>\n<td>\n<ul>\n<li>243 mm x 161 mm x 72 mm<\/li>\n<\/ul>\n<p>\u00a0<\/p>\n<\/td>\n<\/tr>\n<tr>\n<td>Tr\u1ecdng l\u01b0\u1ee3ng<\/td>\n<td>\n<ul>\n<li>0.9 kg<\/li>\n<\/ul>\n<\/td>\n<\/tr>\n<tr>\n<th colspan=\"2\">KH\u00d4NG D\u00c2Y<\/th>\n<\/tr>\n<tr>\n<td>Chu\u1ea9n t\u01b0\u01a1ng th\u00edch<\/td>\n<td>\n<ul>\n<li>B\u0103ng t\u1ea7n 5GHz: IEEE 802.11a\/n\/ac Wave 2 2\u00d72 MU-MIMO<\/li>\n<li>B\u0103ng t\u1ea7n 2.4GHz:\u00a0IEEE 802.11b\/g\/n 2\u00d72 MIMO<\/li>\n<\/ul>\n<\/td>\n<\/tr>\n<tr>\n<td>B\u0103ng t\u1ea7n<\/td>\n<td>Dual \u2013 band<\/p>\n<p>\u00a0<\/p>\n<ul>\n<li>2.4 Ghz<\/li>\n<li>5 Ghz<\/li>\n<\/ul>\n<\/td>\n<\/tr>\n<tr>\n<td>T\u1ed1c \u0111\u1ed9 Wi-Fi<\/td>\n<td>\n<ul>\n<li>867\u00a0Mbps cho b\u0103ng t\u1ea7n 5Ghz<\/li>\n<li>400 Mbps cho b\u0103ng t\u1ea7n 2.4Ghz<\/li>\n<\/ul>\n<\/td>\n<\/tr>\n<tr>\n<td>Wireless Security<\/td>\n<td>\n<ul>\n<li>Open (Disable)<\/li>\n<li>64\/128-bit WEP<\/li>\n<li>WPA\/PSK<\/li>\n<li>WPA2\/PSK<\/li>\n<li>Mixed mode(WPA+WPA2)\/PSK<\/li>\n<li>802.1X<\/li>\n<li>Encryption: AES\/TKIP<\/li>\n<\/ul>\n<\/td>\n<\/tr>\n<tr>\n<td>T\u00ednh n\u0103ng Wi-Fi<\/td>\n<td>\n<ul>\n<li>Mesh technology<\/li>\n<li>Wireless Client List<\/li>\n<li>Multiple SSIDs<\/li>\n<li>Hidden SSID<\/li>\n<li>WPS<\/li>\n<li>WMM<\/li>\n<li>MAC Address Control<\/li>\n<li>Wireless Isolation<\/li>\n<li>Internal RADIUS Ser ver (Up to 96 Accounts)<\/li>\n<li>MAC Clone<\/li>\n<li>802. 1x Authentication<br \/>Internal RADIUS Server Support PEAP<br \/>RADIUS Proxy Support TLS &amp; PEAP<\/li>\n<li>Limited Wireless Clients (Up to 64 Clients)<\/li>\n<li>Bandwidth Management for Multiple SSIDs<\/li>\n<\/ul>\n<\/td>\n<\/tr>\n<tr>\n<th colspan=\"2\">PH\u1ea6N M\u1ec0M<\/th>\n<\/tr>\n<tr>\n<td>Operation Mode<\/td>\n<td>\n<ul>\n<li>802. 1 1b\/g\/n, 2.4G Band:<br \/>AP Mode<br \/>Station Infrastructure<br \/>AP Bridge Point to Point<br \/>AP Bridge Point to Multipoint<br \/>AP Bridge WDS<br \/>(Wireless Distribution System)<br \/>Universal Repeater<\/li>\n<li>802.11a\/n\/ac, 5G Band:<br \/>AP Mode<br \/>Universal Repeater<\/li>\n<\/ul>\n<\/td>\n<\/tr>\n<tr>\n<td>Management<\/td>\n<td>\n<ul>\n<li>Web-based User Interface (HTTP\/HTTPS)<\/li>\n<li>Mesh technology.<\/li>\n<li>CLI (Command Line Interface, Telnet)<\/li>\n<li>Configuration Backup\/Restore<\/li>\n<li>Firmware Upgrade via HTTP\/TR-069<\/li>\n<li>Syslog\/Mail Alert<\/li>\n<li>DHCP Server &amp; Client<\/li>\n<li>TR069 (Compliant with VigorACS SI)<\/li>\n<li>AP Management (with Vigor Series Routers)<\/li>\n<\/ul>\n<\/td>\n<\/tr>\n<tr>\n<th colspan=\"2\">TH\u00d4NG S\u1ed0 KH\u00c1C<\/th>\n<\/tr>\n<tr>\n<td>Ch\u1ee9ng ch\u1ec9<\/td>\n<td><a href=\"https:\/\/www.draytek.com.tw\/ftp\/VigorAP%20903\/Document\/CE\/VigorAP903_CE_DoC_RED_en.pdf\" target=\"_blank\" rel=\"noopener noreferrer\"><img decoding=\"async\" src=\"http:\/\/serverhot.vn\/wp-content\/uploads\/2024\/06\/ce.png\" alt=\"CE\" title=\"ce\"><\/a>\u00a0<a href=\"https:\/\/www.draytek.com.tw\/ftp\/VigorAP%20903\/Document\/NCC\/NCC_certificate_VigorAP%20903.pdf\" target=\"_blank\" rel=\"noopener noreferrer\"><img decoding=\"async\" src=\"http:\/\/serverhot.vn\/wp-content\/uploads\/2024\/06\/ncc.png\" alt=\"NCC\" title=\"ncc\"><\/a><\/td>\n<\/tr>\n<tr>\n<td>M\u00f4i tr\u01b0\u1eddng<\/td>\n<td>\n<ul>\n<li>M\u00f4i tr\u01b0\u1eddng s\u1eed d\u1ee5ng:\u00a0-40 \u0111\u1ebfn\u00a070\u00b0C.<\/li>\n<li>M\u00f4i tr\u01b0\u1eddng b\u1ea3o qu\u1ea3n:\u00a0-40\u00a0to 85\u00b0C<\/li>\n<li>\u0110\u1ed9 \u1ea9m t\u1eeb 5 \u2013 95%<\/li>\n<\/ul>\n<\/td>\n<\/tr>\n<\/tbody>\n<\/table>\n<\/div><\/div>\n<p>                            <!--                            <\/p>\n<div class=\"xemthem_id_r\">--><br \/>\n                            <!--                                <a><!--\/show\/?token=--><br \/>\n                            <!--\"--><br \/>\n                            <!--                                   class=\"preview fancybox fancybox.ajax\" rel=\"nofollow\"&gt;Xem th&#234;m th&#244;ng s&#7889; k&#7929; thu&#7853;t<\/a>--><br \/>\n                            <!--                            <\/div>\n<p>-->\n                        <\/p><\/div>\n<\/p><\/div>","protected":false},"excerpt":{"rendered":"<ul>\n<ul>\n<li>Access Point OutDoor chu\u1ea9n AC1300 WAVE 2 MU-MIMO, tri\u1ec3n khai internet t\u1ea1i nh\u1eefng m\u00f4i tr\u01b0\u1eddng kh\u1eafc nghi\u1ec7t.<\/li>\n<li>1 c\u1ed5ng LAN Gigabit, RJ45, cho ph\u00e9p c\u1ea5p ngu\u1ed3n qua PoE.<\/li>\n<li>Chu\u1ea9n AC1300, MU-MIMO.<\/li>\n<li>Ph\u00e1t s\u00f3ng tr\u00ean hai b\u0103ng t\u1ea7n 2.4GHz (400Mbps) v\u00e0 5GHz (867Mbps).<\/li>\n<li>\u0110\u01b0\u1ee3c thi\u1ebft k\u1ebf \u0111\u1ec3 ho\u1ea1t \u0111\u1ed9ng ngo\u00e0i tr\u1eddi, ch\u1ecbu \u0111\u01b0\u1ee3c m\u00f4i tr\u01b0\u1eddng kh\u1eafc nghi\u1ec7t.<\/li>\n<li>Chu\u1ea9n c\u1ed1ng n\u01b0\u1edbc, ch\u1ed1ng b\u1ee5i IP67.<\/li>\n<\/ul>\n<\/ul>","protected":false},"featured_media":11260,"comment_status":"closed","ping_status":"closed","template":"","meta":[],"pwb-brand":[],"product_cat":[2894],"product_tag":[2853,25,2852],"class_list":{"0":"post-11259","1":"product","2":"type-product","3":"status-publish","4":"has-post-thumbnail","6":"product_cat-draytek","7":"product_tag-access-point","8":"product_tag-man","9":"product_tag-wireless","11":"first","12":"instock","13":"shipping-taxable","14":"product-type-simple"},"brands":[],"_links":{"self":[{"href":"https:\/\/serverhot.vn\/ja\/wp-json\/wp\/v2\/product\/11259","targetHints":{"allow":["GET"]}}],"collection":[{"href":"https:\/\/serverhot.vn\/ja\/wp-json\/wp\/v2\/product"}],"about":[{"href":"https:\/\/serverhot.vn\/ja\/wp-json\/wp\/v2\/types\/product"}],"replies":[{"embeddable":true,"href":"https:\/\/serverhot.vn\/ja\/wp-json\/wp\/v2\/comments?post=11259"}],"wp:featuredmedia":[{"embeddable":true,"href":"https:\/\/serverhot.vn\/ja\/wp-json\/wp\/v2\/media\/11260"}],"wp:attachment":[{"href":"https:\/\/serverhot.vn\/ja\/wp-json\/wp\/v2\/media?parent=11259"}],"wp:term":[{"taxonomy":"pwb-brand","embeddable":true,"href":"https:\/\/serverhot.vn\/ja\/wp-json\/wp\/v2\/pwb-brand?post=11259"},{"taxonomy":"product_cat","embeddable":true,"href":"https:\/\/serverhot.vn\/ja\/wp-json\/wp\/v2\/product_cat?post=11259"},{"taxonomy":"product_tag","embeddable":true,"href":"https:\/\/serverhot.vn\/ja\/wp-json\/wp\/v2\/product_tag?post=11259"}],"curies":[{"name":"wp","href":"https:\/\/api.w.org\/{rel}","templated":true}]}}