{"id":11321,"date":"2024-06-29T14:10:01","date_gmt":"2024-06-29T07:10:01","guid":{"rendered":"https:\/\/serverhot.vn\/product\/uncategorized\/may-bo-intel-nuc-11-performance-kit-mini-pc-nuc11pahi30000-ma-san-pham-rnuc11pahi30000\/"},"modified":"2024-06-29T14:10:07","modified_gmt":"2024-06-29T07:10:07","slug":"may-bo-intel-nuc-11-performance-kit-mini-pc-nuc11pahi30000-ma-san-pham-rnuc11pahi30000","status":"publish","type":"product","link":"https:\/\/serverhot.vn\/ja\/-product-\/may-bo-intel-nuc-11-performance-kit-mini-pc-nuc11pahi30000-ma-san-pham-rnuc11pahi30000\/","title":{"rendered":"M\u00e1y B\u1ed9 Intel NUC 11 Performance kit Mini PC NUC11PAHi30000 M\u00e3 s\u1ea3n ph\u1ea9m: RNUC11PAHI30000"},"content":{"rendered":"<div class=\"showText tabs\" id=\"tab2\">\n<div class=\"box_right_pro_view\">\n<div class=\"thongso_pro a_technical\" style=\"max-height: fit-content\">\n<table border=\"1\">\n<tbody>\n<tr>\n<td>\n<p>H\u00e3ng s\u1ea3n xu\u1ea5t<\/p>\n<\/td>\n<td>\n<p>Intel NUC<\/p>\n<\/td>\n<\/tr>\n<tr>\n<td>\n<p>Model<\/p>\n<\/td>\n<td>\n<p>RNUC11PAHI30000<\/p>\n<\/td>\n<\/tr>\n<tr>\n<td>\n<p>B\u1ed9 vi x\u1eed l\u00fd<\/p>\n<\/td>\n<td>\n<p>Intel\u00ae Core\u2122 i3-1115G4\u00a0(Upto 4.10GHz,\u00a02 nh\u00e2n 4 lu\u1ed3ng, 6MB Cache)<\/p>\n<\/td>\n<\/tr>\n<tr>\n<td>\n<p>RAM<\/p>\n<\/td>\n<td>\n<p>Kh\u00f4ng k\u00e8m s\u1eb5n,\u00a0DDR4-3200 1.2V SO-DIMM t\u1ed1i \u0111a 64GB<\/p>\n<\/td>\n<\/tr>\n<tr>\n<td>\n<p>\u1ed4 c\u1ee9ng<\/p>\n<\/td>\n<td>\n<p>Kh\u00f4ng k\u00e8m s\u1eb5n,\u00a0HDD &amp; SSD,\u00a02.5,M.2<\/p>\n<\/td>\n<\/tr>\n<tr>\n<td>\n<p>Card \u0111\u1ed3 h\u1ecda<\/p>\n<\/td>\n<td>\n<p>Intel\u00ae UHD Graphics<\/p>\n<\/td>\n<\/tr>\n<tr>\n<td>\n<p>\u00d4 \u0111\u0129a<\/p>\n<\/td>\n<td>\n<p>Kh\u00f4ng c\u00f3<\/p>\n<\/td>\n<\/tr>\n<tr>\n<td>\n<p>K\u1ebft n\u1ed1i m\u1ea1ng<\/p>\n<\/td>\n<td>\n<div class=\"-icecat-ds_label\">\n<div class=\"-icecat-tooltip-containeer\">\n<p>Ethernet Technology:\u00a02.5 Gigabit Ethernet<br \/>Wireless LAN:\u00a0Yes<br \/>Bluetooth:\u00a0Yes<\/p>\n<\/div>\n<\/div>\n<\/td>\n<\/tr>\n<tr>\n<td>\n<p>Keyboard &amp; Mouse<\/p>\n<\/td>\n<td>\n<p>Kh\u00f4ng c\u00f3<\/p>\n<\/td>\n<\/tr>\n<tr>\n<td>\n<p>C\u1ed5ng k\u1ebft n\u1ed1i<\/p>\n<\/td>\n<td>\n<p>HDMI:\u00a0Yes<br \/>Total Number of USB Ports:\u00a07<br \/>Number of USB 3.1 Gen 2 Ports (Rear):\u00a02<br \/>Number of Onboard USB 2.0 Ports:\u00a01<br \/>USB Type-C (Rear):\u00a0Yes<br \/>USB Type-C Detail:\u00a02x Type-c<br \/>Number of SATA Interfaces:\u00a02<br \/>Number of Thunderbolt 3 Ports:\u00a02<\/p>\n<\/td>\n<\/tr>\n<tr>\n<td>\n<p>H\u1ec7 \u0111i\u1ec1u h\u00e0nh<\/p>\n<\/td>\n<td>\n<p>No OS<\/p>\n<p>\u00a0<\/p>\n<\/td>\n<\/tr>\n<\/tbody>\n<\/table><\/div>\n<p>                            <!--                            <\/p>\n<div class=\"xemthem_id_r\">--><br \/>\n                            <!--                                <a><!--\/show\/?token=--><br \/>\n                            <!--\"--><br \/>\n                            <!--                                   class=\"preview fancybox fancybox.ajax\" rel=\"nofollow\"&gt;Xem th&#234;m th&#244;ng s&#7889; k&#7929; thu&#7853;t<\/a>--><br \/>\n                            <!--                            <\/div>\n<p>-->\n                        <\/p><\/div>\n<\/p><\/div>","protected":false},"excerpt":{"rendered":"<ul>\n<p><span style=\"font-family: 'Open Sans', 'Lucida Grande', 'Lucida Sans Unicode', Arial, Helvetica, Verdana, sans-serif;font-size: 12px;background-color: #ffffff\">&#8211; B\u1ea3ng m\u1ea1ch ch\u00ednh NUC L6 RNUC11PAHi30000<\/span><br style=\"font-family: 'Open Sans', 'Lucida Grande', 'Lucida Sans Unicode', Arial, Helvetica, Verdana, sans-serif;font-size: 12px;background-color: #ffffff\"><span style=\"font-family: 'Open Sans', 'Lucida Grande', 'Lucida Sans Unicode', Arial, Helvetica, Verdana, sans-serif;font-size: 12px;background-color: #ffffff\">&#8211; Intel &#8211; Socket BGA-1449Intel Core i3 11th Gen i3-1115G4 Dual-core (2 Core)<\/span><br style=\"font-family: 'Open Sans', 'Lucida Grande', 'Lucida Sans Unicode', Arial, Helvetica, Verdana, sans-serif;font-size: 12px;background-color: #ffffff\"><span style=\"font-family: 'Open Sans', 'Lucida Grande', 'Lucida Sans Unicode', Arial, Helvetica, Verdana, sans-serif;font-size: 12px;background-color: #ffffff\">&#8211; 64 GB DDR4 SDRAM DDR4-3200\/PC4-25600 Maximum RAM Support<\/span><br style=\"font-family: 'Open Sans', 'Lucida Grande', 'Lucida Sans Unicode', Arial, Helvetica, Verdana, sans-serif;font-size: 12px;background-color: #ffffff\"><span style=\"font-family: 'Open Sans', 'Lucida Grande', 'Lucida Sans Unicode', Arial, Helvetica, Verdana, sans-serif;font-size: 12px;background-color: #ffffff\">&#8211; 2 Total Memory Slots<\/span><br style=\"font-family: 'Open Sans', 'Lucida Grande', 'Lucida Sans Unicode', Arial, Helvetica, Verdana, sans-serif;font-size: 12px;background-color: #ffffff\"><span style=\"font-family: 'Open Sans', 'Lucida Grande', 'Lucida Sans Unicode', Arial, Helvetica, Verdana, sans-serif;font-size: 12px;background-color: #ffffff\">&#8211; Serial ATA\/600<\/span><br style=\"font-family: 'Open Sans', 'Lucida Grande', 'Lucida Sans Unicode', Arial, Helvetica, Verdana, sans-serif;font-size: 12px;background-color: #ffffff\"><span style=\"font-family: 'Open Sans', 'Lucida Grande', 'Lucida Sans Unicode', Arial, Helvetica, Verdana, sans-serif;font-size: 12px;background-color: #ffffff\">&#8211; Intel UHD Graphics Integrated<\/span><br style=\"font-family: 'Open Sans', 'Lucida Grande', 'Lucida Sans Unicode', Arial, Helvetica, Verdana, sans-serif;font-size: 12px;background-color: #ffffff\"><span style=\"font-family: 'Open Sans', 'Lucida Grande', 'Lucida Sans Unicode', Arial, Helvetica, Verdana, sans-serif;font-size: 12px;background-color: #ffffff\">&#8211; HDMI<\/span><br style=\"font-family: 'Open Sans', 'Lucida Grande', 'Lucida Sans Unicode', Arial, Helvetica, Verdana, sans-serif;font-size: 12px;background-color: #ffffff\"><span style=\"font-family: 'Open Sans', 'Lucida Grande', 'Lucida Sans Unicode', Arial, Helvetica, Verdana, sans-serif;font-size: 12px;background-color: #ffffff\">&#8211; 2 SATA Interface(s) &#8211; 2.5 Gigabit Ethernet<\/span><\/p>\n<\/ul>","protected":false},"featured_media":11322,"comment_status":"closed","ping_status":"closed","template":"","meta":[],"pwb-brand":[],"product_cat":[2889],"product_tag":[2841,25,2852],"class_list":{"0":"post-11321","1":"product","2":"type-product","3":"status-publish","4":"has-post-thumbnail","6":"product_cat-intel","7":"product_tag-hdd","8":"product_tag-man","9":"product_tag-wireless","11":"first","12":"instock","13":"shipping-taxable","14":"product-type-simple"},"brands":[],"_links":{"self":[{"href":"https:\/\/serverhot.vn\/ja\/wp-json\/wp\/v2\/product\/11321","targetHints":{"allow":["GET"]}}],"collection":[{"href":"https:\/\/serverhot.vn\/ja\/wp-json\/wp\/v2\/product"}],"about":[{"href":"https:\/\/serverhot.vn\/ja\/wp-json\/wp\/v2\/types\/product"}],"replies":[{"embeddable":true,"href":"https:\/\/serverhot.vn\/ja\/wp-json\/wp\/v2\/comments?post=11321"}],"wp:featuredmedia":[{"embeddable":true,"href":"https:\/\/serverhot.vn\/ja\/wp-json\/wp\/v2\/media\/11322"}],"wp:attachment":[{"href":"https:\/\/serverhot.vn\/ja\/wp-json\/wp\/v2\/media?parent=11321"}],"wp:term":[{"taxonomy":"pwb-brand","embeddable":true,"href":"https:\/\/serverhot.vn\/ja\/wp-json\/wp\/v2\/pwb-brand?post=11321"},{"taxonomy":"product_cat","embeddable":true,"href":"https:\/\/serverhot.vn\/ja\/wp-json\/wp\/v2\/product_cat?post=11321"},{"taxonomy":"product_tag","embeddable":true,"href":"https:\/\/serverhot.vn\/ja\/wp-json\/wp\/v2\/product_tag?post=11321"}],"curies":[{"name":"wp","href":"https:\/\/api.w.org\/{rel}","templated":true}]}}