{"id":11455,"date":"2024-06-29T14:26:33","date_gmt":"2024-06-29T07:26:33","guid":{"rendered":"https:\/\/serverhot.vn\/product\/uncategorized\/man-hinh-hp-p24-g4-23-8-inch-1a7e5aa-fhd-ips-vga-hdmi-dp-ma-san-pham-1a7e5aa\/"},"modified":"2024-06-29T14:26:36","modified_gmt":"2024-06-29T07:26:36","slug":"man-hinh-hp-p24-g4-23-8-inch-1a7e5aa-fhd-ips-vga-hdmi-dp-ma-san-pham-1a7e5aa","status":"publish","type":"product","link":"https:\/\/serverhot.vn\/ja\/-product-\/man-hinh-hp-p24-g4-23-8-inch-1a7e5aa-fhd-ips-vga-hdmi-dp-ma-san-pham-1a7e5aa\/","title":{"rendered":"M\u00e0n H\u00ecnh HP P24 G4 23.8-Inch 1A7E5AA (FHD\/ IPS\/ VGA\/ HDMI\/ DP) M\u00e3 s\u1ea3n ph\u1ea9m: 1A7E5AA"},"content":{"rendered":"<div class=\"showText tabs\" id=\"tab2\">\n<div class=\"box_right_pro_view\">\n<div class=\"thongso_pro a_technical\" style=\"max-height: fit-content\">\n<table border=\"1\">\n<tbody>\n<tr>\n<td width=\"177\">Sa\u0309n ph\u00e2\u0309m<\/td>\n<td width=\"514\">Ma\u0300n hi\u0300nh<\/td>\n<\/tr>\n<tr>\n<td>T\u00ean Ha\u0303ng<\/td>\n<td width=\"514\">HP<\/td>\n<\/tr>\n<tr>\n<td>Model<\/td>\n<td width=\"514\">P24 G4\u00a01A7E5AA<\/td>\n<\/tr>\n<tr>\n<td>Ki\u00ea\u0309u ma\u0300n hi\u0300nh<\/td>\n<td width=\"514\">Ma\u0300n hi\u0300nh v\u0103n pho\u0300ng<\/td>\n<\/tr>\n<tr>\n<td>K\u00edch th\u01b0\u1edbc m\u00e0n h\u00ecnh<\/td>\n<td width=\"514\">23.8Inch IPS<\/td>\n<\/tr>\n<tr>\n<td>\u0110\u1ed9 s\u00e1ng<\/td>\n<td width=\"514\">250cd\/m2<\/td>\n<\/tr>\n<tr>\n<td>T\u1ef7 l\u1ec7 t\u01b0\u01a1ng ph\u1ea3n<\/td>\n<td width=\"514\">Static: 1,000:1; Dynamic:80,000,000:1<\/td>\n<\/tr>\n<tr>\n<td>\u0110\u1ed9 ph\u00e2n gi\u1ea3i<\/td>\n<td width=\"514\">Full HD (1920&#215;1080)<\/td>\n<\/tr>\n<tr>\n<td>Th\u1eddi gian \u0111\u00e1p \u1ee9ng<\/td>\n<td width=\"514\">5ms<\/td>\n<\/tr>\n<tr>\n<td>G\u00f3c nh\u00ecn<\/td>\n<td width=\"514\">178\u00b0\/178\u00b0<\/td>\n<\/tr>\n<tr>\n<td>T\u1ea7n s\u1ed1 qu\u00e9t<\/td>\n<td width=\"514\">60HZ<\/td>\n<\/tr>\n<tr>\n<td>C\u1ed5ng giao ti\u1ebfp<\/td>\n<td width=\"514\">1 VGA; 1 DisplayPort\u2122 1.2 (with HDCP support); 1 HDMI 1.4 (with HDCP support)<\/td>\n<\/tr>\n<tr>\n<td>Ph\u1ee5 ki\u1ec7n \u0111i k\u00e8m<\/td>\n<td width=\"514\">\u0110ang c\u1eadp nh\u1eadt<\/td>\n<\/tr>\n<tr>\n<td>T\u00ednh n\u0103ng kh\u00e1c<\/td>\n<td width=\"514\">\u0110ang c\u1eadp nh\u1eadt<\/td>\n<\/tr>\n<tr>\n<td>Xu\u00e2\u0301t x\u01b0\u0301<\/td>\n<td width=\"514\">Chi\u0301nh ha\u0303ng; Xu\u00e2\u0301t x\u01b0\u0301 : Trung Qu\u00f4\u0301c<\/td>\n<\/tr>\n<\/tbody>\n<\/table><\/div>\n<p>                            <!--                            <\/p>\n<div class=\"xemthem_id_r\">--><br \/>\n                            <!--                                <a><!--\/show\/?token=--><br \/>\n                            <!--\"--><br \/>\n                            <!--                                   class=\"preview fancybox fancybox.ajax\" rel=\"nofollow\"&gt;Xem th&#234;m th&#244;ng s&#7889; k&#7929; thu&#7853;t<\/a>--><br \/>\n                            <!--                            <\/div>\n<p>-->\n                        <\/p><\/div>\n<\/p><\/div>","protected":false},"excerpt":{"rendered":"<ul>\n<ul>\n<li>K\u00edch th\u01b0\u1edbc m\u00e0n h\u00ecnh: 23.8Inch IPS<\/li>\n<li>\u0110\u1ed9 ph\u00e2n gi\u1ea3i: Full HD (1920&#215;1080)<\/li>\n<li>C\u1ed5ng giao ti\u1ebfp: 1 VGA; 1 DisplayPort\u2122 1.2 (with HDCP support); 1 HDMI 1.4 (with HDCP support)<\/li>\n<\/ul>\n<\/ul>","protected":false},"featured_media":11456,"comment_status":"closed","ping_status":"closed","template":"","meta":[],"pwb-brand":[],"product_cat":[2909],"product_tag":[55],"class_list":{"0":"post-11455","1":"product","2":"type-product","3":"status-publish","4":"has-post-thumbnail","6":"product_cat-man-hinh-may-tinh","7":"product_tag-run","9":"first","10":"instock","11":"shipping-taxable","12":"product-type-simple"},"brands":[],"_links":{"self":[{"href":"https:\/\/serverhot.vn\/ja\/wp-json\/wp\/v2\/product\/11455","targetHints":{"allow":["GET"]}}],"collection":[{"href":"https:\/\/serverhot.vn\/ja\/wp-json\/wp\/v2\/product"}],"about":[{"href":"https:\/\/serverhot.vn\/ja\/wp-json\/wp\/v2\/types\/product"}],"replies":[{"embeddable":true,"href":"https:\/\/serverhot.vn\/ja\/wp-json\/wp\/v2\/comments?post=11455"}],"wp:featuredmedia":[{"embeddable":true,"href":"https:\/\/serverhot.vn\/ja\/wp-json\/wp\/v2\/media\/11456"}],"wp:attachment":[{"href":"https:\/\/serverhot.vn\/ja\/wp-json\/wp\/v2\/media?parent=11455"}],"wp:term":[{"taxonomy":"pwb-brand","embeddable":true,"href":"https:\/\/serverhot.vn\/ja\/wp-json\/wp\/v2\/pwb-brand?post=11455"},{"taxonomy":"product_cat","embeddable":true,"href":"https:\/\/serverhot.vn\/ja\/wp-json\/wp\/v2\/product_cat?post=11455"},{"taxonomy":"product_tag","embeddable":true,"href":"https:\/\/serverhot.vn\/ja\/wp-json\/wp\/v2\/product_tag?post=11455"}],"curies":[{"name":"wp","href":"https:\/\/api.w.org\/{rel}","templated":true}]}}