{"id":11465,"date":"2024-06-29T14:27:59","date_gmt":"2024-06-29T07:27:59","guid":{"rendered":"https:\/\/serverhot.vn\/product\/uncategorized\/symantec-endpoint-protection-subscription-license-with-support-1-99-devices-3y-ma-san-pham-sep-sub-1-99-3y\/"},"modified":"2024-06-29T14:28:03","modified_gmt":"2024-06-29T07:28:03","slug":"symantec-endpoint-protection-subscription-license-with-support-1-99-devices-3y-ma-san-pham-sep-sub-1-99-3y","status":"publish","type":"product","link":"https:\/\/serverhot.vn\/ja\/-product-\/symantec-endpoint-protection-subscription-license-with-support-1-99-devices-3y-ma-san-pham-sep-sub-1-99-3y\/","title":{"rendered":"Symantec Endpoint Protection, Subscription License with Support, 1-99 Devices, 3Y M\u00e3 s\u1ea3n ph\u1ea9m: SEP-SUB-1-99-3Y"},"content":{"rendered":"<div class=\"showText tabs\" id=\"tab2\">\n<div class=\"box_right_pro_view\">\n<div class=\"thongso_pro a_technical\" style=\"max-height: fit-content\">\n<table border=\"1\">\n<tbody>\n<tr>\n<td><span>H\u00e3ng s\u1ea3n xu\u1ea5t<\/span><\/td>\n<td><span>Symantec<\/span><\/td>\n<\/tr>\n<tr>\n<td><span>M\u00e3 s\u1ea3n ph\u1eabm<\/span><\/td>\n<td><span>SEP-SUB-1-99-3Y<\/span><\/td>\n<\/tr>\n<tr>\n<td><span>Ng\u00f4n ng\u1eef<\/span><\/td>\n<td><span>English\/ \u0111a ng\u00f4n ng\u1eef<\/span><\/td>\n<\/tr>\n<tr>\n<td><span>Khu v\u1ef1c k\u00edch ho\u1ea1t<\/span><\/td>\n<td><span>Vi\u1ec7t Nam\/ Ch\u00e2u \u00c1<\/span><\/td>\n<\/tr>\n<tr>\n<td><span>Th\u1eddi h\u1ea1n b\u1ea3n quy\u1ec1n<\/span><\/td>\n<td><span>1-3 n\u0103m<\/span><\/td>\n<\/tr>\n<tr>\n<td><span>Phi\u00ean b\u1ea3n<\/span><\/td>\n<td><span>Mua M\u1edbi\/ Gia h\u1ea1n (gi\u00e1 c\u1ea3 nh\u01b0 nhau)<\/span><\/td>\n<\/tr>\n<tr>\n<td><span>S\u1ed1 m\u00e1y \u0111\u01b0\u1ee3c ph\u00e9p c\u00e0i \u0111\u1eb7t<\/span><\/td>\n<td><span>Theo s\u1ed1 l\u01b0\u1ee3ng gi\u1ea5y ph\u00e9p mua, v\u00ed d\u1ee5 mua 50 c\u00e0i \u0111\u01b0\u1ee3c 50 m\u00e1y. Kh\u00f4ng \u0111\u01b0\u1ee3c c\u00e0i \u0111\u1eb7t (Installation) qu\u00e1 s\u1ed1 l\u01b0\u1ee3ng \u0111\u00e3 mua<\/span><\/td>\n<\/tr>\n<tr>\n<td><span>Dung l\u01b0\u1ee3ng &amp; C\u00e0i \u0111\u1eb7t<\/span><\/td>\n<td><span>&gt;500MB<\/span><\/td>\n<\/tr>\n<tr>\n<td><span>D\u00f9ng cho kh\u00e1ch h\u00e0ng<\/span><\/td>\n<td><span>Ch\u1ec9 d\u00e0nh cho Doanh nghi\u1ec7p<\/span><\/td>\n<\/tr>\n<tr>\n<td><span>H\u00ecnh th\u1ee9c s\u1eed d\u1ee5ng<\/span><\/td>\n<td><span>Software Licensing<\/span><\/td>\n<\/tr>\n<tr>\n<td><span>H\u00ecnh th\u1ee9c c\u1ea5p ph\u00e9p<\/span><\/td>\n<td><span>Subscription License<\/span><\/td>\n<\/tr>\n<\/tbody>\n<\/table><\/div>\n<p>                            <!--                            <\/p>\n<div class=\"xemthem_id_r\">--><br \/>\n                            <!--                                <a><!--\/show\/?token=--><br \/>\n                            <!--\"--><br \/>\n                            <!--                                   class=\"preview fancybox fancybox.ajax\" rel=\"nofollow\"&gt;Xem th&#234;m th&#244;ng s&#7889; k&#7929; thu&#7853;t<\/a>--><br \/>\n                            <!--                            <\/div>\n<p>-->\n                        <\/p><\/div>\n<\/p><\/div>","protected":false},"excerpt":{"rendered":"<ul>\n<ul style=\"list-style-type: square\">\n<li style=\"text-align: justify\"><span style=\"font-size: 18px\"><strong>\u00a0Cho m\u00e1y ch\u1ee7 (servers) ho\u1eb7c m\u00e1y tr\u1ea1m (Clients)<\/strong><\/span><\/li>\n<li style=\"text-align: justify\"><span style=\"font-size: 18px\"><strong>\u00a0Phi\u00ean b\u1ea3n b\u00e1n lu\u00f4n m\u1edbi nh\u1ea5t<\/strong><\/span><\/li>\n<li style=\"text-align: justify\"><span style=\"font-size: 18px\"><strong>\u00a0Ph\u00f9 h\u1ee3p cho doanh nghi\u1ec7p s\u1eed d\u1ee5ng t\u1eeb 1 &#8211; 999 thi\u1ebft b\u1ecb<\/strong><\/span><\/li>\n<\/ul>\n<\/ul>","protected":false},"featured_media":11466,"comment_status":"closed","ping_status":"closed","template":"","meta":[],"pwb-brand":[],"product_cat":[2924],"product_tag":[25],"class_list":{"0":"post-11465","1":"product","2":"type-product","3":"status-publish","4":"has-post-thumbnail","6":"product_cat-antivirus-security","7":"product_tag-man","9":"first","10":"instock","11":"shipping-taxable","12":"product-type-simple"},"brands":[],"_links":{"self":[{"href":"https:\/\/serverhot.vn\/ja\/wp-json\/wp\/v2\/product\/11465","targetHints":{"allow":["GET"]}}],"collection":[{"href":"https:\/\/serverhot.vn\/ja\/wp-json\/wp\/v2\/product"}],"about":[{"href":"https:\/\/serverhot.vn\/ja\/wp-json\/wp\/v2\/types\/product"}],"replies":[{"embeddable":true,"href":"https:\/\/serverhot.vn\/ja\/wp-json\/wp\/v2\/comments?post=11465"}],"wp:featuredmedia":[{"embeddable":true,"href":"https:\/\/serverhot.vn\/ja\/wp-json\/wp\/v2\/media\/11466"}],"wp:attachment":[{"href":"https:\/\/serverhot.vn\/ja\/wp-json\/wp\/v2\/media?parent=11465"}],"wp:term":[{"taxonomy":"pwb-brand","embeddable":true,"href":"https:\/\/serverhot.vn\/ja\/wp-json\/wp\/v2\/pwb-brand?post=11465"},{"taxonomy":"product_cat","embeddable":true,"href":"https:\/\/serverhot.vn\/ja\/wp-json\/wp\/v2\/product_cat?post=11465"},{"taxonomy":"product_tag","embeddable":true,"href":"https:\/\/serverhot.vn\/ja\/wp-json\/wp\/v2\/product_tag?post=11465"}],"curies":[{"name":"wp","href":"https:\/\/api.w.org\/{rel}","templated":true}]}}