{"id":11467,"date":"2024-06-29T14:28:09","date_gmt":"2024-06-29T07:28:09","guid":{"rendered":"https:\/\/serverhot.vn\/product\/uncategorized\/microsoft-windows-server-2022-standard-16-core-license-pack-ma-san-pham-ms-winserver2022-16c\/"},"modified":"2024-06-29T14:28:14","modified_gmt":"2024-06-29T07:28:14","slug":"microsoft-windows-server-2022-standard-16-core-license-pack-ma-san-pham-ms-winserver2022-16c","status":"publish","type":"product","link":"https:\/\/serverhot.vn\/ja\/-product-\/microsoft-windows-server-2022-standard-16-core-license-pack-ma-san-pham-ms-winserver2022-16c\/","title":{"rendered":"Microsoft Windows Server 2022 Standard &#8211; 16 Core License Pack M\u00e3 s\u1ea3n ph\u1ea9m: MS-WINSERVER2022-16C"},"content":{"rendered":"<div class=\"showText tabs\" id=\"tab2\">\n<div class=\"box_right_pro_view\">\n<div class=\"thongso_pro a_technical\" style=\"max-height: fit-content\">\n<p>\u00a0<\/p>\n<table dir=\"ltr\" border=\"1\" cellspacing=\"0\" cellpadding=\"0\" data-sheets-root=\"1\">\n<colgroup>\n<col width=\"263\">\n<col width=\"1035\"><\/colgroup>\n<tbody>\n<tr>\n<td colspan=\"2\" rowspan=\"1\" data-sheets-value=\"{\">Specifications<\/td>\n<\/tr>\n<tr>\n<td data-sheets-value=\"{\">Core Windows Server functionality<\/td>\n<td data-sheets-value=\"{\">Feature available<\/td>\n<\/tr>\n<tr>\n<td data-sheets-value=\"{\">Hybrid integration<\/td>\n<td data-sheets-value=\"{\">Feature available<\/td>\n<\/tr>\n<tr>\n<td data-sheets-value=\"{\">OSEs*\/Hyper-V isolated containers<\/td>\n<td data-sheets-value=\"{\" data-sheets-hyperlinkruns=\"{\">2[1][3]<\/td>\n<\/tr>\n<tr>\n<td data-sheets-value=\"{\">Windows Server containers<\/td>\n<td data-sheets-value=\"{\">Unlimited<\/td>\n<\/tr>\n<tr>\n<td data-sheets-value=\"{\" data-sheets-hyperlink=\"https:\/\/www.microsoft.com\/en-us\/windows-server\/pricing#footnotes2\" data-sheets-hyperlinkruns=\"{\"><a class=\"in-cell-link\" href=\"https:\/\/www.microsoft.com\/en-us\/windows-server\/pricing#footnotes2\" target=\"_blank\" rel=\"noopener\"><span>Storage Replica<\/span><\/a><a class=\"in-cell-link\" href=\"https:\/\/www.microsoft.com\/en-us\/windows-server\/pricing#footnotes2\" target=\"_blank\" rel=\"noopener\">[2]<\/a><\/td>\n<td data-sheets-value=\"{\">Limited feature<\/td>\n<\/tr>\n<tr>\n<td data-sheets-value=\"{\">Software-defined networking<\/td>\n<td data-sheets-value=\"{\">Feature not available<\/td>\n<\/tr>\n<tr>\n<td data-sheets-value=\"{\">Software-defined storage<\/td>\n<td data-sheets-value=\"{\">Feature not available<\/td>\n<\/tr>\n<tr>\n<td colspan=\"2\" rowspan=\"1\" data-sheets-value=\"{\">[1] Windows Server Standard Edition license includes permission for two OSEs or VMs.<\/td>\n<\/tr>\n<tr>\n<td colspan=\"2\" rowspan=\"1\" data-sheets-value=\"{\">[2] Windows Server Standard Edition license limited to single Storage Replica volume up to 2TB.<\/td>\n<\/tr>\n<tr>\n<td colspan=\"2\" rowspan=\"1\" data-sheets-value=\"{\">[3] Licensing by virtual core entitles you to one OSE\/Hyper-V isolated container per licensed VM.<\/td>\n<\/tr>\n<\/tbody>\n<\/table><\/div>\n<p>                            <!--                            <\/p>\n<div class=\"xemthem_id_r\">--><br \/>\n                            <!--                                <a><!--\/show\/?token=--><br \/>\n                            <!--\"--><br \/>\n                            <!--                                   class=\"preview fancybox fancybox.ajax\" rel=\"nofollow\"&gt;Xem th&#234;m th&#244;ng s&#7889; k&#7929; thu&#7853;t<\/a>--><br \/>\n                            <!--                            <\/div>\n<p>-->\n                        <\/p><\/div>\n<\/p><\/div>","protected":false},"excerpt":{"rendered":"<ul>\n<p>Microsoft Windows Server 2022 Standard \u0111\u01b0\u1ee3c c\u1ea5p ph\u00e9p d\u1ef1a tr\u00ean m\u00f4 h\u00ecnh gi\u1ea5y ph\u00e9p theo s\u1ed1 l\u00f5i (core-based license).<br \/>&#8211; M\u1ed9t b\u1ea3n quy\u1ec1n Windows Server 2022 Standard c\u00f3 th\u1ec3 l\u00e0m vi\u1ec7c v\u1edbi 1\u00a0 host Hyper-V v\u00e0 2 m\u00e1y \u1ea3o.<br \/>&#8211; Gi\u1ea5y ph\u00e9p l\u00f5i \u0111\u01b0\u1ee3c b\u00e1n theo g\u00f3i 16 core<br \/>&#8211; License Type\/Lo\u1ea1i gi\u1ea5y ph\u00e9p: Perpetual\/v\u0129nh vi\u1ec5n<\/p>\n<\/ul>","protected":false},"featured_media":11468,"comment_status":"closed","ping_status":"closed","template":"","meta":[],"pwb-brand":[],"product_cat":[2917],"product_tag":[],"class_list":{"0":"post-11467","1":"product","2":"type-product","3":"status-publish","4":"has-post-thumbnail","6":"product_cat-microsoft","8":"first","9":"instock","10":"shipping-taxable","11":"product-type-simple"},"brands":[],"_links":{"self":[{"href":"https:\/\/serverhot.vn\/ja\/wp-json\/wp\/v2\/product\/11467","targetHints":{"allow":["GET"]}}],"collection":[{"href":"https:\/\/serverhot.vn\/ja\/wp-json\/wp\/v2\/product"}],"about":[{"href":"https:\/\/serverhot.vn\/ja\/wp-json\/wp\/v2\/types\/product"}],"replies":[{"embeddable":true,"href":"https:\/\/serverhot.vn\/ja\/wp-json\/wp\/v2\/comments?post=11467"}],"wp:featuredmedia":[{"embeddable":true,"href":"https:\/\/serverhot.vn\/ja\/wp-json\/wp\/v2\/media\/11468"}],"wp:attachment":[{"href":"https:\/\/serverhot.vn\/ja\/wp-json\/wp\/v2\/media?parent=11467"}],"wp:term":[{"taxonomy":"pwb-brand","embeddable":true,"href":"https:\/\/serverhot.vn\/ja\/wp-json\/wp\/v2\/pwb-brand?post=11467"},{"taxonomy":"product_cat","embeddable":true,"href":"https:\/\/serverhot.vn\/ja\/wp-json\/wp\/v2\/product_cat?post=11467"},{"taxonomy":"product_tag","embeddable":true,"href":"https:\/\/serverhot.vn\/ja\/wp-json\/wp\/v2\/product_tag?post=11467"}],"curies":[{"name":"wp","href":"https:\/\/api.w.org\/{rel}","templated":true}]}}